{"id":29255,"date":"2026-02-11T15:17:04","date_gmt":"2026-02-11T13:17:04","guid":{"rendered":"https:\/\/tint.lt\/shop\/?page_id=29255"},"modified":"2026-02-11T15:17:04","modified_gmt":"2026-02-11T13:17:04","slug":"prekiu-pristatymo-ir-grazinimo-keitimo-taisykles","status":"publish","type":"page","link":"https:\/\/tint.lt\/shop\/prekiu-pristatymo-ir-grazinimo-keitimo-taisykles\/","title":{"rendered":"Preki\u0173 pristatymo ir gr\u0105\u017einimo\/keitimo taisykl\u0117s"},"content":{"rendered":"\n<p><strong>1. BENDROS PREKI\u0172 GR\u0104\u017dINIMO IR KEITIMO TAISYKL\u0116S<\/strong><\/p>\n\n\n\n<p><strong>1.1.&nbsp;&nbsp;<\/strong>Preki\u0173 gr\u0105\u017einimas vykdomas vadovaujantis Lietuvos Respublikos civilinio kodekso 6.228\u00b9\u2070\u20136.228\u00b9\u00b3 straipsniais, reglamentuojan\u010diais nuotolini\u0173 sutar\u010di\u0173 sudarym\u0105 ir vartotojo teis\u0119 atsisakyti pirkimo-pardavimo sutarties.<\/p>\n\n\n\n<p><strong>1.2.&nbsp;&nbsp;&nbsp;<\/strong>Gr\u0105\u017einam\u0173 kokybi\u0161k\u0173 arba kei\u010diam\u0173 preki\u0173 gr\u0105\u017einimo i\u0161laidas apmoka pirk\u0117jas. Pirk\u0117jui gr\u0105\u017einama tik u\u017e prek\u0119 sumok\u0117ta pinig\u0173 suma.<\/p>\n\n\n\n<p><strong>1.3.&nbsp;&nbsp;&nbsp;<\/strong>Nor\u0117damas gr\u0105\u017einti prek\u0119 (-es), Pirk\u0117jas gali tai padaryti per 14 (keturiolika) dien\u0173 nuo preki\u0173 pristatymo Pirk\u0117jui dienos, informuodamas Pardav\u0117j\u0105 el. pa\u0161tu, pridedant prek\u0117s ir\/arba siuntinio nuotraukas ar video, apra\u0161an\u010dias i\u0161kilusi\u0105 problem\u0105.<\/p>\n\n\n\n<p><strong>1.4.&nbsp;&nbsp;&nbsp;<\/strong>Gr\u0105\u017einama prek\u0117 turi b\u016bti originalioje tvarkingoje pakuot\u0117je: nesugadinta, nenaudota, tos pa\u010dios komplektacijos, kokios Pirk\u0117jas j\u0105 gavo, nepraradusi prekin\u0117s i\u0161vaizdos (nepa\u017eeistos etiket\u0117s, nenupl\u0117\u0161tos apsaugin\u0117s pl\u0117vel\u0117s ir kt.). Gr\u0105\u017einant prek\u0119 b\u016btina pateikti popierin\u012f (atspausdint\u0105) jos \u012fsigijimo dokument\u0105 (u\u017esakymo, pavedimo kopij\u0105).<\/p>\n\n\n\n<p><strong>1.5.&nbsp;&nbsp;&nbsp;<\/strong>Gr\u0105\u017einant kokybi\u0161k\u0105 prek\u0119, siuntimo i\u0161laidos pirk\u0117jui n\u0117ra gr\u0105\u017einamos.<\/p>\n\n\n\n<p><strong>1.6.&nbsp;&nbsp;&nbsp;<\/strong>Gr\u0105\u017einant gaut\u0105 ne t\u0105 prek\u0119, Pardav\u0117jas \u012fsipareigoja pakeisti toki\u0105 prek\u0119 reikalinga preke. Neturint reikalingos prek\u0117s, Pirk\u0117jui gr\u0105\u017einami visi pinigai (u\u017e prek\u0119, ir patirtas faktines siuntimo i\u0161laidas).<\/p>\n\n\n\n<p><strong>1.7.&nbsp;&nbsp;&nbsp;<\/strong>Kai gr\u0105\u017einama nekokybi\u0161ka prek\u0117, Pardav\u0117jas \u012fsipareigoja pakeisti nekokybi\u0161k\u0105 prek\u0119 analogi\u0161ka preke arba gr\u0105\u017einti Pirk\u0117jui pinigus.<\/p>\n\n\n\n<p><strong>1.8.&nbsp;&nbsp;<\/strong>Vadovaujantis LR Civilinio kodekso<strong>&nbsp;6.228 11str. 2d.,&nbsp;<\/strong>14 dien\u0173 sutarties atsisakymo teis\u0117&nbsp;<strong>netaikoma&nbsp;prek\u0117ms, pagamintoms pagal vartotojo individual\u0173 u\u017esakym\u0105.<\/strong><\/p>\n\n\n\n<p><strong>Atkreipiame d\u0117mes\u012f,<\/strong>&nbsp;kad m\u016bs\u0173 dauguma parduodam\u0173 produkt\u0173 (pl\u0117veli\u0173) yra priskiriami prie&nbsp;<strong>\u201cindividualaus u\u017esakymo\u201d<\/strong>&nbsp;kurias&nbsp;<strong>specialiai paruo\u0161iame pagal j\u016bs\u0173 pasirinkt\u0105 ilg\u0105, tod\u0117l atliekant u\u017esakym\u0105<\/strong>, b\u016btinai&nbsp;<strong>\u012eSITIKINKINTE<\/strong>, kad perkate savo l\u016bkes\u010dius atitinkan\u010dias produktus, o jei turite abejoni\u0173 d\u0117l produkto tinkamomumo j\u016bs\u0173 atveju \u2013 kreipkit\u0117s \u012f m\u016bs\u0173 darbuotojus konsultacijai d\u0117l tinkamo produkto pasirinkimo, ta\u010diau galutin\u012f sprendim\u0105 d\u0117l produkto tinkamumo prisiimate savo atsakomybe.<\/p>\n\n\n\n<p>Pardav\u0117jas turi teis\u0119 nepriimti Pirk\u0117jo gr\u0105\u017einam\u0173 preki\u0173, jei Pirk\u0117jas nesilaiko \u0161i\u0173 Taisykli\u0173 1.2-1.5, 1.9-1.10 punktuose nustatytos preki\u0173 gr\u0105\u017einimo tvarkos.<\/p>\n\n\n\n<p><strong>1.9.&nbsp;&nbsp;&nbsp;&nbsp;<\/strong>Jeigu u\u017e prek\u0119 Pirk\u0117jas mok\u0117jo dovan\u0173 kuponu, tai gr\u0105\u017einamas kuponas ir kita papildomai sumok\u0117ta suma (jei ji buvo sumok\u0117ta).<\/p>\n\n\n\n<p><strong>1.10.&nbsp;&nbsp;<\/strong>Jeigu Pirk\u0117jas gr\u0105\u017eina prek\u0119, pirkt\u0105 su nuolaida, gr\u0105\u017einama u\u017e prek\u0119 sumok\u0117ta suma su galiojusia nuolaida.<\/p>\n\n\n\n<p><strong>1.11. &nbsp;<\/strong>U\u017e gr\u0105\u017einamas prekes sumok\u0117ti pinigai gr\u0105\u017einami per 5 darbo dienas nuo u\u017esakymo at\u0161aukimo dienos.<\/p>\n\n\n\n<p><strong>2. BAIGIAMOSIOS NUOSTATOS<\/strong><\/p>\n\n\n\n<p><strong>2.1.&nbsp;&nbsp;&nbsp;<\/strong>\u0160ios preki\u0173 gr\u0105\u017einimo Taisykl\u0117s sudarytos vadovaujantis LR \u012fstatymais ir teis\u0117s aktais.<\/p>\n\n\n\n<p><strong>2.2.&nbsp;&nbsp;&nbsp;<\/strong>Visi nesutarimai, kil\u0119 d\u0117l \u0161i\u0173 taisykli\u0173 vykdymo, yra sprend\u017eiami deryb\u0173 keliu. Nepavykus susitarti, nesutarimai yra sprend\u017eiami LR \u012fstatym\u0173 nustatyta tvarka.<\/p>\n\n\n\n<p><strong>3. PREKI\u0172 PRISTATYMO TAISYKL\u0116S<\/strong><\/p>\n\n\n\n<p>Pristatome prekes visoje Lietuvoje kurjeriu. Jei pageidaujate si\u0173sti prekes \u012f u\u017esien\u012f, susisiekite su mumis el. Pa\u0161tu&nbsp;<a href=\"mailto:info@tint.lt\">info@tint.lt<\/a>, apskai\u010diuosime b\u016btent j\u016bs\u0173 pirkiniui pritaikyt\u0105 pristatymo kain\u0105.<\/p>\n\n\n\n<p>Galima atsiimti prekes m\u016bs\u0173 parduotuv\u0117je Vilniuje, Moz\u016bri\u0161ki\u0173 g. 31 (Atvykti atsiimti prekes galite tik po atskiro prane\u0161imo gavimo apie paruo\u0161tas prekes arba kit\u0105 darbo dien\u0105) Darbo laikas I-V 8:00-17:00 val. Piet\u0173 pertrauka 12:00 \u2013 13:00 val. Rekomenduojame darbo laik\u0105 pasitikrinti m\u016bs\u0173 interneto svetain\u0117je&nbsp;<a href=\"https:\/\/www.tint.lt\/kontaktai\">www.tint.lt\/kontaktai<\/a>&nbsp;, kadangi kartais b\u016bna pakeitim\u0173, kuriuos i\u0161 karto atnaujiname.<\/p>\n","protected":false},"excerpt":{"rendered":"<p>1. BENDROS PREKI\u0172 GR\u0104\u017dINIMO IR KEITIMO TAISYKL\u0116S 1.1.&nbsp;&nbsp;Preki\u0173 gr\u0105\u017einimas vykdomas vadovaujantis Lietuvos Respublikos civilinio kodekso 6.228\u00b9\u2070\u20136.228\u00b9\u00b3 straipsniais, reglamentuojan\u010diais nuotolini\u0173 sutar\u010di\u0173<\/p>\n","protected":false},"author":1,"featured_media":0,"parent":0,"menu_order":0,"comment_status":"closed","ping_status":"closed","template":"","meta":{"_acf_changed":false,"footnotes":""},"class_list":["post-29255","page","type-page","status-publish","hentry"],"acf":[],"yoast_head":"<!-- This site is optimized with the Yoast SEO plugin v27.5 - https:\/\/yoast.com\/product\/yoast-seo-wordpress\/ -->\n<title>Preki\u0173 pristatymo ir gr\u0105\u017einimo\/keitimo taisykl\u0117s - Tint<\/title>\n<meta name=\"robots\" content=\"index, follow, max-snippet:-1, max-image-preview:large, max-video-preview:-1\" \/>\n<link rel=\"canonical\" href=\"https:\/\/tint.lt\/shop\/prekiu-pristatymo-ir-grazinimo-keitimo-taisykles\/\" \/>\n<meta property=\"og:locale\" content=\"lt_LT\" \/>\n<meta property=\"og:type\" content=\"article\" \/>\n<meta property=\"og:title\" content=\"Preki\u0173 pristatymo ir gr\u0105\u017einimo\/keitimo taisykl\u0117s - Tint\" \/>\n<meta property=\"og:description\" content=\"1. BENDROS PREKI\u0172 GR\u0104\u017dINIMO IR KEITIMO TAISYKL\u0116S 1.1.&nbsp;&nbsp;Preki\u0173 gr\u0105\u017einimas vykdomas vadovaujantis Lietuvos Respublikos civilinio kodekso 6.228\u00b9\u2070\u20136.228\u00b9\u00b3 straipsniais, reglamentuojan\u010diais nuotolini\u0173 sutar\u010di\u0173\" \/>\n<meta property=\"og:url\" content=\"https:\/\/tint.lt\/shop\/prekiu-pristatymo-ir-grazinimo-keitimo-taisykles\/\" \/>\n<meta property=\"og:site_name\" content=\"Tint\" \/>\n<meta name=\"twitter:card\" content=\"summary_large_image\" \/>\n<meta name=\"twitter:label1\" content=\"Est. reading time\" \/>\n\t<meta name=\"twitter:data1\" content=\"3 minut\u0117s\" \/>\n<script type=\"application\/ld+json\" class=\"yoast-schema-graph\">{\"@context\":\"https:\\\/\\\/schema.org\",\"@graph\":[{\"@type\":\"WebPage\",\"@id\":\"https:\\\/\\\/tint.lt\\\/shop\\\/prekiu-pristatymo-ir-grazinimo-keitimo-taisykles\\\/\",\"url\":\"https:\\\/\\\/tint.lt\\\/shop\\\/prekiu-pristatymo-ir-grazinimo-keitimo-taisykles\\\/\",\"name\":\"Preki\u0173 pristatymo ir gr\u0105\u017einimo\\\/keitimo taisykl\u0117s - Tint\",\"isPartOf\":{\"@id\":\"https:\\\/\\\/tint.lt\\\/shop\\\/#website\"},\"datePublished\":\"2026-02-11T13:17:04+00:00\",\"breadcrumb\":{\"@id\":\"https:\\\/\\\/tint.lt\\\/shop\\\/prekiu-pristatymo-ir-grazinimo-keitimo-taisykles\\\/#breadcrumb\"},\"inLanguage\":\"lt-LT\",\"potentialAction\":[{\"@type\":\"ReadAction\",\"target\":[\"https:\\\/\\\/tint.lt\\\/shop\\\/prekiu-pristatymo-ir-grazinimo-keitimo-taisykles\\\/\"]}]},{\"@type\":\"BreadcrumbList\",\"@id\":\"https:\\\/\\\/tint.lt\\\/shop\\\/prekiu-pristatymo-ir-grazinimo-keitimo-taisykles\\\/#breadcrumb\",\"itemListElement\":[{\"@type\":\"ListItem\",\"position\":1,\"name\":\"Home\",\"item\":\"https:\\\/\\\/tint.lt\\\/shop\\\/\"},{\"@type\":\"ListItem\",\"position\":2,\"name\":\"Preki\u0173 pristatymo ir gr\u0105\u017einimo\\\/keitimo taisykl\u0117s\"}]},{\"@type\":\"WebSite\",\"@id\":\"https:\\\/\\\/tint.lt\\\/shop\\\/#website\",\"url\":\"https:\\\/\\\/tint.lt\\\/shop\\\/\",\"name\":\"Tint.lt\",\"description\":\"El. parduotuv\u0117\",\"publisher\":{\"@id\":\"https:\\\/\\\/tint.lt\\\/shop\\\/#organization\"},\"potentialAction\":[{\"@type\":\"SearchAction\",\"target\":{\"@type\":\"EntryPoint\",\"urlTemplate\":\"https:\\\/\\\/tint.lt\\\/shop\\\/?s={search_term_string}\"},\"query-input\":{\"@type\":\"PropertyValueSpecification\",\"valueRequired\":true,\"valueName\":\"search_term_string\"}}],\"inLanguage\":\"lt-LT\"},{\"@type\":\"Organization\",\"@id\":\"https:\\\/\\\/tint.lt\\\/shop\\\/#organization\",\"name\":\"Tint.lt\",\"url\":\"https:\\\/\\\/tint.lt\\\/shop\\\/\",\"logo\":{\"@type\":\"ImageObject\",\"inLanguage\":\"lt-LT\",\"@id\":\"https:\\\/\\\/tint.lt\\\/shop\\\/#\\\/schema\\\/logo\\\/image\\\/\",\"url\":\"https:\\\/\\\/tint.lt\\\/shop\\\/wp-content\\\/uploads\\\/2026\\\/02\\\/TINT_lipnios_pleveles_profesionalams_grey.png\",\"contentUrl\":\"https:\\\/\\\/tint.lt\\\/shop\\\/wp-content\\\/uploads\\\/2026\\\/02\\\/TINT_lipnios_pleveles_profesionalams_grey.png\",\"width\":1265,\"height\":460,\"caption\":\"Tint.lt\"},\"image\":{\"@id\":\"https:\\\/\\\/tint.lt\\\/shop\\\/#\\\/schema\\\/logo\\\/image\\\/\"}}]}<\/script>\n<!-- \/ Yoast SEO plugin. -->","yoast_head_json":{"title":"Preki\u0173 pristatymo ir gr\u0105\u017einimo\/keitimo taisykl\u0117s - Tint","robots":{"index":"index","follow":"follow","max-snippet":"max-snippet:-1","max-image-preview":"max-image-preview:large","max-video-preview":"max-video-preview:-1"},"canonical":"https:\/\/tint.lt\/shop\/prekiu-pristatymo-ir-grazinimo-keitimo-taisykles\/","og_locale":"lt_LT","og_type":"article","og_title":"Preki\u0173 pristatymo ir gr\u0105\u017einimo\/keitimo taisykl\u0117s - Tint","og_description":"1. BENDROS PREKI\u0172 GR\u0104\u017dINIMO IR KEITIMO TAISYKL\u0116S 1.1.&nbsp;&nbsp;Preki\u0173 gr\u0105\u017einimas vykdomas vadovaujantis Lietuvos Respublikos civilinio kodekso 6.228\u00b9\u2070\u20136.228\u00b9\u00b3 straipsniais, reglamentuojan\u010diais nuotolini\u0173 sutar\u010di\u0173","og_url":"https:\/\/tint.lt\/shop\/prekiu-pristatymo-ir-grazinimo-keitimo-taisykles\/","og_site_name":"Tint","twitter_card":"summary_large_image","twitter_misc":{"Est. reading time":"3 minut\u0117s"},"schema":{"@context":"https:\/\/schema.org","@graph":[{"@type":"WebPage","@id":"https:\/\/tint.lt\/shop\/prekiu-pristatymo-ir-grazinimo-keitimo-taisykles\/","url":"https:\/\/tint.lt\/shop\/prekiu-pristatymo-ir-grazinimo-keitimo-taisykles\/","name":"Preki\u0173 pristatymo ir gr\u0105\u017einimo\/keitimo taisykl\u0117s - Tint","isPartOf":{"@id":"https:\/\/tint.lt\/shop\/#website"},"datePublished":"2026-02-11T13:17:04+00:00","breadcrumb":{"@id":"https:\/\/tint.lt\/shop\/prekiu-pristatymo-ir-grazinimo-keitimo-taisykles\/#breadcrumb"},"inLanguage":"lt-LT","potentialAction":[{"@type":"ReadAction","target":["https:\/\/tint.lt\/shop\/prekiu-pristatymo-ir-grazinimo-keitimo-taisykles\/"]}]},{"@type":"BreadcrumbList","@id":"https:\/\/tint.lt\/shop\/prekiu-pristatymo-ir-grazinimo-keitimo-taisykles\/#breadcrumb","itemListElement":[{"@type":"ListItem","position":1,"name":"Home","item":"https:\/\/tint.lt\/shop\/"},{"@type":"ListItem","position":2,"name":"Preki\u0173 pristatymo ir gr\u0105\u017einimo\/keitimo taisykl\u0117s"}]},{"@type":"WebSite","@id":"https:\/\/tint.lt\/shop\/#website","url":"https:\/\/tint.lt\/shop\/","name":"Tint.lt","description":"El. parduotuv\u0117","publisher":{"@id":"https:\/\/tint.lt\/shop\/#organization"},"potentialAction":[{"@type":"SearchAction","target":{"@type":"EntryPoint","urlTemplate":"https:\/\/tint.lt\/shop\/?s={search_term_string}"},"query-input":{"@type":"PropertyValueSpecification","valueRequired":true,"valueName":"search_term_string"}}],"inLanguage":"lt-LT"},{"@type":"Organization","@id":"https:\/\/tint.lt\/shop\/#organization","name":"Tint.lt","url":"https:\/\/tint.lt\/shop\/","logo":{"@type":"ImageObject","inLanguage":"lt-LT","@id":"https:\/\/tint.lt\/shop\/#\/schema\/logo\/image\/","url":"https:\/\/tint.lt\/shop\/wp-content\/uploads\/2026\/02\/TINT_lipnios_pleveles_profesionalams_grey.png","contentUrl":"https:\/\/tint.lt\/shop\/wp-content\/uploads\/2026\/02\/TINT_lipnios_pleveles_profesionalams_grey.png","width":1265,"height":460,"caption":"Tint.lt"},"image":{"@id":"https:\/\/tint.lt\/shop\/#\/schema\/logo\/image\/"}}]}},"_links":{"self":[{"href":"https:\/\/tint.lt\/shop\/wp-json\/wp\/v2\/pages\/29255","targetHints":{"allow":["GET"]}}],"collection":[{"href":"https:\/\/tint.lt\/shop\/wp-json\/wp\/v2\/pages"}],"about":[{"href":"https:\/\/tint.lt\/shop\/wp-json\/wp\/v2\/types\/page"}],"author":[{"embeddable":true,"href":"https:\/\/tint.lt\/shop\/wp-json\/wp\/v2\/users\/1"}],"replies":[{"embeddable":true,"href":"https:\/\/tint.lt\/shop\/wp-json\/wp\/v2\/comments?post=29255"}],"version-history":[{"count":1,"href":"https:\/\/tint.lt\/shop\/wp-json\/wp\/v2\/pages\/29255\/revisions"}],"predecessor-version":[{"id":29256,"href":"https:\/\/tint.lt\/shop\/wp-json\/wp\/v2\/pages\/29255\/revisions\/29256"}],"wp:attachment":[{"href":"https:\/\/tint.lt\/shop\/wp-json\/wp\/v2\/media?parent=29255"}],"curies":[{"name":"wp","href":"https:\/\/api.w.org\/{rel}","templated":true}]}}