{"id":29032,"date":"2026-02-11T15:10:10","date_gmt":"2026-02-11T13:10:10","guid":{"rendered":"https:\/\/tint.lt\/shop\/?post_type=product&#038;p=29032"},"modified":"2026-02-24T13:16:30","modified_gmt":"2026-02-24T11:16:30","slug":"tamsi-veidrodinio-bronzinio-atspalvio-plevele-nuo-saules-karscio","status":"publish","type":"product","link":"https:\/\/tint.lt\/shop\/preke\/tamsi-veidrodinio-bronzinio-atspalvio-plevele-nuo-saules-karscio\/","title":{"rendered":"Tamsi, veidrodinio bronzinio atspalvio pl\u0117vel\u0117 nuo saul\u0117s kar\u0161\u010dio, \u0161viesos laidumas 10%"},"content":{"rendered":"\t\t<div data-elementor-type=\"wp-post\" data-elementor-id=\"29032\" class=\"elementor elementor-29032\">\n\t\t\t\t<div class=\"wd-negative-gap elementor-element elementor-element-74377f58 e-flex e-con-boxed e-con e-parent\" data-id=\"74377f58\" data-element_type=\"container\" data-e-type=\"container\">\n\t\t\t\t\t<div class=\"e-con-inner\">\n\t\t\t\t<div class=\"elementor-element elementor-element-2991f40d color-scheme-inherit text-left elementor-widget elementor-widget-text-editor\" data-id=\"2991f40d\" data-element_type=\"widget\" data-e-type=\"widget\" data-widget_type=\"text-editor.default\">\n\t\t\t\t\t\t\t\t\t<p>Tamsi, veidrodinio bronzinio atspalvio pl\u0117vel\u0117 nuo saul\u0117s kar\u0161\u010dio.<\/p><p>Puikiai atspindi saul\u0117s kar\u0161t\u012f. Naudojama ten, kur privatumo lygis svarbesnis u\u017e \u012f patalp\u0105 patenkan\u010di\u0105 \u0161vies\u0105. Su \u0161ia pl\u0117vele dienos metu i\u0161gaunamas didelis privatumo lygis. Tamsi veidrodinio atspind\u017eio bronzos\/rudo atspalvio pl\u0117vel\u0117.<\/p>\t\t\t\t\t\t\t\t<\/div>\n\t\t\t\t\t<\/div>\n\t\t\t\t<\/div>\n\t\t<div class=\"wd-negative-gap elementor-element elementor-element-ae3725e e-flex e-con-boxed e-con e-parent\" data-id=\"ae3725e\" data-element_type=\"container\" data-e-type=\"container\">\n\t\t\t\t\t<div class=\"e-con-inner\">\n\t\t\t\t<div class=\"elementor-element elementor-element-53a45d9 elementor-widget elementor-widget-spacer\" data-id=\"53a45d9\" data-element_type=\"widget\" data-e-type=\"widget\" data-widget_type=\"spacer.default\">\n\t\t\t\t\t\t\t<div class=\"elementor-spacer\">\n\t\t\t<div class=\"elementor-spacer-inner\"><\/div>\n\t\t<\/div>\n\t\t\t\t\t\t<\/div>\n\t\t\t\t<div class=\"elementor-element elementor-element-b4b4bc2 elementor-widget elementor-widget-heading\" data-id=\"b4b4bc2\" data-element_type=\"widget\" data-e-type=\"widget\" data-widget_type=\"heading.default\">\n\t\t\t\t\t<h2 class=\"elementor-heading-title elementor-size-default\">D.U.K<\/h2>\t\t\t\t<\/div>\n\t\t\t\t<div class=\"elementor-element elementor-element-ab935b7 elementor-widget elementor-widget-wd_accordion\" data-id=\"ab935b7\" data-element_type=\"widget\" data-e-type=\"widget\" data-widget_type=\"wd_accordion.default\">\n\t\t\t\t<div class=\"elementor-widget-container\">\n\t\t\t\t\t\n\t\t<div class=\"wd-accordion wd-style-default wd-titles-left wd-opener-pos-left wd-opener-style-arrow\" data-state=\"first\">\n\t\t\t\t\t\t\t\n\t\t\t\t<div class=\"wd-accordion-item\">\n\t\t\t\t\t<div class=\"wd-accordion-title wd-role-btn wd-active\" data-accordion-index=\"0\" tabindex=\"0\">\n\t\t\t\t\t\t<div class=\"wd-accordion-title-text\">\n\t\t\t\t\t\t\t\t\t\t\t\t\t\t<span>\n\t\t\t\t\t\t\t\tAr pl\u0117vel\u0117 nuo saul\u0117s kar\u0161\u010dio klijuojama tik i\u0161 lauko pus\u0117s?\t\t\t\t\t\t\t<\/span>\n\t\t\t\t\t\t<\/div>\n\t\t\t\t\t\t<span class=\"wd-accordion-opener\"><\/span>\n\t\t\t\t\t<\/div>\n\n\t\t\t\t\t<div class=\"wd-accordion-content wd-entry-content wd-active\" data-accordion-index=\"0\">\n\t\t\t\t\t\t\t\t\t\t\t\t\t\n\t\t\t\t\t\t\t<p>Efektyviausias kar\u0161\u010dio suma\u017einimo efektas pasiekimas tuomet, kai pl\u0117vel\u0117 ant lango yra klijuojama i\u0161 i\u0161orin\u0117s <strong>stiklo paketo<\/strong> pus\u0117s. Tokiu b\u016bdu neleid\u017eia \u012fkaisti vidiniam stiklo paketo stiklui. Jei pl\u0117vel\u0117 b\u016bt\u0173 klijuojama i\u0161 vidin\u0117s pus\u0117s - kar\u0161\u010dio absorbcija labiau jaust\u0173si ant vidinio stiklo, o tai pasireik\u0161t\u0173 kur kas ma\u017eesniu saul\u0117s kar\u0161\u010dio suma\u017einimu.<\/p>\n\t\t\t\t\t\t\t\t\t\t\t\t\t\t\t\t\t\t<\/div>\n\t\t\t\t<\/div>\n\t\t\t\t\t\t\t\n\t\t\t\t<div class=\"wd-accordion-item\">\n\t\t\t\t\t<div class=\"wd-accordion-title wd-role-btn\" data-accordion-index=\"1\" tabindex=\"0\">\n\t\t\t\t\t\t<div class=\"wd-accordion-title-text\">\n\t\t\t\t\t\t\t\t\t\t\t\t\t\t<span>\n\t\t\t\t\t\t\t\tAr pl\u0117vel\u0117 nuo saul\u0117s kar\u0161\u010dio u\u017etamsina patalp\u0105?\t\t\t\t\t\t\t<\/span>\n\t\t\t\t\t\t<\/div>\n\t\t\t\t\t\t<span class=\"wd-accordion-opener\"><\/span>\n\t\t\t\t\t<\/div>\n\n\t\t\t\t\t<div class=\"wd-accordion-content wd-entry-content\" data-accordion-index=\"1\">\n\t\t\t\t\t\t\t\t\t\t\t\t\t\n\t\t\t\t\t\t\t<p data-start=\"46\" data-end=\"299\">Visos nuo saul\u0117s kar\u0161\u010dio apsaugan\u010dios lang\u0173 pl\u0117vel\u0117s tam tikru mastu suma\u017eina pro langus patenkan\u010dios \u0161viesos kiek\u012f. Ta\u010diau pasirinkus \u0161viesi\u0105 arba vidutinio tamsumo pl\u0117vel\u0119, patalp\u0173 patams\u0117jimas da\u017eniausiai b\u016bna nedidelis ir vizualiai ne itin ry\u0161kus.<\/p><p data-start=\"301\" data-end=\"438\" data-is-last-node=\"\" data-is-only-node=\"\">Pavyzd\u017eiui, pasirinkus apie 35 % \u0161viesos laidumo pl\u0117vel\u0119, \u0161viesos kiekis suma\u017e\u0117s, ta\u010diau patalpa i\u0161liks pakankamai \u0161viesi ir komforti\u0161ka.<\/p>\n\t\t\t\t\t\t\t\t\t\t\t\t\t\t\t\t\t\t<\/div>\n\t\t\t\t<\/div>\n\t\t\t\t\t\t\t\n\t\t\t\t<div class=\"wd-accordion-item\">\n\t\t\t\t\t<div class=\"wd-accordion-title wd-role-btn\" data-accordion-index=\"2\" tabindex=\"0\">\n\t\t\t\t\t\t<div class=\"wd-accordion-title-text\">\n\t\t\t\t\t\t\t\t\t\t\t\t\t\t<span>\n\t\t\t\t\t\t\t\tKiek laiko tarnauja pl\u0117vel\u0117?\t\t\t\t\t\t\t<\/span>\n\t\t\t\t\t\t<\/div>\n\t\t\t\t\t\t<span class=\"wd-accordion-opener\"><\/span>\n\t\t\t\t\t<\/div>\n\n\t\t\t\t\t<div class=\"wd-accordion-content wd-entry-content\" data-accordion-index=\"2\">\n\t\t\t\t\t\t\t\t\t\t\t\t\t\n\t\t\t\t\t\t\t<p data-start=\"30\" data-end=\"344\">Lauko s\u0105lygoms skirtos klijuojamos pl\u0117vel\u0117s yra sukurtos taip, kad tarnaut\u0173 ilgus metus. J\u0173 ilgaam\u017ei\u0161kumas priklauso nuo eksploatavimo s\u0105lyg\u0173, pavir\u0161iaus paruo\u0161imo, montavimo kokyb\u0117s ir prie\u017ei\u016bros. Tinkamai padengta ir pri\u017ei\u016brima pl\u0117vel\u0117 praktikoje da\u017enai i\u0161lieka funkcionali ir esteti\u0161ka kur kas ilgiau, nei nurodomas garantinis gamintojo terminas.<\/p><p data-start=\"346\" data-end=\"465\" data-is-last-node=\"\" data-is-only-node=\"\">Reguliari prie\u017ei\u016bra ir rekomenduojam\u0173 naudojimo s\u0105lyg\u0173 laikymasis padeda u\u017etikrinti maksimal\u0173 pl\u0117vel\u0117s tarnavimo laik\u0105.<\/p>\n\t\t\t\t\t\t\t\t\t\t\t\t\t\t\t\t\t\t<\/div>\n\t\t\t\t<\/div>\n\t\t\t\t\t<\/div>\n\t\t\t\t\t\t<\/div>\n\t\t\t\t<\/div>\n\t\t\t\t\t<\/div>\n\t\t\t\t<\/div>\n\t\t\t\t<\/div>\n\t\t","protected":false},"excerpt":{"rendered":"<p>Tamsi, veidrodinio bronzinio atspalvio pl\u0117vel\u0117 nuo saul\u0117s kar\u0161\u010dio. Puikiai atspindi saul\u0117s kar\u0161t\u012f. Naudojama ten, kur privatumo lygis svarbesnis u\u017e \u012f<\/p>\n","protected":false},"featured_media":29066,"comment_status":"closed","ping_status":"closed","template":"","meta":{"_acf_changed":false},"product_brand":[104],"product_cat":[75,74],"product_tag":[79,80],"class_list":{"0":"post-29032","1":"product","2":"type-product","3":"status-publish","4":"has-post-thumbnail","6":"product_brand-garware-hitech-films","7":"product_cat-langu-pleveles-nuo-saules-karscio","8":"product_cat-pastatu-pleveles-langams","9":"product_tag-ruda-plevele","10":"product_tag-tamsi-plevele","12":"first","13":"instock","14":"taxable","15":"shipping-taxable","16":"purchasable","17":"product-type-simple"},"acf":[],"yoast_head":"<!-- This site is optimized with the Yoast SEO plugin v27.5 - https:\/\/yoast.com\/product\/yoast-seo-wordpress\/ -->\n<title>Tamsi, veidrodinio bronzinio atspalvio pl\u0117vel\u0117 nuo saul\u0117s kar\u0161\u010dio, \u0161viesos laidumas 10% - Tint<\/title>\n<meta name=\"robots\" content=\"index, follow, max-snippet:-1, max-image-preview:large, max-video-preview:-1\" \/>\n<link rel=\"canonical\" href=\"https:\/\/tint.lt\/shop\/preke\/tamsi-veidrodinio-bronzinio-atspalvio-plevele-nuo-saules-karscio\/\" \/>\n<meta property=\"og:locale\" content=\"lt_LT\" \/>\n<meta property=\"og:type\" content=\"article\" \/>\n<meta property=\"og:title\" content=\"Tamsi, veidrodinio bronzinio atspalvio pl\u0117vel\u0117 nuo saul\u0117s kar\u0161\u010dio, \u0161viesos laidumas 10% - Tint\" \/>\n<meta property=\"og:description\" content=\"Tamsi, veidrodinio bronzinio atspalvio pl\u0117vel\u0117 nuo saul\u0117s kar\u0161\u010dio. Puikiai atspindi saul\u0117s kar\u0161t\u012f. Naudojama ten, kur privatumo lygis svarbesnis u\u017e \u012f\" \/>\n<meta property=\"og:url\" content=\"https:\/\/tint.lt\/shop\/preke\/tamsi-veidrodinio-bronzinio-atspalvio-plevele-nuo-saules-karscio\/\" \/>\n<meta property=\"og:site_name\" content=\"Tint\" \/>\n<meta property=\"article:modified_time\" content=\"2026-02-24T11:16:30+00:00\" \/>\n<meta property=\"og:image\" content=\"https:\/\/tint.lt\/shop\/wp-content\/uploads\/2026\/02\/R-BRONZE-10ext-1.jpg\" \/>\n\t<meta property=\"og:image:width\" content=\"600\" \/>\n\t<meta property=\"og:image:height\" content=\"600\" \/>\n\t<meta property=\"og:image:type\" content=\"image\/jpeg\" \/>\n<meta name=\"twitter:card\" content=\"summary_large_image\" \/>\n<script type=\"application\/ld+json\" class=\"yoast-schema-graph\">{\"@context\":\"https:\\\/\\\/schema.org\",\"@graph\":[{\"@type\":\"WebPage\",\"@id\":\"https:\\\/\\\/tint.lt\\\/shop\\\/preke\\\/tamsi-veidrodinio-bronzinio-atspalvio-plevele-nuo-saules-karscio\\\/\",\"url\":\"https:\\\/\\\/tint.lt\\\/shop\\\/preke\\\/tamsi-veidrodinio-bronzinio-atspalvio-plevele-nuo-saules-karscio\\\/\",\"name\":\"Tamsi, veidrodinio bronzinio atspalvio pl\u0117vel\u0117 nuo saul\u0117s kar\u0161\u010dio, \u0161viesos laidumas 10% - Tint\",\"isPartOf\":{\"@id\":\"https:\\\/\\\/tint.lt\\\/shop\\\/#website\"},\"primaryImageOfPage\":{\"@id\":\"https:\\\/\\\/tint.lt\\\/shop\\\/preke\\\/tamsi-veidrodinio-bronzinio-atspalvio-plevele-nuo-saules-karscio\\\/#primaryimage\"},\"image\":{\"@id\":\"https:\\\/\\\/tint.lt\\\/shop\\\/preke\\\/tamsi-veidrodinio-bronzinio-atspalvio-plevele-nuo-saules-karscio\\\/#primaryimage\"},\"thumbnailUrl\":\"https:\\\/\\\/tint.lt\\\/shop\\\/wp-content\\\/uploads\\\/2026\\\/02\\\/R-BRONZE-10ext-1.jpg\",\"datePublished\":\"2026-02-11T13:10:10+00:00\",\"dateModified\":\"2026-02-24T11:16:30+00:00\",\"breadcrumb\":{\"@id\":\"https:\\\/\\\/tint.lt\\\/shop\\\/preke\\\/tamsi-veidrodinio-bronzinio-atspalvio-plevele-nuo-saules-karscio\\\/#breadcrumb\"},\"inLanguage\":\"lt-LT\",\"potentialAction\":[{\"@type\":\"ReadAction\",\"target\":[\"https:\\\/\\\/tint.lt\\\/shop\\\/preke\\\/tamsi-veidrodinio-bronzinio-atspalvio-plevele-nuo-saules-karscio\\\/\"]}]},{\"@type\":\"ImageObject\",\"inLanguage\":\"lt-LT\",\"@id\":\"https:\\\/\\\/tint.lt\\\/shop\\\/preke\\\/tamsi-veidrodinio-bronzinio-atspalvio-plevele-nuo-saules-karscio\\\/#primaryimage\",\"url\":\"https:\\\/\\\/tint.lt\\\/shop\\\/wp-content\\\/uploads\\\/2026\\\/02\\\/R-BRONZE-10ext-1.jpg\",\"contentUrl\":\"https:\\\/\\\/tint.lt\\\/shop\\\/wp-content\\\/uploads\\\/2026\\\/02\\\/R-BRONZE-10ext-1.jpg\",\"width\":600,\"height\":600},{\"@type\":\"BreadcrumbList\",\"@id\":\"https:\\\/\\\/tint.lt\\\/shop\\\/preke\\\/tamsi-veidrodinio-bronzinio-atspalvio-plevele-nuo-saules-karscio\\\/#breadcrumb\",\"itemListElement\":[{\"@type\":\"ListItem\",\"position\":1,\"name\":\"Home\",\"item\":\"https:\\\/\\\/tint.lt\\\/shop\\\/\"},{\"@type\":\"ListItem\",\"position\":2,\"name\":\"Parduotuv\u0117\",\"item\":\"https:\\\/\\\/tint.lt\\\/shop\\\/produktai\\\/\"},{\"@type\":\"ListItem\",\"position\":3,\"name\":\"Tamsi, veidrodinio bronzinio atspalvio pl\u0117vel\u0117 nuo saul\u0117s kar\u0161\u010dio, \u0161viesos laidumas 10%\"}]},{\"@type\":\"WebSite\",\"@id\":\"https:\\\/\\\/tint.lt\\\/shop\\\/#website\",\"url\":\"https:\\\/\\\/tint.lt\\\/shop\\\/\",\"name\":\"Tint.lt\",\"description\":\"El. parduotuv\u0117\",\"publisher\":{\"@id\":\"https:\\\/\\\/tint.lt\\\/shop\\\/#organization\"},\"potentialAction\":[{\"@type\":\"SearchAction\",\"target\":{\"@type\":\"EntryPoint\",\"urlTemplate\":\"https:\\\/\\\/tint.lt\\\/shop\\\/?s={search_term_string}\"},\"query-input\":{\"@type\":\"PropertyValueSpecification\",\"valueRequired\":true,\"valueName\":\"search_term_string\"}}],\"inLanguage\":\"lt-LT\"},{\"@type\":\"Organization\",\"@id\":\"https:\\\/\\\/tint.lt\\\/shop\\\/#organization\",\"name\":\"Tint.lt\",\"url\":\"https:\\\/\\\/tint.lt\\\/shop\\\/\",\"logo\":{\"@type\":\"ImageObject\",\"inLanguage\":\"lt-LT\",\"@id\":\"https:\\\/\\\/tint.lt\\\/shop\\\/#\\\/schema\\\/logo\\\/image\\\/\",\"url\":\"https:\\\/\\\/tint.lt\\\/shop\\\/wp-content\\\/uploads\\\/2026\\\/02\\\/TINT_lipnios_pleveles_profesionalams_grey.png\",\"contentUrl\":\"https:\\\/\\\/tint.lt\\\/shop\\\/wp-content\\\/uploads\\\/2026\\\/02\\\/TINT_lipnios_pleveles_profesionalams_grey.png\",\"width\":1265,\"height\":460,\"caption\":\"Tint.lt\"},\"image\":{\"@id\":\"https:\\\/\\\/tint.lt\\\/shop\\\/#\\\/schema\\\/logo\\\/image\\\/\"}}]}<\/script>\n<!-- \/ Yoast SEO plugin. -->","yoast_head_json":{"title":"Tamsi, veidrodinio bronzinio atspalvio pl\u0117vel\u0117 nuo saul\u0117s kar\u0161\u010dio, \u0161viesos laidumas 10% - Tint","robots":{"index":"index","follow":"follow","max-snippet":"max-snippet:-1","max-image-preview":"max-image-preview:large","max-video-preview":"max-video-preview:-1"},"canonical":"https:\/\/tint.lt\/shop\/preke\/tamsi-veidrodinio-bronzinio-atspalvio-plevele-nuo-saules-karscio\/","og_locale":"lt_LT","og_type":"article","og_title":"Tamsi, veidrodinio bronzinio atspalvio pl\u0117vel\u0117 nuo saul\u0117s kar\u0161\u010dio, \u0161viesos laidumas 10% - Tint","og_description":"Tamsi, veidrodinio bronzinio atspalvio pl\u0117vel\u0117 nuo saul\u0117s kar\u0161\u010dio. Puikiai atspindi saul\u0117s kar\u0161t\u012f. Naudojama ten, kur privatumo lygis svarbesnis u\u017e \u012f","og_url":"https:\/\/tint.lt\/shop\/preke\/tamsi-veidrodinio-bronzinio-atspalvio-plevele-nuo-saules-karscio\/","og_site_name":"Tint","article_modified_time":"2026-02-24T11:16:30+00:00","og_image":[{"width":600,"height":600,"url":"https:\/\/tint.lt\/shop\/wp-content\/uploads\/2026\/02\/R-BRONZE-10ext-1.jpg","type":"image\/jpeg"}],"twitter_card":"summary_large_image","schema":{"@context":"https:\/\/schema.org","@graph":[{"@type":"WebPage","@id":"https:\/\/tint.lt\/shop\/preke\/tamsi-veidrodinio-bronzinio-atspalvio-plevele-nuo-saules-karscio\/","url":"https:\/\/tint.lt\/shop\/preke\/tamsi-veidrodinio-bronzinio-atspalvio-plevele-nuo-saules-karscio\/","name":"Tamsi, veidrodinio bronzinio atspalvio pl\u0117vel\u0117 nuo saul\u0117s kar\u0161\u010dio, \u0161viesos laidumas 10% - Tint","isPartOf":{"@id":"https:\/\/tint.lt\/shop\/#website"},"primaryImageOfPage":{"@id":"https:\/\/tint.lt\/shop\/preke\/tamsi-veidrodinio-bronzinio-atspalvio-plevele-nuo-saules-karscio\/#primaryimage"},"image":{"@id":"https:\/\/tint.lt\/shop\/preke\/tamsi-veidrodinio-bronzinio-atspalvio-plevele-nuo-saules-karscio\/#primaryimage"},"thumbnailUrl":"https:\/\/tint.lt\/shop\/wp-content\/uploads\/2026\/02\/R-BRONZE-10ext-1.jpg","datePublished":"2026-02-11T13:10:10+00:00","dateModified":"2026-02-24T11:16:30+00:00","breadcrumb":{"@id":"https:\/\/tint.lt\/shop\/preke\/tamsi-veidrodinio-bronzinio-atspalvio-plevele-nuo-saules-karscio\/#breadcrumb"},"inLanguage":"lt-LT","potentialAction":[{"@type":"ReadAction","target":["https:\/\/tint.lt\/shop\/preke\/tamsi-veidrodinio-bronzinio-atspalvio-plevele-nuo-saules-karscio\/"]}]},{"@type":"ImageObject","inLanguage":"lt-LT","@id":"https:\/\/tint.lt\/shop\/preke\/tamsi-veidrodinio-bronzinio-atspalvio-plevele-nuo-saules-karscio\/#primaryimage","url":"https:\/\/tint.lt\/shop\/wp-content\/uploads\/2026\/02\/R-BRONZE-10ext-1.jpg","contentUrl":"https:\/\/tint.lt\/shop\/wp-content\/uploads\/2026\/02\/R-BRONZE-10ext-1.jpg","width":600,"height":600},{"@type":"BreadcrumbList","@id":"https:\/\/tint.lt\/shop\/preke\/tamsi-veidrodinio-bronzinio-atspalvio-plevele-nuo-saules-karscio\/#breadcrumb","itemListElement":[{"@type":"ListItem","position":1,"name":"Home","item":"https:\/\/tint.lt\/shop\/"},{"@type":"ListItem","position":2,"name":"Parduotuv\u0117","item":"https:\/\/tint.lt\/shop\/produktai\/"},{"@type":"ListItem","position":3,"name":"Tamsi, veidrodinio bronzinio atspalvio pl\u0117vel\u0117 nuo saul\u0117s kar\u0161\u010dio, \u0161viesos laidumas 10%"}]},{"@type":"WebSite","@id":"https:\/\/tint.lt\/shop\/#website","url":"https:\/\/tint.lt\/shop\/","name":"Tint.lt","description":"El. parduotuv\u0117","publisher":{"@id":"https:\/\/tint.lt\/shop\/#organization"},"potentialAction":[{"@type":"SearchAction","target":{"@type":"EntryPoint","urlTemplate":"https:\/\/tint.lt\/shop\/?s={search_term_string}"},"query-input":{"@type":"PropertyValueSpecification","valueRequired":true,"valueName":"search_term_string"}}],"inLanguage":"lt-LT"},{"@type":"Organization","@id":"https:\/\/tint.lt\/shop\/#organization","name":"Tint.lt","url":"https:\/\/tint.lt\/shop\/","logo":{"@type":"ImageObject","inLanguage":"lt-LT","@id":"https:\/\/tint.lt\/shop\/#\/schema\/logo\/image\/","url":"https:\/\/tint.lt\/shop\/wp-content\/uploads\/2026\/02\/TINT_lipnios_pleveles_profesionalams_grey.png","contentUrl":"https:\/\/tint.lt\/shop\/wp-content\/uploads\/2026\/02\/TINT_lipnios_pleveles_profesionalams_grey.png","width":1265,"height":460,"caption":"Tint.lt"},"image":{"@id":"https:\/\/tint.lt\/shop\/#\/schema\/logo\/image\/"}}]}},"_links":{"self":[{"href":"https:\/\/tint.lt\/shop\/wp-json\/wp\/v2\/product\/29032","targetHints":{"allow":["GET"]}}],"collection":[{"href":"https:\/\/tint.lt\/shop\/wp-json\/wp\/v2\/product"}],"about":[{"href":"https:\/\/tint.lt\/shop\/wp-json\/wp\/v2\/types\/product"}],"replies":[{"embeddable":true,"href":"https:\/\/tint.lt\/shop\/wp-json\/wp\/v2\/comments?post=29032"}],"version-history":[{"count":5,"href":"https:\/\/tint.lt\/shop\/wp-json\/wp\/v2\/product\/29032\/revisions"}],"predecessor-version":[{"id":29922,"href":"https:\/\/tint.lt\/shop\/wp-json\/wp\/v2\/product\/29032\/revisions\/29922"}],"wp:featuredmedia":[{"embeddable":true,"href":"https:\/\/tint.lt\/shop\/wp-json\/wp\/v2\/media\/29066"}],"wp:attachment":[{"href":"https:\/\/tint.lt\/shop\/wp-json\/wp\/v2\/media?parent=29032"}],"wp:term":[{"taxonomy":"product_brand","embeddable":true,"href":"https:\/\/tint.lt\/shop\/wp-json\/wp\/v2\/product_brand?post=29032"},{"taxonomy":"product_cat","embeddable":true,"href":"https:\/\/tint.lt\/shop\/wp-json\/wp\/v2\/product_cat?post=29032"},{"taxonomy":"product_tag","embeddable":true,"href":"https:\/\/tint.lt\/shop\/wp-json\/wp\/v2\/product_tag?post=29032"}],"curies":[{"name":"wp","href":"https:\/\/api.w.org\/{rel}","templated":true}]}}