{"id":29038,"date":"2026-02-11T15:10:11","date_gmt":"2026-02-11T13:10:11","guid":{"rendered":"https:\/\/tint.lt\/shop\/?post_type=product&#038;p=29038"},"modified":"2026-05-04T13:41:13","modified_gmt":"2026-05-04T10:41:13","slug":"hologramine-chameleono-atspalvio-plevele-stiklams","status":"publish","type":"product","link":"https:\/\/tint.lt\/shop\/preke\/hologramine-chameleono-atspalvio-plevele-stiklams\/","title":{"rendered":"Hologramin\u0117 &#8211; chameleono atspalvio pl\u0117vel\u0117 stiklams"},"content":{"rendered":"\t\t<div data-elementor-type=\"wp-post\" data-elementor-id=\"29038\" class=\"elementor elementor-29038\">\n\t\t\t\t<div class=\"wd-negative-gap elementor-element elementor-element-72b63f15 e-flex e-con-boxed e-con e-parent\" data-id=\"72b63f15\" data-element_type=\"container\" data-e-type=\"container\">\n\t\t\t\t\t<div class=\"e-con-inner\">\n\t\t\t\t<div class=\"elementor-element elementor-element-4e2f9d55 color-scheme-inherit text-left elementor-widget elementor-widget-text-editor\" data-id=\"4e2f9d55\" data-element_type=\"widget\" data-e-type=\"widget\" data-widget_type=\"text-editor.default\">\n\t\t\t\t\t\t\t\t\t<p>\u0160i pl\u0117vel\u0117 &#8211; visas spalv\u0173 rinkinys. Stiklas \u012fgauna \u012fvairi\u0173 atspalvi\u0173 priklausomai nuo \u017ei\u016br\u0117jimo kampo. Pl\u0117vel\u0117 renkasi \u012fprastai norintys i\u0161skirtini\u0173 stikl\u0173 interjere. Pvz. Bare, kavin\u0117je, restorane, parduotuv\u0117je ir pan. Interjero dizaineriai tikrai \u017eino, kur \u0161i\u0105 pl\u0117vel\u0119 tikslingai galima panaudoti!<\/p>\t\t\t\t\t\t\t\t<\/div>\n\t\t\t\t\t<\/div>\n\t\t\t\t<\/div>\n\t\t<div class=\"wd-negative-gap elementor-element elementor-element-ae68a06 e-flex e-con-boxed e-con e-parent\" data-id=\"ae68a06\" data-element_type=\"container\" data-e-type=\"container\">\n\t\t\t\t\t<div class=\"e-con-inner\">\n\t\t\t\t<div class=\"elementor-element elementor-element-a138d8b elementor-widget elementor-widget-spacer\" data-id=\"a138d8b\" data-element_type=\"widget\" data-e-type=\"widget\" data-widget_type=\"spacer.default\">\n\t\t\t\t\t\t\t<div class=\"elementor-spacer\">\n\t\t\t<div class=\"elementor-spacer-inner\"><\/div>\n\t\t<\/div>\n\t\t\t\t\t\t<\/div>\n\t\t\t\t<div class=\"elementor-element elementor-element-f7f1adf wd-width-100 elementor-widget elementor-widget-wd_title\" data-id=\"f7f1adf\" data-element_type=\"widget\" data-e-type=\"widget\" data-widget_type=\"wd_title.default\">\n\t\t\t\t<div class=\"elementor-widget-container\">\n\t\t\t\t\t\t\t<div class=\"title-wrapper wd-set-mb reset-last-child wd-title-color-default wd-title-style-default wd-title-size-default text-left\">\n\n\t\t\t\n\t\t\t<div class=\"liner-continer\">\n\t\t\t\t<h4 class=\"woodmart-title-container title wd-fontsize-l\">Domina pl\u0117vel\u0117s apklijavimo paslaugos?<\/h4> \n\t\t\t\t\t\t\t<\/div>\n\n\t\t\t\t\t\t\t<div class=\"title-after_title reset-last-child wd-fontsize-xs\">\n\t\t\t\t\t<p>M\u016bs\u0173 partneriai profesionaliai apklijuos j\u016bs\u0173 langus ar stiklus<\/p>\t\t\t\t<\/div>\n\t\t\t\t\t<\/div>\n\t\t\t\t\t\t<\/div>\n\t\t\t\t<\/div>\n\t\t\t\t<div class=\"elementor-element elementor-element-1424486 elementor-widget elementor-widget-spacer\" data-id=\"1424486\" data-element_type=\"widget\" data-e-type=\"widget\" data-widget_type=\"spacer.default\">\n\t\t\t\t\t\t\t<div class=\"elementor-spacer\">\n\t\t\t<div class=\"elementor-spacer-inner\"><\/div>\n\t\t<\/div>\n\t\t\t\t\t\t<\/div>\n\t\t\t\t<div class=\"elementor-element elementor-element-d859897 elementor-align-left elementor-widget elementor-widget-button\" data-id=\"d859897\" data-element_type=\"widget\" data-e-type=\"widget\" data-widget_type=\"button.default\">\n\t\t\t\t\t\t\t\t\t\t<a class=\"elementor-button elementor-button-link elementor-size-sm\" href=\"https:\/\/tintpleveles.lt\/pastatu-stiklu-apklijavimas\/veidrodiniu-pleveliu-langams-klijavimas\/\">\n\t\t\t\t\t\t<span class=\"elementor-button-content-wrapper\">\n\t\t\t\t\t\t\t\t\t<span class=\"elementor-button-text\">Su\u017einokite daugiau<\/span>\n\t\t\t\t\t<\/span>\n\t\t\t\t\t<\/a>\n\t\t\t\t\t\t\t\t<\/div>\n\t\t\t\t\t<\/div>\n\t\t\t\t<\/div>\n\t\t\t\t<\/div>\n\t\t","protected":false},"excerpt":{"rendered":"<p>\u0160i pl\u0117vel\u0117 &#8211; visas spalv\u0173 rinkinys. Stiklas \u012fgauna \u012fvairi\u0173 atspalvi\u0173 priklausomai nuo \u017ei\u016br\u0117jimo kampo. Pl\u0117vel\u0117 renkasi \u012fprastai norintys i\u0161skirtini\u0173 stikl\u0173<\/p>\n","protected":false},"featured_media":30580,"comment_status":"closed","ping_status":"closed","template":"","meta":{"_acf_changed":false},"product_brand":[],"product_cat":[74,82],"product_tag":[],"class_list":{"0":"post-29038","1":"product","2":"type-product","3":"status-publish","4":"has-post-thumbnail","6":"product_cat-pastatu-pleveles-langams","7":"product_cat-spalvotos-stiklu-pleveles","9":"first","10":"instock","11":"taxable","12":"shipping-taxable","13":"purchasable","14":"product-type-simple"},"acf":[],"yoast_head":"<!-- This site is optimized with the Yoast SEO plugin v27.5 - https:\/\/yoast.com\/product\/yoast-seo-wordpress\/ -->\n<title>Hologramin\u0117 - chameleono atspalvio pl\u0117vel\u0117 stiklams - Tint<\/title>\n<meta name=\"robots\" content=\"index, follow, max-snippet:-1, max-image-preview:large, max-video-preview:-1\" \/>\n<link rel=\"canonical\" href=\"https:\/\/tint.lt\/shop\/preke\/hologramine-chameleono-atspalvio-plevele-stiklams\/\" \/>\n<meta property=\"og:locale\" content=\"lt_LT\" \/>\n<meta property=\"og:type\" content=\"article\" \/>\n<meta property=\"og:title\" content=\"Hologramin\u0117 - chameleono atspalvio pl\u0117vel\u0117 stiklams - Tint\" \/>\n<meta property=\"og:description\" content=\"\u0160i pl\u0117vel\u0117 &#8211; visas spalv\u0173 rinkinys. Stiklas \u012fgauna \u012fvairi\u0173 atspalvi\u0173 priklausomai nuo \u017ei\u016br\u0117jimo kampo. Pl\u0117vel\u0117 renkasi \u012fprastai norintys i\u0161skirtini\u0173 stikl\u0173\" \/>\n<meta property=\"og:url\" content=\"https:\/\/tint.lt\/shop\/preke\/hologramine-chameleono-atspalvio-plevele-stiklams\/\" \/>\n<meta property=\"og:site_name\" content=\"Tint\" \/>\n<meta property=\"article:modified_time\" content=\"2026-05-04T10:41:13+00:00\" \/>\n<meta property=\"og:image\" content=\"https:\/\/tint.lt\/shop\/wp-content\/uploads\/2026\/02\/DCHROM-hologramine-stiklu-plevele.jpg\" \/>\n\t<meta property=\"og:image:width\" content=\"900\" \/>\n\t<meta property=\"og:image:height\" content=\"900\" \/>\n\t<meta property=\"og:image:type\" content=\"image\/jpeg\" \/>\n<meta name=\"twitter:card\" content=\"summary_large_image\" \/>\n<script type=\"application\/ld+json\" class=\"yoast-schema-graph\">{\"@context\":\"https:\\\/\\\/schema.org\",\"@graph\":[{\"@type\":\"WebPage\",\"@id\":\"https:\\\/\\\/tint.lt\\\/shop\\\/preke\\\/hologramine-chameleono-atspalvio-plevele-stiklams\\\/\",\"url\":\"https:\\\/\\\/tint.lt\\\/shop\\\/preke\\\/hologramine-chameleono-atspalvio-plevele-stiklams\\\/\",\"name\":\"Hologramin\u0117 - chameleono atspalvio pl\u0117vel\u0117 stiklams - Tint\",\"isPartOf\":{\"@id\":\"https:\\\/\\\/tint.lt\\\/shop\\\/#website\"},\"primaryImageOfPage\":{\"@id\":\"https:\\\/\\\/tint.lt\\\/shop\\\/preke\\\/hologramine-chameleono-atspalvio-plevele-stiklams\\\/#primaryimage\"},\"image\":{\"@id\":\"https:\\\/\\\/tint.lt\\\/shop\\\/preke\\\/hologramine-chameleono-atspalvio-plevele-stiklams\\\/#primaryimage\"},\"thumbnailUrl\":\"https:\\\/\\\/tint.lt\\\/shop\\\/wp-content\\\/uploads\\\/2026\\\/02\\\/DCHROM-hologramine-stiklu-plevele.jpg\",\"datePublished\":\"2026-02-11T13:10:11+00:00\",\"dateModified\":\"2026-05-04T10:41:13+00:00\",\"breadcrumb\":{\"@id\":\"https:\\\/\\\/tint.lt\\\/shop\\\/preke\\\/hologramine-chameleono-atspalvio-plevele-stiklams\\\/#breadcrumb\"},\"inLanguage\":\"lt-LT\",\"potentialAction\":[{\"@type\":\"ReadAction\",\"target\":[\"https:\\\/\\\/tint.lt\\\/shop\\\/preke\\\/hologramine-chameleono-atspalvio-plevele-stiklams\\\/\"]}]},{\"@type\":\"ImageObject\",\"inLanguage\":\"lt-LT\",\"@id\":\"https:\\\/\\\/tint.lt\\\/shop\\\/preke\\\/hologramine-chameleono-atspalvio-plevele-stiklams\\\/#primaryimage\",\"url\":\"https:\\\/\\\/tint.lt\\\/shop\\\/wp-content\\\/uploads\\\/2026\\\/02\\\/DCHROM-hologramine-stiklu-plevele.jpg\",\"contentUrl\":\"https:\\\/\\\/tint.lt\\\/shop\\\/wp-content\\\/uploads\\\/2026\\\/02\\\/DCHROM-hologramine-stiklu-plevele.jpg\",\"width\":900,\"height\":900,\"caption\":\"Hologramin\u0117 stikl\u0173 pl\u0117vel\u0117\"},{\"@type\":\"BreadcrumbList\",\"@id\":\"https:\\\/\\\/tint.lt\\\/shop\\\/preke\\\/hologramine-chameleono-atspalvio-plevele-stiklams\\\/#breadcrumb\",\"itemListElement\":[{\"@type\":\"ListItem\",\"position\":1,\"name\":\"Home\",\"item\":\"https:\\\/\\\/tint.lt\\\/shop\\\/\"},{\"@type\":\"ListItem\",\"position\":2,\"name\":\"Parduotuv\u0117\",\"item\":\"https:\\\/\\\/tint.lt\\\/shop\\\/produktai\\\/\"},{\"@type\":\"ListItem\",\"position\":3,\"name\":\"Hologramin\u0117 &#8211; chameleono atspalvio pl\u0117vel\u0117 stiklams\"}]},{\"@type\":\"WebSite\",\"@id\":\"https:\\\/\\\/tint.lt\\\/shop\\\/#website\",\"url\":\"https:\\\/\\\/tint.lt\\\/shop\\\/\",\"name\":\"Tint.lt\",\"description\":\"El. parduotuv\u0117\",\"publisher\":{\"@id\":\"https:\\\/\\\/tint.lt\\\/shop\\\/#organization\"},\"potentialAction\":[{\"@type\":\"SearchAction\",\"target\":{\"@type\":\"EntryPoint\",\"urlTemplate\":\"https:\\\/\\\/tint.lt\\\/shop\\\/?s={search_term_string}\"},\"query-input\":{\"@type\":\"PropertyValueSpecification\",\"valueRequired\":true,\"valueName\":\"search_term_string\"}}],\"inLanguage\":\"lt-LT\"},{\"@type\":\"Organization\",\"@id\":\"https:\\\/\\\/tint.lt\\\/shop\\\/#organization\",\"name\":\"Tint.lt\",\"url\":\"https:\\\/\\\/tint.lt\\\/shop\\\/\",\"logo\":{\"@type\":\"ImageObject\",\"inLanguage\":\"lt-LT\",\"@id\":\"https:\\\/\\\/tint.lt\\\/shop\\\/#\\\/schema\\\/logo\\\/image\\\/\",\"url\":\"https:\\\/\\\/tint.lt\\\/shop\\\/wp-content\\\/uploads\\\/2026\\\/02\\\/TINT_lipnios_pleveles_profesionalams_grey.png\",\"contentUrl\":\"https:\\\/\\\/tint.lt\\\/shop\\\/wp-content\\\/uploads\\\/2026\\\/02\\\/TINT_lipnios_pleveles_profesionalams_grey.png\",\"width\":1265,\"height\":460,\"caption\":\"Tint.lt\"},\"image\":{\"@id\":\"https:\\\/\\\/tint.lt\\\/shop\\\/#\\\/schema\\\/logo\\\/image\\\/\"}}]}<\/script>\n<!-- \/ Yoast SEO plugin. -->","yoast_head_json":{"title":"Hologramin\u0117 - chameleono atspalvio pl\u0117vel\u0117 stiklams - Tint","robots":{"index":"index","follow":"follow","max-snippet":"max-snippet:-1","max-image-preview":"max-image-preview:large","max-video-preview":"max-video-preview:-1"},"canonical":"https:\/\/tint.lt\/shop\/preke\/hologramine-chameleono-atspalvio-plevele-stiklams\/","og_locale":"lt_LT","og_type":"article","og_title":"Hologramin\u0117 - chameleono atspalvio pl\u0117vel\u0117 stiklams - Tint","og_description":"\u0160i pl\u0117vel\u0117 &#8211; visas spalv\u0173 rinkinys. Stiklas \u012fgauna \u012fvairi\u0173 atspalvi\u0173 priklausomai nuo \u017ei\u016br\u0117jimo kampo. Pl\u0117vel\u0117 renkasi \u012fprastai norintys i\u0161skirtini\u0173 stikl\u0173","og_url":"https:\/\/tint.lt\/shop\/preke\/hologramine-chameleono-atspalvio-plevele-stiklams\/","og_site_name":"Tint","article_modified_time":"2026-05-04T10:41:13+00:00","og_image":[{"width":900,"height":900,"url":"https:\/\/tint.lt\/shop\/wp-content\/uploads\/2026\/02\/DCHROM-hologramine-stiklu-plevele.jpg","type":"image\/jpeg"}],"twitter_card":"summary_large_image","schema":{"@context":"https:\/\/schema.org","@graph":[{"@type":"WebPage","@id":"https:\/\/tint.lt\/shop\/preke\/hologramine-chameleono-atspalvio-plevele-stiklams\/","url":"https:\/\/tint.lt\/shop\/preke\/hologramine-chameleono-atspalvio-plevele-stiklams\/","name":"Hologramin\u0117 - chameleono atspalvio pl\u0117vel\u0117 stiklams - Tint","isPartOf":{"@id":"https:\/\/tint.lt\/shop\/#website"},"primaryImageOfPage":{"@id":"https:\/\/tint.lt\/shop\/preke\/hologramine-chameleono-atspalvio-plevele-stiklams\/#primaryimage"},"image":{"@id":"https:\/\/tint.lt\/shop\/preke\/hologramine-chameleono-atspalvio-plevele-stiklams\/#primaryimage"},"thumbnailUrl":"https:\/\/tint.lt\/shop\/wp-content\/uploads\/2026\/02\/DCHROM-hologramine-stiklu-plevele.jpg","datePublished":"2026-02-11T13:10:11+00:00","dateModified":"2026-05-04T10:41:13+00:00","breadcrumb":{"@id":"https:\/\/tint.lt\/shop\/preke\/hologramine-chameleono-atspalvio-plevele-stiklams\/#breadcrumb"},"inLanguage":"lt-LT","potentialAction":[{"@type":"ReadAction","target":["https:\/\/tint.lt\/shop\/preke\/hologramine-chameleono-atspalvio-plevele-stiklams\/"]}]},{"@type":"ImageObject","inLanguage":"lt-LT","@id":"https:\/\/tint.lt\/shop\/preke\/hologramine-chameleono-atspalvio-plevele-stiklams\/#primaryimage","url":"https:\/\/tint.lt\/shop\/wp-content\/uploads\/2026\/02\/DCHROM-hologramine-stiklu-plevele.jpg","contentUrl":"https:\/\/tint.lt\/shop\/wp-content\/uploads\/2026\/02\/DCHROM-hologramine-stiklu-plevele.jpg","width":900,"height":900,"caption":"Hologramin\u0117 stikl\u0173 pl\u0117vel\u0117"},{"@type":"BreadcrumbList","@id":"https:\/\/tint.lt\/shop\/preke\/hologramine-chameleono-atspalvio-plevele-stiklams\/#breadcrumb","itemListElement":[{"@type":"ListItem","position":1,"name":"Home","item":"https:\/\/tint.lt\/shop\/"},{"@type":"ListItem","position":2,"name":"Parduotuv\u0117","item":"https:\/\/tint.lt\/shop\/produktai\/"},{"@type":"ListItem","position":3,"name":"Hologramin\u0117 &#8211; chameleono atspalvio pl\u0117vel\u0117 stiklams"}]},{"@type":"WebSite","@id":"https:\/\/tint.lt\/shop\/#website","url":"https:\/\/tint.lt\/shop\/","name":"Tint.lt","description":"El. parduotuv\u0117","publisher":{"@id":"https:\/\/tint.lt\/shop\/#organization"},"potentialAction":[{"@type":"SearchAction","target":{"@type":"EntryPoint","urlTemplate":"https:\/\/tint.lt\/shop\/?s={search_term_string}"},"query-input":{"@type":"PropertyValueSpecification","valueRequired":true,"valueName":"search_term_string"}}],"inLanguage":"lt-LT"},{"@type":"Organization","@id":"https:\/\/tint.lt\/shop\/#organization","name":"Tint.lt","url":"https:\/\/tint.lt\/shop\/","logo":{"@type":"ImageObject","inLanguage":"lt-LT","@id":"https:\/\/tint.lt\/shop\/#\/schema\/logo\/image\/","url":"https:\/\/tint.lt\/shop\/wp-content\/uploads\/2026\/02\/TINT_lipnios_pleveles_profesionalams_grey.png","contentUrl":"https:\/\/tint.lt\/shop\/wp-content\/uploads\/2026\/02\/TINT_lipnios_pleveles_profesionalams_grey.png","width":1265,"height":460,"caption":"Tint.lt"},"image":{"@id":"https:\/\/tint.lt\/shop\/#\/schema\/logo\/image\/"}}]}},"_links":{"self":[{"href":"https:\/\/tint.lt\/shop\/wp-json\/wp\/v2\/product\/29038","targetHints":{"allow":["GET"]}}],"collection":[{"href":"https:\/\/tint.lt\/shop\/wp-json\/wp\/v2\/product"}],"about":[{"href":"https:\/\/tint.lt\/shop\/wp-json\/wp\/v2\/types\/product"}],"replies":[{"embeddable":true,"href":"https:\/\/tint.lt\/shop\/wp-json\/wp\/v2\/comments?post=29038"}],"version-history":[{"count":5,"href":"https:\/\/tint.lt\/shop\/wp-json\/wp\/v2\/product\/29038\/revisions"}],"predecessor-version":[{"id":30999,"href":"https:\/\/tint.lt\/shop\/wp-json\/wp\/v2\/product\/29038\/revisions\/30999"}],"wp:featuredmedia":[{"embeddable":true,"href":"https:\/\/tint.lt\/shop\/wp-json\/wp\/v2\/media\/30580"}],"wp:attachment":[{"href":"https:\/\/tint.lt\/shop\/wp-json\/wp\/v2\/media?parent=29038"}],"wp:term":[{"taxonomy":"product_brand","embeddable":true,"href":"https:\/\/tint.lt\/shop\/wp-json\/wp\/v2\/product_brand?post=29038"},{"taxonomy":"product_cat","embeddable":true,"href":"https:\/\/tint.lt\/shop\/wp-json\/wp\/v2\/product_cat?post=29038"},{"taxonomy":"product_tag","embeddable":true,"href":"https:\/\/tint.lt\/shop\/wp-json\/wp\/v2\/product_tag?post=29038"}],"curies":[{"name":"wp","href":"https:\/\/api.w.org\/{rel}","templated":true}]}}