{"id":29040,"date":"2026-02-11T15:10:12","date_gmt":"2026-02-11T13:10:12","guid":{"rendered":"https:\/\/tint.lt\/shop\/?post_type=product&#038;p=29040"},"modified":"2026-02-24T11:40:45","modified_gmt":"2026-02-24T09:40:45","slug":"vidutinio-tamsumo-veidrodinio-sidabrinio-atspalvio-plevele-nuo-saules-karscio","status":"publish","type":"product","link":"https:\/\/tint.lt\/shop\/preke\/vidutinio-tamsumo-veidrodinio-sidabrinio-atspalvio-plevele-nuo-saules-karscio\/","title":{"rendered":"Vidutinio tamsumo, veidrodinio sidabrinio atspalvio pl\u0117vel\u0117 nuo saul\u0117s kar\u0161\u010dio, \u0161viesos laidumas 36%"},"content":{"rendered":"\t\t<div data-elementor-type=\"wp-post\" data-elementor-id=\"29040\" class=\"elementor elementor-29040\">\n\t\t\t\t<div class=\"wd-negative-gap elementor-element elementor-element-44539633 e-flex e-con-boxed e-con e-parent\" data-id=\"44539633\" data-element_type=\"container\" data-e-type=\"container\">\n\t\t\t\t\t<div class=\"e-con-inner\">\n\t\t\t\t<div class=\"elementor-element elementor-element-3d5bb4c5 color-scheme-inherit text-left elementor-widget elementor-widget-text-editor\" data-id=\"3d5bb4c5\" data-element_type=\"widget\" data-e-type=\"widget\" data-widget_type=\"text-editor.default\">\n\t\t\t\t\t\t\t\t\t<p><strong>Vidutinio tamsumo, veidrodinio sidabrinio aspalvio pl\u0117vel\u0117 nuo saul\u0117s kar\u0161\u010dio.<\/strong> Gerai atspindi saul\u0117s kar\u0161t\u012f.\u00a0 Optimalus variantas siekiantiems gero saul\u0117s kar\u0161\u010dio suma\u017einimo efekto ir pakankamai daug patenkan\u010dios \u0161viesos. Tuo pa\u010diu gausite dienos metu ir didesn\u012f privatum\u0105. Privatumo lygis priklausys nuo ap\u0161vietimo viduje stiprumo. Kadangi klijuojama i\u0161 lauko pus\u0117s \u2013 neleid\u017eia \u012fkaisti vidiniam stiklo paketo stiklui.\u00a0<\/p>\t\t\t\t\t\t\t\t<\/div>\n\t\t\t\t\t<\/div>\n\t\t\t\t<\/div>\n\t\t<div class=\"wd-negative-gap elementor-element elementor-element-df18e38 e-flex e-con-boxed e-con e-parent\" data-id=\"df18e38\" data-element_type=\"container\" data-e-type=\"container\">\n\t\t\t\t\t<div class=\"e-con-inner\">\n\t\t\t\t<div class=\"elementor-element elementor-element-357ddaa elementor-widget elementor-widget-spacer\" data-id=\"357ddaa\" data-element_type=\"widget\" data-e-type=\"widget\" data-widget_type=\"spacer.default\">\n\t\t\t\t\t\t\t<div class=\"elementor-spacer\">\n\t\t\t<div class=\"elementor-spacer-inner\"><\/div>\n\t\t<\/div>\n\t\t\t\t\t\t<\/div>\n\t\t\t\t<div class=\"elementor-element elementor-element-9ed12d5 elementor-widget elementor-widget-heading\" data-id=\"9ed12d5\" data-element_type=\"widget\" data-e-type=\"widget\" data-widget_type=\"heading.default\">\n\t\t\t\t\t<h2 class=\"elementor-heading-title elementor-size-default\">D.U.K<\/h2>\t\t\t\t<\/div>\n\t\t\t\t<div class=\"elementor-element elementor-element-6600cd3 elementor-widget elementor-widget-wd_accordion\" data-id=\"6600cd3\" data-element_type=\"widget\" data-e-type=\"widget\" data-widget_type=\"wd_accordion.default\">\n\t\t\t\t<div class=\"elementor-widget-container\">\n\t\t\t\t\t\n\t\t<div class=\"wd-accordion wd-style-default wd-titles-left wd-opener-pos-left wd-opener-style-arrow\" data-state=\"first\">\n\t\t\t\t\t\t\t\n\t\t\t\t<div class=\"wd-accordion-item\">\n\t\t\t\t\t<div class=\"wd-accordion-title wd-role-btn wd-active\" data-accordion-index=\"0\" tabindex=\"0\">\n\t\t\t\t\t\t<div class=\"wd-accordion-title-text\">\n\t\t\t\t\t\t\t\t\t\t\t\t\t\t<span>\n\t\t\t\t\t\t\t\tAr pl\u0117vel\u0117 nuo saul\u0117s kar\u0161\u010dio klijuojama tik i\u0161 lauko pus\u0117s?\t\t\t\t\t\t\t<\/span>\n\t\t\t\t\t\t<\/div>\n\t\t\t\t\t\t<span class=\"wd-accordion-opener\"><\/span>\n\t\t\t\t\t<\/div>\n\n\t\t\t\t\t<div class=\"wd-accordion-content wd-entry-content wd-active\" data-accordion-index=\"0\">\n\t\t\t\t\t\t\t\t\t\t\t\t\t\n\t\t\t\t\t\t\t<p>Efektyviausias kar\u0161\u010dio suma\u017einimo efektas pasiekimas tuomet, kai pl\u0117vel\u0117 ant lango yra klijuojama i\u0161 i\u0161orin\u0117s <strong>stiklo paketo<\/strong> pus\u0117s. Tokiu b\u016bdu neleid\u017eia \u012fkaisti vidiniam stiklo paketo stiklui. Jei pl\u0117vel\u0117 b\u016bt\u0173 klijuojama i\u0161 vidin\u0117s pus\u0117s - kar\u0161\u010dio absorbcija labiau jaust\u0173si ant vidinio stiklo, o tai pasireik\u0161t\u0173 kur kas ma\u017eesniu saul\u0117s kar\u0161\u010dio suma\u017einimu.<\/p>\n\t\t\t\t\t\t\t\t\t\t\t\t\t\t\t\t\t\t<\/div>\n\t\t\t\t<\/div>\n\t\t\t\t\t\t\t\n\t\t\t\t<div class=\"wd-accordion-item\">\n\t\t\t\t\t<div class=\"wd-accordion-title wd-role-btn\" data-accordion-index=\"1\" tabindex=\"0\">\n\t\t\t\t\t\t<div class=\"wd-accordion-title-text\">\n\t\t\t\t\t\t\t\t\t\t\t\t\t\t<span>\n\t\t\t\t\t\t\t\tAr pl\u0117vel\u0117 nuo saul\u0117s kar\u0161\u010dio u\u017etamsina patalp\u0105?\t\t\t\t\t\t\t<\/span>\n\t\t\t\t\t\t<\/div>\n\t\t\t\t\t\t<span class=\"wd-accordion-opener\"><\/span>\n\t\t\t\t\t<\/div>\n\n\t\t\t\t\t<div class=\"wd-accordion-content wd-entry-content\" data-accordion-index=\"1\">\n\t\t\t\t\t\t\t\t\t\t\t\t\t\n\t\t\t\t\t\t\t<p data-start=\"46\" data-end=\"299\">Visos nuo saul\u0117s kar\u0161\u010dio apsaugan\u010dios lang\u0173 pl\u0117vel\u0117s tam tikru mastu suma\u017eina pro langus patenkan\u010dios \u0161viesos kiek\u012f. Ta\u010diau pasirinkus \u0161viesi\u0105 arba vidutinio tamsumo pl\u0117vel\u0119, patalp\u0173 patams\u0117jimas da\u017eniausiai b\u016bna nedidelis ir vizualiai ne itin ry\u0161kus.<\/p><p data-start=\"301\" data-end=\"438\" data-is-last-node=\"\" data-is-only-node=\"\">Pavyzd\u017eiui, pasirinkus apie 35 % \u0161viesos laidumo pl\u0117vel\u0119, \u0161viesos kiekis suma\u017e\u0117s, ta\u010diau patalpa i\u0161liks pakankamai \u0161viesi ir komforti\u0161ka.<\/p>\n\t\t\t\t\t\t\t\t\t\t\t\t\t\t\t\t\t\t<\/div>\n\t\t\t\t<\/div>\n\t\t\t\t\t\t\t\n\t\t\t\t<div class=\"wd-accordion-item\">\n\t\t\t\t\t<div class=\"wd-accordion-title wd-role-btn\" data-accordion-index=\"2\" tabindex=\"0\">\n\t\t\t\t\t\t<div class=\"wd-accordion-title-text\">\n\t\t\t\t\t\t\t\t\t\t\t\t\t\t<span>\n\t\t\t\t\t\t\t\tKiek laiko tarnauja pl\u0117vel\u0117?\t\t\t\t\t\t\t<\/span>\n\t\t\t\t\t\t<\/div>\n\t\t\t\t\t\t<span class=\"wd-accordion-opener\"><\/span>\n\t\t\t\t\t<\/div>\n\n\t\t\t\t\t<div class=\"wd-accordion-content wd-entry-content\" data-accordion-index=\"2\">\n\t\t\t\t\t\t\t\t\t\t\t\t\t\n\t\t\t\t\t\t\t<p data-start=\"30\" data-end=\"344\">Lauko s\u0105lygoms skirtos klijuojamos pl\u0117vel\u0117s yra sukurtos taip, kad tarnaut\u0173 ilgus metus. J\u0173 ilgaam\u017ei\u0161kumas priklauso nuo eksploatavimo s\u0105lyg\u0173, pavir\u0161iaus paruo\u0161imo, montavimo kokyb\u0117s ir prie\u017ei\u016bros. Tinkamai padengta ir pri\u017ei\u016brima pl\u0117vel\u0117 praktikoje da\u017enai i\u0161lieka funkcionali ir esteti\u0161ka kur kas ilgiau, nei nurodomas garantinis gamintojo terminas.<\/p><p data-start=\"346\" data-end=\"465\" data-is-last-node=\"\" data-is-only-node=\"\">Reguliari prie\u017ei\u016bra ir rekomenduojam\u0173 naudojimo s\u0105lyg\u0173 laikymasis padeda u\u017etikrinti maksimal\u0173 pl\u0117vel\u0117s tarnavimo laik\u0105.<\/p>\n\t\t\t\t\t\t\t\t\t\t\t\t\t\t\t\t\t\t<\/div>\n\t\t\t\t<\/div>\n\t\t\t\t\t<\/div>\n\t\t\t\t\t\t<\/div>\n\t\t\t\t<\/div>\n\t\t\t\t\t<\/div>\n\t\t\t\t<\/div>\n\t\t\t\t<\/div>\n\t\t","protected":false},"excerpt":{"rendered":"<p>Vidutinio tamsumo, veidrodinio sidabrinio aspalvio pl\u0117vel\u0117 nuo saul\u0117s kar\u0161\u010dio. Gerai atspindi saul\u0117s kar\u0161t\u012f.\u00a0 Optimalus variantas siekiantiems gero saul\u0117s kar\u0161\u010dio suma\u017einimo<\/p>\n","protected":false},"featured_media":29087,"comment_status":"closed","ping_status":"closed","template":"","meta":{"_acf_changed":false},"product_brand":[],"product_cat":[75,74],"product_tag":[76,77],"class_list":{"0":"post-29040","1":"product","2":"type-product","3":"status-publish","4":"has-post-thumbnail","6":"product_cat-langu-pleveles-nuo-saules-karscio","7":"product_cat-pastatu-pleveles-langams","8":"product_tag-sidabrine-plevele","9":"product_tag-vidutinio-tamsumo-plevele","11":"first","12":"instock","13":"taxable","14":"shipping-taxable","15":"purchasable","16":"product-type-simple"},"acf":[],"yoast_head":"<!-- This site is optimized with the Yoast SEO plugin v27.5 - https:\/\/yoast.com\/product\/yoast-seo-wordpress\/ -->\n<title>Vidutinio tamsumo, veidrodinio sidabrinio atspalvio pl\u0117vel\u0117 nuo saul\u0117s kar\u0161\u010dio, \u0161viesos laidumas 36% - Tint<\/title>\n<meta name=\"description\" content=\"Gerai atspindi saul\u0117s kar\u0161t\u012f. Optimalus variantas siekiantiems gero saul\u0117s kar\u0161\u010dio suma\u017einimo efekto ir pakankamai daug patenkan\u010dios \u0161viesos.\" \/>\n<meta name=\"robots\" content=\"index, follow, max-snippet:-1, max-image-preview:large, max-video-preview:-1\" \/>\n<link rel=\"canonical\" href=\"https:\/\/tint.lt\/shop\/preke\/vidutinio-tamsumo-veidrodinio-sidabrinio-atspalvio-plevele-nuo-saules-karscio\/\" \/>\n<meta property=\"og:locale\" content=\"lt_LT\" \/>\n<meta property=\"og:type\" content=\"article\" \/>\n<meta property=\"og:title\" content=\"Vidutinio tamsumo, veidrodinio sidabrinio atspalvio pl\u0117vel\u0117 nuo saul\u0117s kar\u0161\u010dio, \u0161viesos laidumas 36% - Tint\" \/>\n<meta property=\"og:description\" content=\"Gerai atspindi saul\u0117s kar\u0161t\u012f. Optimalus variantas siekiantiems gero saul\u0117s kar\u0161\u010dio suma\u017einimo efekto ir pakankamai daug patenkan\u010dios \u0161viesos.\" \/>\n<meta property=\"og:url\" content=\"https:\/\/tint.lt\/shop\/preke\/vidutinio-tamsumo-veidrodinio-sidabrinio-atspalvio-plevele-nuo-saules-karscio\/\" \/>\n<meta property=\"og:site_name\" content=\"Tint\" \/>\n<meta property=\"article:modified_time\" content=\"2026-02-24T09:40:45+00:00\" \/>\n<meta property=\"og:image\" content=\"https:\/\/tint.lt\/shop\/wp-content\/uploads\/2026\/02\/R-SILVER-35ext.jpg\" \/>\n\t<meta property=\"og:image:width\" content=\"600\" \/>\n\t<meta property=\"og:image:height\" content=\"600\" \/>\n\t<meta property=\"og:image:type\" content=\"image\/jpeg\" \/>\n<meta name=\"twitter:card\" content=\"summary_large_image\" \/>\n<script type=\"application\/ld+json\" class=\"yoast-schema-graph\">{\"@context\":\"https:\\\/\\\/schema.org\",\"@graph\":[{\"@type\":\"WebPage\",\"@id\":\"https:\\\/\\\/tint.lt\\\/shop\\\/preke\\\/vidutinio-tamsumo-veidrodinio-sidabrinio-atspalvio-plevele-nuo-saules-karscio\\\/\",\"url\":\"https:\\\/\\\/tint.lt\\\/shop\\\/preke\\\/vidutinio-tamsumo-veidrodinio-sidabrinio-atspalvio-plevele-nuo-saules-karscio\\\/\",\"name\":\"Vidutinio tamsumo, veidrodinio sidabrinio atspalvio pl\u0117vel\u0117 nuo saul\u0117s kar\u0161\u010dio, \u0161viesos laidumas 36% - Tint\",\"isPartOf\":{\"@id\":\"https:\\\/\\\/tint.lt\\\/shop\\\/#website\"},\"primaryImageOfPage\":{\"@id\":\"https:\\\/\\\/tint.lt\\\/shop\\\/preke\\\/vidutinio-tamsumo-veidrodinio-sidabrinio-atspalvio-plevele-nuo-saules-karscio\\\/#primaryimage\"},\"image\":{\"@id\":\"https:\\\/\\\/tint.lt\\\/shop\\\/preke\\\/vidutinio-tamsumo-veidrodinio-sidabrinio-atspalvio-plevele-nuo-saules-karscio\\\/#primaryimage\"},\"thumbnailUrl\":\"https:\\\/\\\/tint.lt\\\/shop\\\/wp-content\\\/uploads\\\/2026\\\/02\\\/R-SILVER-35ext.jpg\",\"datePublished\":\"2026-02-11T13:10:12+00:00\",\"dateModified\":\"2026-02-24T09:40:45+00:00\",\"description\":\"Gerai atspindi saul\u0117s kar\u0161t\u012f. Optimalus variantas siekiantiems gero saul\u0117s kar\u0161\u010dio suma\u017einimo efekto ir pakankamai daug patenkan\u010dios \u0161viesos.\",\"breadcrumb\":{\"@id\":\"https:\\\/\\\/tint.lt\\\/shop\\\/preke\\\/vidutinio-tamsumo-veidrodinio-sidabrinio-atspalvio-plevele-nuo-saules-karscio\\\/#breadcrumb\"},\"inLanguage\":\"lt-LT\",\"potentialAction\":[{\"@type\":\"ReadAction\",\"target\":[\"https:\\\/\\\/tint.lt\\\/shop\\\/preke\\\/vidutinio-tamsumo-veidrodinio-sidabrinio-atspalvio-plevele-nuo-saules-karscio\\\/\"]}]},{\"@type\":\"ImageObject\",\"inLanguage\":\"lt-LT\",\"@id\":\"https:\\\/\\\/tint.lt\\\/shop\\\/preke\\\/vidutinio-tamsumo-veidrodinio-sidabrinio-atspalvio-plevele-nuo-saules-karscio\\\/#primaryimage\",\"url\":\"https:\\\/\\\/tint.lt\\\/shop\\\/wp-content\\\/uploads\\\/2026\\\/02\\\/R-SILVER-35ext.jpg\",\"contentUrl\":\"https:\\\/\\\/tint.lt\\\/shop\\\/wp-content\\\/uploads\\\/2026\\\/02\\\/R-SILVER-35ext.jpg\",\"width\":600,\"height\":600},{\"@type\":\"BreadcrumbList\",\"@id\":\"https:\\\/\\\/tint.lt\\\/shop\\\/preke\\\/vidutinio-tamsumo-veidrodinio-sidabrinio-atspalvio-plevele-nuo-saules-karscio\\\/#breadcrumb\",\"itemListElement\":[{\"@type\":\"ListItem\",\"position\":1,\"name\":\"Home\",\"item\":\"https:\\\/\\\/tint.lt\\\/shop\\\/\"},{\"@type\":\"ListItem\",\"position\":2,\"name\":\"Parduotuv\u0117\",\"item\":\"https:\\\/\\\/tint.lt\\\/shop\\\/produktai\\\/\"},{\"@type\":\"ListItem\",\"position\":3,\"name\":\"Vidutinio tamsumo, veidrodinio sidabrinio atspalvio pl\u0117vel\u0117 nuo saul\u0117s kar\u0161\u010dio, \u0161viesos laidumas 36%\"}]},{\"@type\":\"WebSite\",\"@id\":\"https:\\\/\\\/tint.lt\\\/shop\\\/#website\",\"url\":\"https:\\\/\\\/tint.lt\\\/shop\\\/\",\"name\":\"Tint.lt\",\"description\":\"El. parduotuv\u0117\",\"publisher\":{\"@id\":\"https:\\\/\\\/tint.lt\\\/shop\\\/#organization\"},\"potentialAction\":[{\"@type\":\"SearchAction\",\"target\":{\"@type\":\"EntryPoint\",\"urlTemplate\":\"https:\\\/\\\/tint.lt\\\/shop\\\/?s={search_term_string}\"},\"query-input\":{\"@type\":\"PropertyValueSpecification\",\"valueRequired\":true,\"valueName\":\"search_term_string\"}}],\"inLanguage\":\"lt-LT\"},{\"@type\":\"Organization\",\"@id\":\"https:\\\/\\\/tint.lt\\\/shop\\\/#organization\",\"name\":\"Tint.lt\",\"url\":\"https:\\\/\\\/tint.lt\\\/shop\\\/\",\"logo\":{\"@type\":\"ImageObject\",\"inLanguage\":\"lt-LT\",\"@id\":\"https:\\\/\\\/tint.lt\\\/shop\\\/#\\\/schema\\\/logo\\\/image\\\/\",\"url\":\"https:\\\/\\\/tint.lt\\\/shop\\\/wp-content\\\/uploads\\\/2026\\\/02\\\/TINT_lipnios_pleveles_profesionalams_grey.png\",\"contentUrl\":\"https:\\\/\\\/tint.lt\\\/shop\\\/wp-content\\\/uploads\\\/2026\\\/02\\\/TINT_lipnios_pleveles_profesionalams_grey.png\",\"width\":1265,\"height\":460,\"caption\":\"Tint.lt\"},\"image\":{\"@id\":\"https:\\\/\\\/tint.lt\\\/shop\\\/#\\\/schema\\\/logo\\\/image\\\/\"}}]}<\/script>\n<!-- \/ Yoast SEO plugin. -->","yoast_head_json":{"title":"Vidutinio tamsumo, veidrodinio sidabrinio atspalvio pl\u0117vel\u0117 nuo saul\u0117s kar\u0161\u010dio, \u0161viesos laidumas 36% - Tint","description":"Gerai atspindi saul\u0117s kar\u0161t\u012f. Optimalus variantas siekiantiems gero saul\u0117s kar\u0161\u010dio suma\u017einimo efekto ir pakankamai daug patenkan\u010dios \u0161viesos.","robots":{"index":"index","follow":"follow","max-snippet":"max-snippet:-1","max-image-preview":"max-image-preview:large","max-video-preview":"max-video-preview:-1"},"canonical":"https:\/\/tint.lt\/shop\/preke\/vidutinio-tamsumo-veidrodinio-sidabrinio-atspalvio-plevele-nuo-saules-karscio\/","og_locale":"lt_LT","og_type":"article","og_title":"Vidutinio tamsumo, veidrodinio sidabrinio atspalvio pl\u0117vel\u0117 nuo saul\u0117s kar\u0161\u010dio, \u0161viesos laidumas 36% - Tint","og_description":"Gerai atspindi saul\u0117s kar\u0161t\u012f. Optimalus variantas siekiantiems gero saul\u0117s kar\u0161\u010dio suma\u017einimo efekto ir pakankamai daug patenkan\u010dios \u0161viesos.","og_url":"https:\/\/tint.lt\/shop\/preke\/vidutinio-tamsumo-veidrodinio-sidabrinio-atspalvio-plevele-nuo-saules-karscio\/","og_site_name":"Tint","article_modified_time":"2026-02-24T09:40:45+00:00","og_image":[{"width":600,"height":600,"url":"https:\/\/tint.lt\/shop\/wp-content\/uploads\/2026\/02\/R-SILVER-35ext.jpg","type":"image\/jpeg"}],"twitter_card":"summary_large_image","schema":{"@context":"https:\/\/schema.org","@graph":[{"@type":"WebPage","@id":"https:\/\/tint.lt\/shop\/preke\/vidutinio-tamsumo-veidrodinio-sidabrinio-atspalvio-plevele-nuo-saules-karscio\/","url":"https:\/\/tint.lt\/shop\/preke\/vidutinio-tamsumo-veidrodinio-sidabrinio-atspalvio-plevele-nuo-saules-karscio\/","name":"Vidutinio tamsumo, veidrodinio sidabrinio atspalvio pl\u0117vel\u0117 nuo saul\u0117s kar\u0161\u010dio, \u0161viesos laidumas 36% - Tint","isPartOf":{"@id":"https:\/\/tint.lt\/shop\/#website"},"primaryImageOfPage":{"@id":"https:\/\/tint.lt\/shop\/preke\/vidutinio-tamsumo-veidrodinio-sidabrinio-atspalvio-plevele-nuo-saules-karscio\/#primaryimage"},"image":{"@id":"https:\/\/tint.lt\/shop\/preke\/vidutinio-tamsumo-veidrodinio-sidabrinio-atspalvio-plevele-nuo-saules-karscio\/#primaryimage"},"thumbnailUrl":"https:\/\/tint.lt\/shop\/wp-content\/uploads\/2026\/02\/R-SILVER-35ext.jpg","datePublished":"2026-02-11T13:10:12+00:00","dateModified":"2026-02-24T09:40:45+00:00","description":"Gerai atspindi saul\u0117s kar\u0161t\u012f. Optimalus variantas siekiantiems gero saul\u0117s kar\u0161\u010dio suma\u017einimo efekto ir pakankamai daug patenkan\u010dios \u0161viesos.","breadcrumb":{"@id":"https:\/\/tint.lt\/shop\/preke\/vidutinio-tamsumo-veidrodinio-sidabrinio-atspalvio-plevele-nuo-saules-karscio\/#breadcrumb"},"inLanguage":"lt-LT","potentialAction":[{"@type":"ReadAction","target":["https:\/\/tint.lt\/shop\/preke\/vidutinio-tamsumo-veidrodinio-sidabrinio-atspalvio-plevele-nuo-saules-karscio\/"]}]},{"@type":"ImageObject","inLanguage":"lt-LT","@id":"https:\/\/tint.lt\/shop\/preke\/vidutinio-tamsumo-veidrodinio-sidabrinio-atspalvio-plevele-nuo-saules-karscio\/#primaryimage","url":"https:\/\/tint.lt\/shop\/wp-content\/uploads\/2026\/02\/R-SILVER-35ext.jpg","contentUrl":"https:\/\/tint.lt\/shop\/wp-content\/uploads\/2026\/02\/R-SILVER-35ext.jpg","width":600,"height":600},{"@type":"BreadcrumbList","@id":"https:\/\/tint.lt\/shop\/preke\/vidutinio-tamsumo-veidrodinio-sidabrinio-atspalvio-plevele-nuo-saules-karscio\/#breadcrumb","itemListElement":[{"@type":"ListItem","position":1,"name":"Home","item":"https:\/\/tint.lt\/shop\/"},{"@type":"ListItem","position":2,"name":"Parduotuv\u0117","item":"https:\/\/tint.lt\/shop\/produktai\/"},{"@type":"ListItem","position":3,"name":"Vidutinio tamsumo, veidrodinio sidabrinio atspalvio pl\u0117vel\u0117 nuo saul\u0117s kar\u0161\u010dio, \u0161viesos laidumas 36%"}]},{"@type":"WebSite","@id":"https:\/\/tint.lt\/shop\/#website","url":"https:\/\/tint.lt\/shop\/","name":"Tint.lt","description":"El. parduotuv\u0117","publisher":{"@id":"https:\/\/tint.lt\/shop\/#organization"},"potentialAction":[{"@type":"SearchAction","target":{"@type":"EntryPoint","urlTemplate":"https:\/\/tint.lt\/shop\/?s={search_term_string}"},"query-input":{"@type":"PropertyValueSpecification","valueRequired":true,"valueName":"search_term_string"}}],"inLanguage":"lt-LT"},{"@type":"Organization","@id":"https:\/\/tint.lt\/shop\/#organization","name":"Tint.lt","url":"https:\/\/tint.lt\/shop\/","logo":{"@type":"ImageObject","inLanguage":"lt-LT","@id":"https:\/\/tint.lt\/shop\/#\/schema\/logo\/image\/","url":"https:\/\/tint.lt\/shop\/wp-content\/uploads\/2026\/02\/TINT_lipnios_pleveles_profesionalams_grey.png","contentUrl":"https:\/\/tint.lt\/shop\/wp-content\/uploads\/2026\/02\/TINT_lipnios_pleveles_profesionalams_grey.png","width":1265,"height":460,"caption":"Tint.lt"},"image":{"@id":"https:\/\/tint.lt\/shop\/#\/schema\/logo\/image\/"}}]}},"_links":{"self":[{"href":"https:\/\/tint.lt\/shop\/wp-json\/wp\/v2\/product\/29040","targetHints":{"allow":["GET"]}}],"collection":[{"href":"https:\/\/tint.lt\/shop\/wp-json\/wp\/v2\/product"}],"about":[{"href":"https:\/\/tint.lt\/shop\/wp-json\/wp\/v2\/types\/product"}],"replies":[{"embeddable":true,"href":"https:\/\/tint.lt\/shop\/wp-json\/wp\/v2\/comments?post=29040"}],"version-history":[{"count":5,"href":"https:\/\/tint.lt\/shop\/wp-json\/wp\/v2\/product\/29040\/revisions"}],"predecessor-version":[{"id":29913,"href":"https:\/\/tint.lt\/shop\/wp-json\/wp\/v2\/product\/29040\/revisions\/29913"}],"wp:featuredmedia":[{"embeddable":true,"href":"https:\/\/tint.lt\/shop\/wp-json\/wp\/v2\/media\/29087"}],"wp:attachment":[{"href":"https:\/\/tint.lt\/shop\/wp-json\/wp\/v2\/media?parent=29040"}],"wp:term":[{"taxonomy":"product_brand","embeddable":true,"href":"https:\/\/tint.lt\/shop\/wp-json\/wp\/v2\/product_brand?post=29040"},{"taxonomy":"product_cat","embeddable":true,"href":"https:\/\/tint.lt\/shop\/wp-json\/wp\/v2\/product_cat?post=29040"},{"taxonomy":"product_tag","embeddable":true,"href":"https:\/\/tint.lt\/shop\/wp-json\/wp\/v2\/product_tag?post=29040"}],"curies":[{"name":"wp","href":"https:\/\/api.w.org\/{rel}","templated":true}]}}