{"id":29044,"date":"2026-02-11T15:10:12","date_gmt":"2026-02-11T13:10:12","guid":{"rendered":"https:\/\/tint.lt\/shop\/?post_type=product&#038;p=29044"},"modified":"2026-04-07T08:16:18","modified_gmt":"2026-04-07T05:16:18","slug":"pilksvai-sidabrinio-atspalvio-matine-plevele","status":"publish","type":"product","link":"https:\/\/tint.lt\/shop\/preke\/pilksvai-sidabrinio-atspalvio-matine-plevele\/","title":{"rendered":"Pilk\u0161vai sidabrinio atspalvio matin\u0117 pl\u0117vel\u0117"},"content":{"rendered":"\t\t<div data-elementor-type=\"wp-post\" data-elementor-id=\"29044\" class=\"elementor elementor-29044\">\n\t\t\t\t<div class=\"wd-negative-gap elementor-element elementor-element-b2fc1e1 e-flex e-con-boxed e-con e-parent\" data-id=\"b2fc1e1\" data-element_type=\"container\" data-e-type=\"container\">\n\t\t\t\t\t<div class=\"e-con-inner\">\n\t\t\t\t<div class=\"elementor-element elementor-element-31f7ad94 color-scheme-inherit text-left elementor-widget elementor-widget-text-editor\" data-id=\"31f7ad94\" data-element_type=\"widget\" data-e-type=\"widget\" data-widget_type=\"text-editor.default\">\n\t\t\t\t\t\t\t\t\t<p>Pilk\u0161vai sidabrinio atspalvio matin\u0117 &#8211; &#8222;\u0161erk\u0161no&#8221; pl\u0117vel\u0117.\u00a0\u0160iek tiek turi \u201emetallic\u201c efekto daleli\u0173. Idealiai tinka namams ar biuro patalpoms. Suteikia privatumo, praleid\u017ei\u0105 dienos \u0161vies\u0105. Pl\u0117vel\u0117 yra savaime lipni, prie\u0161 klijuojant reikia nulupti apsaugin\u012f sluoksn\u012f. Tinkama klijuoti ant lygaus stiklo pavir\u0161iaus, \u012fskaitant ir stiklo paketus. Pl\u0117vel\u0117 gali b\u016bti naudojama ir vonios kambaryje, virtuv\u0117je, kadangi ji atspari dr\u0117gmei ir nuo jos lengva nuvalyti atsiradusius ne\u0161varumus.\u00a0<\/p>\t\t\t\t\t\t\t\t<\/div>\n\t\t\t\t\t<\/div>\n\t\t\t\t<\/div>\n\t\t<div class=\"wd-negative-gap elementor-element elementor-element-32d6b85 e-flex e-con-boxed e-con e-parent\" data-id=\"32d6b85\" data-element_type=\"container\" data-e-type=\"container\">\n\t\t\t\t\t<div class=\"e-con-inner\">\n\t\t\t\t<div class=\"elementor-element elementor-element-51b1ca5 elementor-widget elementor-widget-spacer\" data-id=\"51b1ca5\" data-element_type=\"widget\" data-e-type=\"widget\" data-widget_type=\"spacer.default\">\n\t\t\t\t\t\t\t<div class=\"elementor-spacer\">\n\t\t\t<div class=\"elementor-spacer-inner\"><\/div>\n\t\t<\/div>\n\t\t\t\t\t\t<\/div>\n\t\t\t\t<div class=\"elementor-element elementor-element-f0dba0c elementor-widget elementor-widget-heading\" data-id=\"f0dba0c\" data-element_type=\"widget\" data-e-type=\"widget\" data-widget_type=\"heading.default\">\n\t\t\t\t\t<h2 class=\"elementor-heading-title elementor-size-default\">D.U.K<\/h2>\t\t\t\t<\/div>\n\t\t\t\t\t<\/div>\n\t\t\t\t<\/div>\n\t\t<div class=\"wd-negative-gap elementor-element elementor-element-44fc8b5 e-flex e-con-boxed e-con e-parent\" data-id=\"44fc8b5\" data-element_type=\"container\" data-e-type=\"container\">\n\t\t\t\t\t<div class=\"e-con-inner\">\n\t\t\t\t<div class=\"elementor-element elementor-element-d76aade elementor-widget elementor-widget-wd_accordion\" data-id=\"d76aade\" data-element_type=\"widget\" data-e-type=\"widget\" data-widget_type=\"wd_accordion.default\">\n\t\t\t\t<div class=\"elementor-widget-container\">\n\t\t\t\t\t\n\t\t<div class=\"wd-accordion wd-style-default wd-titles-left wd-opener-pos-left wd-opener-style-arrow\" data-state=\"first\">\n\t\t\t\t\t\t\t\n\t\t\t\t<div class=\"wd-accordion-item\">\n\t\t\t\t\t<div class=\"wd-accordion-title wd-role-btn wd-active\" data-accordion-index=\"0\" tabindex=\"0\">\n\t\t\t\t\t\t<div class=\"wd-accordion-title-text\">\n\t\t\t\t\t\t\t\t\t\t\t\t\t\t<span>\n\t\t\t\t\t\t\t\tAr lang\u0173 pl\u0117vel\u0119 lengva u\u017eklijuoti savaranki\u0161kai?\t\t\t\t\t\t\t<\/span>\n\t\t\t\t\t\t<\/div>\n\t\t\t\t\t\t<span class=\"wd-accordion-opener\"><\/span>\n\t\t\t\t\t<\/div>\n\n\t\t\t\t\t<div class=\"wd-accordion-content wd-entry-content wd-active\" data-accordion-index=\"0\">\n\t\t\t\t\t\t\t\t\t\t\t\t\t\n\t\t\t\t\t\t\t<p>Taip, m\u016bs\u0173 lang\u0173 pl\u0117vel\u0117 yra pritaikyta savaranki\u0161kam klijavimui. Dauguma klient\u0173 j\u0105 s\u0117kmingai u\u017esiklijuoja patys be speciali\u0173 \u012fg\u016bd\u017ei\u0173. Svarbiausia \u2013 kruop\u0161\u010diai nuvalyti stiklo pavir\u0161i\u0173, naudoti vandens ir nedidelio kiekio muilo tirpal\u0105 bei kokybi\u0161kai i\u0161spausti vanden\u012f. B\u016btina tur\u0117ti speciali\u0173 \u012franki\u0173 - mentel\u0117, peiliukas, valymo priemon\u0117s ir kt.<\/p><p>Visus reikalingus \u012frankius ir priemones galite \u012fsigyti pas mus - <a href=\"\/produkto-kategorija\/irankiai-pleveles-klijavimui\/\">\u012frankiai pl\u0117vel\u0117s klijavimui<\/a><\/p>\n\t\t\t\t\t\t\t\t\t\t\t\t\t\t\t\t\t\t<\/div>\n\t\t\t\t<\/div>\n\t\t\t\t\t\t\t\n\t\t\t\t<div class=\"wd-accordion-item\">\n\t\t\t\t\t<div class=\"wd-accordion-title wd-role-btn\" data-accordion-index=\"1\" tabindex=\"0\">\n\t\t\t\t\t\t<div class=\"wd-accordion-title-text\">\n\t\t\t\t\t\t\t\t\t\t\t\t\t\t<span>\n\t\t\t\t\t\t\t\tAr matin\u0117 pl\u0117vel\u0117 suma\u017eina \u0161viesos kiek\u012f patalpoje?\t\t\t\t\t\t\t<\/span>\n\t\t\t\t\t\t<\/div>\n\t\t\t\t\t\t<span class=\"wd-accordion-opener\"><\/span>\n\t\t\t\t\t<\/div>\n\n\t\t\t\t\t<div class=\"wd-accordion-content wd-entry-content\" data-accordion-index=\"1\">\n\t\t\t\t\t\t\t\t\t\t\t\t\t\n\t\t\t\t\t\t\t<p data-start=\"61\" data-end=\"299\">M\u016bs\u0173 si\u016blomos matin\u0117s pl\u0117vel\u0117s puikiai praleid\u017eia nat\u016brali\u0105 \u0161vies\u0105. Jos veikia kaip \u201evaizdo filtras\u201c \u2013 praleid\u017eia \u0161vies\u0105, ta\u010diau riboja matomum\u0105 pro stikl\u0105 ir suteikia privatumo.<\/p><p data-start=\"301\" data-end=\"484\" data-is-last-node=\"\" data-is-only-node=\"\">Vis d\u0117lto, u\u017eklijavus pl\u0117vel\u0119 ant stiklo, \u0161viesos patekimas gali minimaliai suma\u017e\u0117ti. Daugiausia \u0161viesos praleid\u017eia matin\u0117s pl\u0117vel\u0117s su neutraliu arba \u0161viesesniu, baltesniu atspalviu.<\/p>\n\t\t\t\t\t\t\t\t\t\t\t\t\t\t\t\t\t\t<\/div>\n\t\t\t\t<\/div>\n\t\t\t\t\t\t\t\n\t\t\t\t<div class=\"wd-accordion-item\">\n\t\t\t\t\t<div class=\"wd-accordion-title wd-role-btn\" data-accordion-index=\"2\" tabindex=\"0\">\n\t\t\t\t\t\t<div class=\"wd-accordion-title-text\">\n\t\t\t\t\t\t\t\t\t\t\t\t\t\t<span>\n\t\t\t\t\t\t\t\tKokia yra pl\u0117vel\u0117s garantija ir tarnavimo laikas?\t\t\t\t\t\t\t<\/span>\n\t\t\t\t\t\t<\/div>\n\t\t\t\t\t\t<span class=\"wd-accordion-opener\"><\/span>\n\t\t\t\t\t<\/div>\n\n\t\t\t\t\t<div class=\"wd-accordion-content wd-entry-content\" data-accordion-index=\"2\">\n\t\t\t\t\t\t\t\t\t\t\t\t\t\n\t\t\t\t\t\t\t<p data-start=\"61\" data-end=\"364\">Gamintojo suteikiamos garantijos terminas yra nurodytas pl\u0117vel\u0117s technin\u0117se specifikacijose. Ta\u010diau pasibaigus garantiniam laikotarpiui pl\u0117vel\u0117s neb\u016btina keisti \u2013 tai nerei\u0161kia, kad ji praranda savo savybes ar tampa netinkama naudoti.<\/p><p data-start=\"366\" data-end=\"525\">Praktikoje patalp\u0173 viduje u\u017eklijuotos pl\u0117vel\u0117s tarnauja vis\u0105 eksploatacijos laikotarp\u012f ir i\u0161laiko savo funkcionalum\u0105 bei estetin\u0119 i\u0161vaizd\u0105 daugel\u012f met\u0173.<\/p>\n\t\t\t\t\t\t\t\t\t\t\t\t\t\t\t\t\t\t<\/div>\n\t\t\t\t<\/div>\n\t\t\t\t\t<\/div>\n\t\t\t\t\t\t<\/div>\n\t\t\t\t<\/div>\n\t\t\t\t\t<\/div>\n\t\t\t\t<\/div>\n\t\t<div class=\"wd-negative-gap elementor-element elementor-element-03db191 e-flex e-con-boxed e-con e-parent\" data-id=\"03db191\" data-element_type=\"container\" data-e-type=\"container\">\n\t\t\t\t\t<div class=\"e-con-inner\">\n\t\t\t\t<div class=\"elementor-element elementor-element-0205b99 elementor-widget elementor-widget-spacer\" data-id=\"0205b99\" data-element_type=\"widget\" data-e-type=\"widget\" data-widget_type=\"spacer.default\">\n\t\t\t\t\t\t\t<div class=\"elementor-spacer\">\n\t\t\t<div class=\"elementor-spacer-inner\"><\/div>\n\t\t<\/div>\n\t\t\t\t\t\t<\/div>\n\t\t\t\t\t<\/div>\n\t\t\t\t<\/div>\n\t\t<div class=\"wd-negative-gap elementor-element elementor-element-d20cbe3 e-flex e-con-boxed e-con e-parent\" data-id=\"d20cbe3\" data-element_type=\"container\" data-e-type=\"container\">\n\t\t\t\t\t<div class=\"e-con-inner\">\n\t\t\t\t<div class=\"elementor-element elementor-element-41148f4 wd-width-100 elementor-widget elementor-widget-wd_title\" data-id=\"41148f4\" data-element_type=\"widget\" data-e-type=\"widget\" data-widget_type=\"wd_title.default\">\n\t\t\t\t<div class=\"elementor-widget-container\">\n\t\t\t\t\t\t\t<div class=\"title-wrapper wd-set-mb reset-last-child wd-title-color-default wd-title-style-default wd-title-size-default text-left\">\n\n\t\t\t\n\t\t\t<div class=\"liner-continer\">\n\t\t\t\t<h4 class=\"woodmart-title-container title wd-fontsize-l\">Domina matin\u0117s pl\u0117vel\u0117s apklijavimo paslaugos?<\/h4> \n\t\t\t\t\t\t\t<\/div>\n\n\t\t\t\t\t\t\t<div class=\"title-after_title reset-last-child wd-fontsize-xs\">\n\t\t\t\t\t<p>M\u016bs\u0173 partneriai profesionaliai apklijuos j\u016bs\u0173 langus ar stiklus<\/p>\t\t\t\t<\/div>\n\t\t\t\t\t<\/div>\n\t\t\t\t\t\t<\/div>\n\t\t\t\t<\/div>\n\t\t\t\t\t<\/div>\n\t\t\t\t<\/div>\n\t\t<div class=\"wd-negative-gap elementor-element elementor-element-e03ccd5 e-flex e-con-boxed e-con e-parent\" data-id=\"e03ccd5\" data-element_type=\"container\" data-e-type=\"container\">\n\t\t\t\t\t<div class=\"e-con-inner\">\n\t\t\t\t<div class=\"elementor-element elementor-element-537fdcd elementor-widget elementor-widget-spacer\" data-id=\"537fdcd\" data-element_type=\"widget\" data-e-type=\"widget\" data-widget_type=\"spacer.default\">\n\t\t\t\t\t\t\t<div class=\"elementor-spacer\">\n\t\t\t<div class=\"elementor-spacer-inner\"><\/div>\n\t\t<\/div>\n\t\t\t\t\t\t<\/div>\n\t\t\t\t\t<\/div>\n\t\t\t\t<\/div>\n\t\t<div class=\"wd-negative-gap elementor-element elementor-element-fc07bd5 e-flex e-con-boxed e-con e-parent\" data-id=\"fc07bd5\" data-element_type=\"container\" data-e-type=\"container\">\n\t\t\t\t\t<div class=\"e-con-inner\">\n\t\t\t\t<div class=\"elementor-element elementor-element-35847b2 elementor-align-left elementor-widget elementor-widget-button\" data-id=\"35847b2\" data-element_type=\"widget\" data-e-type=\"widget\" data-widget_type=\"button.default\">\n\t\t\t\t\t\t\t\t\t\t<a class=\"elementor-button elementor-button-link elementor-size-sm\" href=\"https:\/\/tintpleveles.lt\/pastatu-stiklu-apklijavimas\/serksno-matiniu-pleveliu-klijavimas\/\">\n\t\t\t\t\t\t<span class=\"elementor-button-content-wrapper\">\n\t\t\t\t\t\t\t\t\t<span class=\"elementor-button-text\">Su\u017einokite daugiau<\/span>\n\t\t\t\t\t<\/span>\n\t\t\t\t\t<\/a>\n\t\t\t\t\t\t\t\t<\/div>\n\t\t\t\t\t<\/div>\n\t\t\t\t<\/div>\n\t\t\t\t<\/div>\n\t\t","protected":false},"excerpt":{"rendered":"<p>Pilk\u0161vai sidabrinio atspalvio matin\u0117 &#8211; &#8222;\u0161erk\u0161no&#8221; pl\u0117vel\u0117.\u00a0\u0160iek tiek turi \u201emetallic\u201c efekto daleli\u0173. Idealiai tinka namams ar biuro patalpoms. Suteikia privatumo,<\/p>\n","protected":false},"featured_media":29858,"comment_status":"closed","ping_status":"closed","template":"","meta":{"_acf_changed":false},"product_brand":[102],"product_cat":[83,74],"product_tag":[],"class_list":{"0":"post-29044","1":"product","2":"type-product","3":"status-publish","4":"has-post-thumbnail","6":"product_brand-solarscreen","7":"product_cat-matines-pleveles-langams-serksno","8":"product_cat-pastatu-pleveles-langams","10":"first","11":"instock","12":"taxable","13":"shipping-taxable","14":"purchasable","15":"product-type-variable"},"acf":[],"yoast_head":"<!-- This site is optimized with the Yoast SEO plugin v27.5 - https:\/\/yoast.com\/product\/yoast-seo-wordpress\/ -->\n<title>Pilk\u0161vai sidabrinio atspalvio matin\u0117 pl\u0117vel\u0117 - Tint<\/title>\n<meta name=\"description\" content=\"\u0160iek tiek turi \u201emetallic\u201c daleli\u0173. Idealiai tinka namams ar biuro patalpoms. Suteikia privatumo, praleid\u017ei\u0105 dienos \u0161vies\u0105.\" \/>\n<meta name=\"robots\" content=\"index, follow, max-snippet:-1, max-image-preview:large, max-video-preview:-1\" \/>\n<link rel=\"canonical\" href=\"https:\/\/www.tint.lt\/produktai\/pleveles-langams\/matines-pleveles-langams\/\" \/>\n<meta property=\"og:locale\" content=\"lt_LT\" \/>\n<meta property=\"og:type\" content=\"article\" \/>\n<meta property=\"og:title\" content=\"Pilk\u0161vai sidabrinio atspalvio matin\u0117 pl\u0117vel\u0117 - Tint\" \/>\n<meta property=\"og:description\" content=\"\u0160iek tiek turi \u201emetallic\u201c daleli\u0173. Idealiai tinka namams ar biuro patalpoms. Suteikia privatumo, praleid\u017ei\u0105 dienos \u0161vies\u0105.\" \/>\n<meta property=\"og:url\" content=\"https:\/\/www.tint.lt\/produktai\/pleveles-langams\/matines-pleveles-langams\/\" \/>\n<meta property=\"og:site_name\" content=\"Tint\" \/>\n<meta property=\"article:modified_time\" content=\"2026-04-07T05:16:18+00:00\" \/>\n<meta property=\"og:image\" content=\"https:\/\/tint.lt\/shop\/wp-content\/uploads\/2026\/02\/SOLO202.jpg\" \/>\n\t<meta property=\"og:image:width\" content=\"900\" \/>\n\t<meta property=\"og:image:height\" content=\"900\" \/>\n\t<meta property=\"og:image:type\" content=\"image\/jpeg\" \/>\n<meta name=\"twitter:card\" content=\"summary_large_image\" \/>\n<meta name=\"twitter:label1\" content=\"Est. reading time\" \/>\n\t<meta name=\"twitter:data1\" content=\"2 minut\u0117s\" \/>\n<script type=\"application\/ld+json\" class=\"yoast-schema-graph\">{\"@context\":\"https:\\\/\\\/schema.org\",\"@graph\":[{\"@type\":\"WebPage\",\"@id\":\"https:\\\/\\\/tint.lt\\\/shop\\\/preke\\\/pilksvai-sidabrinio-atspalvio-matine-plevele\\\/\",\"url\":\"https:\\\/\\\/www.tint.lt\\\/produktai\\\/pleveles-langams\\\/matines-pleveles-langams\\\/\",\"name\":\"Pilk\u0161vai sidabrinio atspalvio matin\u0117 pl\u0117vel\u0117 - Tint\",\"isPartOf\":{\"@id\":\"https:\\\/\\\/tint.lt\\\/shop\\\/#website\"},\"primaryImageOfPage\":{\"@id\":\"https:\\\/\\\/www.tint.lt\\\/produktai\\\/pleveles-langams\\\/matines-pleveles-langams\\\/#primaryimage\"},\"image\":{\"@id\":\"https:\\\/\\\/www.tint.lt\\\/produktai\\\/pleveles-langams\\\/matines-pleveles-langams\\\/#primaryimage\"},\"thumbnailUrl\":\"https:\\\/\\\/tint.lt\\\/shop\\\/wp-content\\\/uploads\\\/2026\\\/02\\\/SOLO202.jpg\",\"datePublished\":\"2026-02-11T13:10:12+00:00\",\"dateModified\":\"2026-04-07T05:16:18+00:00\",\"description\":\"\u0160iek tiek turi \u201emetallic\u201c daleli\u0173. Idealiai tinka namams ar biuro patalpoms. Suteikia privatumo, praleid\u017ei\u0105 dienos \u0161vies\u0105.\",\"breadcrumb\":{\"@id\":\"https:\\\/\\\/www.tint.lt\\\/produktai\\\/pleveles-langams\\\/matines-pleveles-langams\\\/#breadcrumb\"},\"inLanguage\":\"lt-LT\",\"potentialAction\":[{\"@type\":\"ReadAction\",\"target\":[\"https:\\\/\\\/www.tint.lt\\\/produktai\\\/pleveles-langams\\\/matines-pleveles-langams\\\/\"]}]},{\"@type\":\"ImageObject\",\"inLanguage\":\"lt-LT\",\"@id\":\"https:\\\/\\\/www.tint.lt\\\/produktai\\\/pleveles-langams\\\/matines-pleveles-langams\\\/#primaryimage\",\"url\":\"https:\\\/\\\/tint.lt\\\/shop\\\/wp-content\\\/uploads\\\/2026\\\/02\\\/SOLO202.jpg\",\"contentUrl\":\"https:\\\/\\\/tint.lt\\\/shop\\\/wp-content\\\/uploads\\\/2026\\\/02\\\/SOLO202.jpg\",\"width\":900,\"height\":900,\"caption\":\"SOLO202 matin\u0117 \\\"\u0161erk\u0161no\\\" pl\u0117vel\u0117 pilka\"},{\"@type\":\"BreadcrumbList\",\"@id\":\"https:\\\/\\\/www.tint.lt\\\/produktai\\\/pleveles-langams\\\/matines-pleveles-langams\\\/#breadcrumb\",\"itemListElement\":[{\"@type\":\"ListItem\",\"position\":1,\"name\":\"Home\",\"item\":\"https:\\\/\\\/tint.lt\\\/shop\\\/\"},{\"@type\":\"ListItem\",\"position\":2,\"name\":\"Parduotuv\u0117\",\"item\":\"https:\\\/\\\/tint.lt\\\/shop\\\/produktai\\\/\"},{\"@type\":\"ListItem\",\"position\":3,\"name\":\"Pilk\u0161vai sidabrinio atspalvio matin\u0117 pl\u0117vel\u0117\"}]},{\"@type\":\"WebSite\",\"@id\":\"https:\\\/\\\/tint.lt\\\/shop\\\/#website\",\"url\":\"https:\\\/\\\/tint.lt\\\/shop\\\/\",\"name\":\"Tint.lt\",\"description\":\"El. parduotuv\u0117\",\"publisher\":{\"@id\":\"https:\\\/\\\/tint.lt\\\/shop\\\/#organization\"},\"potentialAction\":[{\"@type\":\"SearchAction\",\"target\":{\"@type\":\"EntryPoint\",\"urlTemplate\":\"https:\\\/\\\/tint.lt\\\/shop\\\/?s={search_term_string}\"},\"query-input\":{\"@type\":\"PropertyValueSpecification\",\"valueRequired\":true,\"valueName\":\"search_term_string\"}}],\"inLanguage\":\"lt-LT\"},{\"@type\":\"Organization\",\"@id\":\"https:\\\/\\\/tint.lt\\\/shop\\\/#organization\",\"name\":\"Tint.lt\",\"url\":\"https:\\\/\\\/tint.lt\\\/shop\\\/\",\"logo\":{\"@type\":\"ImageObject\",\"inLanguage\":\"lt-LT\",\"@id\":\"https:\\\/\\\/tint.lt\\\/shop\\\/#\\\/schema\\\/logo\\\/image\\\/\",\"url\":\"https:\\\/\\\/tint.lt\\\/shop\\\/wp-content\\\/uploads\\\/2026\\\/02\\\/TINT_lipnios_pleveles_profesionalams_grey.png\",\"contentUrl\":\"https:\\\/\\\/tint.lt\\\/shop\\\/wp-content\\\/uploads\\\/2026\\\/02\\\/TINT_lipnios_pleveles_profesionalams_grey.png\",\"width\":1265,\"height\":460,\"caption\":\"Tint.lt\"},\"image\":{\"@id\":\"https:\\\/\\\/tint.lt\\\/shop\\\/#\\\/schema\\\/logo\\\/image\\\/\"}}]}<\/script>\n<!-- \/ Yoast SEO plugin. -->","yoast_head_json":{"title":"Pilk\u0161vai sidabrinio atspalvio matin\u0117 pl\u0117vel\u0117 - Tint","description":"\u0160iek tiek turi \u201emetallic\u201c daleli\u0173. Idealiai tinka namams ar biuro patalpoms. Suteikia privatumo, praleid\u017ei\u0105 dienos \u0161vies\u0105.","robots":{"index":"index","follow":"follow","max-snippet":"max-snippet:-1","max-image-preview":"max-image-preview:large","max-video-preview":"max-video-preview:-1"},"canonical":"https:\/\/www.tint.lt\/produktai\/pleveles-langams\/matines-pleveles-langams\/","og_locale":"lt_LT","og_type":"article","og_title":"Pilk\u0161vai sidabrinio atspalvio matin\u0117 pl\u0117vel\u0117 - Tint","og_description":"\u0160iek tiek turi \u201emetallic\u201c daleli\u0173. Idealiai tinka namams ar biuro patalpoms. Suteikia privatumo, praleid\u017ei\u0105 dienos \u0161vies\u0105.","og_url":"https:\/\/www.tint.lt\/produktai\/pleveles-langams\/matines-pleveles-langams\/","og_site_name":"Tint","article_modified_time":"2026-04-07T05:16:18+00:00","og_image":[{"width":900,"height":900,"url":"https:\/\/tint.lt\/shop\/wp-content\/uploads\/2026\/02\/SOLO202.jpg","type":"image\/jpeg"}],"twitter_card":"summary_large_image","twitter_misc":{"Est. reading time":"2 minut\u0117s"},"schema":{"@context":"https:\/\/schema.org","@graph":[{"@type":"WebPage","@id":"https:\/\/tint.lt\/shop\/preke\/pilksvai-sidabrinio-atspalvio-matine-plevele\/","url":"https:\/\/www.tint.lt\/produktai\/pleveles-langams\/matines-pleveles-langams\/","name":"Pilk\u0161vai sidabrinio atspalvio matin\u0117 pl\u0117vel\u0117 - Tint","isPartOf":{"@id":"https:\/\/tint.lt\/shop\/#website"},"primaryImageOfPage":{"@id":"https:\/\/www.tint.lt\/produktai\/pleveles-langams\/matines-pleveles-langams\/#primaryimage"},"image":{"@id":"https:\/\/www.tint.lt\/produktai\/pleveles-langams\/matines-pleveles-langams\/#primaryimage"},"thumbnailUrl":"https:\/\/tint.lt\/shop\/wp-content\/uploads\/2026\/02\/SOLO202.jpg","datePublished":"2026-02-11T13:10:12+00:00","dateModified":"2026-04-07T05:16:18+00:00","description":"\u0160iek tiek turi \u201emetallic\u201c daleli\u0173. Idealiai tinka namams ar biuro patalpoms. Suteikia privatumo, praleid\u017ei\u0105 dienos \u0161vies\u0105.","breadcrumb":{"@id":"https:\/\/www.tint.lt\/produktai\/pleveles-langams\/matines-pleveles-langams\/#breadcrumb"},"inLanguage":"lt-LT","potentialAction":[{"@type":"ReadAction","target":["https:\/\/www.tint.lt\/produktai\/pleveles-langams\/matines-pleveles-langams\/"]}]},{"@type":"ImageObject","inLanguage":"lt-LT","@id":"https:\/\/www.tint.lt\/produktai\/pleveles-langams\/matines-pleveles-langams\/#primaryimage","url":"https:\/\/tint.lt\/shop\/wp-content\/uploads\/2026\/02\/SOLO202.jpg","contentUrl":"https:\/\/tint.lt\/shop\/wp-content\/uploads\/2026\/02\/SOLO202.jpg","width":900,"height":900,"caption":"SOLO202 matin\u0117 \"\u0161erk\u0161no\" pl\u0117vel\u0117 pilka"},{"@type":"BreadcrumbList","@id":"https:\/\/www.tint.lt\/produktai\/pleveles-langams\/matines-pleveles-langams\/#breadcrumb","itemListElement":[{"@type":"ListItem","position":1,"name":"Home","item":"https:\/\/tint.lt\/shop\/"},{"@type":"ListItem","position":2,"name":"Parduotuv\u0117","item":"https:\/\/tint.lt\/shop\/produktai\/"},{"@type":"ListItem","position":3,"name":"Pilk\u0161vai sidabrinio atspalvio matin\u0117 pl\u0117vel\u0117"}]},{"@type":"WebSite","@id":"https:\/\/tint.lt\/shop\/#website","url":"https:\/\/tint.lt\/shop\/","name":"Tint.lt","description":"El. parduotuv\u0117","publisher":{"@id":"https:\/\/tint.lt\/shop\/#organization"},"potentialAction":[{"@type":"SearchAction","target":{"@type":"EntryPoint","urlTemplate":"https:\/\/tint.lt\/shop\/?s={search_term_string}"},"query-input":{"@type":"PropertyValueSpecification","valueRequired":true,"valueName":"search_term_string"}}],"inLanguage":"lt-LT"},{"@type":"Organization","@id":"https:\/\/tint.lt\/shop\/#organization","name":"Tint.lt","url":"https:\/\/tint.lt\/shop\/","logo":{"@type":"ImageObject","inLanguage":"lt-LT","@id":"https:\/\/tint.lt\/shop\/#\/schema\/logo\/image\/","url":"https:\/\/tint.lt\/shop\/wp-content\/uploads\/2026\/02\/TINT_lipnios_pleveles_profesionalams_grey.png","contentUrl":"https:\/\/tint.lt\/shop\/wp-content\/uploads\/2026\/02\/TINT_lipnios_pleveles_profesionalams_grey.png","width":1265,"height":460,"caption":"Tint.lt"},"image":{"@id":"https:\/\/tint.lt\/shop\/#\/schema\/logo\/image\/"}}]}},"_links":{"self":[{"href":"https:\/\/tint.lt\/shop\/wp-json\/wp\/v2\/product\/29044","targetHints":{"allow":["GET"]}}],"collection":[{"href":"https:\/\/tint.lt\/shop\/wp-json\/wp\/v2\/product"}],"about":[{"href":"https:\/\/tint.lt\/shop\/wp-json\/wp\/v2\/types\/product"}],"replies":[{"embeddable":true,"href":"https:\/\/tint.lt\/shop\/wp-json\/wp\/v2\/comments?post=29044"}],"version-history":[{"count":5,"href":"https:\/\/tint.lt\/shop\/wp-json\/wp\/v2\/product\/29044\/revisions"}],"predecessor-version":[{"id":29865,"href":"https:\/\/tint.lt\/shop\/wp-json\/wp\/v2\/product\/29044\/revisions\/29865"}],"wp:featuredmedia":[{"embeddable":true,"href":"https:\/\/tint.lt\/shop\/wp-json\/wp\/v2\/media\/29858"}],"wp:attachment":[{"href":"https:\/\/tint.lt\/shop\/wp-json\/wp\/v2\/media?parent=29044"}],"wp:term":[{"taxonomy":"product_brand","embeddable":true,"href":"https:\/\/tint.lt\/shop\/wp-json\/wp\/v2\/product_brand?post=29044"},{"taxonomy":"product_cat","embeddable":true,"href":"https:\/\/tint.lt\/shop\/wp-json\/wp\/v2\/product_cat?post=29044"},{"taxonomy":"product_tag","embeddable":true,"href":"https:\/\/tint.lt\/shop\/wp-json\/wp\/v2\/product_tag?post=29044"}],"curies":[{"name":"wp","href":"https:\/\/api.w.org\/{rel}","templated":true}]}}