{"id":29052,"date":"2026-02-11T15:10:13","date_gmt":"2026-02-11T13:10:13","guid":{"rendered":"https:\/\/tint.lt\/shop\/?post_type=product&#038;p=29052"},"modified":"2026-02-24T10:52:28","modified_gmt":"2026-02-24T08:52:28","slug":"labai-tamsi-veidrodinio-sidabrinio-atspalvio-plevele","status":"publish","type":"product","link":"https:\/\/tint.lt\/shop\/preke\/labai-tamsi-veidrodinio-sidabrinio-atspalvio-plevele\/","title":{"rendered":"Labai tamsi veidrodinio sidabrinio atspalvio pl\u0117vel\u0117, \u0161viesos laidumas 4%"},"content":{"rendered":"\t\t<div data-elementor-type=\"wp-post\" data-elementor-id=\"29052\" class=\"elementor elementor-29052\">\n\t\t\t\t<div class=\"wd-negative-gap elementor-element elementor-element-267a981f e-flex e-con-boxed e-con e-parent\" data-id=\"267a981f\" data-element_type=\"container\" data-e-type=\"container\">\n\t\t\t\t\t<div class=\"e-con-inner\">\n\t\t\t\t<div class=\"elementor-element elementor-element-7f009cfb color-scheme-inherit text-left elementor-widget elementor-widget-text-editor\" data-id=\"7f009cfb\" data-element_type=\"widget\" data-e-type=\"widget\" data-widget_type=\"text-editor.default\">\n\t\t\t\t\t\t\t\t\t<p>Labai tamsi veidrodinio sidabrinio atspalvio pl\u0117vel\u0117. Dienos metu suteikia maksimal\u0173 privatumo lyg\u012f patalpos viduje. Nepatariama naudoti ten, kur norite gauti daug dienos \u0161viesos, nes pl\u0117vel\u0117 stipriai suma\u017eina \u0161viesos patekim\u0105. Dar kitaip vadinamos vienpusio matomumo lang\u0173 pl\u0117vel\u0117.<\/p>\t\t\t\t\t\t\t\t<\/div>\n\t\t\t\t\t<\/div>\n\t\t\t\t<\/div>\n\t\t<div class=\"wd-negative-gap elementor-element elementor-element-950fcd4 e-flex e-con-boxed e-con e-parent\" data-id=\"950fcd4\" data-element_type=\"container\" data-e-type=\"container\">\n\t\t\t\t\t<div class=\"e-con-inner\">\n\t\t\t\t<div class=\"elementor-element elementor-element-760a870 elementor-widget elementor-widget-spacer\" data-id=\"760a870\" data-element_type=\"widget\" data-e-type=\"widget\" data-widget_type=\"spacer.default\">\n\t\t\t\t\t\t\t<div class=\"elementor-spacer\">\n\t\t\t<div class=\"elementor-spacer-inner\"><\/div>\n\t\t<\/div>\n\t\t\t\t\t\t<\/div>\n\t\t\t\t\t<\/div>\n\t\t\t\t<\/div>\n\t\t<div class=\"wd-negative-gap elementor-element elementor-element-ece7941 e-flex e-con-boxed e-con e-parent\" data-id=\"ece7941\" data-element_type=\"container\" data-e-type=\"container\">\n\t\t\t\t\t<div class=\"e-con-inner\">\n\t\t\t\t<div class=\"elementor-element elementor-element-e942fa8 elementor-widget elementor-widget-heading\" data-id=\"e942fa8\" data-element_type=\"widget\" data-e-type=\"widget\" data-widget_type=\"heading.default\">\n\t\t\t\t\t<h2 class=\"elementor-heading-title elementor-size-default\">D.U.K<\/h2>\t\t\t\t<\/div>\n\t\t\t\t\t<\/div>\n\t\t\t\t<\/div>\n\t\t<div class=\"wd-negative-gap elementor-element elementor-element-20667f3 e-flex e-con-boxed e-con e-parent\" data-id=\"20667f3\" data-element_type=\"container\" data-e-type=\"container\">\n\t\t\t\t\t<div class=\"e-con-inner\">\n\t\t\t\t<div class=\"elementor-element elementor-element-40a5bdf elementor-widget elementor-widget-wd_accordion\" data-id=\"40a5bdf\" data-element_type=\"widget\" data-e-type=\"widget\" data-widget_type=\"wd_accordion.default\">\n\t\t\t\t<div class=\"elementor-widget-container\">\n\t\t\t\t\t\n\t\t<div class=\"wd-accordion wd-style-default wd-titles-left wd-opener-pos-left wd-opener-style-arrow\" data-state=\"first\">\n\t\t\t\t\t\t\t\n\t\t\t\t<div class=\"wd-accordion-item\">\n\t\t\t\t\t<div class=\"wd-accordion-title wd-role-btn wd-active\" data-accordion-index=\"0\" tabindex=\"0\">\n\t\t\t\t\t\t<div class=\"wd-accordion-title-text\">\n\t\t\t\t\t\t\t\t\t\t\t\t\t\t<span>\n\t\t\t\t\t\t\t\tAr veidrodinio atspind\u017eio pl\u0117vel\u0117 suteikia privatumo ir tamsiu paros metu?\t\t\t\t\t\t\t<\/span>\n\t\t\t\t\t\t<\/div>\n\t\t\t\t\t\t<span class=\"wd-accordion-opener\"><\/span>\n\t\t\t\t\t<\/div>\n\n\t\t\t\t\t<div class=\"wd-accordion-content wd-entry-content wd-active\" data-accordion-index=\"0\">\n\t\t\t\t\t\t\t\t\t\t\t\t\t\n\t\t\t\t\t\t\t<p data-start=\"0\" data-end=\"179\">Veidrodinio atspind\u017eio pl\u0117vel\u0117s u\u017etikrina privatum\u0105 tik dienos metu. Tamsiuoju paros metu, kai patalpose \u012fjungtas ap\u0161vietimas, o lauke yra tamsu, privatumo efektas nei\u0161gaunamas. Privatumo lygis priklauso ir nuo lang\u0173 i\u0161d\u0117stymo ir kit\u0173 faktori\u0173.<\/p><p data-start=\"181\" data-end=\"301\">Tokiu atveju rekomenduojama rinktis matin\u0119 - \"\u0161erk\u0161no\" pl\u0117vel\u0119, kuri praleid\u017eia \u0161vies\u0105, bet ne vaizd\u0105. Ta\u010diau ji n\u0117ra pralaidi vaizdui i\u0161 abiej\u0173 pusi\u0173.<\/p><p data-start=\"303\" data-end=\"423\" data-is-last-node=\"\" data-is-only-node=\"\">Vienpusio matomumo efektas susidaro tik esant \u0161viesos lygio kontrastui \u2013 kai viena stiklo pus\u0117 yra \u017eenkliai \u0161viesesn\u0117 u\u017e kit\u0105.<\/p>\n\t\t\t\t\t\t\t\t\t\t\t\t\t\t\t\t\t\t<\/div>\n\t\t\t\t<\/div>\n\t\t\t\t\t\t\t\n\t\t\t\t<div class=\"wd-accordion-item\">\n\t\t\t\t\t<div class=\"wd-accordion-title wd-role-btn\" data-accordion-index=\"1\" tabindex=\"0\">\n\t\t\t\t\t\t<div class=\"wd-accordion-title-text\">\n\t\t\t\t\t\t\t\t\t\t\t\t\t\t<span>\n\t\t\t\t\t\t\t\tAr veidrodin\u0117 pl\u0117vel\u0117 u\u017etamsina patalp\u0105?\t\t\t\t\t\t\t<\/span>\n\t\t\t\t\t\t<\/div>\n\t\t\t\t\t\t<span class=\"wd-accordion-opener\"><\/span>\n\t\t\t\t\t<\/div>\n\n\t\t\t\t\t<div class=\"wd-accordion-content wd-entry-content\" data-accordion-index=\"1\">\n\t\t\t\t\t\t\t\t\t\t\t\t\t\n\t\t\t\t\t\t\t<p>Visos veidrodin\u0117s pastat\u0173 pl\u0117vel\u0117s u\u017etamsina patalp\u0105. Ta\u010diau u\u017etamsinimo lygis priklausys nuo pl\u0117vel\u0117s \u0161viesos laidumo kuri b\u016bt\u0173 klijuojama. Pasirinkus vidutinio tamsumo veidrodinio atspind\u017eio pl\u0117vel\u0119, patalpa ne\u017eymiai u\u017etams\u0117t\u0173<\/p>\n\t\t\t\t\t\t\t\t\t\t\t\t\t\t\t\t\t\t<\/div>\n\t\t\t\t<\/div>\n\t\t\t\t\t\t\t\n\t\t\t\t<div class=\"wd-accordion-item\">\n\t\t\t\t\t<div class=\"wd-accordion-title wd-role-btn\" data-accordion-index=\"2\" tabindex=\"0\">\n\t\t\t\t\t\t<div class=\"wd-accordion-title-text\">\n\t\t\t\t\t\t\t\t\t\t\t\t\t\t<span>\n\t\t\t\t\t\t\t\tKiek laiko tarnauja pl\u0117vel\u0117?\t\t\t\t\t\t\t<\/span>\n\t\t\t\t\t\t<\/div>\n\t\t\t\t\t\t<span class=\"wd-accordion-opener\"><\/span>\n\t\t\t\t\t<\/div>\n\n\t\t\t\t\t<div class=\"wd-accordion-content wd-entry-content\" data-accordion-index=\"2\">\n\t\t\t\t\t\t\t\t\t\t\t\t\t\n\t\t\t\t\t\t\t<p>I\u0161 vidaus klijuojamoms pl\u0117vel\u0117ms gamintojo garantinis laikas daugeliu atvej\u0173 nuo 5 iki 10 met\u0173. Ta\u010diau, tai nerei\u0161kia, kad pasibaigus \u0161iam terminui pl\u0117vel\u0119 reik\u0117s keisti. Praktikoje jos tarnauja vis\u0105 naudojimo laik\u0105.<\/p>\n\t\t\t\t\t\t\t\t\t\t\t\t\t\t\t\t\t\t<\/div>\n\t\t\t\t<\/div>\n\t\t\t\t\t<\/div>\n\t\t\t\t\t\t<\/div>\n\t\t\t\t<\/div>\n\t\t\t\t<div class=\"elementor-element elementor-element-4a0e881 elementor-widget elementor-widget-spacer\" data-id=\"4a0e881\" data-element_type=\"widget\" data-e-type=\"widget\" data-widget_type=\"spacer.default\">\n\t\t\t\t\t\t\t<div class=\"elementor-spacer\">\n\t\t\t<div class=\"elementor-spacer-inner\"><\/div>\n\t\t<\/div>\n\t\t\t\t\t\t<\/div>\n\t\t\t\t\t<\/div>\n\t\t\t\t<\/div>\n\t\t<div class=\"wd-negative-gap elementor-element elementor-element-b020c72 e-flex e-con-boxed e-con e-parent\" data-id=\"b020c72\" data-element_type=\"container\" data-e-type=\"container\">\n\t\t\t\t\t<div class=\"e-con-inner\">\n\t\t\t\t<div class=\"elementor-element elementor-element-65aeee0 wd-width-100 elementor-widget elementor-widget-wd_title\" data-id=\"65aeee0\" data-element_type=\"widget\" data-e-type=\"widget\" data-widget_type=\"wd_title.default\">\n\t\t\t\t<div class=\"elementor-widget-container\">\n\t\t\t\t\t\t\t<div class=\"title-wrapper wd-set-mb reset-last-child wd-title-color-default wd-title-style-default wd-title-size-default text-left\">\n\n\t\t\t\n\t\t\t<div class=\"liner-continer\">\n\t\t\t\t<h4 class=\"woodmart-title-container title wd-fontsize-l\">Domina veidrodin\u0117s pl\u0117vel\u0117s apklijavimo paslaugos?<\/h4> \n\t\t\t\t\t\t\t<\/div>\n\n\t\t\t\t\t\t\t<div class=\"title-after_title reset-last-child wd-fontsize-xs\">\n\t\t\t\t\t<p>M\u016bs\u0173 partneriai profesionaliai apklijuos j\u016bs\u0173 langus ar stiklus<\/p>\t\t\t\t<\/div>\n\t\t\t\t\t<\/div>\n\t\t\t\t\t\t<\/div>\n\t\t\t\t<\/div>\n\t\t\t\t\t<\/div>\n\t\t\t\t<\/div>\n\t\t<div class=\"wd-negative-gap elementor-element elementor-element-102b528 e-flex e-con-boxed e-con e-parent\" data-id=\"102b528\" data-element_type=\"container\" data-e-type=\"container\">\n\t\t\t\t\t<div class=\"e-con-inner\">\n\t\t\t\t<div class=\"elementor-element elementor-element-759b82c elementor-widget elementor-widget-spacer\" data-id=\"759b82c\" data-element_type=\"widget\" data-e-type=\"widget\" data-widget_type=\"spacer.default\">\n\t\t\t\t\t\t\t<div class=\"elementor-spacer\">\n\t\t\t<div class=\"elementor-spacer-inner\"><\/div>\n\t\t<\/div>\n\t\t\t\t\t\t<\/div>\n\t\t\t\t<div class=\"elementor-element elementor-element-6c47c21 elementor-align-left elementor-widget elementor-widget-button\" data-id=\"6c47c21\" data-element_type=\"widget\" data-e-type=\"widget\" data-widget_type=\"button.default\">\n\t\t\t\t\t\t\t\t\t\t<a class=\"elementor-button elementor-button-link elementor-size-sm\" href=\"https:\/\/tintpleveles.lt\/pastatu-stiklu-apklijavimas\/veidrodiniu-pleveliu-langams-klijavimas\/\">\n\t\t\t\t\t\t<span class=\"elementor-button-content-wrapper\">\n\t\t\t\t\t\t\t\t\t<span class=\"elementor-button-text\">Su\u017einokite daugiau<\/span>\n\t\t\t\t\t<\/span>\n\t\t\t\t\t<\/a>\n\t\t\t\t\t\t\t\t<\/div>\n\t\t\t\t\t<\/div>\n\t\t\t\t<\/div>\n\t\t\t\t<\/div>\n\t\t","protected":false},"excerpt":{"rendered":"<p>Labai tamsi veidrodinio sidabrinio atspalvio pl\u0117vel\u0117. Dienos metu suteikia maksimal\u0173 privatumo lyg\u012f patalpos viduje. Nepatariama naudoti ten, kur norite gauti<\/p>\n","protected":false},"featured_media":29071,"comment_status":"closed","ping_status":"closed","template":"","meta":{"_acf_changed":false},"product_brand":[],"product_cat":[74,78],"product_tag":[84,76],"class_list":{"0":"post-29052","1":"product","2":"type-product","3":"status-publish","4":"has-post-thumbnail","6":"product_cat-pastatu-pleveles-langams","7":"product_cat-veidrodines-pleveles-langams-privatumui","8":"product_tag-labai-tamsi-plevele","9":"product_tag-sidabrine-plevele","11":"first","12":"instock","13":"taxable","14":"shipping-taxable","15":"purchasable","16":"product-type-simple"},"acf":[],"yoast_head":"<!-- This site is optimized with the Yoast SEO plugin v27.5 - https:\/\/yoast.com\/product\/yoast-seo-wordpress\/ -->\n<title>Labai tamsi veidrodinio sidabrinio atspalvio pl\u0117vel\u0117, \u0161viesos laidumas 4% - Tint<\/title>\n<meta name=\"description\" content=\"Veidrodine plevele langams - ypatingai tamsi sidabrinio- veidrodinio atspalvio pl\u0117vel\u0117. Naudojama ten, kur reikalingas di\u017eiausias privatumas.\" \/>\n<meta name=\"robots\" content=\"index, follow, max-snippet:-1, max-image-preview:large, max-video-preview:-1\" \/>\n<link rel=\"canonical\" href=\"https:\/\/tint.lt\/shop\/preke\/labai-tamsi-veidrodinio-sidabrinio-atspalvio-plevele\/\" \/>\n<meta property=\"og:locale\" content=\"lt_LT\" \/>\n<meta property=\"og:type\" content=\"article\" \/>\n<meta property=\"og:title\" content=\"Labai tamsi veidrodinio sidabrinio atspalvio pl\u0117vel\u0117, \u0161viesos laidumas 4% - Tint\" \/>\n<meta property=\"og:description\" content=\"Veidrodine plevele langams - ypatingai tamsi sidabrinio- veidrodinio atspalvio pl\u0117vel\u0117. Naudojama ten, kur reikalingas di\u017eiausias privatumas.\" \/>\n<meta property=\"og:url\" content=\"https:\/\/tint.lt\/shop\/preke\/labai-tamsi-veidrodinio-sidabrinio-atspalvio-plevele\/\" \/>\n<meta property=\"og:site_name\" content=\"Tint\" \/>\n<meta property=\"article:modified_time\" content=\"2026-02-24T08:52:28+00:00\" \/>\n<meta property=\"og:image\" content=\"https:\/\/tint.lt\/shop\/wp-content\/uploads\/2026\/02\/R-GREY-10int.jpg\" \/>\n\t<meta property=\"og:image:width\" content=\"600\" \/>\n\t<meta property=\"og:image:height\" content=\"600\" \/>\n\t<meta property=\"og:image:type\" content=\"image\/jpeg\" \/>\n<meta name=\"twitter:card\" content=\"summary_large_image\" \/>\n<script type=\"application\/ld+json\" class=\"yoast-schema-graph\">{\"@context\":\"https:\\\/\\\/schema.org\",\"@graph\":[{\"@type\":\"WebPage\",\"@id\":\"https:\\\/\\\/tint.lt\\\/shop\\\/preke\\\/labai-tamsi-veidrodinio-sidabrinio-atspalvio-plevele\\\/\",\"url\":\"https:\\\/\\\/tint.lt\\\/shop\\\/preke\\\/labai-tamsi-veidrodinio-sidabrinio-atspalvio-plevele\\\/\",\"name\":\"Labai tamsi veidrodinio sidabrinio atspalvio pl\u0117vel\u0117, \u0161viesos laidumas 4% - Tint\",\"isPartOf\":{\"@id\":\"https:\\\/\\\/tint.lt\\\/shop\\\/#website\"},\"primaryImageOfPage\":{\"@id\":\"https:\\\/\\\/tint.lt\\\/shop\\\/preke\\\/labai-tamsi-veidrodinio-sidabrinio-atspalvio-plevele\\\/#primaryimage\"},\"image\":{\"@id\":\"https:\\\/\\\/tint.lt\\\/shop\\\/preke\\\/labai-tamsi-veidrodinio-sidabrinio-atspalvio-plevele\\\/#primaryimage\"},\"thumbnailUrl\":\"https:\\\/\\\/tint.lt\\\/shop\\\/wp-content\\\/uploads\\\/2026\\\/02\\\/R-GREY-10int.jpg\",\"datePublished\":\"2026-02-11T13:10:13+00:00\",\"dateModified\":\"2026-02-24T08:52:28+00:00\",\"description\":\"Veidrodine plevele langams - ypatingai tamsi sidabrinio- veidrodinio atspalvio pl\u0117vel\u0117. Naudojama ten, kur reikalingas di\u017eiausias privatumas.\",\"breadcrumb\":{\"@id\":\"https:\\\/\\\/tint.lt\\\/shop\\\/preke\\\/labai-tamsi-veidrodinio-sidabrinio-atspalvio-plevele\\\/#breadcrumb\"},\"inLanguage\":\"lt-LT\",\"potentialAction\":[{\"@type\":\"ReadAction\",\"target\":[\"https:\\\/\\\/tint.lt\\\/shop\\\/preke\\\/labai-tamsi-veidrodinio-sidabrinio-atspalvio-plevele\\\/\"]}]},{\"@type\":\"ImageObject\",\"inLanguage\":\"lt-LT\",\"@id\":\"https:\\\/\\\/tint.lt\\\/shop\\\/preke\\\/labai-tamsi-veidrodinio-sidabrinio-atspalvio-plevele\\\/#primaryimage\",\"url\":\"https:\\\/\\\/tint.lt\\\/shop\\\/wp-content\\\/uploads\\\/2026\\\/02\\\/R-GREY-10int.jpg\",\"contentUrl\":\"https:\\\/\\\/tint.lt\\\/shop\\\/wp-content\\\/uploads\\\/2026\\\/02\\\/R-GREY-10int.jpg\",\"width\":600,\"height\":600},{\"@type\":\"BreadcrumbList\",\"@id\":\"https:\\\/\\\/tint.lt\\\/shop\\\/preke\\\/labai-tamsi-veidrodinio-sidabrinio-atspalvio-plevele\\\/#breadcrumb\",\"itemListElement\":[{\"@type\":\"ListItem\",\"position\":1,\"name\":\"Home\",\"item\":\"https:\\\/\\\/tint.lt\\\/shop\\\/\"},{\"@type\":\"ListItem\",\"position\":2,\"name\":\"Parduotuv\u0117\",\"item\":\"https:\\\/\\\/tint.lt\\\/shop\\\/produktai\\\/\"},{\"@type\":\"ListItem\",\"position\":3,\"name\":\"Labai tamsi veidrodinio sidabrinio atspalvio pl\u0117vel\u0117, \u0161viesos laidumas 4%\"}]},{\"@type\":\"WebSite\",\"@id\":\"https:\\\/\\\/tint.lt\\\/shop\\\/#website\",\"url\":\"https:\\\/\\\/tint.lt\\\/shop\\\/\",\"name\":\"Tint.lt\",\"description\":\"El. parduotuv\u0117\",\"publisher\":{\"@id\":\"https:\\\/\\\/tint.lt\\\/shop\\\/#organization\"},\"potentialAction\":[{\"@type\":\"SearchAction\",\"target\":{\"@type\":\"EntryPoint\",\"urlTemplate\":\"https:\\\/\\\/tint.lt\\\/shop\\\/?s={search_term_string}\"},\"query-input\":{\"@type\":\"PropertyValueSpecification\",\"valueRequired\":true,\"valueName\":\"search_term_string\"}}],\"inLanguage\":\"lt-LT\"},{\"@type\":\"Organization\",\"@id\":\"https:\\\/\\\/tint.lt\\\/shop\\\/#organization\",\"name\":\"Tint.lt\",\"url\":\"https:\\\/\\\/tint.lt\\\/shop\\\/\",\"logo\":{\"@type\":\"ImageObject\",\"inLanguage\":\"lt-LT\",\"@id\":\"https:\\\/\\\/tint.lt\\\/shop\\\/#\\\/schema\\\/logo\\\/image\\\/\",\"url\":\"https:\\\/\\\/tint.lt\\\/shop\\\/wp-content\\\/uploads\\\/2026\\\/02\\\/TINT_lipnios_pleveles_profesionalams_grey.png\",\"contentUrl\":\"https:\\\/\\\/tint.lt\\\/shop\\\/wp-content\\\/uploads\\\/2026\\\/02\\\/TINT_lipnios_pleveles_profesionalams_grey.png\",\"width\":1265,\"height\":460,\"caption\":\"Tint.lt\"},\"image\":{\"@id\":\"https:\\\/\\\/tint.lt\\\/shop\\\/#\\\/schema\\\/logo\\\/image\\\/\"}}]}<\/script>\n<!-- \/ Yoast SEO plugin. -->","yoast_head_json":{"title":"Labai tamsi veidrodinio sidabrinio atspalvio pl\u0117vel\u0117, \u0161viesos laidumas 4% - Tint","description":"Veidrodine plevele langams - ypatingai tamsi sidabrinio- veidrodinio atspalvio pl\u0117vel\u0117. Naudojama ten, kur reikalingas di\u017eiausias privatumas.","robots":{"index":"index","follow":"follow","max-snippet":"max-snippet:-1","max-image-preview":"max-image-preview:large","max-video-preview":"max-video-preview:-1"},"canonical":"https:\/\/tint.lt\/shop\/preke\/labai-tamsi-veidrodinio-sidabrinio-atspalvio-plevele\/","og_locale":"lt_LT","og_type":"article","og_title":"Labai tamsi veidrodinio sidabrinio atspalvio pl\u0117vel\u0117, \u0161viesos laidumas 4% - Tint","og_description":"Veidrodine plevele langams - ypatingai tamsi sidabrinio- veidrodinio atspalvio pl\u0117vel\u0117. Naudojama ten, kur reikalingas di\u017eiausias privatumas.","og_url":"https:\/\/tint.lt\/shop\/preke\/labai-tamsi-veidrodinio-sidabrinio-atspalvio-plevele\/","og_site_name":"Tint","article_modified_time":"2026-02-24T08:52:28+00:00","og_image":[{"width":600,"height":600,"url":"https:\/\/tint.lt\/shop\/wp-content\/uploads\/2026\/02\/R-GREY-10int.jpg","type":"image\/jpeg"}],"twitter_card":"summary_large_image","schema":{"@context":"https:\/\/schema.org","@graph":[{"@type":"WebPage","@id":"https:\/\/tint.lt\/shop\/preke\/labai-tamsi-veidrodinio-sidabrinio-atspalvio-plevele\/","url":"https:\/\/tint.lt\/shop\/preke\/labai-tamsi-veidrodinio-sidabrinio-atspalvio-plevele\/","name":"Labai tamsi veidrodinio sidabrinio atspalvio pl\u0117vel\u0117, \u0161viesos laidumas 4% - Tint","isPartOf":{"@id":"https:\/\/tint.lt\/shop\/#website"},"primaryImageOfPage":{"@id":"https:\/\/tint.lt\/shop\/preke\/labai-tamsi-veidrodinio-sidabrinio-atspalvio-plevele\/#primaryimage"},"image":{"@id":"https:\/\/tint.lt\/shop\/preke\/labai-tamsi-veidrodinio-sidabrinio-atspalvio-plevele\/#primaryimage"},"thumbnailUrl":"https:\/\/tint.lt\/shop\/wp-content\/uploads\/2026\/02\/R-GREY-10int.jpg","datePublished":"2026-02-11T13:10:13+00:00","dateModified":"2026-02-24T08:52:28+00:00","description":"Veidrodine plevele langams - ypatingai tamsi sidabrinio- veidrodinio atspalvio pl\u0117vel\u0117. Naudojama ten, kur reikalingas di\u017eiausias privatumas.","breadcrumb":{"@id":"https:\/\/tint.lt\/shop\/preke\/labai-tamsi-veidrodinio-sidabrinio-atspalvio-plevele\/#breadcrumb"},"inLanguage":"lt-LT","potentialAction":[{"@type":"ReadAction","target":["https:\/\/tint.lt\/shop\/preke\/labai-tamsi-veidrodinio-sidabrinio-atspalvio-plevele\/"]}]},{"@type":"ImageObject","inLanguage":"lt-LT","@id":"https:\/\/tint.lt\/shop\/preke\/labai-tamsi-veidrodinio-sidabrinio-atspalvio-plevele\/#primaryimage","url":"https:\/\/tint.lt\/shop\/wp-content\/uploads\/2026\/02\/R-GREY-10int.jpg","contentUrl":"https:\/\/tint.lt\/shop\/wp-content\/uploads\/2026\/02\/R-GREY-10int.jpg","width":600,"height":600},{"@type":"BreadcrumbList","@id":"https:\/\/tint.lt\/shop\/preke\/labai-tamsi-veidrodinio-sidabrinio-atspalvio-plevele\/#breadcrumb","itemListElement":[{"@type":"ListItem","position":1,"name":"Home","item":"https:\/\/tint.lt\/shop\/"},{"@type":"ListItem","position":2,"name":"Parduotuv\u0117","item":"https:\/\/tint.lt\/shop\/produktai\/"},{"@type":"ListItem","position":3,"name":"Labai tamsi veidrodinio sidabrinio atspalvio pl\u0117vel\u0117, \u0161viesos laidumas 4%"}]},{"@type":"WebSite","@id":"https:\/\/tint.lt\/shop\/#website","url":"https:\/\/tint.lt\/shop\/","name":"Tint.lt","description":"El. parduotuv\u0117","publisher":{"@id":"https:\/\/tint.lt\/shop\/#organization"},"potentialAction":[{"@type":"SearchAction","target":{"@type":"EntryPoint","urlTemplate":"https:\/\/tint.lt\/shop\/?s={search_term_string}"},"query-input":{"@type":"PropertyValueSpecification","valueRequired":true,"valueName":"search_term_string"}}],"inLanguage":"lt-LT"},{"@type":"Organization","@id":"https:\/\/tint.lt\/shop\/#organization","name":"Tint.lt","url":"https:\/\/tint.lt\/shop\/","logo":{"@type":"ImageObject","inLanguage":"lt-LT","@id":"https:\/\/tint.lt\/shop\/#\/schema\/logo\/image\/","url":"https:\/\/tint.lt\/shop\/wp-content\/uploads\/2026\/02\/TINT_lipnios_pleveles_profesionalams_grey.png","contentUrl":"https:\/\/tint.lt\/shop\/wp-content\/uploads\/2026\/02\/TINT_lipnios_pleveles_profesionalams_grey.png","width":1265,"height":460,"caption":"Tint.lt"},"image":{"@id":"https:\/\/tint.lt\/shop\/#\/schema\/logo\/image\/"}}]}},"_links":{"self":[{"href":"https:\/\/tint.lt\/shop\/wp-json\/wp\/v2\/product\/29052","targetHints":{"allow":["GET"]}}],"collection":[{"href":"https:\/\/tint.lt\/shop\/wp-json\/wp\/v2\/product"}],"about":[{"href":"https:\/\/tint.lt\/shop\/wp-json\/wp\/v2\/types\/product"}],"replies":[{"embeddable":true,"href":"https:\/\/tint.lt\/shop\/wp-json\/wp\/v2\/comments?post=29052"}],"version-history":[{"count":6,"href":"https:\/\/tint.lt\/shop\/wp-json\/wp\/v2\/product\/29052\/revisions"}],"predecessor-version":[{"id":29899,"href":"https:\/\/tint.lt\/shop\/wp-json\/wp\/v2\/product\/29052\/revisions\/29899"}],"wp:featuredmedia":[{"embeddable":true,"href":"https:\/\/tint.lt\/shop\/wp-json\/wp\/v2\/media\/29071"}],"wp:attachment":[{"href":"https:\/\/tint.lt\/shop\/wp-json\/wp\/v2\/media?parent=29052"}],"wp:term":[{"taxonomy":"product_brand","embeddable":true,"href":"https:\/\/tint.lt\/shop\/wp-json\/wp\/v2\/product_brand?post=29052"},{"taxonomy":"product_cat","embeddable":true,"href":"https:\/\/tint.lt\/shop\/wp-json\/wp\/v2\/product_cat?post=29052"},{"taxonomy":"product_tag","embeddable":true,"href":"https:\/\/tint.lt\/shop\/wp-json\/wp\/v2\/product_tag?post=29052"}],"curies":[{"name":"wp","href":"https:\/\/api.w.org\/{rel}","templated":true}]}}