{"id":29056,"date":"2026-02-11T15:10:14","date_gmt":"2026-02-11T13:10:14","guid":{"rendered":"https:\/\/tint.lt\/shop\/?post_type=product&#038;p=29056"},"modified":"2026-03-27T11:59:10","modified_gmt":"2026-03-27T09:59:10","slug":"vidutinio-tamsumo-juodo-atspalvio-plevele-automobiliu-langu-tamsinimui","status":"publish","type":"product","link":"https:\/\/tint.lt\/shop\/preke\/vidutinio-tamsumo-juodo-atspalvio-plevele-automobiliu-langu-tamsinimui\/","title":{"rendered":"Vidutinio tamsumo, juodo atspalvio pl\u0117vel\u0117 automobili\u0173 lang\u0173 tamsinimui"},"content":{"rendered":"\t\t<div data-elementor-type=\"wp-post\" data-elementor-id=\"29056\" class=\"elementor elementor-29056\">\n\t\t\t\t\t\t<section class=\"wd-negative-gap elementor-section elementor-top-section elementor-element elementor-element-fa8d660 elementor-section-boxed elementor-section-height-default elementor-section-height-default\" data-id=\"fa8d660\" data-element_type=\"section\" data-e-type=\"section\">\n\t\t\t\t\t\t<div class=\"elementor-container elementor-column-gap-default\">\n\t\t\t\t\t<div class=\"elementor-column elementor-col-100 elementor-top-column elementor-element elementor-element-cddbdb6\" data-id=\"cddbdb6\" data-element_type=\"column\" data-e-type=\"column\">\n\t\t\t<div class=\"elementor-widget-wrap elementor-element-populated\">\n\t\t\t\t\t\t<div class=\"elementor-element elementor-element-82bc1b9 color-scheme-inherit text-left elementor-widget elementor-widget-text-editor\" data-id=\"82bc1b9\" data-element_type=\"widget\" data-e-type=\"widget\" data-widget_type=\"text-editor.default\">\n\t\t\t\t\t\t\t\t\t<p>Juodos spalvos pl\u0117vel\u0117. \u0160iek tiek daugiau nei vidutinis \u0161viesos pralaidumas, tod\u0117l pakankamai u\u017etamsina galinius stiklus. \u00a0Padengta metal\u0173 kompozitais, tod\u0117l nuo laiko neblunka ir puikiai atspindi saul\u0117s kar\u0161t\u012f. Pats geriausias pasirinkimas tiems, kurie nori ypa\u010d gero matomumo i\u0161 vidaus net ir nakties metu, o i\u0161 lauko pus\u0117s pakankamai daug tamsos, nors s\u0117din\u010di\u0173 automobilyje \u017emoni\u0173 siluetai jau net ir apsiniaukusi\u0105 dien\u0105 \u0161iek tiek persimato.\t\t\t\t\t\t\t\t<\/div>\n\t\t\t\t\t<\/div>\n\t\t<\/div>\n\t\t\t\t\t<\/div>\n\t\t<\/section>\n\t\t\t\t<section class=\"wd-negative-gap elementor-section elementor-top-section elementor-element elementor-element-e70c059 elementor-section-boxed elementor-section-height-default elementor-section-height-default\" data-id=\"e70c059\" data-element_type=\"section\" data-e-type=\"section\" data-settings=\"{&quot;background_background&quot;:&quot;classic&quot;}\">\n\t\t\t\t\t\t<div class=\"elementor-container elementor-column-gap-default\">\n\t\t\t\t\t<div class=\"elementor-column elementor-col-100 elementor-top-column elementor-element elementor-element-5f6e55b\" data-id=\"5f6e55b\" data-element_type=\"column\" data-e-type=\"column\">\n\t\t\t<div class=\"elementor-widget-wrap elementor-element-populated\">\n\t\t\t\t\t\t<div class=\"elementor-element elementor-element-9617125 elementor-vertical-align-middle elementor-widget elementor-widget-image-box\" data-id=\"9617125\" data-element_type=\"widget\" data-e-type=\"widget\" data-widget_type=\"image-box.default\">\n\t\t\t\t\t<div class=\"elementor-image-box-wrapper\"><div class=\"elementor-image-box-content\"><h3 class=\"elementor-image-box-title\">Domina galini\u0173 lang\u0173 tamsinimo paslauga?<\/h3><\/div><\/div>\t\t\t\t<\/div>\n\t\t\t\t<section class=\"wd-negative-gap elementor-section elementor-inner-section elementor-element elementor-element-a7e82cd elementor-section-boxed elementor-section-height-default elementor-section-height-default\" data-id=\"a7e82cd\" data-element_type=\"section\" data-e-type=\"section\">\n\t\t\t\t\t\t<div class=\"elementor-container elementor-column-gap-default\">\n\t\t\t\t\t<div class=\"elementor-column elementor-col-100 elementor-inner-column elementor-element elementor-element-df9327d\" data-id=\"df9327d\" data-element_type=\"column\" data-e-type=\"column\">\n\t\t\t<div class=\"elementor-widget-wrap elementor-element-populated\">\n\t\t\t\t\t\t<div class=\"elementor-element elementor-element-e6a81f3 elementor-align-center elementor-mobile-align-left elementor-widget elementor-widget-button\" data-id=\"e6a81f3\" data-element_type=\"widget\" data-e-type=\"widget\" data-widget_type=\"button.default\">\n\t\t\t\t\t\t\t\t\t\t<a class=\"elementor-button elementor-button-link elementor-size-md elementor-animation-float\" href=\"\/automobiliu-stiklu-tamsinimas\/galiniu-langu-tamsinimas\/\">\n\t\t\t\t\t\t<span class=\"elementor-button-content-wrapper\">\n\t\t\t\t\t\t\t\t\t<span class=\"elementor-button-text\">Su\u017einokite daugiau<\/span>\n\t\t\t\t\t<\/span>\n\t\t\t\t\t<\/a>\n\t\t\t\t\t\t\t\t<\/div>\n\t\t\t\t\t<\/div>\n\t\t<\/div>\n\t\t\t\t\t<\/div>\n\t\t<\/section>\n\t\t\t\t\t<\/div>\n\t\t<\/div>\n\t\t\t\t\t<\/div>\n\t\t<\/section>\n\t\t\t\t<\/div>\n\t\t","protected":false},"excerpt":{"rendered":"<p>Juodos spalvos pl\u0117vel\u0117. \u0160iek tiek daugiau nei vidutinis \u0161viesos pralaidumas, tod\u0117l pakankamai u\u017etamsina galinius stiklus. \u00a0Padengta metal\u0173 kompozitais, tod\u0117l nuo<\/p>\n","protected":false},"featured_media":29152,"comment_status":"closed","ping_status":"closed","template":"","meta":{"_acf_changed":false},"product_brand":[117],"product_cat":[86,85],"product_tag":[],"class_list":{"0":"post-29056","1":"product","2":"type-product","3":"status-publish","4":"has-post-thumbnail","6":"product_brand-protector","7":"product_cat-galiniu-langu-tamsinimui","8":"product_cat-pleveles-automobiliams","10":"first","11":"instock","12":"taxable","13":"shipping-taxable","14":"purchasable","15":"product-type-simple"},"acf":[],"yoast_head":"<!-- This site is optimized with the Yoast SEO plugin v27.5 - https:\/\/yoast.com\/product\/yoast-seo-wordpress\/ -->\n<title>Vidutinio tamsumo, juodo atspalvio pl\u0117vel\u0117 automobili\u0173 lang\u0173 tamsinimui - Tint<\/title>\n<meta name=\"robots\" content=\"index, follow, max-snippet:-1, max-image-preview:large, max-video-preview:-1\" \/>\n<link rel=\"canonical\" href=\"https:\/\/tint.lt\/shop\/preke\/vidutinio-tamsumo-juodo-atspalvio-plevele-automobiliu-langu-tamsinimui\/\" \/>\n<meta property=\"og:locale\" content=\"lt_LT\" \/>\n<meta property=\"og:type\" content=\"article\" \/>\n<meta property=\"og:title\" content=\"Vidutinio tamsumo, juodo atspalvio pl\u0117vel\u0117 automobili\u0173 lang\u0173 tamsinimui - Tint\" \/>\n<meta property=\"og:description\" content=\"Juodos spalvos pl\u0117vel\u0117. \u0160iek tiek daugiau nei vidutinis \u0161viesos pralaidumas, tod\u0117l pakankamai u\u017etamsina galinius stiklus. \u00a0Padengta metal\u0173 kompozitais, tod\u0117l nuo\" \/>\n<meta property=\"og:url\" content=\"https:\/\/tint.lt\/shop\/preke\/vidutinio-tamsumo-juodo-atspalvio-plevele-automobiliu-langu-tamsinimui\/\" \/>\n<meta property=\"og:site_name\" content=\"Tint\" \/>\n<meta property=\"article:modified_time\" content=\"2026-03-27T09:59:10+00:00\" \/>\n<meta property=\"og:image\" content=\"https:\/\/tint.lt\/shop\/wp-content\/uploads\/2026\/02\/HP20.jpg\" \/>\n\t<meta property=\"og:image:width\" content=\"600\" \/>\n\t<meta property=\"og:image:height\" content=\"600\" \/>\n\t<meta property=\"og:image:type\" content=\"image\/jpeg\" \/>\n<meta name=\"twitter:card\" content=\"summary_large_image\" \/>\n<script type=\"application\/ld+json\" class=\"yoast-schema-graph\">{\"@context\":\"https:\\\/\\\/schema.org\",\"@graph\":[{\"@type\":\"WebPage\",\"@id\":\"https:\\\/\\\/tint.lt\\\/shop\\\/preke\\\/vidutinio-tamsumo-juodo-atspalvio-plevele-automobiliu-langu-tamsinimui\\\/\",\"url\":\"https:\\\/\\\/tint.lt\\\/shop\\\/preke\\\/vidutinio-tamsumo-juodo-atspalvio-plevele-automobiliu-langu-tamsinimui\\\/\",\"name\":\"Vidutinio tamsumo, juodo atspalvio pl\u0117vel\u0117 automobili\u0173 lang\u0173 tamsinimui - Tint\",\"isPartOf\":{\"@id\":\"https:\\\/\\\/tint.lt\\\/shop\\\/#website\"},\"primaryImageOfPage\":{\"@id\":\"https:\\\/\\\/tint.lt\\\/shop\\\/preke\\\/vidutinio-tamsumo-juodo-atspalvio-plevele-automobiliu-langu-tamsinimui\\\/#primaryimage\"},\"image\":{\"@id\":\"https:\\\/\\\/tint.lt\\\/shop\\\/preke\\\/vidutinio-tamsumo-juodo-atspalvio-plevele-automobiliu-langu-tamsinimui\\\/#primaryimage\"},\"thumbnailUrl\":\"https:\\\/\\\/tint.lt\\\/shop\\\/wp-content\\\/uploads\\\/2026\\\/02\\\/HP20.jpg\",\"datePublished\":\"2026-02-11T13:10:14+00:00\",\"dateModified\":\"2026-03-27T09:59:10+00:00\",\"breadcrumb\":{\"@id\":\"https:\\\/\\\/tint.lt\\\/shop\\\/preke\\\/vidutinio-tamsumo-juodo-atspalvio-plevele-automobiliu-langu-tamsinimui\\\/#breadcrumb\"},\"inLanguage\":\"lt-LT\",\"potentialAction\":[{\"@type\":\"ReadAction\",\"target\":[\"https:\\\/\\\/tint.lt\\\/shop\\\/preke\\\/vidutinio-tamsumo-juodo-atspalvio-plevele-automobiliu-langu-tamsinimui\\\/\"]}]},{\"@type\":\"ImageObject\",\"inLanguage\":\"lt-LT\",\"@id\":\"https:\\\/\\\/tint.lt\\\/shop\\\/preke\\\/vidutinio-tamsumo-juodo-atspalvio-plevele-automobiliu-langu-tamsinimui\\\/#primaryimage\",\"url\":\"https:\\\/\\\/tint.lt\\\/shop\\\/wp-content\\\/uploads\\\/2026\\\/02\\\/HP20.jpg\",\"contentUrl\":\"https:\\\/\\\/tint.lt\\\/shop\\\/wp-content\\\/uploads\\\/2026\\\/02\\\/HP20.jpg\",\"width\":600,\"height\":600},{\"@type\":\"BreadcrumbList\",\"@id\":\"https:\\\/\\\/tint.lt\\\/shop\\\/preke\\\/vidutinio-tamsumo-juodo-atspalvio-plevele-automobiliu-langu-tamsinimui\\\/#breadcrumb\",\"itemListElement\":[{\"@type\":\"ListItem\",\"position\":1,\"name\":\"Home\",\"item\":\"https:\\\/\\\/tint.lt\\\/shop\\\/\"},{\"@type\":\"ListItem\",\"position\":2,\"name\":\"Parduotuv\u0117\",\"item\":\"https:\\\/\\\/tint.lt\\\/shop\\\/produktai\\\/\"},{\"@type\":\"ListItem\",\"position\":3,\"name\":\"Vidutinio tamsumo, juodo atspalvio pl\u0117vel\u0117 automobili\u0173 lang\u0173 tamsinimui\"}]},{\"@type\":\"WebSite\",\"@id\":\"https:\\\/\\\/tint.lt\\\/shop\\\/#website\",\"url\":\"https:\\\/\\\/tint.lt\\\/shop\\\/\",\"name\":\"Tint.lt\",\"description\":\"El. parduotuv\u0117\",\"publisher\":{\"@id\":\"https:\\\/\\\/tint.lt\\\/shop\\\/#organization\"},\"potentialAction\":[{\"@type\":\"SearchAction\",\"target\":{\"@type\":\"EntryPoint\",\"urlTemplate\":\"https:\\\/\\\/tint.lt\\\/shop\\\/?s={search_term_string}\"},\"query-input\":{\"@type\":\"PropertyValueSpecification\",\"valueRequired\":true,\"valueName\":\"search_term_string\"}}],\"inLanguage\":\"lt-LT\"},{\"@type\":\"Organization\",\"@id\":\"https:\\\/\\\/tint.lt\\\/shop\\\/#organization\",\"name\":\"Tint.lt\",\"url\":\"https:\\\/\\\/tint.lt\\\/shop\\\/\",\"logo\":{\"@type\":\"ImageObject\",\"inLanguage\":\"lt-LT\",\"@id\":\"https:\\\/\\\/tint.lt\\\/shop\\\/#\\\/schema\\\/logo\\\/image\\\/\",\"url\":\"https:\\\/\\\/tint.lt\\\/shop\\\/wp-content\\\/uploads\\\/2026\\\/02\\\/TINT_lipnios_pleveles_profesionalams_grey.png\",\"contentUrl\":\"https:\\\/\\\/tint.lt\\\/shop\\\/wp-content\\\/uploads\\\/2026\\\/02\\\/TINT_lipnios_pleveles_profesionalams_grey.png\",\"width\":1265,\"height\":460,\"caption\":\"Tint.lt\"},\"image\":{\"@id\":\"https:\\\/\\\/tint.lt\\\/shop\\\/#\\\/schema\\\/logo\\\/image\\\/\"}}]}<\/script>\n<!-- \/ Yoast SEO plugin. -->","yoast_head_json":{"title":"Vidutinio tamsumo, juodo atspalvio pl\u0117vel\u0117 automobili\u0173 lang\u0173 tamsinimui - Tint","robots":{"index":"index","follow":"follow","max-snippet":"max-snippet:-1","max-image-preview":"max-image-preview:large","max-video-preview":"max-video-preview:-1"},"canonical":"https:\/\/tint.lt\/shop\/preke\/vidutinio-tamsumo-juodo-atspalvio-plevele-automobiliu-langu-tamsinimui\/","og_locale":"lt_LT","og_type":"article","og_title":"Vidutinio tamsumo, juodo atspalvio pl\u0117vel\u0117 automobili\u0173 lang\u0173 tamsinimui - Tint","og_description":"Juodos spalvos pl\u0117vel\u0117. \u0160iek tiek daugiau nei vidutinis \u0161viesos pralaidumas, tod\u0117l pakankamai u\u017etamsina galinius stiklus. \u00a0Padengta metal\u0173 kompozitais, tod\u0117l nuo","og_url":"https:\/\/tint.lt\/shop\/preke\/vidutinio-tamsumo-juodo-atspalvio-plevele-automobiliu-langu-tamsinimui\/","og_site_name":"Tint","article_modified_time":"2026-03-27T09:59:10+00:00","og_image":[{"width":600,"height":600,"url":"https:\/\/tint.lt\/shop\/wp-content\/uploads\/2026\/02\/HP20.jpg","type":"image\/jpeg"}],"twitter_card":"summary_large_image","schema":{"@context":"https:\/\/schema.org","@graph":[{"@type":"WebPage","@id":"https:\/\/tint.lt\/shop\/preke\/vidutinio-tamsumo-juodo-atspalvio-plevele-automobiliu-langu-tamsinimui\/","url":"https:\/\/tint.lt\/shop\/preke\/vidutinio-tamsumo-juodo-atspalvio-plevele-automobiliu-langu-tamsinimui\/","name":"Vidutinio tamsumo, juodo atspalvio pl\u0117vel\u0117 automobili\u0173 lang\u0173 tamsinimui - Tint","isPartOf":{"@id":"https:\/\/tint.lt\/shop\/#website"},"primaryImageOfPage":{"@id":"https:\/\/tint.lt\/shop\/preke\/vidutinio-tamsumo-juodo-atspalvio-plevele-automobiliu-langu-tamsinimui\/#primaryimage"},"image":{"@id":"https:\/\/tint.lt\/shop\/preke\/vidutinio-tamsumo-juodo-atspalvio-plevele-automobiliu-langu-tamsinimui\/#primaryimage"},"thumbnailUrl":"https:\/\/tint.lt\/shop\/wp-content\/uploads\/2026\/02\/HP20.jpg","datePublished":"2026-02-11T13:10:14+00:00","dateModified":"2026-03-27T09:59:10+00:00","breadcrumb":{"@id":"https:\/\/tint.lt\/shop\/preke\/vidutinio-tamsumo-juodo-atspalvio-plevele-automobiliu-langu-tamsinimui\/#breadcrumb"},"inLanguage":"lt-LT","potentialAction":[{"@type":"ReadAction","target":["https:\/\/tint.lt\/shop\/preke\/vidutinio-tamsumo-juodo-atspalvio-plevele-automobiliu-langu-tamsinimui\/"]}]},{"@type":"ImageObject","inLanguage":"lt-LT","@id":"https:\/\/tint.lt\/shop\/preke\/vidutinio-tamsumo-juodo-atspalvio-plevele-automobiliu-langu-tamsinimui\/#primaryimage","url":"https:\/\/tint.lt\/shop\/wp-content\/uploads\/2026\/02\/HP20.jpg","contentUrl":"https:\/\/tint.lt\/shop\/wp-content\/uploads\/2026\/02\/HP20.jpg","width":600,"height":600},{"@type":"BreadcrumbList","@id":"https:\/\/tint.lt\/shop\/preke\/vidutinio-tamsumo-juodo-atspalvio-plevele-automobiliu-langu-tamsinimui\/#breadcrumb","itemListElement":[{"@type":"ListItem","position":1,"name":"Home","item":"https:\/\/tint.lt\/shop\/"},{"@type":"ListItem","position":2,"name":"Parduotuv\u0117","item":"https:\/\/tint.lt\/shop\/produktai\/"},{"@type":"ListItem","position":3,"name":"Vidutinio tamsumo, juodo atspalvio pl\u0117vel\u0117 automobili\u0173 lang\u0173 tamsinimui"}]},{"@type":"WebSite","@id":"https:\/\/tint.lt\/shop\/#website","url":"https:\/\/tint.lt\/shop\/","name":"Tint.lt","description":"El. parduotuv\u0117","publisher":{"@id":"https:\/\/tint.lt\/shop\/#organization"},"potentialAction":[{"@type":"SearchAction","target":{"@type":"EntryPoint","urlTemplate":"https:\/\/tint.lt\/shop\/?s={search_term_string}"},"query-input":{"@type":"PropertyValueSpecification","valueRequired":true,"valueName":"search_term_string"}}],"inLanguage":"lt-LT"},{"@type":"Organization","@id":"https:\/\/tint.lt\/shop\/#organization","name":"Tint.lt","url":"https:\/\/tint.lt\/shop\/","logo":{"@type":"ImageObject","inLanguage":"lt-LT","@id":"https:\/\/tint.lt\/shop\/#\/schema\/logo\/image\/","url":"https:\/\/tint.lt\/shop\/wp-content\/uploads\/2026\/02\/TINT_lipnios_pleveles_profesionalams_grey.png","contentUrl":"https:\/\/tint.lt\/shop\/wp-content\/uploads\/2026\/02\/TINT_lipnios_pleveles_profesionalams_grey.png","width":1265,"height":460,"caption":"Tint.lt"},"image":{"@id":"https:\/\/tint.lt\/shop\/#\/schema\/logo\/image\/"}}]}},"_links":{"self":[{"href":"https:\/\/tint.lt\/shop\/wp-json\/wp\/v2\/product\/29056","targetHints":{"allow":["GET"]}}],"collection":[{"href":"https:\/\/tint.lt\/shop\/wp-json\/wp\/v2\/product"}],"about":[{"href":"https:\/\/tint.lt\/shop\/wp-json\/wp\/v2\/types\/product"}],"replies":[{"embeddable":true,"href":"https:\/\/tint.lt\/shop\/wp-json\/wp\/v2\/comments?post=29056"}],"version-history":[{"count":3,"href":"https:\/\/tint.lt\/shop\/wp-json\/wp\/v2\/product\/29056\/revisions"}],"predecessor-version":[{"id":30810,"href":"https:\/\/tint.lt\/shop\/wp-json\/wp\/v2\/product\/29056\/revisions\/30810"}],"wp:featuredmedia":[{"embeddable":true,"href":"https:\/\/tint.lt\/shop\/wp-json\/wp\/v2\/media\/29152"}],"wp:attachment":[{"href":"https:\/\/tint.lt\/shop\/wp-json\/wp\/v2\/media?parent=29056"}],"wp:term":[{"taxonomy":"product_brand","embeddable":true,"href":"https:\/\/tint.lt\/shop\/wp-json\/wp\/v2\/product_brand?post=29056"},{"taxonomy":"product_cat","embeddable":true,"href":"https:\/\/tint.lt\/shop\/wp-json\/wp\/v2\/product_cat?post=29056"},{"taxonomy":"product_tag","embeddable":true,"href":"https:\/\/tint.lt\/shop\/wp-json\/wp\/v2\/product_tag?post=29056"}],"curies":[{"name":"wp","href":"https:\/\/api.w.org\/{rel}","templated":true}]}}