{"id":29128,"date":"2026-02-11T15:10:38","date_gmt":"2026-02-11T13:10:38","guid":{"rendered":"https:\/\/tint.lt\/shop\/?post_type=product&#038;p=29128"},"modified":"2026-05-15T03:00:16","modified_gmt":"2026-05-15T00:00:16","slug":"profesionali-kieta-gumine-braukle-su-patogia-rankena-vandens-isstumimui-25-x-15-cm","status":"publish","type":"product","link":"https:\/\/tint.lt\/shop\/preke\/profesionali-kieta-gumine-braukle-su-patogia-rankena-vandens-isstumimui-25-x-15-cm\/","title":{"rendered":"Profesionali kieta gumin\u0117 braukl\u0117 su patogia rankena vandens i\u0161st\u016bmimui 25 x 15 (cm)"},"content":{"rendered":"\t\t<div data-elementor-type=\"wp-post\" data-elementor-id=\"29128\" class=\"elementor elementor-29128\">\n\t\t\t\t<div class=\"wd-negative-gap elementor-element elementor-element-15c0f1ae e-flex e-con-boxed e-con e-parent\" data-id=\"15c0f1ae\" data-element_type=\"container\" data-e-type=\"container\">\n\t\t\t\t\t<div class=\"e-con-inner\">\n\t\t\t\t<div class=\"elementor-element elementor-element-6745221a color-scheme-inherit text-left elementor-widget elementor-widget-text-editor\" data-id=\"6745221a\" data-element_type=\"widget\" data-e-type=\"widget\" data-widget_type=\"text-editor.default\">\n\t\t\t\t\t\t\t\t\t<p>Lang\u0173 tamsinimo pl\u0117vel\u0117s klijavimui skirtas profesionalus \u012frankis. Komplekte esanti guma yra pakankamai kieta, ta\u010diau nebrai\u017eo pl\u0117vel\u0117s pavir\u0161iaus. Maksimaliai i\u0161stumiamas vanduo d\u0117l jos kietumo ir prispaudimo j\u0117gos naudojantis \u012frankiu.<\/p><p>\u012eprastai yra naudojama vis\u0173 tip\u0173 lang\u0173 tamsinimo pl\u0117vel\u0117ms klijuoti, \u012fskaitant ir matines-&#8222;\u0161erk\u0161no&#8221; pl\u0117veles.\u00a0<\/p>\t\t\t\t\t\t\t\t<\/div>\n\t\t\t\t\t<\/div>\n\t\t\t\t<\/div>\n\t\t\t\t<\/div>\n\t\t","protected":false},"excerpt":{"rendered":"<p>Lang\u0173 tamsinimo pl\u0117vel\u0117s klijavimui skirtas profesionalus \u012frankis. Komplekte esanti guma yra pakankamai kieta, ta\u010diau nebrai\u017eo pl\u0117vel\u0117s pavir\u0161iaus. Maksimaliai i\u0161stumiamas vanduo<\/p>\n","protected":false},"featured_media":29224,"comment_status":"closed","ping_status":"closed","template":"","meta":{"_acf_changed":false},"product_brand":[],"product_cat":[119,90],"product_tag":[],"class_list":{"0":"post-29128","1":"product","2":"type-product","3":"status-publish","4":"has-post-thumbnail","6":"product_cat-braukles","7":"product_cat-irankiai-ir-priemones-pleveliu-klijavimui","9":"first","10":"instock","11":"taxable","12":"shipping-taxable","13":"purchasable","14":"product-type-simple"},"acf":[],"yoast_head":"<!-- This site is optimized with the Yoast SEO plugin v27.5 - https:\/\/yoast.com\/product\/yoast-seo-wordpress\/ -->\n<title>Pl\u0117vel\u0117s klijavimo \u012franki\u0173 komplektas - tint.lt<\/title>\n<meta name=\"description\" content=\"Pl\u0117vel\u0117s klijavimo \u012franki\u0173 komplektas &quot;KIT1&quot;.\u00a0 Tinkami matin\u0117ms ir veidrodin\u0117ms pl\u0117vel\u0117ms klijuoti. Komplekt\u0105 sudaro 5 dalys.\" \/>\n<meta name=\"robots\" content=\"index, follow, max-snippet:-1, max-image-preview:large, max-video-preview:-1\" \/>\n<link rel=\"canonical\" href=\"https:\/\/tint.lt\/shop\/preke\/profesionali-kieta-gumine-braukle-su-patogia-rankena-vandens-isstumimui-25-x-15-cm\/\" \/>\n<meta property=\"og:locale\" content=\"lt_LT\" \/>\n<meta property=\"og:type\" content=\"article\" \/>\n<meta property=\"og:title\" content=\"Pl\u0117vel\u0117s klijavimo \u012franki\u0173 komplektas - tint.lt\" \/>\n<meta property=\"og:description\" content=\"Pl\u0117vel\u0117s klijavimo \u012franki\u0173 komplektas &quot;KIT1&quot;.\u00a0 Tinkami matin\u0117ms ir veidrodin\u0117ms pl\u0117vel\u0117ms klijuoti. Komplekt\u0105 sudaro 5 dalys.\" \/>\n<meta property=\"og:url\" content=\"https:\/\/tint.lt\/shop\/preke\/profesionali-kieta-gumine-braukle-su-patogia-rankena-vandens-isstumimui-25-x-15-cm\/\" \/>\n<meta property=\"og:site_name\" content=\"Tint\" \/>\n<meta property=\"article:modified_time\" content=\"2026-05-15T00:00:16+00:00\" \/>\n<meta property=\"og:image\" content=\"https:\/\/tint.lt\/shop\/wp-content\/uploads\/2026\/02\/1010.jpg\" \/>\n\t<meta property=\"og:image:width\" content=\"600\" \/>\n\t<meta property=\"og:image:height\" content=\"600\" \/>\n\t<meta property=\"og:image:type\" content=\"image\/jpeg\" \/>\n<meta name=\"twitter:card\" content=\"summary_large_image\" \/>\n<meta name=\"twitter:label1\" content=\"Est. reading time\" \/>\n\t<meta name=\"twitter:data1\" content=\"1 minut\u0117\" \/>\n<script type=\"application\/ld+json\" class=\"yoast-schema-graph\">{\"@context\":\"https:\\\/\\\/schema.org\",\"@graph\":[{\"@type\":\"WebPage\",\"@id\":\"https:\\\/\\\/tint.lt\\\/shop\\\/preke\\\/profesionali-kieta-gumine-braukle-su-patogia-rankena-vandens-isstumimui-25-x-15-cm\\\/\",\"url\":\"https:\\\/\\\/tint.lt\\\/shop\\\/preke\\\/profesionali-kieta-gumine-braukle-su-patogia-rankena-vandens-isstumimui-25-x-15-cm\\\/\",\"name\":\"Pl\u0117vel\u0117s klijavimo \u012franki\u0173 komplektas - tint.lt\",\"isPartOf\":{\"@id\":\"https:\\\/\\\/tint.lt\\\/shop\\\/#website\"},\"primaryImageOfPage\":{\"@id\":\"https:\\\/\\\/tint.lt\\\/shop\\\/preke\\\/profesionali-kieta-gumine-braukle-su-patogia-rankena-vandens-isstumimui-25-x-15-cm\\\/#primaryimage\"},\"image\":{\"@id\":\"https:\\\/\\\/tint.lt\\\/shop\\\/preke\\\/profesionali-kieta-gumine-braukle-su-patogia-rankena-vandens-isstumimui-25-x-15-cm\\\/#primaryimage\"},\"thumbnailUrl\":\"https:\\\/\\\/tint.lt\\\/shop\\\/wp-content\\\/uploads\\\/2026\\\/02\\\/1010.jpg\",\"datePublished\":\"2026-02-11T13:10:38+00:00\",\"dateModified\":\"2026-05-15T00:00:16+00:00\",\"description\":\"Pl\u0117vel\u0117s klijavimo \u012franki\u0173 komplektas \\\"KIT1\\\".\u00a0 Tinkami matin\u0117ms ir veidrodin\u0117ms pl\u0117vel\u0117ms klijuoti. Komplekt\u0105 sudaro 5 dalys.\",\"breadcrumb\":{\"@id\":\"https:\\\/\\\/tint.lt\\\/shop\\\/preke\\\/profesionali-kieta-gumine-braukle-su-patogia-rankena-vandens-isstumimui-25-x-15-cm\\\/#breadcrumb\"},\"inLanguage\":\"lt-LT\",\"potentialAction\":[{\"@type\":\"ReadAction\",\"target\":[\"https:\\\/\\\/tint.lt\\\/shop\\\/preke\\\/profesionali-kieta-gumine-braukle-su-patogia-rankena-vandens-isstumimui-25-x-15-cm\\\/\"]}]},{\"@type\":\"ImageObject\",\"inLanguage\":\"lt-LT\",\"@id\":\"https:\\\/\\\/tint.lt\\\/shop\\\/preke\\\/profesionali-kieta-gumine-braukle-su-patogia-rankena-vandens-isstumimui-25-x-15-cm\\\/#primaryimage\",\"url\":\"https:\\\/\\\/tint.lt\\\/shop\\\/wp-content\\\/uploads\\\/2026\\\/02\\\/1010.jpg\",\"contentUrl\":\"https:\\\/\\\/tint.lt\\\/shop\\\/wp-content\\\/uploads\\\/2026\\\/02\\\/1010.jpg\",\"width\":600,\"height\":600},{\"@type\":\"BreadcrumbList\",\"@id\":\"https:\\\/\\\/tint.lt\\\/shop\\\/preke\\\/profesionali-kieta-gumine-braukle-su-patogia-rankena-vandens-isstumimui-25-x-15-cm\\\/#breadcrumb\",\"itemListElement\":[{\"@type\":\"ListItem\",\"position\":1,\"name\":\"Home\",\"item\":\"https:\\\/\\\/tint.lt\\\/shop\\\/\"},{\"@type\":\"ListItem\",\"position\":2,\"name\":\"Parduotuv\u0117\",\"item\":\"https:\\\/\\\/tint.lt\\\/shop\\\/produktai\\\/\"},{\"@type\":\"ListItem\",\"position\":3,\"name\":\"Profesionali kieta gumin\u0117 braukl\u0117 su patogia rankena vandens i\u0161st\u016bmimui 25 x 15 (cm)\"}]},{\"@type\":\"WebSite\",\"@id\":\"https:\\\/\\\/tint.lt\\\/shop\\\/#website\",\"url\":\"https:\\\/\\\/tint.lt\\\/shop\\\/\",\"name\":\"Tint.lt\",\"description\":\"El. parduotuv\u0117\",\"publisher\":{\"@id\":\"https:\\\/\\\/tint.lt\\\/shop\\\/#organization\"},\"potentialAction\":[{\"@type\":\"SearchAction\",\"target\":{\"@type\":\"EntryPoint\",\"urlTemplate\":\"https:\\\/\\\/tint.lt\\\/shop\\\/?s={search_term_string}\"},\"query-input\":{\"@type\":\"PropertyValueSpecification\",\"valueRequired\":true,\"valueName\":\"search_term_string\"}}],\"inLanguage\":\"lt-LT\"},{\"@type\":\"Organization\",\"@id\":\"https:\\\/\\\/tint.lt\\\/shop\\\/#organization\",\"name\":\"Tint.lt\",\"url\":\"https:\\\/\\\/tint.lt\\\/shop\\\/\",\"logo\":{\"@type\":\"ImageObject\",\"inLanguage\":\"lt-LT\",\"@id\":\"https:\\\/\\\/tint.lt\\\/shop\\\/#\\\/schema\\\/logo\\\/image\\\/\",\"url\":\"https:\\\/\\\/tint.lt\\\/shop\\\/wp-content\\\/uploads\\\/2026\\\/02\\\/TINT_lipnios_pleveles_profesionalams_grey.png\",\"contentUrl\":\"https:\\\/\\\/tint.lt\\\/shop\\\/wp-content\\\/uploads\\\/2026\\\/02\\\/TINT_lipnios_pleveles_profesionalams_grey.png\",\"width\":1265,\"height\":460,\"caption\":\"Tint.lt\"},\"image\":{\"@id\":\"https:\\\/\\\/tint.lt\\\/shop\\\/#\\\/schema\\\/logo\\\/image\\\/\"}}]}<\/script>\n<!-- \/ Yoast SEO plugin. -->","yoast_head_json":{"title":"Pl\u0117vel\u0117s klijavimo \u012franki\u0173 komplektas - tint.lt","description":"Pl\u0117vel\u0117s klijavimo \u012franki\u0173 komplektas \"KIT1\".\u00a0 Tinkami matin\u0117ms ir veidrodin\u0117ms pl\u0117vel\u0117ms klijuoti. Komplekt\u0105 sudaro 5 dalys.","robots":{"index":"index","follow":"follow","max-snippet":"max-snippet:-1","max-image-preview":"max-image-preview:large","max-video-preview":"max-video-preview:-1"},"canonical":"https:\/\/tint.lt\/shop\/preke\/profesionali-kieta-gumine-braukle-su-patogia-rankena-vandens-isstumimui-25-x-15-cm\/","og_locale":"lt_LT","og_type":"article","og_title":"Pl\u0117vel\u0117s klijavimo \u012franki\u0173 komplektas - tint.lt","og_description":"Pl\u0117vel\u0117s klijavimo \u012franki\u0173 komplektas \"KIT1\".\u00a0 Tinkami matin\u0117ms ir veidrodin\u0117ms pl\u0117vel\u0117ms klijuoti. Komplekt\u0105 sudaro 5 dalys.","og_url":"https:\/\/tint.lt\/shop\/preke\/profesionali-kieta-gumine-braukle-su-patogia-rankena-vandens-isstumimui-25-x-15-cm\/","og_site_name":"Tint","article_modified_time":"2026-05-15T00:00:16+00:00","og_image":[{"width":600,"height":600,"url":"https:\/\/tint.lt\/shop\/wp-content\/uploads\/2026\/02\/1010.jpg","type":"image\/jpeg"}],"twitter_card":"summary_large_image","twitter_misc":{"Est. reading time":"1 minut\u0117"},"schema":{"@context":"https:\/\/schema.org","@graph":[{"@type":"WebPage","@id":"https:\/\/tint.lt\/shop\/preke\/profesionali-kieta-gumine-braukle-su-patogia-rankena-vandens-isstumimui-25-x-15-cm\/","url":"https:\/\/tint.lt\/shop\/preke\/profesionali-kieta-gumine-braukle-su-patogia-rankena-vandens-isstumimui-25-x-15-cm\/","name":"Pl\u0117vel\u0117s klijavimo \u012franki\u0173 komplektas - tint.lt","isPartOf":{"@id":"https:\/\/tint.lt\/shop\/#website"},"primaryImageOfPage":{"@id":"https:\/\/tint.lt\/shop\/preke\/profesionali-kieta-gumine-braukle-su-patogia-rankena-vandens-isstumimui-25-x-15-cm\/#primaryimage"},"image":{"@id":"https:\/\/tint.lt\/shop\/preke\/profesionali-kieta-gumine-braukle-su-patogia-rankena-vandens-isstumimui-25-x-15-cm\/#primaryimage"},"thumbnailUrl":"https:\/\/tint.lt\/shop\/wp-content\/uploads\/2026\/02\/1010.jpg","datePublished":"2026-02-11T13:10:38+00:00","dateModified":"2026-05-15T00:00:16+00:00","description":"Pl\u0117vel\u0117s klijavimo \u012franki\u0173 komplektas \"KIT1\".\u00a0 Tinkami matin\u0117ms ir veidrodin\u0117ms pl\u0117vel\u0117ms klijuoti. Komplekt\u0105 sudaro 5 dalys.","breadcrumb":{"@id":"https:\/\/tint.lt\/shop\/preke\/profesionali-kieta-gumine-braukle-su-patogia-rankena-vandens-isstumimui-25-x-15-cm\/#breadcrumb"},"inLanguage":"lt-LT","potentialAction":[{"@type":"ReadAction","target":["https:\/\/tint.lt\/shop\/preke\/profesionali-kieta-gumine-braukle-su-patogia-rankena-vandens-isstumimui-25-x-15-cm\/"]}]},{"@type":"ImageObject","inLanguage":"lt-LT","@id":"https:\/\/tint.lt\/shop\/preke\/profesionali-kieta-gumine-braukle-su-patogia-rankena-vandens-isstumimui-25-x-15-cm\/#primaryimage","url":"https:\/\/tint.lt\/shop\/wp-content\/uploads\/2026\/02\/1010.jpg","contentUrl":"https:\/\/tint.lt\/shop\/wp-content\/uploads\/2026\/02\/1010.jpg","width":600,"height":600},{"@type":"BreadcrumbList","@id":"https:\/\/tint.lt\/shop\/preke\/profesionali-kieta-gumine-braukle-su-patogia-rankena-vandens-isstumimui-25-x-15-cm\/#breadcrumb","itemListElement":[{"@type":"ListItem","position":1,"name":"Home","item":"https:\/\/tint.lt\/shop\/"},{"@type":"ListItem","position":2,"name":"Parduotuv\u0117","item":"https:\/\/tint.lt\/shop\/produktai\/"},{"@type":"ListItem","position":3,"name":"Profesionali kieta gumin\u0117 braukl\u0117 su patogia rankena vandens i\u0161st\u016bmimui 25 x 15 (cm)"}]},{"@type":"WebSite","@id":"https:\/\/tint.lt\/shop\/#website","url":"https:\/\/tint.lt\/shop\/","name":"Tint.lt","description":"El. parduotuv\u0117","publisher":{"@id":"https:\/\/tint.lt\/shop\/#organization"},"potentialAction":[{"@type":"SearchAction","target":{"@type":"EntryPoint","urlTemplate":"https:\/\/tint.lt\/shop\/?s={search_term_string}"},"query-input":{"@type":"PropertyValueSpecification","valueRequired":true,"valueName":"search_term_string"}}],"inLanguage":"lt-LT"},{"@type":"Organization","@id":"https:\/\/tint.lt\/shop\/#organization","name":"Tint.lt","url":"https:\/\/tint.lt\/shop\/","logo":{"@type":"ImageObject","inLanguage":"lt-LT","@id":"https:\/\/tint.lt\/shop\/#\/schema\/logo\/image\/","url":"https:\/\/tint.lt\/shop\/wp-content\/uploads\/2026\/02\/TINT_lipnios_pleveles_profesionalams_grey.png","contentUrl":"https:\/\/tint.lt\/shop\/wp-content\/uploads\/2026\/02\/TINT_lipnios_pleveles_profesionalams_grey.png","width":1265,"height":460,"caption":"Tint.lt"},"image":{"@id":"https:\/\/tint.lt\/shop\/#\/schema\/logo\/image\/"}}]}},"_links":{"self":[{"href":"https:\/\/tint.lt\/shop\/wp-json\/wp\/v2\/product\/29128","targetHints":{"allow":["GET"]}}],"collection":[{"href":"https:\/\/tint.lt\/shop\/wp-json\/wp\/v2\/product"}],"about":[{"href":"https:\/\/tint.lt\/shop\/wp-json\/wp\/v2\/types\/product"}],"replies":[{"embeddable":true,"href":"https:\/\/tint.lt\/shop\/wp-json\/wp\/v2\/comments?post=29128"}],"version-history":[{"count":5,"href":"https:\/\/tint.lt\/shop\/wp-json\/wp\/v2\/product\/29128\/revisions"}],"predecessor-version":[{"id":30633,"href":"https:\/\/tint.lt\/shop\/wp-json\/wp\/v2\/product\/29128\/revisions\/30633"}],"wp:featuredmedia":[{"embeddable":true,"href":"https:\/\/tint.lt\/shop\/wp-json\/wp\/v2\/media\/29224"}],"wp:attachment":[{"href":"https:\/\/tint.lt\/shop\/wp-json\/wp\/v2\/media?parent=29128"}],"wp:term":[{"taxonomy":"product_brand","embeddable":true,"href":"https:\/\/tint.lt\/shop\/wp-json\/wp\/v2\/product_brand?post=29128"},{"taxonomy":"product_cat","embeddable":true,"href":"https:\/\/tint.lt\/shop\/wp-json\/wp\/v2\/product_cat?post=29128"},{"taxonomy":"product_tag","embeddable":true,"href":"https:\/\/tint.lt\/shop\/wp-json\/wp\/v2\/product_tag?post=29128"}],"curies":[{"name":"wp","href":"https:\/\/api.w.org\/{rel}","templated":true}]}}