{"id":29195,"date":"2026-02-11T15:10:59","date_gmt":"2026-02-11T13:10:59","guid":{"rendered":"https:\/\/tint.lt\/shop\/?post_type=product&#038;p=29195"},"modified":"2026-05-05T12:45:43","modified_gmt":"2026-05-05T09:45:43","slug":"shadow-line-chromo-apklijavimo-juoda-blizgi-viniline-plevele-rulonelis-4-5cm-x-25m","status":"publish","type":"product","link":"https:\/\/tint.lt\/shop\/preke\/shadow-line-chromo-apklijavimo-juoda-blizgi-viniline-plevele-rulonelis-4-5cm-x-25m\/","title":{"rendered":"&#8222;Shadow line&#8221; chromo apklijavimo juoda blizgi vinilin\u0117 pl\u0117vel\u0117, rulon\u0117lis 4.5cm x 25m"},"content":{"rendered":"\t\t<div data-elementor-type=\"wp-post\" data-elementor-id=\"29195\" class=\"elementor elementor-29195\">\n\t\t\t\t\t\t<section class=\"wd-negative-gap elementor-section elementor-top-section elementor-element elementor-element-406ba43 elementor-section-boxed elementor-section-height-default elementor-section-height-default\" data-id=\"406ba43\" data-element_type=\"section\" data-e-type=\"section\">\n\t\t\t\t\t\t<div class=\"elementor-container elementor-column-gap-default\">\n\t\t\t\t\t<div class=\"elementor-column elementor-col-100 elementor-top-column elementor-element elementor-element-aa1821b\" data-id=\"aa1821b\" data-element_type=\"column\" data-e-type=\"column\">\n\t\t\t<div class=\"elementor-widget-wrap elementor-element-populated\">\n\t\t\t\t\t\t<div class=\"elementor-element elementor-element-ad85026 color-scheme-inherit text-left elementor-widget elementor-widget-text-editor\" data-id=\"ad85026\" data-element_type=\"widget\" data-e-type=\"widget\" data-widget_type=\"text-editor.default\">\n\t\t\t\t\t\t\t\t\t<p>Auk\u0161tos kokyb\u0117s vinilin\u0117 pl\u0117vel\u0117 skirta apklijuoti automobilio i\u0161orines chromuotas dalis (gali b\u016bti ir klijuojamos kitos da\u017eytos detal\u0117s)\u00a0Pl\u0117vel\u0117 \u012fprastai yra klijuojama pvz. ant chromuot\u0173 apdailos detali\u0173, kurios b\u016bna prie lang\u0173, t.y apvadai aplink langus ir kt.<\/p>\t\t\t\t\t\t\t\t<\/div>\n\t\t\t\t\t<\/div>\n\t\t<\/div>\n\t\t\t\t\t<\/div>\n\t\t<\/section>\n\t\t<div class=\"wd-negative-gap elementor-element elementor-element-b2733ad e-flex e-con-boxed e-con e-parent\" data-id=\"b2733ad\" data-element_type=\"container\" data-e-type=\"container\">\n\t\t\t\t\t<div class=\"e-con-inner\">\n\t\t\t\t<div class=\"elementor-element elementor-element-a363f03 elementor-widget elementor-widget-spacer\" data-id=\"a363f03\" data-element_type=\"widget\" data-e-type=\"widget\" data-widget_type=\"spacer.default\">\n\t\t\t\t\t\t\t<div class=\"elementor-spacer\">\n\t\t\t<div class=\"elementor-spacer-inner\"><\/div>\n\t\t<\/div>\n\t\t\t\t\t\t<\/div>\n\t\t\t\t<div class=\"elementor-element elementor-element-30b3307 wd-width-100 elementor-widget elementor-widget-wd_title\" data-id=\"30b3307\" data-element_type=\"widget\" data-e-type=\"widget\" data-widget_type=\"wd_title.default\">\n\t\t\t\t<div class=\"elementor-widget-container\">\n\t\t\t\t\t\t\t<div class=\"title-wrapper wd-set-mb reset-last-child wd-title-color-default wd-title-style-default wd-title-size-default text-left\">\n\n\t\t\t\n\t\t\t<div class=\"liner-continer\">\n\t\t\t\t<h4 class=\"woodmart-title-container title wd-fontsize-l\">Domina automobilio chromuot\u0173 detali\u0173 apklijavimo paslauga?<\/h4> \n\t\t\t\t\t\t\t<\/div>\n\n\t\t\t\t\t\t\t<div class=\"title-after_title reset-last-child wd-fontsize-xs\">\n\t\t\t\t\t<p>Profesionaliai apklijuosime j\u016bs\u0173 automobilio stiklus<\/p>\t\t\t\t<\/div>\n\t\t\t\t\t<\/div>\n\t\t\t\t\t\t<\/div>\n\t\t\t\t<\/div>\n\t\t\t\t<div class=\"elementor-element elementor-element-13f702f elementor-widget elementor-widget-spacer\" data-id=\"13f702f\" data-element_type=\"widget\" data-e-type=\"widget\" data-widget_type=\"spacer.default\">\n\t\t\t\t\t\t\t<div class=\"elementor-spacer\">\n\t\t\t<div class=\"elementor-spacer-inner\"><\/div>\n\t\t<\/div>\n\t\t\t\t\t\t<\/div>\n\t\t\t\t\t<\/div>\n\t\t\t\t<\/div>\n\t\t<div class=\"wd-negative-gap elementor-element elementor-element-3cbe1d3 e-flex e-con-boxed e-con e-parent\" data-id=\"3cbe1d3\" data-element_type=\"container\" data-e-type=\"container\">\n\t\t\t\t\t<div class=\"e-con-inner\">\n\t\t\t\t<div class=\"elementor-element elementor-element-34e40b9 elementor-align-left elementor-widget elementor-widget-button\" data-id=\"34e40b9\" data-element_type=\"widget\" data-e-type=\"widget\" data-widget_type=\"button.default\">\n\t\t\t\t\t\t\t\t\t\t<a class=\"elementor-button elementor-button-link elementor-size-sm\" href=\"http:\/\/www.tint.lt\/automobiliu-apklijavimas\/chromuotu-detaliu-apklijavimas-shadow-line\/\">\n\t\t\t\t\t\t<span class=\"elementor-button-content-wrapper\">\n\t\t\t\t\t\t\t\t\t<span class=\"elementor-button-text\">Su\u017einokite daugiau<\/span>\n\t\t\t\t\t<\/span>\n\t\t\t\t\t<\/a>\n\t\t\t\t\t\t\t\t<\/div>\n\t\t\t\t\t<\/div>\n\t\t\t\t<\/div>\n\t\t\t\t<\/div>\n\t\t","protected":false},"excerpt":{"rendered":"<p>Auk\u0161tos kokyb\u0117s vinilin\u0117 pl\u0117vel\u0117 skirta apklijuoti automobilio i\u0161orines chromuotas dalis (gali b\u016bti ir klijuojamos kitos da\u017eytos detal\u0117s)\u00a0Pl\u0117vel\u0117 \u012fprastai yra klijuojama<\/p>\n","protected":false},"featured_media":29233,"comment_status":"closed","ping_status":"closed","template":"","meta":{"_acf_changed":false},"product_brand":[97],"product_cat":[85,91],"product_tag":[],"class_list":{"0":"post-29195","1":"product","2":"type-product","3":"status-publish","4":"has-post-thumbnail","6":"product_brand-oracal","7":"product_cat-pleveles-automobiliams","8":"product_cat-vinilines-kebulo-apklijavimo-pleveles","10":"first","11":"instock","12":"taxable","13":"shipping-taxable","14":"purchasable","15":"product-type-simple"},"acf":[],"yoast_head":"<!-- This site is optimized with the Yoast SEO plugin v27.5 - https:\/\/yoast.com\/product\/yoast-seo-wordpress\/ -->\n<title>&quot;Shadow line&quot; chromo apklijavimo juoda blizgi vinilin\u0117 pl\u0117vel\u0117, rulon\u0117lis 4.5cm x 25m - Tint<\/title>\n<meta name=\"description\" content=\"Chromuot\u0173 detali\u0173 apklijavimo pl\u0117vel\u0117, dar kitaip vadinama &quot;shadow line&quot;. Puikiai tinka apklijuoti \u012fvairias smulkias automobilio detales, rulon\u0117lis 4.5cm\" \/>\n<meta name=\"robots\" content=\"index, follow, max-snippet:-1, max-image-preview:large, max-video-preview:-1\" \/>\n<link rel=\"canonical\" href=\"https:\/\/tint.lt\/shop\/preke\/shadow-line-chromo-apklijavimo-juoda-blizgi-viniline-plevele-rulonelis-4-5cm-x-25m\/\" \/>\n<meta property=\"og:locale\" content=\"lt_LT\" \/>\n<meta property=\"og:type\" content=\"article\" \/>\n<meta property=\"og:title\" content=\"&quot;Shadow line&quot; chromo apklijavimo juoda blizgi vinilin\u0117 pl\u0117vel\u0117, rulon\u0117lis 4.5cm x 25m - Tint\" \/>\n<meta property=\"og:description\" content=\"Chromuot\u0173 detali\u0173 apklijavimo pl\u0117vel\u0117, dar kitaip vadinama &quot;shadow line&quot;. Puikiai tinka apklijuoti \u012fvairias smulkias automobilio detales, rulon\u0117lis 4.5cm\" \/>\n<meta property=\"og:url\" content=\"https:\/\/tint.lt\/shop\/preke\/shadow-line-chromo-apklijavimo-juoda-blizgi-viniline-plevele-rulonelis-4-5cm-x-25m\/\" \/>\n<meta property=\"og:site_name\" content=\"Tint\" \/>\n<meta property=\"article:modified_time\" content=\"2026-05-05T09:45:43+00:00\" \/>\n<meta property=\"og:image\" content=\"https:\/\/tint.lt\/shop\/wp-content\/uploads\/2026\/02\/shadow-line-juoda-blizgi-plevele-4.5cm.jpg\" \/>\n\t<meta property=\"og:image:width\" content=\"600\" \/>\n\t<meta property=\"og:image:height\" content=\"600\" \/>\n\t<meta property=\"og:image:type\" content=\"image\/jpeg\" \/>\n<meta name=\"twitter:card\" content=\"summary_large_image\" \/>\n<meta name=\"twitter:label1\" content=\"Est. reading time\" \/>\n\t<meta name=\"twitter:data1\" content=\"1 minut\u0117\" \/>\n<script type=\"application\/ld+json\" class=\"yoast-schema-graph\">{\"@context\":\"https:\\\/\\\/schema.org\",\"@graph\":[{\"@type\":\"WebPage\",\"@id\":\"https:\\\/\\\/tint.lt\\\/shop\\\/preke\\\/shadow-line-chromo-apklijavimo-juoda-blizgi-viniline-plevele-rulonelis-4-5cm-x-25m\\\/\",\"url\":\"https:\\\/\\\/tint.lt\\\/shop\\\/preke\\\/shadow-line-chromo-apklijavimo-juoda-blizgi-viniline-plevele-rulonelis-4-5cm-x-25m\\\/\",\"name\":\"\\\"Shadow line\\\" chromo apklijavimo juoda blizgi vinilin\u0117 pl\u0117vel\u0117, rulon\u0117lis 4.5cm x 25m - Tint\",\"isPartOf\":{\"@id\":\"https:\\\/\\\/tint.lt\\\/shop\\\/#website\"},\"primaryImageOfPage\":{\"@id\":\"https:\\\/\\\/tint.lt\\\/shop\\\/preke\\\/shadow-line-chromo-apklijavimo-juoda-blizgi-viniline-plevele-rulonelis-4-5cm-x-25m\\\/#primaryimage\"},\"image\":{\"@id\":\"https:\\\/\\\/tint.lt\\\/shop\\\/preke\\\/shadow-line-chromo-apklijavimo-juoda-blizgi-viniline-plevele-rulonelis-4-5cm-x-25m\\\/#primaryimage\"},\"thumbnailUrl\":\"https:\\\/\\\/tint.lt\\\/shop\\\/wp-content\\\/uploads\\\/2026\\\/02\\\/shadow-line-juoda-blizgi-plevele-4.5cm.jpg\",\"datePublished\":\"2026-02-11T13:10:59+00:00\",\"dateModified\":\"2026-05-05T09:45:43+00:00\",\"description\":\"Chromuot\u0173 detali\u0173 apklijavimo pl\u0117vel\u0117, dar kitaip vadinama \\\"shadow line\\\". Puikiai tinka apklijuoti \u012fvairias smulkias automobilio detales, rulon\u0117lis 4.5cm\",\"breadcrumb\":{\"@id\":\"https:\\\/\\\/tint.lt\\\/shop\\\/preke\\\/shadow-line-chromo-apklijavimo-juoda-blizgi-viniline-plevele-rulonelis-4-5cm-x-25m\\\/#breadcrumb\"},\"inLanguage\":\"lt-LT\",\"potentialAction\":[{\"@type\":\"ReadAction\",\"target\":[\"https:\\\/\\\/tint.lt\\\/shop\\\/preke\\\/shadow-line-chromo-apklijavimo-juoda-blizgi-viniline-plevele-rulonelis-4-5cm-x-25m\\\/\"]}]},{\"@type\":\"ImageObject\",\"inLanguage\":\"lt-LT\",\"@id\":\"https:\\\/\\\/tint.lt\\\/shop\\\/preke\\\/shadow-line-chromo-apklijavimo-juoda-blizgi-viniline-plevele-rulonelis-4-5cm-x-25m\\\/#primaryimage\",\"url\":\"https:\\\/\\\/tint.lt\\\/shop\\\/wp-content\\\/uploads\\\/2026\\\/02\\\/shadow-line-juoda-blizgi-plevele-4.5cm.jpg\",\"contentUrl\":\"https:\\\/\\\/tint.lt\\\/shop\\\/wp-content\\\/uploads\\\/2026\\\/02\\\/shadow-line-juoda-blizgi-plevele-4.5cm.jpg\",\"width\":600,\"height\":600},{\"@type\":\"BreadcrumbList\",\"@id\":\"https:\\\/\\\/tint.lt\\\/shop\\\/preke\\\/shadow-line-chromo-apklijavimo-juoda-blizgi-viniline-plevele-rulonelis-4-5cm-x-25m\\\/#breadcrumb\",\"itemListElement\":[{\"@type\":\"ListItem\",\"position\":1,\"name\":\"Home\",\"item\":\"https:\\\/\\\/tint.lt\\\/shop\\\/\"},{\"@type\":\"ListItem\",\"position\":2,\"name\":\"Parduotuv\u0117\",\"item\":\"https:\\\/\\\/tint.lt\\\/shop\\\/produktai\\\/\"},{\"@type\":\"ListItem\",\"position\":3,\"name\":\"zbintu tamsinimo\"}]},{\"@type\":\"WebSite\",\"@id\":\"https:\\\/\\\/tint.lt\\\/shop\\\/#website\",\"url\":\"https:\\\/\\\/tint.lt\\\/shop\\\/\",\"name\":\"Tint.lt\",\"description\":\"El. parduotuv\u0117\",\"publisher\":{\"@id\":\"https:\\\/\\\/tint.lt\\\/shop\\\/#organization\"},\"potentialAction\":[{\"@type\":\"SearchAction\",\"target\":{\"@type\":\"EntryPoint\",\"urlTemplate\":\"https:\\\/\\\/tint.lt\\\/shop\\\/?s={search_term_string}\"},\"query-input\":{\"@type\":\"PropertyValueSpecification\",\"valueRequired\":true,\"valueName\":\"search_term_string\"}}],\"inLanguage\":\"lt-LT\"},{\"@type\":\"Organization\",\"@id\":\"https:\\\/\\\/tint.lt\\\/shop\\\/#organization\",\"name\":\"Tint.lt\",\"url\":\"https:\\\/\\\/tint.lt\\\/shop\\\/\",\"logo\":{\"@type\":\"ImageObject\",\"inLanguage\":\"lt-LT\",\"@id\":\"https:\\\/\\\/tint.lt\\\/shop\\\/#\\\/schema\\\/logo\\\/image\\\/\",\"url\":\"https:\\\/\\\/tint.lt\\\/shop\\\/wp-content\\\/uploads\\\/2026\\\/02\\\/TINT_lipnios_pleveles_profesionalams_grey.png\",\"contentUrl\":\"https:\\\/\\\/tint.lt\\\/shop\\\/wp-content\\\/uploads\\\/2026\\\/02\\\/TINT_lipnios_pleveles_profesionalams_grey.png\",\"width\":1265,\"height\":460,\"caption\":\"Tint.lt\"},\"image\":{\"@id\":\"https:\\\/\\\/tint.lt\\\/shop\\\/#\\\/schema\\\/logo\\\/image\\\/\"}}]}<\/script>\n<!-- \/ Yoast SEO plugin. -->","yoast_head_json":{"title":"\"Shadow line\" chromo apklijavimo juoda blizgi vinilin\u0117 pl\u0117vel\u0117, rulon\u0117lis 4.5cm x 25m - Tint","description":"Chromuot\u0173 detali\u0173 apklijavimo pl\u0117vel\u0117, dar kitaip vadinama \"shadow line\". Puikiai tinka apklijuoti \u012fvairias smulkias automobilio detales, rulon\u0117lis 4.5cm","robots":{"index":"index","follow":"follow","max-snippet":"max-snippet:-1","max-image-preview":"max-image-preview:large","max-video-preview":"max-video-preview:-1"},"canonical":"https:\/\/tint.lt\/shop\/preke\/shadow-line-chromo-apklijavimo-juoda-blizgi-viniline-plevele-rulonelis-4-5cm-x-25m\/","og_locale":"lt_LT","og_type":"article","og_title":"\"Shadow line\" chromo apklijavimo juoda blizgi vinilin\u0117 pl\u0117vel\u0117, rulon\u0117lis 4.5cm x 25m - Tint","og_description":"Chromuot\u0173 detali\u0173 apklijavimo pl\u0117vel\u0117, dar kitaip vadinama \"shadow line\". Puikiai tinka apklijuoti \u012fvairias smulkias automobilio detales, rulon\u0117lis 4.5cm","og_url":"https:\/\/tint.lt\/shop\/preke\/shadow-line-chromo-apklijavimo-juoda-blizgi-viniline-plevele-rulonelis-4-5cm-x-25m\/","og_site_name":"Tint","article_modified_time":"2026-05-05T09:45:43+00:00","og_image":[{"width":600,"height":600,"url":"https:\/\/tint.lt\/shop\/wp-content\/uploads\/2026\/02\/shadow-line-juoda-blizgi-plevele-4.5cm.jpg","type":"image\/jpeg"}],"twitter_card":"summary_large_image","twitter_misc":{"Est. reading time":"1 minut\u0117"},"schema":{"@context":"https:\/\/schema.org","@graph":[{"@type":"WebPage","@id":"https:\/\/tint.lt\/shop\/preke\/shadow-line-chromo-apklijavimo-juoda-blizgi-viniline-plevele-rulonelis-4-5cm-x-25m\/","url":"https:\/\/tint.lt\/shop\/preke\/shadow-line-chromo-apklijavimo-juoda-blizgi-viniline-plevele-rulonelis-4-5cm-x-25m\/","name":"\"Shadow line\" chromo apklijavimo juoda blizgi vinilin\u0117 pl\u0117vel\u0117, rulon\u0117lis 4.5cm x 25m - Tint","isPartOf":{"@id":"https:\/\/tint.lt\/shop\/#website"},"primaryImageOfPage":{"@id":"https:\/\/tint.lt\/shop\/preke\/shadow-line-chromo-apklijavimo-juoda-blizgi-viniline-plevele-rulonelis-4-5cm-x-25m\/#primaryimage"},"image":{"@id":"https:\/\/tint.lt\/shop\/preke\/shadow-line-chromo-apklijavimo-juoda-blizgi-viniline-plevele-rulonelis-4-5cm-x-25m\/#primaryimage"},"thumbnailUrl":"https:\/\/tint.lt\/shop\/wp-content\/uploads\/2026\/02\/shadow-line-juoda-blizgi-plevele-4.5cm.jpg","datePublished":"2026-02-11T13:10:59+00:00","dateModified":"2026-05-05T09:45:43+00:00","description":"Chromuot\u0173 detali\u0173 apklijavimo pl\u0117vel\u0117, dar kitaip vadinama \"shadow line\". Puikiai tinka apklijuoti \u012fvairias smulkias automobilio detales, rulon\u0117lis 4.5cm","breadcrumb":{"@id":"https:\/\/tint.lt\/shop\/preke\/shadow-line-chromo-apklijavimo-juoda-blizgi-viniline-plevele-rulonelis-4-5cm-x-25m\/#breadcrumb"},"inLanguage":"lt-LT","potentialAction":[{"@type":"ReadAction","target":["https:\/\/tint.lt\/shop\/preke\/shadow-line-chromo-apklijavimo-juoda-blizgi-viniline-plevele-rulonelis-4-5cm-x-25m\/"]}]},{"@type":"ImageObject","inLanguage":"lt-LT","@id":"https:\/\/tint.lt\/shop\/preke\/shadow-line-chromo-apklijavimo-juoda-blizgi-viniline-plevele-rulonelis-4-5cm-x-25m\/#primaryimage","url":"https:\/\/tint.lt\/shop\/wp-content\/uploads\/2026\/02\/shadow-line-juoda-blizgi-plevele-4.5cm.jpg","contentUrl":"https:\/\/tint.lt\/shop\/wp-content\/uploads\/2026\/02\/shadow-line-juoda-blizgi-plevele-4.5cm.jpg","width":600,"height":600},{"@type":"BreadcrumbList","@id":"https:\/\/tint.lt\/shop\/preke\/shadow-line-chromo-apklijavimo-juoda-blizgi-viniline-plevele-rulonelis-4-5cm-x-25m\/#breadcrumb","itemListElement":[{"@type":"ListItem","position":1,"name":"Home","item":"https:\/\/tint.lt\/shop\/"},{"@type":"ListItem","position":2,"name":"Parduotuv\u0117","item":"https:\/\/tint.lt\/shop\/produktai\/"},{"@type":"ListItem","position":3,"name":"zbintu tamsinimo"}]},{"@type":"WebSite","@id":"https:\/\/tint.lt\/shop\/#website","url":"https:\/\/tint.lt\/shop\/","name":"Tint.lt","description":"El. parduotuv\u0117","publisher":{"@id":"https:\/\/tint.lt\/shop\/#organization"},"potentialAction":[{"@type":"SearchAction","target":{"@type":"EntryPoint","urlTemplate":"https:\/\/tint.lt\/shop\/?s={search_term_string}"},"query-input":{"@type":"PropertyValueSpecification","valueRequired":true,"valueName":"search_term_string"}}],"inLanguage":"lt-LT"},{"@type":"Organization","@id":"https:\/\/tint.lt\/shop\/#organization","name":"Tint.lt","url":"https:\/\/tint.lt\/shop\/","logo":{"@type":"ImageObject","inLanguage":"lt-LT","@id":"https:\/\/tint.lt\/shop\/#\/schema\/logo\/image\/","url":"https:\/\/tint.lt\/shop\/wp-content\/uploads\/2026\/02\/TINT_lipnios_pleveles_profesionalams_grey.png","contentUrl":"https:\/\/tint.lt\/shop\/wp-content\/uploads\/2026\/02\/TINT_lipnios_pleveles_profesionalams_grey.png","width":1265,"height":460,"caption":"Tint.lt"},"image":{"@id":"https:\/\/tint.lt\/shop\/#\/schema\/logo\/image\/"}}]}},"_links":{"self":[{"href":"https:\/\/tint.lt\/shop\/wp-json\/wp\/v2\/product\/29195","targetHints":{"allow":["GET"]}}],"collection":[{"href":"https:\/\/tint.lt\/shop\/wp-json\/wp\/v2\/product"}],"about":[{"href":"https:\/\/tint.lt\/shop\/wp-json\/wp\/v2\/types\/product"}],"replies":[{"embeddable":true,"href":"https:\/\/tint.lt\/shop\/wp-json\/wp\/v2\/comments?post=29195"}],"version-history":[{"count":5,"href":"https:\/\/tint.lt\/shop\/wp-json\/wp\/v2\/product\/29195\/revisions"}],"predecessor-version":[{"id":31001,"href":"https:\/\/tint.lt\/shop\/wp-json\/wp\/v2\/product\/29195\/revisions\/31001"}],"wp:featuredmedia":[{"embeddable":true,"href":"https:\/\/tint.lt\/shop\/wp-json\/wp\/v2\/media\/29233"}],"wp:attachment":[{"href":"https:\/\/tint.lt\/shop\/wp-json\/wp\/v2\/media?parent=29195"}],"wp:term":[{"taxonomy":"product_brand","embeddable":true,"href":"https:\/\/tint.lt\/shop\/wp-json\/wp\/v2\/product_brand?post=29195"},{"taxonomy":"product_cat","embeddable":true,"href":"https:\/\/tint.lt\/shop\/wp-json\/wp\/v2\/product_cat?post=29195"},{"taxonomy":"product_tag","embeddable":true,"href":"https:\/\/tint.lt\/shop\/wp-json\/wp\/v2\/product_tag?post=29195"}],"curies":[{"name":"wp","href":"https:\/\/api.w.org\/{rel}","templated":true}]}}