{"id":29524,"date":"2026-02-19T12:45:26","date_gmt":"2026-02-19T10:45:26","guid":{"rendered":"https:\/\/tint.lt\/shop\/?post_type=product&#038;p=29524"},"modified":"2026-04-25T17:35:14","modified_gmt":"2026-04-25T14:35:14","slug":"sviesiai-pilko-atspalvio-zibintu-tamsinimo-ppf-apsaugine-plevele-headlight-hp70","status":"publish","type":"product","link":"https:\/\/tint.lt\/shop\/preke\/sviesiai-pilko-atspalvio-zibintu-tamsinimo-ppf-apsaugine-plevele-headlight-hp70\/","title":{"rendered":"\u0160viesiai pilko atspalvio, \u017eibint\u0173 tamsinimo PPF apsaugin\u0117 pl\u0117vel\u0117 Headlight HP70"},"content":{"rendered":"\t\t<div data-elementor-type=\"wp-post\" data-elementor-id=\"29524\" class=\"elementor elementor-29524\">\n\t\t\t\t<div class=\"wd-negative-gap elementor-element elementor-element-bbab500 e-flex e-con-boxed e-con e-parent\" data-id=\"bbab500\" data-element_type=\"container\" data-e-type=\"container\">\n\t\t\t\t\t<div class=\"e-con-inner\">\n\t\t\t\t<div class=\"elementor-element elementor-element-1d8f9b07 color-scheme-inherit text-left elementor-widget elementor-widget-text-editor\" data-id=\"1d8f9b07\" data-element_type=\"widget\" data-e-type=\"widget\" data-widget_type=\"text-editor.default\">\n\t\t\t\t\t\t\t\t\t<p>Apsaugin\u0117 PPF pl\u0117vel\u0117 \u017eibintams su minimaliu tamsinimo tonu. Pl\u0117vel\u0117 turi solid\u0173, pilk\u0105 atspalv\u012f. Pagaminta i\u0161 auk\u0161tos kokyb\u0117s poliuretano (TPU). Pl\u0117vel\u0117s vir\u0161utinis sluoksnis u\u017egydo smulkius \u012fbr\u0117\u017eimus jai gavus \u0161ilumos.\u00a0 (Angl. \u201eself healing\u201c) Pavyzd\u017eiui u\u017eliejus \u0161iltesnio vandens ar pa\u0161ild\u017eius kar\u0161to oro orap\u016bte. D\u0117l savo optimalaus tamsumo ir atspalvio, labai tinkama apklijuoti priekinius \u017eibintus. Po apklijavimo \u017eibintai \u012fgaus solid\u0173 &#8222;pritamsinim\u0105&#8221; ir tuo pa\u010diu prakti\u0161kai nepakeis ap\u0161vietimo savybi\u0173.<\/p><p>Pl\u0117vel\u0117 yra tampri ir be papildomos \u0161ilumos.<\/p><p>Pl\u0117vel\u0117 ne tik pritamsins \u017eibintus, ta\u010diau atliks ir pavir\u0161iaus apsaugos nuo aplinkos poveikio funkcij\u0105. \u0160i pl\u0117vel\u0117 turi tokias pa\u010dias savybes kaip ir k\u0117bulo apsaugin\u0117 pl\u0117vel\u0117 (PPF &#8211; paint protection film) ta\u010diau turinti tamsinimo ton\u0105.<\/p>\t\t\t\t\t\t\t\t<\/div>\n\t\t\t\t\t<\/div>\n\t\t\t\t<\/div>\n\t\t<div class=\"wd-negative-gap elementor-element elementor-element-3fbb6e6 e-flex e-con-boxed e-con e-parent\" data-id=\"3fbb6e6\" data-element_type=\"container\" data-e-type=\"container\">\n\t\t\t\t\t<div class=\"e-con-inner\">\n\t\t\t\t<div class=\"elementor-element elementor-element-6d9defe elementor-widget elementor-widget-spacer\" data-id=\"6d9defe\" data-element_type=\"widget\" data-e-type=\"widget\" data-widget_type=\"spacer.default\">\n\t\t\t\t\t\t\t<div class=\"elementor-spacer\">\n\t\t\t<div class=\"elementor-spacer-inner\"><\/div>\n\t\t<\/div>\n\t\t\t\t\t\t<\/div>\n\t\t\t\t<div class=\"elementor-element elementor-element-1bca6a2 wd-width-100 elementor-widget elementor-widget-wd_title\" data-id=\"1bca6a2\" data-element_type=\"widget\" data-e-type=\"widget\" data-widget_type=\"wd_title.default\">\n\t\t\t\t<div class=\"elementor-widget-container\">\n\t\t\t\t\t\t\t<div class=\"title-wrapper wd-set-mb reset-last-child wd-title-color-default wd-title-style-default wd-title-size-default text-left\">\n\n\t\t\t\n\t\t\t<div class=\"liner-continer\">\n\t\t\t\t<h4 class=\"woodmart-title-container title wd-fontsize-l\">Domina \u017eibint\u0173 apklijavimo paslauga?<\/h4> \n\t\t\t\t\t\t\t<\/div>\n\n\t\t\t\t\t\t\t<div class=\"title-after_title reset-last-child wd-fontsize-xs\">\n\t\t\t\t\t<p>Profesionaliai apklijuosime j\u016bs\u0173 automobilio \u017eibintus<\/p>\t\t\t\t<\/div>\n\t\t\t\t\t<\/div>\n\t\t\t\t\t\t<\/div>\n\t\t\t\t<\/div>\n\t\t\t\t<div class=\"elementor-element elementor-element-c360cb3 elementor-widget elementor-widget-spacer\" data-id=\"c360cb3\" data-element_type=\"widget\" data-e-type=\"widget\" data-widget_type=\"spacer.default\">\n\t\t\t\t\t\t\t<div class=\"elementor-spacer\">\n\t\t\t<div class=\"elementor-spacer-inner\"><\/div>\n\t\t<\/div>\n\t\t\t\t\t\t<\/div>\n\t\t\t\t\t<\/div>\n\t\t\t\t<\/div>\n\t\t<div class=\"wd-negative-gap elementor-element elementor-element-45be40f e-flex e-con-boxed e-con e-parent\" data-id=\"45be40f\" data-element_type=\"container\" data-e-type=\"container\">\n\t\t\t\t\t<div class=\"e-con-inner\">\n\t\t\t\t<div class=\"elementor-element elementor-element-62f2c7d elementor-align-left elementor-widget elementor-widget-button\" data-id=\"62f2c7d\" data-element_type=\"widget\" data-e-type=\"widget\" data-widget_type=\"button.default\">\n\t\t\t\t\t\t\t\t\t\t<a class=\"elementor-button elementor-button-link elementor-size-sm\" href=\"https:\/\/tint.lt\/automobiliu-apklijavimas\/zibintu-tamsinimas\/\">\n\t\t\t\t\t\t<span class=\"elementor-button-content-wrapper\">\n\t\t\t\t\t\t\t\t\t<span class=\"elementor-button-text\">Su\u017einokite daugiau<\/span>\n\t\t\t\t\t<\/span>\n\t\t\t\t\t<\/a>\n\t\t\t\t\t\t\t\t<\/div>\n\t\t\t\t\t<\/div>\n\t\t\t\t<\/div>\n\t\t\t\t<\/div>\n\t\t","protected":false},"excerpt":{"rendered":"<p>Apsaugin\u0117 PPF pl\u0117vel\u0117 \u017eibintams su minimaliu tamsinimo tonu. Pl\u0117vel\u0117 turi solid\u0173, pilk\u0105 atspalv\u012f. Pagaminta i\u0161 auk\u0161tos kokyb\u0117s poliuretano (TPU). Pl\u0117vel\u0117s<\/p>\n","protected":false},"featured_media":30955,"comment_status":"closed","ping_status":"closed","template":"","meta":{"_acf_changed":false},"product_brand":[],"product_cat":[85,89],"product_tag":[88],"class_list":{"0":"post-29524","1":"product","2":"type-product","3":"status-publish","4":"has-post-thumbnail","6":"product_cat-pleveles-automobiliams","7":"product_cat-zibintu-tamsinimo-ppf-pleveles","8":"product_tag-sviesi-plevele","10":"first","11":"instock","12":"taxable","13":"shipping-taxable","14":"purchasable","15":"product-type-simple"},"acf":[],"yoast_head":"<!-- This site is optimized with the Yoast SEO plugin v27.5 - https:\/\/yoast.com\/product\/yoast-seo-wordpress\/ -->\n<title>\u0160viesiai pilko atspalvio, \u017eibint\u0173 tamsinimo PPF apsaugin\u0117 pl\u0117vel\u0117 Headlight HP70 - Tint<\/title>\n<meta name=\"description\" content=\"Ypa\u010d populiari priekini\u0173 \u017eibint\u0173 solid\u017eiam &quot;pritamsinimui&quot;. \u017dibintai \u012fgauna \u0161veln\u0173 u\u017etamsinimo ton\u0105 ir suteikia apsaug\u0105 pavir\u0161iui\" \/>\n<meta name=\"robots\" content=\"index, follow, max-snippet:-1, max-image-preview:large, max-video-preview:-1\" \/>\n<link rel=\"canonical\" href=\"https:\/\/tint.lt\/shop\/preke\/sviesiai-pilko-atspalvio-zibintu-tamsinimo-ppf-apsaugine-plevele-headlight-hp70\/\" \/>\n<meta property=\"og:locale\" content=\"lt_LT\" \/>\n<meta property=\"og:type\" content=\"article\" \/>\n<meta property=\"og:title\" content=\"\u0160viesiai pilko atspalvio, \u017eibint\u0173 tamsinimo PPF apsaugin\u0117 pl\u0117vel\u0117 Headlight HP70 - Tint\" \/>\n<meta property=\"og:description\" content=\"Ypa\u010d populiari priekini\u0173 \u017eibint\u0173 solid\u017eiam &quot;pritamsinimui&quot;. \u017dibintai \u012fgauna \u0161veln\u0173 u\u017etamsinimo ton\u0105 ir suteikia apsaug\u0105 pavir\u0161iui\" \/>\n<meta property=\"og:url\" content=\"https:\/\/tint.lt\/shop\/preke\/sviesiai-pilko-atspalvio-zibintu-tamsinimo-ppf-apsaugine-plevele-headlight-hp70\/\" \/>\n<meta property=\"og:site_name\" content=\"Tint\" \/>\n<meta property=\"article:modified_time\" content=\"2026-04-25T14:35:14+00:00\" \/>\n<meta property=\"og:image\" content=\"https:\/\/tint.lt\/shop\/wp-content\/uploads\/2026\/02\/BMW-X5-priekiniu-zibintu-svelniai-tamsinanti-plevele-HP70.jpg\" \/>\n\t<meta property=\"og:image:width\" content=\"900\" \/>\n\t<meta property=\"og:image:height\" content=\"900\" \/>\n\t<meta property=\"og:image:type\" content=\"image\/jpeg\" \/>\n<meta name=\"twitter:card\" content=\"summary_large_image\" \/>\n<meta name=\"twitter:label1\" content=\"Est. reading time\" \/>\n\t<meta name=\"twitter:data1\" content=\"1 minut\u0117\" \/>\n<script type=\"application\/ld+json\" class=\"yoast-schema-graph\">{\"@context\":\"https:\\\/\\\/schema.org\",\"@graph\":[{\"@type\":\"WebPage\",\"@id\":\"https:\\\/\\\/tint.lt\\\/shop\\\/preke\\\/sviesiai-pilko-atspalvio-zibintu-tamsinimo-ppf-apsaugine-plevele-headlight-hp70\\\/\",\"url\":\"https:\\\/\\\/tint.lt\\\/shop\\\/preke\\\/sviesiai-pilko-atspalvio-zibintu-tamsinimo-ppf-apsaugine-plevele-headlight-hp70\\\/\",\"name\":\"\u0160viesiai pilko atspalvio, \u017eibint\u0173 tamsinimo PPF apsaugin\u0117 pl\u0117vel\u0117 Headlight HP70 - Tint\",\"isPartOf\":{\"@id\":\"https:\\\/\\\/tint.lt\\\/shop\\\/#website\"},\"primaryImageOfPage\":{\"@id\":\"https:\\\/\\\/tint.lt\\\/shop\\\/preke\\\/sviesiai-pilko-atspalvio-zibintu-tamsinimo-ppf-apsaugine-plevele-headlight-hp70\\\/#primaryimage\"},\"image\":{\"@id\":\"https:\\\/\\\/tint.lt\\\/shop\\\/preke\\\/sviesiai-pilko-atspalvio-zibintu-tamsinimo-ppf-apsaugine-plevele-headlight-hp70\\\/#primaryimage\"},\"thumbnailUrl\":\"https:\\\/\\\/tint.lt\\\/shop\\\/wp-content\\\/uploads\\\/2026\\\/02\\\/BMW-X5-priekiniu-zibintu-svelniai-tamsinanti-plevele-HP70.jpg\",\"datePublished\":\"2026-02-19T10:45:26+00:00\",\"dateModified\":\"2026-04-25T14:35:14+00:00\",\"description\":\"Ypa\u010d populiari priekini\u0173 \u017eibint\u0173 solid\u017eiam \\\"pritamsinimui\\\". \u017dibintai \u012fgauna \u0161veln\u0173 u\u017etamsinimo ton\u0105 ir suteikia apsaug\u0105 pavir\u0161iui\",\"breadcrumb\":{\"@id\":\"https:\\\/\\\/tint.lt\\\/shop\\\/preke\\\/sviesiai-pilko-atspalvio-zibintu-tamsinimo-ppf-apsaugine-plevele-headlight-hp70\\\/#breadcrumb\"},\"inLanguage\":\"lt-LT\",\"potentialAction\":[{\"@type\":\"ReadAction\",\"target\":[\"https:\\\/\\\/tint.lt\\\/shop\\\/preke\\\/sviesiai-pilko-atspalvio-zibintu-tamsinimo-ppf-apsaugine-plevele-headlight-hp70\\\/\"]}]},{\"@type\":\"ImageObject\",\"inLanguage\":\"lt-LT\",\"@id\":\"https:\\\/\\\/tint.lt\\\/shop\\\/preke\\\/sviesiai-pilko-atspalvio-zibintu-tamsinimo-ppf-apsaugine-plevele-headlight-hp70\\\/#primaryimage\",\"url\":\"https:\\\/\\\/tint.lt\\\/shop\\\/wp-content\\\/uploads\\\/2026\\\/02\\\/BMW-X5-priekiniu-zibintu-svelniai-tamsinanti-plevele-HP70.jpg\",\"contentUrl\":\"https:\\\/\\\/tint.lt\\\/shop\\\/wp-content\\\/uploads\\\/2026\\\/02\\\/BMW-X5-priekiniu-zibintu-svelniai-tamsinanti-plevele-HP70.jpg\",\"width\":900,\"height\":900,\"caption\":\"Priekini\u0173 \u017eibint\u0173 tamsinimo pl\u0117vel\u0117, minimalus tamsinimo lygis HP70\"},{\"@type\":\"BreadcrumbList\",\"@id\":\"https:\\\/\\\/tint.lt\\\/shop\\\/preke\\\/sviesiai-pilko-atspalvio-zibintu-tamsinimo-ppf-apsaugine-plevele-headlight-hp70\\\/#breadcrumb\",\"itemListElement\":[{\"@type\":\"ListItem\",\"position\":1,\"name\":\"Home\",\"item\":\"https:\\\/\\\/tint.lt\\\/shop\\\/\"},{\"@type\":\"ListItem\",\"position\":2,\"name\":\"Parduotuv\u0117\",\"item\":\"https:\\\/\\\/tint.lt\\\/shop\\\/produktai\\\/\"},{\"@type\":\"ListItem\",\"position\":3,\"name\":\"zbintu tamsinimo\"}]},{\"@type\":\"WebSite\",\"@id\":\"https:\\\/\\\/tint.lt\\\/shop\\\/#website\",\"url\":\"https:\\\/\\\/tint.lt\\\/shop\\\/\",\"name\":\"Tint.lt\",\"description\":\"El. parduotuv\u0117\",\"publisher\":{\"@id\":\"https:\\\/\\\/tint.lt\\\/shop\\\/#organization\"},\"potentialAction\":[{\"@type\":\"SearchAction\",\"target\":{\"@type\":\"EntryPoint\",\"urlTemplate\":\"https:\\\/\\\/tint.lt\\\/shop\\\/?s={search_term_string}\"},\"query-input\":{\"@type\":\"PropertyValueSpecification\",\"valueRequired\":true,\"valueName\":\"search_term_string\"}}],\"inLanguage\":\"lt-LT\"},{\"@type\":\"Organization\",\"@id\":\"https:\\\/\\\/tint.lt\\\/shop\\\/#organization\",\"name\":\"Tint.lt\",\"url\":\"https:\\\/\\\/tint.lt\\\/shop\\\/\",\"logo\":{\"@type\":\"ImageObject\",\"inLanguage\":\"lt-LT\",\"@id\":\"https:\\\/\\\/tint.lt\\\/shop\\\/#\\\/schema\\\/logo\\\/image\\\/\",\"url\":\"https:\\\/\\\/tint.lt\\\/shop\\\/wp-content\\\/uploads\\\/2026\\\/02\\\/TINT_lipnios_pleveles_profesionalams_grey.png\",\"contentUrl\":\"https:\\\/\\\/tint.lt\\\/shop\\\/wp-content\\\/uploads\\\/2026\\\/02\\\/TINT_lipnios_pleveles_profesionalams_grey.png\",\"width\":1265,\"height\":460,\"caption\":\"Tint.lt\"},\"image\":{\"@id\":\"https:\\\/\\\/tint.lt\\\/shop\\\/#\\\/schema\\\/logo\\\/image\\\/\"}}]}<\/script>\n<!-- \/ Yoast SEO plugin. -->","yoast_head_json":{"title":"\u0160viesiai pilko atspalvio, \u017eibint\u0173 tamsinimo PPF apsaugin\u0117 pl\u0117vel\u0117 Headlight HP70 - Tint","description":"Ypa\u010d populiari priekini\u0173 \u017eibint\u0173 solid\u017eiam \"pritamsinimui\". \u017dibintai \u012fgauna \u0161veln\u0173 u\u017etamsinimo ton\u0105 ir suteikia apsaug\u0105 pavir\u0161iui","robots":{"index":"index","follow":"follow","max-snippet":"max-snippet:-1","max-image-preview":"max-image-preview:large","max-video-preview":"max-video-preview:-1"},"canonical":"https:\/\/tint.lt\/shop\/preke\/sviesiai-pilko-atspalvio-zibintu-tamsinimo-ppf-apsaugine-plevele-headlight-hp70\/","og_locale":"lt_LT","og_type":"article","og_title":"\u0160viesiai pilko atspalvio, \u017eibint\u0173 tamsinimo PPF apsaugin\u0117 pl\u0117vel\u0117 Headlight HP70 - Tint","og_description":"Ypa\u010d populiari priekini\u0173 \u017eibint\u0173 solid\u017eiam \"pritamsinimui\". \u017dibintai \u012fgauna \u0161veln\u0173 u\u017etamsinimo ton\u0105 ir suteikia apsaug\u0105 pavir\u0161iui","og_url":"https:\/\/tint.lt\/shop\/preke\/sviesiai-pilko-atspalvio-zibintu-tamsinimo-ppf-apsaugine-plevele-headlight-hp70\/","og_site_name":"Tint","article_modified_time":"2026-04-25T14:35:14+00:00","og_image":[{"width":900,"height":900,"url":"https:\/\/tint.lt\/shop\/wp-content\/uploads\/2026\/02\/BMW-X5-priekiniu-zibintu-svelniai-tamsinanti-plevele-HP70.jpg","type":"image\/jpeg"}],"twitter_card":"summary_large_image","twitter_misc":{"Est. reading time":"1 minut\u0117"},"schema":{"@context":"https:\/\/schema.org","@graph":[{"@type":"WebPage","@id":"https:\/\/tint.lt\/shop\/preke\/sviesiai-pilko-atspalvio-zibintu-tamsinimo-ppf-apsaugine-plevele-headlight-hp70\/","url":"https:\/\/tint.lt\/shop\/preke\/sviesiai-pilko-atspalvio-zibintu-tamsinimo-ppf-apsaugine-plevele-headlight-hp70\/","name":"\u0160viesiai pilko atspalvio, \u017eibint\u0173 tamsinimo PPF apsaugin\u0117 pl\u0117vel\u0117 Headlight HP70 - Tint","isPartOf":{"@id":"https:\/\/tint.lt\/shop\/#website"},"primaryImageOfPage":{"@id":"https:\/\/tint.lt\/shop\/preke\/sviesiai-pilko-atspalvio-zibintu-tamsinimo-ppf-apsaugine-plevele-headlight-hp70\/#primaryimage"},"image":{"@id":"https:\/\/tint.lt\/shop\/preke\/sviesiai-pilko-atspalvio-zibintu-tamsinimo-ppf-apsaugine-plevele-headlight-hp70\/#primaryimage"},"thumbnailUrl":"https:\/\/tint.lt\/shop\/wp-content\/uploads\/2026\/02\/BMW-X5-priekiniu-zibintu-svelniai-tamsinanti-plevele-HP70.jpg","datePublished":"2026-02-19T10:45:26+00:00","dateModified":"2026-04-25T14:35:14+00:00","description":"Ypa\u010d populiari priekini\u0173 \u017eibint\u0173 solid\u017eiam \"pritamsinimui\". \u017dibintai \u012fgauna \u0161veln\u0173 u\u017etamsinimo ton\u0105 ir suteikia apsaug\u0105 pavir\u0161iui","breadcrumb":{"@id":"https:\/\/tint.lt\/shop\/preke\/sviesiai-pilko-atspalvio-zibintu-tamsinimo-ppf-apsaugine-plevele-headlight-hp70\/#breadcrumb"},"inLanguage":"lt-LT","potentialAction":[{"@type":"ReadAction","target":["https:\/\/tint.lt\/shop\/preke\/sviesiai-pilko-atspalvio-zibintu-tamsinimo-ppf-apsaugine-plevele-headlight-hp70\/"]}]},{"@type":"ImageObject","inLanguage":"lt-LT","@id":"https:\/\/tint.lt\/shop\/preke\/sviesiai-pilko-atspalvio-zibintu-tamsinimo-ppf-apsaugine-plevele-headlight-hp70\/#primaryimage","url":"https:\/\/tint.lt\/shop\/wp-content\/uploads\/2026\/02\/BMW-X5-priekiniu-zibintu-svelniai-tamsinanti-plevele-HP70.jpg","contentUrl":"https:\/\/tint.lt\/shop\/wp-content\/uploads\/2026\/02\/BMW-X5-priekiniu-zibintu-svelniai-tamsinanti-plevele-HP70.jpg","width":900,"height":900,"caption":"Priekini\u0173 \u017eibint\u0173 tamsinimo pl\u0117vel\u0117, minimalus tamsinimo lygis HP70"},{"@type":"BreadcrumbList","@id":"https:\/\/tint.lt\/shop\/preke\/sviesiai-pilko-atspalvio-zibintu-tamsinimo-ppf-apsaugine-plevele-headlight-hp70\/#breadcrumb","itemListElement":[{"@type":"ListItem","position":1,"name":"Home","item":"https:\/\/tint.lt\/shop\/"},{"@type":"ListItem","position":2,"name":"Parduotuv\u0117","item":"https:\/\/tint.lt\/shop\/produktai\/"},{"@type":"ListItem","position":3,"name":"zbintu tamsinimo"}]},{"@type":"WebSite","@id":"https:\/\/tint.lt\/shop\/#website","url":"https:\/\/tint.lt\/shop\/","name":"Tint.lt","description":"El. parduotuv\u0117","publisher":{"@id":"https:\/\/tint.lt\/shop\/#organization"},"potentialAction":[{"@type":"SearchAction","target":{"@type":"EntryPoint","urlTemplate":"https:\/\/tint.lt\/shop\/?s={search_term_string}"},"query-input":{"@type":"PropertyValueSpecification","valueRequired":true,"valueName":"search_term_string"}}],"inLanguage":"lt-LT"},{"@type":"Organization","@id":"https:\/\/tint.lt\/shop\/#organization","name":"Tint.lt","url":"https:\/\/tint.lt\/shop\/","logo":{"@type":"ImageObject","inLanguage":"lt-LT","@id":"https:\/\/tint.lt\/shop\/#\/schema\/logo\/image\/","url":"https:\/\/tint.lt\/shop\/wp-content\/uploads\/2026\/02\/TINT_lipnios_pleveles_profesionalams_grey.png","contentUrl":"https:\/\/tint.lt\/shop\/wp-content\/uploads\/2026\/02\/TINT_lipnios_pleveles_profesionalams_grey.png","width":1265,"height":460,"caption":"Tint.lt"},"image":{"@id":"https:\/\/tint.lt\/shop\/#\/schema\/logo\/image\/"}}]}},"_links":{"self":[{"href":"https:\/\/tint.lt\/shop\/wp-json\/wp\/v2\/product\/29524","targetHints":{"allow":["GET"]}}],"collection":[{"href":"https:\/\/tint.lt\/shop\/wp-json\/wp\/v2\/product"}],"about":[{"href":"https:\/\/tint.lt\/shop\/wp-json\/wp\/v2\/types\/product"}],"replies":[{"embeddable":true,"href":"https:\/\/tint.lt\/shop\/wp-json\/wp\/v2\/comments?post=29524"}],"version-history":[{"count":5,"href":"https:\/\/tint.lt\/shop\/wp-json\/wp\/v2\/product\/29524\/revisions"}],"predecessor-version":[{"id":29592,"href":"https:\/\/tint.lt\/shop\/wp-json\/wp\/v2\/product\/29524\/revisions\/29592"}],"wp:featuredmedia":[{"embeddable":true,"href":"https:\/\/tint.lt\/shop\/wp-json\/wp\/v2\/media\/30955"}],"wp:attachment":[{"href":"https:\/\/tint.lt\/shop\/wp-json\/wp\/v2\/media?parent=29524"}],"wp:term":[{"taxonomy":"product_brand","embeddable":true,"href":"https:\/\/tint.lt\/shop\/wp-json\/wp\/v2\/product_brand?post=29524"},{"taxonomy":"product_cat","embeddable":true,"href":"https:\/\/tint.lt\/shop\/wp-json\/wp\/v2\/product_cat?post=29524"},{"taxonomy":"product_tag","embeddable":true,"href":"https:\/\/tint.lt\/shop\/wp-json\/wp\/v2\/product_tag?post=29524"}],"curies":[{"name":"wp","href":"https:\/\/api.w.org\/{rel}","templated":true}]}}