{"id":29551,"date":"2026-02-19T14:54:19","date_gmt":"2026-02-19T12:54:19","guid":{"rendered":"https:\/\/tint.lt\/shop\/?post_type=product&#038;p=29551"},"modified":"2026-04-26T23:04:04","modified_gmt":"2026-04-26T20:04:04","slug":"skaidri-blizgi-apsaugine-ppf-kebulo-plevele-190-mikronu-apexshield-as80","status":"publish","type":"product","link":"https:\/\/tint.lt\/shop\/preke\/skaidri-blizgi-apsaugine-ppf-kebulo-plevele-190-mikronu-apexshield-as80\/","title":{"rendered":"Skaidri blizgi apsaugin\u0117 PPF k\u0117bulo pl\u0117vel\u0117 &#8211; 190 mikron\u0173, ApexShield AS80"},"content":{"rendered":"\t\t<div data-elementor-type=\"wp-post\" data-elementor-id=\"29551\" class=\"elementor elementor-29551\">\n\t\t\t\t<div class=\"elementor-element elementor-element-c4ecdeb e-con-full e-flex e-con e-parent\" data-id=\"c4ecdeb\" data-element_type=\"container\" data-e-type=\"container\">\n\t\t<div class=\"elementor-element elementor-element-9184e27 e-con-full e-flex e-con e-child\" data-id=\"9184e27\" data-element_type=\"container\" data-e-type=\"container\">\n\t\t<div class=\"elementor-element elementor-element-a0beba2 e-con-full e-flex e-con e-child\" data-id=\"a0beba2\" data-element_type=\"container\" data-e-type=\"container\">\n\t\t\t\t<div class=\"elementor-element elementor-element-7d7a029 color-scheme-inherit text-left elementor-widget elementor-widget-text-editor\" data-id=\"7d7a029\" data-element_type=\"widget\" data-e-type=\"widget\" data-widget_type=\"text-editor.default\">\n\t\t\t\t\t\t\t\t\t<p>ApexShield AS80 auk\u0161\u010diausios kokyb\u0117s skaidri apsaugin\u0117 PPF pl\u0117vel\u0117 skirta pilnam arba daliniam automobilio k\u0117bulo apklijavimui. Pl\u0117vel\u0117 pagaminta i\u0161 Aliphatic premium TPU, neturi vizualiai pastebimos &#8222;apelsino \u017eievel\u0117s&#8221;, yra lygi ir ypatingai blizgi, kuri po apklijavimo da\u017eams suteikia maksimal\u0173 blizges\u012f. Smulk\u016bs \u012fbr\u0117\u017eimai i\u0161nyksta esant \u017eemesnei aplinkos ar pavir\u0161iaus temperat\u016brai, tod\u0117l \u012fbr\u0117\u017eimai atsistato grei\u010diau ir lengviau jai gavus \u0161iek tiek \u0161ilumos.<\/p><p>Pl\u0117vel\u0117 yra mink\u0161ta ir tampri, lengvai klijuojama ir puikiai limpa prie detali\u0173 briaun\u0173.<\/p>\t\t\t\t\t\t\t\t<\/div>\n\t\t\t\t<div class=\"elementor-element elementor-element-b373d05 wd-width-100 elementor-widget elementor-widget-wd_title\" data-id=\"b373d05\" data-element_type=\"widget\" data-e-type=\"widget\" data-widget_type=\"wd_title.default\">\n\t\t\t\t<div class=\"elementor-widget-container\">\n\t\t\t\t\t\t\t<div class=\"title-wrapper wd-set-mb reset-last-child wd-title-color-default wd-title-style-default wd-title-size-default text-left\">\n\n\t\t\t\n\t\t\t<div class=\"liner-continer\">\n\t\t\t\t<h4 class=\"woodmart-title-container title wd-fontsize-l\">Pagrindin\u0117s ApexShield AS80 pl\u0117vel\u0117s savyb\u0117s<\/h4> \n\t\t\t\t\t\t\t<\/div>\n\n\t\t\t\t\t<\/div>\n\t\t\t\t\t\t<\/div>\n\t\t\t\t<\/div>\n\t\t\t\t<div class=\"elementor-element elementor-element-65322ca elementor-widget elementor-widget-wd_list\" data-id=\"65322ca\" data-element_type=\"widget\" data-e-type=\"widget\" data-widget_type=\"wd_list.default\">\n\t\t\t\t<div class=\"elementor-widget-container\">\n\t\t\t\t\t\t\t<ul class=\"wd-list color-scheme- wd-fontsize-xs wd-type-icon wd-style-default text-left\">\n\t\t\t\t\t\t\t\t\t\t\t<li class=\"elementor-repeater-item-2e6b0c9\">\n\t\t\t\t\t\t\t\t\t\t\t<span class=\"wd-icon\"><svg class=\"e-font-icon-svg e-fas-star\" viewBox=\"0 0 576 512\" xmlns=\"http:\/\/www.w3.org\/2000\/svg\"><path d=\"M259.3 17.8L194 150.2 47.9 171.5c-26.2 3.8-36.7 36.1-17.7 54.6l105.7 103-25 145.5c-4.5 26.3 23.2 46 46.4 33.7L288 439.6l130.7 68.7c23.2 12.2 50.9-7.4 46.4-33.7l-25-145.5 105.7-103c19-18.5 8.5-50.8-17.7-54.6L382 150.2 316.7 17.8c-11.7-23.6-45.6-23.9-57.4 0z\"><\/path><\/svg><\/span>\t\t\t\t\t\n\t\t\t\t\t<span class=\"wd-list-content list-content\">\n\t\t\t\t\t\t\t\t\t\t\t\t\tAtspari \u012fvairiems chemikalams\t\t\t\t\t\t\t\t\t\t\t<\/span>\n\t\t\t\t<\/li>\n\t\t\t\t\t\t\t\t\t\t\t<li class=\"elementor-repeater-item-0b1a769\">\n\t\t\t\t\t\t\t\t\t\t\t<span class=\"wd-icon\"><svg class=\"e-font-icon-svg e-fas-star\" viewBox=\"0 0 576 512\" xmlns=\"http:\/\/www.w3.org\/2000\/svg\"><path d=\"M259.3 17.8L194 150.2 47.9 171.5c-26.2 3.8-36.7 36.1-17.7 54.6l105.7 103-25 145.5c-4.5 26.3 23.2 46 46.4 33.7L288 439.6l130.7 68.7c23.2 12.2 50.9-7.4 46.4-33.7l-25-145.5 105.7-103c19-18.5 8.5-50.8-17.7-54.6L382 150.2 316.7 17.8c-11.7-23.6-45.6-23.9-57.4 0z\"><\/path><\/svg><\/span>\t\t\t\t\t\n\t\t\t\t\t<span class=\"wd-list-content list-content\">\n\t\t\t\t\t\t\t\t\t\t\t\t\tYpatingai hidrofobinis pavir\u0161ius (105\u00b0)\t\t\t\t\t\t\t\t\t\t\t<\/span>\n\t\t\t\t<\/li>\n\t\t\t\t\t\t\t\t\t\t\t<li class=\"elementor-repeater-item-92c8b75\">\n\t\t\t\t\t\t\t\t\t\t\t<span class=\"wd-icon\"><svg class=\"e-font-icon-svg e-fas-star\" viewBox=\"0 0 576 512\" xmlns=\"http:\/\/www.w3.org\/2000\/svg\"><path d=\"M259.3 17.8L194 150.2 47.9 171.5c-26.2 3.8-36.7 36.1-17.7 54.6l105.7 103-25 145.5c-4.5 26.3 23.2 46 46.4 33.7L288 439.6l130.7 68.7c23.2 12.2 50.9-7.4 46.4-33.7l-25-145.5 105.7-103c19-18.5 8.5-50.8-17.7-54.6L382 150.2 316.7 17.8c-11.7-23.6-45.6-23.9-57.4 0z\"><\/path><\/svg><\/span>\t\t\t\t\t\n\t\t\t\t\t<span class=\"wd-list-content list-content\">\n\t\t\t\t\t\t\t\t\t\t\t\t\tNeturi \"apelsino \u017eievel\u0117s\" efekto\t\t\t\t\t\t\t\t\t\t\t<\/span>\n\t\t\t\t<\/li>\n\t\t\t\t\t\t\t\t\t\t\t<li class=\"elementor-repeater-item-7b76521\">\n\t\t\t\t\t\t\t\t\t\t\t<span class=\"wd-icon\"><svg class=\"e-font-icon-svg e-fas-star\" viewBox=\"0 0 576 512\" xmlns=\"http:\/\/www.w3.org\/2000\/svg\"><path d=\"M259.3 17.8L194 150.2 47.9 171.5c-26.2 3.8-36.7 36.1-17.7 54.6l105.7 103-25 145.5c-4.5 26.3 23.2 46 46.4 33.7L288 439.6l130.7 68.7c23.2 12.2 50.9-7.4 46.4-33.7l-25-145.5 105.7-103c19-18.5 8.5-50.8-17.7-54.6L382 150.2 316.7 17.8c-11.7-23.6-45.6-23.9-57.4 0z\"><\/path><\/svg><\/span>\t\t\t\t\t\n\t\t\t\t\t<span class=\"wd-list-content list-content\">\n\t\t\t\t\t\t\t\t\t\t\t\t\tYpa\u010d blizgus ir lygus pl\u0117vel\u0117s pavir\u0161ius\t\t\t\t\t\t\t\t\t\t\t<\/span>\n\t\t\t\t<\/li>\n\t\t\t\t\t\t\t\t\t\t\t<li class=\"elementor-repeater-item-1957815\">\n\t\t\t\t\t\t\t\t\t\t\t<span class=\"wd-icon\"><svg class=\"e-font-icon-svg e-fas-star\" viewBox=\"0 0 576 512\" xmlns=\"http:\/\/www.w3.org\/2000\/svg\"><path d=\"M259.3 17.8L194 150.2 47.9 171.5c-26.2 3.8-36.7 36.1-17.7 54.6l105.7 103-25 145.5c-4.5 26.3 23.2 46 46.4 33.7L288 439.6l130.7 68.7c23.2 12.2 50.9-7.4 46.4-33.7l-25-145.5 105.7-103c19-18.5 8.5-50.8-17.7-54.6L382 150.2 316.7 17.8c-11.7-23.6-45.6-23.9-57.4 0z\"><\/path><\/svg><\/span>\t\t\t\t\t\n\t\t\t\t\t<span class=\"wd-list-content list-content\">\n\t\t\t\t\t\t\t\t\t\t\t\t\tNegeltonuoja\t\t\t\t\t\t\t\t\t\t\t<\/span>\n\t\t\t\t<\/li>\n\t\t\t\t\t\t\t\t\t\t\t<li class=\"elementor-repeater-item-00c95cf\">\n\t\t\t\t\t\t\t\t\t\t\t<span class=\"wd-icon\"><svg class=\"e-font-icon-svg e-fas-star\" viewBox=\"0 0 576 512\" xmlns=\"http:\/\/www.w3.org\/2000\/svg\"><path d=\"M259.3 17.8L194 150.2 47.9 171.5c-26.2 3.8-36.7 36.1-17.7 54.6l105.7 103-25 145.5c-4.5 26.3 23.2 46 46.4 33.7L288 439.6l130.7 68.7c23.2 12.2 50.9-7.4 46.4-33.7l-25-145.5 105.7-103c19-18.5 8.5-50.8-17.7-54.6L382 150.2 316.7 17.8c-11.7-23.6-45.6-23.9-57.4 0z\"><\/path><\/svg><\/span>\t\t\t\t\t\n\t\t\t\t\t<span class=\"wd-list-content list-content\">\n\t\t\t\t\t\t\t\t\t\t\t\t\tSavaime atsistatantys smulk\u016bs \u012fbr\u0117\u017eimai - \"Selfhealing\"\t\t\t\t\t\t\t\t\t\t\t<\/span>\n\t\t\t\t<\/li>\n\t\t\t\t\t<\/ul>\n\n\t\t\t\t\t\t<\/div>\n\t\t\t\t<\/div>\n\t\t\t\t<\/div>\n\t\t\t\t<\/div>\n\t\t<div class=\"elementor-element elementor-element-180c074 e-con-full e-flex e-con e-child\" data-id=\"180c074\" data-element_type=\"container\" data-e-type=\"container\">\n\t\t\t\t<div class=\"elementor-element elementor-element-4f1c8d4 elementor-widget elementor-widget-image\" data-id=\"4f1c8d4\" data-element_type=\"widget\" data-e-type=\"widget\" data-widget_type=\"image.default\">\n\t\t\t\t\t\t\t\t\t\t\t\t\t\t\t<img loading=\"lazy\" decoding=\"async\" width=\"400\" height=\"288\" src=\"https:\/\/tint.lt\/shop\/wp-content\/uploads\/2026\/02\/selfhealing-400x288.jpg\" class=\"attachment-medium size-medium wp-image-30392\" alt=\"\" srcset=\"https:\/\/tint.lt\/shop\/wp-content\/uploads\/2026\/02\/selfhealing-400x288.jpg 400w, https:\/\/tint.lt\/shop\/wp-content\/uploads\/2026\/02\/selfhealing-768x552.jpg 768w, https:\/\/tint.lt\/shop\/wp-content\/uploads\/2026\/02\/selfhealing-430x309.jpg 430w, https:\/\/tint.lt\/shop\/wp-content\/uploads\/2026\/02\/selfhealing-700x503.jpg 700w, https:\/\/tint.lt\/shop\/wp-content\/uploads\/2026\/02\/selfhealing-150x108.jpg 150w, https:\/\/tint.lt\/shop\/wp-content\/uploads\/2026\/02\/selfhealing.jpg 926w\" sizes=\"auto, (max-width: 400px) 100vw, 400px\" \/>\t\t\t\t\t\t\t\t\t\t\t\t\t\t\t<\/div>\n\t\t\t\t<div class=\"elementor-element elementor-element-b6f250f elementor-widget elementor-widget-wd_text_block\" data-id=\"b6f250f\" data-element_type=\"widget\" data-e-type=\"widget\" data-widget_type=\"wd_text_block.default\">\n\t\t\t\t<div class=\"elementor-widget-container\">\n\t\t\t\t\t\t\t<div class=\"wd-text-block reset-last-child text-left\">\n\t\t\t\n\t\t\t<p>Gavus \u0161ilumos - savaime u\u017esigydantis pl\u0117vel\u0117s pavir\u0161ius (self-healing)<\/p>\n\t\t\t\t\t<\/div>\n\t\t\t\t\t\t<\/div>\n\t\t\t\t<\/div>\n\t\t\t\t<\/div>\n\t\t<div class=\"elementor-element elementor-element-a2c2516 e-con-full e-flex e-con e-child\" data-id=\"a2c2516\" data-element_type=\"container\" data-e-type=\"container\">\n\t\t\t\t<div class=\"elementor-element elementor-element-ed04b60 elementor-widget elementor-widget-image\" data-id=\"ed04b60\" data-element_type=\"widget\" data-e-type=\"widget\" data-widget_type=\"image.default\">\n\t\t\t\t\t\t\t\t\t\t\t\t\t\t\t<img loading=\"lazy\" decoding=\"async\" width=\"400\" height=\"288\" src=\"https:\/\/tint.lt\/shop\/wp-content\/uploads\/2026\/02\/hydrophobic-400x288.jpg\" class=\"attachment-medium size-medium wp-image-30393\" alt=\"\" srcset=\"https:\/\/tint.lt\/shop\/wp-content\/uploads\/2026\/02\/hydrophobic-400x288.jpg 400w, https:\/\/tint.lt\/shop\/wp-content\/uploads\/2026\/02\/hydrophobic-768x552.jpg 768w, https:\/\/tint.lt\/shop\/wp-content\/uploads\/2026\/02\/hydrophobic-430x309.jpg 430w, https:\/\/tint.lt\/shop\/wp-content\/uploads\/2026\/02\/hydrophobic-700x503.jpg 700w, https:\/\/tint.lt\/shop\/wp-content\/uploads\/2026\/02\/hydrophobic-150x108.jpg 150w, https:\/\/tint.lt\/shop\/wp-content\/uploads\/2026\/02\/hydrophobic.jpg 926w\" sizes=\"auto, (max-width: 400px) 100vw, 400px\" \/>\t\t\t\t\t\t\t\t\t\t\t\t\t\t\t<\/div>\n\t\t\t\t<div class=\"elementor-element elementor-element-e9af6ec elementor-widget elementor-widget-wd_text_block\" data-id=\"e9af6ec\" data-element_type=\"widget\" data-e-type=\"widget\" data-widget_type=\"wd_text_block.default\">\n\t\t\t\t<div class=\"elementor-widget-container\">\n\t\t\t\t\t\t\t<div class=\"wd-text-block reset-last-child text-left\">\n\t\t\t\n\t\t\t<p>Ypatingai hidrofobinis pl\u0117vel\u0117s pavir\u0161ius - vanden\u012f ir purv\u0105 atstumianti danga<\/p>\n\t\t\t\t\t<\/div>\n\t\t\t\t\t\t<\/div>\n\t\t\t\t<\/div>\n\t\t\t\t<\/div>\n\t\t\t\t<\/div>\n\t\t<div class=\"wd-negative-gap elementor-element elementor-element-3fbb6e6 e-flex e-con-boxed e-con e-parent\" data-id=\"3fbb6e6\" data-element_type=\"container\" data-e-type=\"container\">\n\t\t\t\t\t<div class=\"e-con-inner\">\n\t\t\t\t<div class=\"elementor-element elementor-element-6d9defe elementor-widget elementor-widget-spacer\" data-id=\"6d9defe\" data-element_type=\"widget\" data-e-type=\"widget\" data-widget_type=\"spacer.default\">\n\t\t\t\t\t\t\t<div class=\"elementor-spacer\">\n\t\t\t<div class=\"elementor-spacer-inner\"><\/div>\n\t\t<\/div>\n\t\t\t\t\t\t<\/div>\n\t\t\t\t<div class=\"elementor-element elementor-element-1bca6a2 wd-width-100 elementor-widget elementor-widget-wd_title\" data-id=\"1bca6a2\" data-element_type=\"widget\" data-e-type=\"widget\" data-widget_type=\"wd_title.default\">\n\t\t\t\t<div class=\"elementor-widget-container\">\n\t\t\t\t\t\t\t<div class=\"title-wrapper wd-set-mb reset-last-child wd-title-color-default wd-title-style-default wd-title-size-default text-left\">\n\n\t\t\t\n\t\t\t<div class=\"liner-continer\">\n\t\t\t\t<h4 class=\"woodmart-title-container title wd-fontsize-l\">Domina automobilio k\u0117bulo apklijavimas apsaugine PPF pl\u0117vele?<\/h4> \n\t\t\t\t\t\t\t<\/div>\n\n\t\t\t\t\t\t\t<div class=\"title-after_title reset-last-child wd-fontsize-xs\">\n\t\t\t\t\t<p>Profesionaliai apklijuosime j\u016bs\u0173 automobilio k\u0117bul\u0105<\/p>\t\t\t\t<\/div>\n\t\t\t\t\t<\/div>\n\t\t\t\t\t\t<\/div>\n\t\t\t\t<\/div>\n\t\t\t\t<div class=\"elementor-element elementor-element-c360cb3 elementor-widget elementor-widget-spacer\" data-id=\"c360cb3\" data-element_type=\"widget\" data-e-type=\"widget\" data-widget_type=\"spacer.default\">\n\t\t\t\t\t\t\t<div class=\"elementor-spacer\">\n\t\t\t<div class=\"elementor-spacer-inner\"><\/div>\n\t\t<\/div>\n\t\t\t\t\t\t<\/div>\n\t\t\t\t\t<\/div>\n\t\t\t\t<\/div>\n\t\t<div class=\"wd-negative-gap elementor-element elementor-element-45be40f e-flex e-con-boxed e-con e-parent\" data-id=\"45be40f\" data-element_type=\"container\" data-e-type=\"container\">\n\t\t\t\t\t<div class=\"e-con-inner\">\n\t\t\t\t<div class=\"elementor-element elementor-element-62f2c7d elementor-align-left elementor-widget elementor-widget-button\" data-id=\"62f2c7d\" data-element_type=\"widget\" data-e-type=\"widget\" data-widget_type=\"button.default\">\n\t\t\t\t\t\t\t\t\t\t<a class=\"elementor-button elementor-button-link elementor-size-sm\" href=\"\/automobiliu-apklijavimas\/automobiliu-apklijavimas-apsaugine-ppf-plevele\/\">\n\t\t\t\t\t\t<span class=\"elementor-button-content-wrapper\">\n\t\t\t\t\t\t\t\t\t<span class=\"elementor-button-text\">Su\u017einokite daugiau<\/span>\n\t\t\t\t\t<\/span>\n\t\t\t\t\t<\/a>\n\t\t\t\t\t\t\t\t<\/div>\n\t\t\t\t\t<\/div>\n\t\t\t\t<\/div>\n\t\t\t\t<\/div>\n\t\t","protected":false},"excerpt":{"rendered":"<p>ApexShield AS80 auk\u0161\u010diausios kokyb\u0117s skaidri apsaugin\u0117 PPF pl\u0117vel\u0117 skirta pilnam arba daliniam automobilio k\u0117bulo apklijavimui. Pl\u0117vel\u0117 pagaminta i\u0161 Aliphatic premium<\/p>\n","protected":false},"featured_media":29558,"comment_status":"closed","ping_status":"closed","template":"","meta":{"_acf_changed":false},"product_brand":[],"product_cat":[99,85],"product_tag":[],"class_list":{"0":"post-29551","1":"product","2":"type-product","3":"status-publish","4":"has-post-thumbnail","6":"product_cat-apsaugines-ppf-pleveles","7":"product_cat-pleveles-automobiliams","9":"first","10":"instock","11":"taxable","12":"shipping-taxable","13":"purchasable","14":"product-type-simple"},"acf":[],"yoast_head":"<!-- This site is optimized with the Yoast SEO plugin v27.5 - https:\/\/yoast.com\/product\/yoast-seo-wordpress\/ -->\n<title>Skaidri blizgi apsaugin\u0117 PPF k\u0117bulo pl\u0117vel\u0117 \u2013 ApexShield AS80<\/title>\n<meta name=\"description\" content=\"Pagaminta i\u0161 Premium Aliphatic TPU - auk\u0161\u010diausios kokyb\u0117s skaidri apsaugin\u0117 PPF pl\u0117vel\u0117 skirta pilnam arba daliniam automobilio k\u0117bulo apklijavimui.\" \/>\n<meta name=\"robots\" content=\"index, follow, max-snippet:-1, max-image-preview:large, max-video-preview:-1\" \/>\n<link rel=\"canonical\" href=\"https:\/\/tint.lt\/shop\/preke\/skaidri-blizgi-apsaugine-ppf-kebulo-plevele-190-mikronu-apexshield-as80\/\" \/>\n<meta property=\"og:locale\" content=\"lt_LT\" \/>\n<meta property=\"og:type\" content=\"article\" \/>\n<meta property=\"og:title\" content=\"Skaidri blizgi apsaugin\u0117 PPF k\u0117bulo pl\u0117vel\u0117 \u2013 ApexShield AS80\" \/>\n<meta property=\"og:description\" content=\"Pagaminta i\u0161 Premium Aliphatic TPU - auk\u0161\u010diausios kokyb\u0117s skaidri apsaugin\u0117 PPF pl\u0117vel\u0117 skirta pilnam arba daliniam automobilio k\u0117bulo apklijavimui.\" \/>\n<meta property=\"og:url\" content=\"https:\/\/tint.lt\/shop\/preke\/skaidri-blizgi-apsaugine-ppf-kebulo-plevele-190-mikronu-apexshield-as80\/\" \/>\n<meta property=\"og:site_name\" content=\"Tint\" \/>\n<meta property=\"article:modified_time\" content=\"2026-04-26T20:04:04+00:00\" \/>\n<meta property=\"og:image\" content=\"https:\/\/tint.lt\/shop\/wp-content\/uploads\/2026\/02\/AS80-apsaugine-PPF-plevele-tesla-model-y.jpg\" \/>\n\t<meta property=\"og:image:width\" content=\"600\" \/>\n\t<meta property=\"og:image:height\" content=\"600\" \/>\n\t<meta property=\"og:image:type\" content=\"image\/jpeg\" \/>\n<meta name=\"twitter:card\" content=\"summary_large_image\" \/>\n<meta name=\"twitter:label1\" content=\"Est. reading time\" \/>\n\t<meta name=\"twitter:data1\" content=\"2 minut\u0117s\" \/>\n<script type=\"application\/ld+json\" class=\"yoast-schema-graph\">{\"@context\":\"https:\\\/\\\/schema.org\",\"@graph\":[{\"@type\":\"WebPage\",\"@id\":\"https:\\\/\\\/tint.lt\\\/shop\\\/preke\\\/skaidri-blizgi-apsaugine-ppf-kebulo-plevele-190-mikronu-apexshield-as80\\\/\",\"url\":\"https:\\\/\\\/tint.lt\\\/shop\\\/preke\\\/skaidri-blizgi-apsaugine-ppf-kebulo-plevele-190-mikronu-apexshield-as80\\\/\",\"name\":\"Skaidri blizgi apsaugin\u0117 PPF k\u0117bulo pl\u0117vel\u0117 \u2013 ApexShield AS80\",\"isPartOf\":{\"@id\":\"https:\\\/\\\/tint.lt\\\/shop\\\/#website\"},\"primaryImageOfPage\":{\"@id\":\"https:\\\/\\\/tint.lt\\\/shop\\\/preke\\\/skaidri-blizgi-apsaugine-ppf-kebulo-plevele-190-mikronu-apexshield-as80\\\/#primaryimage\"},\"image\":{\"@id\":\"https:\\\/\\\/tint.lt\\\/shop\\\/preke\\\/skaidri-blizgi-apsaugine-ppf-kebulo-plevele-190-mikronu-apexshield-as80\\\/#primaryimage\"},\"thumbnailUrl\":\"https:\\\/\\\/tint.lt\\\/shop\\\/wp-content\\\/uploads\\\/2026\\\/02\\\/AS80-apsaugine-PPF-plevele-tesla-model-y.jpg\",\"datePublished\":\"2026-02-19T12:54:19+00:00\",\"dateModified\":\"2026-04-26T20:04:04+00:00\",\"description\":\"Pagaminta i\u0161 Premium Aliphatic TPU - auk\u0161\u010diausios kokyb\u0117s skaidri apsaugin\u0117 PPF pl\u0117vel\u0117 skirta pilnam arba daliniam automobilio k\u0117bulo apklijavimui.\",\"breadcrumb\":{\"@id\":\"https:\\\/\\\/tint.lt\\\/shop\\\/preke\\\/skaidri-blizgi-apsaugine-ppf-kebulo-plevele-190-mikronu-apexshield-as80\\\/#breadcrumb\"},\"inLanguage\":\"lt-LT\",\"potentialAction\":[{\"@type\":\"ReadAction\",\"target\":[\"https:\\\/\\\/tint.lt\\\/shop\\\/preke\\\/skaidri-blizgi-apsaugine-ppf-kebulo-plevele-190-mikronu-apexshield-as80\\\/\"]}]},{\"@type\":\"ImageObject\",\"inLanguage\":\"lt-LT\",\"@id\":\"https:\\\/\\\/tint.lt\\\/shop\\\/preke\\\/skaidri-blizgi-apsaugine-ppf-kebulo-plevele-190-mikronu-apexshield-as80\\\/#primaryimage\",\"url\":\"https:\\\/\\\/tint.lt\\\/shop\\\/wp-content\\\/uploads\\\/2026\\\/02\\\/AS80-apsaugine-PPF-plevele-tesla-model-y.jpg\",\"contentUrl\":\"https:\\\/\\\/tint.lt\\\/shop\\\/wp-content\\\/uploads\\\/2026\\\/02\\\/AS80-apsaugine-PPF-plevele-tesla-model-y.jpg\",\"width\":600,\"height\":600,\"caption\":\"AS80 apsaugin\u0117 PPF k\u0117bulo apklijavimo pl\u0117vel\u0117 (Tesla Model Y)\"},{\"@type\":\"BreadcrumbList\",\"@id\":\"https:\\\/\\\/tint.lt\\\/shop\\\/preke\\\/skaidri-blizgi-apsaugine-ppf-kebulo-plevele-190-mikronu-apexshield-as80\\\/#breadcrumb\",\"itemListElement\":[{\"@type\":\"ListItem\",\"position\":1,\"name\":\"Home\",\"item\":\"https:\\\/\\\/tint.lt\\\/shop\\\/\"},{\"@type\":\"ListItem\",\"position\":2,\"name\":\"Parduotuv\u0117\",\"item\":\"https:\\\/\\\/tint.lt\\\/shop\\\/produktai\\\/\"},{\"@type\":\"ListItem\",\"position\":3,\"name\":\"zbintu tamsinimo\"}]},{\"@type\":\"WebSite\",\"@id\":\"https:\\\/\\\/tint.lt\\\/shop\\\/#website\",\"url\":\"https:\\\/\\\/tint.lt\\\/shop\\\/\",\"name\":\"Tint.lt\",\"description\":\"El. parduotuv\u0117\",\"publisher\":{\"@id\":\"https:\\\/\\\/tint.lt\\\/shop\\\/#organization\"},\"potentialAction\":[{\"@type\":\"SearchAction\",\"target\":{\"@type\":\"EntryPoint\",\"urlTemplate\":\"https:\\\/\\\/tint.lt\\\/shop\\\/?s={search_term_string}\"},\"query-input\":{\"@type\":\"PropertyValueSpecification\",\"valueRequired\":true,\"valueName\":\"search_term_string\"}}],\"inLanguage\":\"lt-LT\"},{\"@type\":\"Organization\",\"@id\":\"https:\\\/\\\/tint.lt\\\/shop\\\/#organization\",\"name\":\"Tint.lt\",\"url\":\"https:\\\/\\\/tint.lt\\\/shop\\\/\",\"logo\":{\"@type\":\"ImageObject\",\"inLanguage\":\"lt-LT\",\"@id\":\"https:\\\/\\\/tint.lt\\\/shop\\\/#\\\/schema\\\/logo\\\/image\\\/\",\"url\":\"https:\\\/\\\/tint.lt\\\/shop\\\/wp-content\\\/uploads\\\/2026\\\/02\\\/TINT_lipnios_pleveles_profesionalams_grey.png\",\"contentUrl\":\"https:\\\/\\\/tint.lt\\\/shop\\\/wp-content\\\/uploads\\\/2026\\\/02\\\/TINT_lipnios_pleveles_profesionalams_grey.png\",\"width\":1265,\"height\":460,\"caption\":\"Tint.lt\"},\"image\":{\"@id\":\"https:\\\/\\\/tint.lt\\\/shop\\\/#\\\/schema\\\/logo\\\/image\\\/\"}}]}<\/script>\n<!-- \/ Yoast SEO plugin. -->","yoast_head_json":{"title":"Skaidri blizgi apsaugin\u0117 PPF k\u0117bulo pl\u0117vel\u0117 \u2013 ApexShield AS80","description":"Pagaminta i\u0161 Premium Aliphatic TPU - auk\u0161\u010diausios kokyb\u0117s skaidri apsaugin\u0117 PPF pl\u0117vel\u0117 skirta pilnam arba daliniam automobilio k\u0117bulo apklijavimui.","robots":{"index":"index","follow":"follow","max-snippet":"max-snippet:-1","max-image-preview":"max-image-preview:large","max-video-preview":"max-video-preview:-1"},"canonical":"https:\/\/tint.lt\/shop\/preke\/skaidri-blizgi-apsaugine-ppf-kebulo-plevele-190-mikronu-apexshield-as80\/","og_locale":"lt_LT","og_type":"article","og_title":"Skaidri blizgi apsaugin\u0117 PPF k\u0117bulo pl\u0117vel\u0117 \u2013 ApexShield AS80","og_description":"Pagaminta i\u0161 Premium Aliphatic TPU - auk\u0161\u010diausios kokyb\u0117s skaidri apsaugin\u0117 PPF pl\u0117vel\u0117 skirta pilnam arba daliniam automobilio k\u0117bulo apklijavimui.","og_url":"https:\/\/tint.lt\/shop\/preke\/skaidri-blizgi-apsaugine-ppf-kebulo-plevele-190-mikronu-apexshield-as80\/","og_site_name":"Tint","article_modified_time":"2026-04-26T20:04:04+00:00","og_image":[{"width":600,"height":600,"url":"https:\/\/tint.lt\/shop\/wp-content\/uploads\/2026\/02\/AS80-apsaugine-PPF-plevele-tesla-model-y.jpg","type":"image\/jpeg"}],"twitter_card":"summary_large_image","twitter_misc":{"Est. reading time":"2 minut\u0117s"},"schema":{"@context":"https:\/\/schema.org","@graph":[{"@type":"WebPage","@id":"https:\/\/tint.lt\/shop\/preke\/skaidri-blizgi-apsaugine-ppf-kebulo-plevele-190-mikronu-apexshield-as80\/","url":"https:\/\/tint.lt\/shop\/preke\/skaidri-blizgi-apsaugine-ppf-kebulo-plevele-190-mikronu-apexshield-as80\/","name":"Skaidri blizgi apsaugin\u0117 PPF k\u0117bulo pl\u0117vel\u0117 \u2013 ApexShield AS80","isPartOf":{"@id":"https:\/\/tint.lt\/shop\/#website"},"primaryImageOfPage":{"@id":"https:\/\/tint.lt\/shop\/preke\/skaidri-blizgi-apsaugine-ppf-kebulo-plevele-190-mikronu-apexshield-as80\/#primaryimage"},"image":{"@id":"https:\/\/tint.lt\/shop\/preke\/skaidri-blizgi-apsaugine-ppf-kebulo-plevele-190-mikronu-apexshield-as80\/#primaryimage"},"thumbnailUrl":"https:\/\/tint.lt\/shop\/wp-content\/uploads\/2026\/02\/AS80-apsaugine-PPF-plevele-tesla-model-y.jpg","datePublished":"2026-02-19T12:54:19+00:00","dateModified":"2026-04-26T20:04:04+00:00","description":"Pagaminta i\u0161 Premium Aliphatic TPU - auk\u0161\u010diausios kokyb\u0117s skaidri apsaugin\u0117 PPF pl\u0117vel\u0117 skirta pilnam arba daliniam automobilio k\u0117bulo apklijavimui.","breadcrumb":{"@id":"https:\/\/tint.lt\/shop\/preke\/skaidri-blizgi-apsaugine-ppf-kebulo-plevele-190-mikronu-apexshield-as80\/#breadcrumb"},"inLanguage":"lt-LT","potentialAction":[{"@type":"ReadAction","target":["https:\/\/tint.lt\/shop\/preke\/skaidri-blizgi-apsaugine-ppf-kebulo-plevele-190-mikronu-apexshield-as80\/"]}]},{"@type":"ImageObject","inLanguage":"lt-LT","@id":"https:\/\/tint.lt\/shop\/preke\/skaidri-blizgi-apsaugine-ppf-kebulo-plevele-190-mikronu-apexshield-as80\/#primaryimage","url":"https:\/\/tint.lt\/shop\/wp-content\/uploads\/2026\/02\/AS80-apsaugine-PPF-plevele-tesla-model-y.jpg","contentUrl":"https:\/\/tint.lt\/shop\/wp-content\/uploads\/2026\/02\/AS80-apsaugine-PPF-plevele-tesla-model-y.jpg","width":600,"height":600,"caption":"AS80 apsaugin\u0117 PPF k\u0117bulo apklijavimo pl\u0117vel\u0117 (Tesla Model Y)"},{"@type":"BreadcrumbList","@id":"https:\/\/tint.lt\/shop\/preke\/skaidri-blizgi-apsaugine-ppf-kebulo-plevele-190-mikronu-apexshield-as80\/#breadcrumb","itemListElement":[{"@type":"ListItem","position":1,"name":"Home","item":"https:\/\/tint.lt\/shop\/"},{"@type":"ListItem","position":2,"name":"Parduotuv\u0117","item":"https:\/\/tint.lt\/shop\/produktai\/"},{"@type":"ListItem","position":3,"name":"zbintu tamsinimo"}]},{"@type":"WebSite","@id":"https:\/\/tint.lt\/shop\/#website","url":"https:\/\/tint.lt\/shop\/","name":"Tint.lt","description":"El. parduotuv\u0117","publisher":{"@id":"https:\/\/tint.lt\/shop\/#organization"},"potentialAction":[{"@type":"SearchAction","target":{"@type":"EntryPoint","urlTemplate":"https:\/\/tint.lt\/shop\/?s={search_term_string}"},"query-input":{"@type":"PropertyValueSpecification","valueRequired":true,"valueName":"search_term_string"}}],"inLanguage":"lt-LT"},{"@type":"Organization","@id":"https:\/\/tint.lt\/shop\/#organization","name":"Tint.lt","url":"https:\/\/tint.lt\/shop\/","logo":{"@type":"ImageObject","inLanguage":"lt-LT","@id":"https:\/\/tint.lt\/shop\/#\/schema\/logo\/image\/","url":"https:\/\/tint.lt\/shop\/wp-content\/uploads\/2026\/02\/TINT_lipnios_pleveles_profesionalams_grey.png","contentUrl":"https:\/\/tint.lt\/shop\/wp-content\/uploads\/2026\/02\/TINT_lipnios_pleveles_profesionalams_grey.png","width":1265,"height":460,"caption":"Tint.lt"},"image":{"@id":"https:\/\/tint.lt\/shop\/#\/schema\/logo\/image\/"}}]}},"_links":{"self":[{"href":"https:\/\/tint.lt\/shop\/wp-json\/wp\/v2\/product\/29551","targetHints":{"allow":["GET"]}}],"collection":[{"href":"https:\/\/tint.lt\/shop\/wp-json\/wp\/v2\/product"}],"about":[{"href":"https:\/\/tint.lt\/shop\/wp-json\/wp\/v2\/types\/product"}],"replies":[{"embeddable":true,"href":"https:\/\/tint.lt\/shop\/wp-json\/wp\/v2\/comments?post=29551"}],"version-history":[{"count":5,"href":"https:\/\/tint.lt\/shop\/wp-json\/wp\/v2\/product\/29551\/revisions"}],"predecessor-version":[{"id":30988,"href":"https:\/\/tint.lt\/shop\/wp-json\/wp\/v2\/product\/29551\/revisions\/30988"}],"wp:featuredmedia":[{"embeddable":true,"href":"https:\/\/tint.lt\/shop\/wp-json\/wp\/v2\/media\/29558"}],"wp:attachment":[{"href":"https:\/\/tint.lt\/shop\/wp-json\/wp\/v2\/media?parent=29551"}],"wp:term":[{"taxonomy":"product_brand","embeddable":true,"href":"https:\/\/tint.lt\/shop\/wp-json\/wp\/v2\/product_brand?post=29551"},{"taxonomy":"product_cat","embeddable":true,"href":"https:\/\/tint.lt\/shop\/wp-json\/wp\/v2\/product_cat?post=29551"},{"taxonomy":"product_tag","embeddable":true,"href":"https:\/\/tint.lt\/shop\/wp-json\/wp\/v2\/product_tag?post=29551"}],"curies":[{"name":"wp","href":"https:\/\/api.w.org\/{rel}","templated":true}]}}