{"id":29621,"date":"2026-02-19T18:59:14","date_gmt":"2026-02-19T16:59:14","guid":{"rendered":"https:\/\/tint.lt\/shop\/?post_type=product&#038;p=29621"},"modified":"2026-03-03T15:44:55","modified_gmt":"2026-03-03T13:44:55","slug":"visiskai-skaidri-blizgi-apsaugine-ppf-zibintu-plevele-headlight-as80","status":"publish","type":"product","link":"https:\/\/tint.lt\/shop\/preke\/visiskai-skaidri-blizgi-apsaugine-ppf-zibintu-plevele-headlight-as80\/","title":{"rendered":"Visi\u0161kai skaidri blizgi apsaugin\u0117 PPF \u017eibint\u0173 pl\u0117vel\u0117 Headlight AS80"},"content":{"rendered":"\t\t<div data-elementor-type=\"wp-post\" data-elementor-id=\"29621\" class=\"elementor elementor-29621\">\n\t\t\t\t<div class=\"wd-negative-gap elementor-element elementor-element-bbab500 e-flex e-con-boxed e-con e-parent\" data-id=\"bbab500\" data-element_type=\"container\" data-e-type=\"container\">\n\t\t\t\t\t<div class=\"e-con-inner\">\n\t\t\t\t<div class=\"elementor-element elementor-element-1d8f9b07 color-scheme-inherit text-left elementor-widget elementor-widget-text-editor\" data-id=\"1d8f9b07\" data-element_type=\"widget\" data-e-type=\"widget\" data-widget_type=\"text-editor.default\">\n\t\t\t\t\t\t\t\t\t<p>ApexShield AS80 auk\u0161\u010diausios kokyb\u0117s skaidri apsaugin\u0117 PPF pl\u0117vel\u0117 skirta pilnam arba daliniam automobilio k\u0117bulo apklijavimui. Pl\u0117vel\u0117 pagaminta i\u0161 Aliphatic premium TPU, neturi vizualiai pastebimos &#8222;apelsino \u017eievel\u0117s&#8221;, yra lygi ir ypatingai blizgi, kuri po apklijavimo da\u017eams suteikia maksimal\u0173 blizges\u012f. Smulk\u016bs \u012fbr\u0117\u017eimai i\u0161nyksta esant \u017eemesnei aplinkos ar pavir\u0161iaus temperat\u016brai, tod\u0117l \u012fbr\u0117\u017eimai atsistato grei\u010diau ir lengviau jai gavus \u0161iek tiek \u0161ilumos.<\/p><p>Pl\u0117vel\u0117 yra mink\u0161ta ir tampri, lengvai klijuojama ir puikiai limpa prie detali\u0173 briaun\u0173.<\/p>\t\t\t\t\t\t\t\t<\/div>\n\t\t\t\t<div class=\"elementor-element elementor-element-b9d1b80 wd-width-100 elementor-widget elementor-widget-wd_title\" data-id=\"b9d1b80\" data-element_type=\"widget\" data-e-type=\"widget\" data-widget_type=\"wd_title.default\">\n\t\t\t\t<div class=\"elementor-widget-container\">\n\t\t\t\t\t\t\t<div class=\"title-wrapper wd-set-mb reset-last-child wd-title-color-default wd-title-style-default wd-title-size-default text-left\">\n\n\t\t\t\n\t\t\t<div class=\"liner-continer\">\n\t\t\t\t<h4 class=\"woodmart-title-container title wd-fontsize-l\">Pagrindin\u0117s ApexShield AS80 pl\u0117vel\u0117s savyb\u0117s<\/h4> \n\t\t\t\t\t\t\t<\/div>\n\n\t\t\t\t\t<\/div>\n\t\t\t\t\t\t<\/div>\n\t\t\t\t<\/div>\n\t\t\t\t<div class=\"elementor-element elementor-element-2d0426a elementor-widget elementor-widget-wd_list\" data-id=\"2d0426a\" data-element_type=\"widget\" data-e-type=\"widget\" data-widget_type=\"wd_list.default\">\n\t\t\t\t<div class=\"elementor-widget-container\">\n\t\t\t\t\t\t\t<ul class=\"wd-list color-scheme- wd-fontsize-xs wd-type-icon wd-style-default text-left\">\n\t\t\t\t\t\t\t\t\t\t\t<li class=\"elementor-repeater-item-2e6b0c9\">\n\t\t\t\t\t\t\t\t\t\t\t<span class=\"wd-icon\"><svg class=\"e-font-icon-svg e-fas-star\" viewBox=\"0 0 576 512\" xmlns=\"http:\/\/www.w3.org\/2000\/svg\"><path d=\"M259.3 17.8L194 150.2 47.9 171.5c-26.2 3.8-36.7 36.1-17.7 54.6l105.7 103-25 145.5c-4.5 26.3 23.2 46 46.4 33.7L288 439.6l130.7 68.7c23.2 12.2 50.9-7.4 46.4-33.7l-25-145.5 105.7-103c19-18.5 8.5-50.8-17.7-54.6L382 150.2 316.7 17.8c-11.7-23.6-45.6-23.9-57.4 0z\"><\/path><\/svg><\/span>\t\t\t\t\t\n\t\t\t\t\t<span class=\"wd-list-content list-content\">\n\t\t\t\t\t\t\t\t\t\t\t\t\tAtspari \u012fvairiems chemikalams\t\t\t\t\t\t\t\t\t\t\t<\/span>\n\t\t\t\t<\/li>\n\t\t\t\t\t\t\t\t\t\t\t<li class=\"elementor-repeater-item-0b1a769\">\n\t\t\t\t\t\t\t\t\t\t\t<span class=\"wd-icon\"><svg class=\"e-font-icon-svg e-fas-star\" viewBox=\"0 0 576 512\" xmlns=\"http:\/\/www.w3.org\/2000\/svg\"><path d=\"M259.3 17.8L194 150.2 47.9 171.5c-26.2 3.8-36.7 36.1-17.7 54.6l105.7 103-25 145.5c-4.5 26.3 23.2 46 46.4 33.7L288 439.6l130.7 68.7c23.2 12.2 50.9-7.4 46.4-33.7l-25-145.5 105.7-103c19-18.5 8.5-50.8-17.7-54.6L382 150.2 316.7 17.8c-11.7-23.6-45.6-23.9-57.4 0z\"><\/path><\/svg><\/span>\t\t\t\t\t\n\t\t\t\t\t<span class=\"wd-list-content list-content\">\n\t\t\t\t\t\t\t\t\t\t\t\t\tYpatingai hidrofobinis pavir\u0161ius (105\u00b0)\t\t\t\t\t\t\t\t\t\t\t<\/span>\n\t\t\t\t<\/li>\n\t\t\t\t\t\t\t\t\t\t\t<li class=\"elementor-repeater-item-92c8b75\">\n\t\t\t\t\t\t\t\t\t\t\t<span class=\"wd-icon\"><svg class=\"e-font-icon-svg e-fas-star\" viewBox=\"0 0 576 512\" xmlns=\"http:\/\/www.w3.org\/2000\/svg\"><path d=\"M259.3 17.8L194 150.2 47.9 171.5c-26.2 3.8-36.7 36.1-17.7 54.6l105.7 103-25 145.5c-4.5 26.3 23.2 46 46.4 33.7L288 439.6l130.7 68.7c23.2 12.2 50.9-7.4 46.4-33.7l-25-145.5 105.7-103c19-18.5 8.5-50.8-17.7-54.6L382 150.2 316.7 17.8c-11.7-23.6-45.6-23.9-57.4 0z\"><\/path><\/svg><\/span>\t\t\t\t\t\n\t\t\t\t\t<span class=\"wd-list-content list-content\">\n\t\t\t\t\t\t\t\t\t\t\t\t\tNeturi \"apelsino \u017eievel\u0117s\" efekto\t\t\t\t\t\t\t\t\t\t\t<\/span>\n\t\t\t\t<\/li>\n\t\t\t\t\t\t\t\t\t\t\t<li class=\"elementor-repeater-item-7b76521\">\n\t\t\t\t\t\t\t\t\t\t\t<span class=\"wd-icon\"><svg class=\"e-font-icon-svg e-fas-star\" viewBox=\"0 0 576 512\" xmlns=\"http:\/\/www.w3.org\/2000\/svg\"><path d=\"M259.3 17.8L194 150.2 47.9 171.5c-26.2 3.8-36.7 36.1-17.7 54.6l105.7 103-25 145.5c-4.5 26.3 23.2 46 46.4 33.7L288 439.6l130.7 68.7c23.2 12.2 50.9-7.4 46.4-33.7l-25-145.5 105.7-103c19-18.5 8.5-50.8-17.7-54.6L382 150.2 316.7 17.8c-11.7-23.6-45.6-23.9-57.4 0z\"><\/path><\/svg><\/span>\t\t\t\t\t\n\t\t\t\t\t<span class=\"wd-list-content list-content\">\n\t\t\t\t\t\t\t\t\t\t\t\t\tYpa\u010d blizgus ir lygus pl\u0117vel\u0117s pavir\u0161ius\t\t\t\t\t\t\t\t\t\t\t<\/span>\n\t\t\t\t<\/li>\n\t\t\t\t\t\t\t\t\t\t\t<li class=\"elementor-repeater-item-1957815\">\n\t\t\t\t\t\t\t\t\t\t\t<span class=\"wd-icon\"><svg class=\"e-font-icon-svg e-fas-star\" viewBox=\"0 0 576 512\" xmlns=\"http:\/\/www.w3.org\/2000\/svg\"><path d=\"M259.3 17.8L194 150.2 47.9 171.5c-26.2 3.8-36.7 36.1-17.7 54.6l105.7 103-25 145.5c-4.5 26.3 23.2 46 46.4 33.7L288 439.6l130.7 68.7c23.2 12.2 50.9-7.4 46.4-33.7l-25-145.5 105.7-103c19-18.5 8.5-50.8-17.7-54.6L382 150.2 316.7 17.8c-11.7-23.6-45.6-23.9-57.4 0z\"><\/path><\/svg><\/span>\t\t\t\t\t\n\t\t\t\t\t<span class=\"wd-list-content list-content\">\n\t\t\t\t\t\t\t\t\t\t\t\t\tNegeltonuoja\t\t\t\t\t\t\t\t\t\t\t<\/span>\n\t\t\t\t<\/li>\n\t\t\t\t\t\t\t\t\t\t\t<li class=\"elementor-repeater-item-00c95cf\">\n\t\t\t\t\t\t\t\t\t\t\t<span class=\"wd-icon\"><svg class=\"e-font-icon-svg e-fas-star\" viewBox=\"0 0 576 512\" xmlns=\"http:\/\/www.w3.org\/2000\/svg\"><path d=\"M259.3 17.8L194 150.2 47.9 171.5c-26.2 3.8-36.7 36.1-17.7 54.6l105.7 103-25 145.5c-4.5 26.3 23.2 46 46.4 33.7L288 439.6l130.7 68.7c23.2 12.2 50.9-7.4 46.4-33.7l-25-145.5 105.7-103c19-18.5 8.5-50.8-17.7-54.6L382 150.2 316.7 17.8c-11.7-23.6-45.6-23.9-57.4 0z\"><\/path><\/svg><\/span>\t\t\t\t\t\n\t\t\t\t\t<span class=\"wd-list-content list-content\">\n\t\t\t\t\t\t\t\t\t\t\t\t\tSavaime atsistatantys smulk\u016bs \u012fbr\u0117\u017eimai - \"Selfhealing\"\t\t\t\t\t\t\t\t\t\t\t<\/span>\n\t\t\t\t<\/li>\n\t\t\t\t\t<\/ul>\n\n\t\t\t\t\t\t<\/div>\n\t\t\t\t<\/div>\n\t\t\t\t\t<\/div>\n\t\t\t\t<\/div>\n\t\t<div class=\"wd-negative-gap elementor-element elementor-element-3fbb6e6 e-flex e-con-boxed e-con e-parent\" data-id=\"3fbb6e6\" data-element_type=\"container\" data-e-type=\"container\">\n\t\t\t\t\t<div class=\"e-con-inner\">\n\t\t\t\t<div class=\"elementor-element elementor-element-6d9defe elementor-widget elementor-widget-spacer\" data-id=\"6d9defe\" data-element_type=\"widget\" data-e-type=\"widget\" data-widget_type=\"spacer.default\">\n\t\t\t\t\t\t\t<div class=\"elementor-spacer\">\n\t\t\t<div class=\"elementor-spacer-inner\"><\/div>\n\t\t<\/div>\n\t\t\t\t\t\t<\/div>\n\t\t\t\t<div class=\"elementor-element elementor-element-1bca6a2 wd-width-100 elementor-widget elementor-widget-wd_title\" data-id=\"1bca6a2\" data-element_type=\"widget\" data-e-type=\"widget\" data-widget_type=\"wd_title.default\">\n\t\t\t\t<div class=\"elementor-widget-container\">\n\t\t\t\t\t\t\t<div class=\"title-wrapper wd-set-mb reset-last-child wd-title-color-default wd-title-style-default wd-title-size-default text-left\">\n\n\t\t\t\n\t\t\t<div class=\"liner-continer\">\n\t\t\t\t<h4 class=\"woodmart-title-container title wd-fontsize-l\">Domina automobilio k\u0117bulo apklijavimas apsaugine PPF pl\u0117vele?<\/h4> \n\t\t\t\t\t\t\t<\/div>\n\n\t\t\t\t\t\t\t<div class=\"title-after_title reset-last-child wd-fontsize-xs\">\n\t\t\t\t\t<p>Profesionaliai apklijuosime j\u016bs\u0173 automobilio k\u0117bul\u0105<\/p>\t\t\t\t<\/div>\n\t\t\t\t\t<\/div>\n\t\t\t\t\t\t<\/div>\n\t\t\t\t<\/div>\n\t\t\t\t<div class=\"elementor-element elementor-element-c360cb3 elementor-widget elementor-widget-spacer\" data-id=\"c360cb3\" data-element_type=\"widget\" data-e-type=\"widget\" data-widget_type=\"spacer.default\">\n\t\t\t\t\t\t\t<div class=\"elementor-spacer\">\n\t\t\t<div class=\"elementor-spacer-inner\"><\/div>\n\t\t<\/div>\n\t\t\t\t\t\t<\/div>\n\t\t\t\t\t<\/div>\n\t\t\t\t<\/div>\n\t\t<div class=\"wd-negative-gap elementor-element elementor-element-45be40f e-flex e-con-boxed e-con e-parent\" data-id=\"45be40f\" data-element_type=\"container\" data-e-type=\"container\">\n\t\t\t\t\t<div class=\"e-con-inner\">\n\t\t\t\t<div class=\"elementor-element elementor-element-62f2c7d elementor-align-left elementor-widget elementor-widget-button\" data-id=\"62f2c7d\" data-element_type=\"widget\" data-e-type=\"widget\" data-widget_type=\"button.default\">\n\t\t\t\t\t\t\t\t\t\t<a class=\"elementor-button elementor-button-link elementor-size-sm\" href=\"\/automobiliu-apklijavimas\/automobiliu-apklijavimas-apsaugine-ppf-plevele\/\">\n\t\t\t\t\t\t<span class=\"elementor-button-content-wrapper\">\n\t\t\t\t\t\t\t\t\t<span class=\"elementor-button-text\">Su\u017einokite daugiau<\/span>\n\t\t\t\t\t<\/span>\n\t\t\t\t\t<\/a>\n\t\t\t\t\t\t\t\t<\/div>\n\t\t\t\t\t<\/div>\n\t\t\t\t<\/div>\n\t\t\t\t<\/div>\n\t\t","protected":false},"excerpt":{"rendered":"<p>ApexShield AS80 auk\u0161\u010diausios kokyb\u0117s skaidri apsaugin\u0117 PPF pl\u0117vel\u0117 skirta pilnam arba daliniam automobilio k\u0117bulo apklijavimui. Pl\u0117vel\u0117 pagaminta i\u0161 Aliphatic premium<\/p>\n","protected":false},"featured_media":29623,"comment_status":"closed","ping_status":"closed","template":"","meta":{"_acf_changed":false},"product_brand":[],"product_cat":[85,89],"product_tag":[],"class_list":{"0":"post-29621","1":"product","2":"type-product","3":"status-publish","4":"has-post-thumbnail","6":"product_cat-pleveles-automobiliams","7":"product_cat-zibintu-tamsinimo-ppf-pleveles","9":"first","10":"instock","11":"taxable","12":"shipping-taxable","13":"purchasable","14":"product-type-simple"},"acf":[],"yoast_head":"<!-- This site is optimized with the Yoast SEO plugin v27.5 - https:\/\/yoast.com\/product\/yoast-seo-wordpress\/ -->\n<title>Visi\u0161kai skaidri blizgi apsaugin\u0117 PPF \u017eibint\u0173 pl\u0117vel\u0117 Headlight AS80 - Tint<\/title>\n<meta name=\"robots\" content=\"index, follow, max-snippet:-1, max-image-preview:large, max-video-preview:-1\" \/>\n<link rel=\"canonical\" href=\"https:\/\/tint.lt\/shop\/preke\/visiskai-skaidri-blizgi-apsaugine-ppf-zibintu-plevele-headlight-as80\/\" \/>\n<meta property=\"og:locale\" content=\"lt_LT\" \/>\n<meta property=\"og:type\" content=\"article\" \/>\n<meta property=\"og:title\" content=\"Visi\u0161kai skaidri blizgi apsaugin\u0117 PPF \u017eibint\u0173 pl\u0117vel\u0117 Headlight AS80 - Tint\" \/>\n<meta property=\"og:description\" content=\"ApexShield AS80 auk\u0161\u010diausios kokyb\u0117s skaidri apsaugin\u0117 PPF pl\u0117vel\u0117 skirta pilnam arba daliniam automobilio k\u0117bulo apklijavimui. Pl\u0117vel\u0117 pagaminta i\u0161 Aliphatic premium\" \/>\n<meta property=\"og:url\" content=\"https:\/\/tint.lt\/shop\/preke\/visiskai-skaidri-blizgi-apsaugine-ppf-zibintu-plevele-headlight-as80\/\" \/>\n<meta property=\"og:site_name\" content=\"Tint\" \/>\n<meta property=\"article:modified_time\" content=\"2026-03-03T13:44:55+00:00\" \/>\n<meta property=\"og:image\" content=\"https:\/\/tint.lt\/shop\/wp-content\/uploads\/2026\/02\/AS80-zibintu-apsaugine-PPF-plevele-skaidri.jpg\" \/>\n\t<meta property=\"og:image:width\" content=\"900\" \/>\n\t<meta property=\"og:image:height\" content=\"900\" \/>\n\t<meta property=\"og:image:type\" content=\"image\/jpeg\" \/>\n<meta name=\"twitter:card\" content=\"summary_large_image\" \/>\n<script type=\"application\/ld+json\" class=\"yoast-schema-graph\">{\"@context\":\"https:\\\/\\\/schema.org\",\"@graph\":[{\"@type\":\"WebPage\",\"@id\":\"https:\\\/\\\/tint.lt\\\/shop\\\/preke\\\/visiskai-skaidri-blizgi-apsaugine-ppf-zibintu-plevele-headlight-as80\\\/\",\"url\":\"https:\\\/\\\/tint.lt\\\/shop\\\/preke\\\/visiskai-skaidri-blizgi-apsaugine-ppf-zibintu-plevele-headlight-as80\\\/\",\"name\":\"Visi\u0161kai skaidri blizgi apsaugin\u0117 PPF \u017eibint\u0173 pl\u0117vel\u0117 Headlight AS80 - Tint\",\"isPartOf\":{\"@id\":\"https:\\\/\\\/tint.lt\\\/shop\\\/#website\"},\"primaryImageOfPage\":{\"@id\":\"https:\\\/\\\/tint.lt\\\/shop\\\/preke\\\/visiskai-skaidri-blizgi-apsaugine-ppf-zibintu-plevele-headlight-as80\\\/#primaryimage\"},\"image\":{\"@id\":\"https:\\\/\\\/tint.lt\\\/shop\\\/preke\\\/visiskai-skaidri-blizgi-apsaugine-ppf-zibintu-plevele-headlight-as80\\\/#primaryimage\"},\"thumbnailUrl\":\"https:\\\/\\\/tint.lt\\\/shop\\\/wp-content\\\/uploads\\\/2026\\\/02\\\/AS80-zibintu-apsaugine-PPF-plevele-skaidri.jpg\",\"datePublished\":\"2026-02-19T16:59:14+00:00\",\"dateModified\":\"2026-03-03T13:44:55+00:00\",\"breadcrumb\":{\"@id\":\"https:\\\/\\\/tint.lt\\\/shop\\\/preke\\\/visiskai-skaidri-blizgi-apsaugine-ppf-zibintu-plevele-headlight-as80\\\/#breadcrumb\"},\"inLanguage\":\"lt-LT\",\"potentialAction\":[{\"@type\":\"ReadAction\",\"target\":[\"https:\\\/\\\/tint.lt\\\/shop\\\/preke\\\/visiskai-skaidri-blizgi-apsaugine-ppf-zibintu-plevele-headlight-as80\\\/\"]}]},{\"@type\":\"ImageObject\",\"inLanguage\":\"lt-LT\",\"@id\":\"https:\\\/\\\/tint.lt\\\/shop\\\/preke\\\/visiskai-skaidri-blizgi-apsaugine-ppf-zibintu-plevele-headlight-as80\\\/#primaryimage\",\"url\":\"https:\\\/\\\/tint.lt\\\/shop\\\/wp-content\\\/uploads\\\/2026\\\/02\\\/AS80-zibintu-apsaugine-PPF-plevele-skaidri.jpg\",\"contentUrl\":\"https:\\\/\\\/tint.lt\\\/shop\\\/wp-content\\\/uploads\\\/2026\\\/02\\\/AS80-zibintu-apsaugine-PPF-plevele-skaidri.jpg\",\"width\":900,\"height\":900,\"caption\":\"AS80 \u017eibint\u0173 apsaugine skaidri PPF pl\u0117vel\u0117\"},{\"@type\":\"BreadcrumbList\",\"@id\":\"https:\\\/\\\/tint.lt\\\/shop\\\/preke\\\/visiskai-skaidri-blizgi-apsaugine-ppf-zibintu-plevele-headlight-as80\\\/#breadcrumb\",\"itemListElement\":[{\"@type\":\"ListItem\",\"position\":1,\"name\":\"Home\",\"item\":\"https:\\\/\\\/tint.lt\\\/shop\\\/\"},{\"@type\":\"ListItem\",\"position\":2,\"name\":\"Parduotuv\u0117\",\"item\":\"https:\\\/\\\/tint.lt\\\/shop\\\/produktai\\\/\"},{\"@type\":\"ListItem\",\"position\":3,\"name\":\"zbintu tamsinimo\"}]},{\"@type\":\"WebSite\",\"@id\":\"https:\\\/\\\/tint.lt\\\/shop\\\/#website\",\"url\":\"https:\\\/\\\/tint.lt\\\/shop\\\/\",\"name\":\"Tint.lt\",\"description\":\"El. parduotuv\u0117\",\"publisher\":{\"@id\":\"https:\\\/\\\/tint.lt\\\/shop\\\/#organization\"},\"potentialAction\":[{\"@type\":\"SearchAction\",\"target\":{\"@type\":\"EntryPoint\",\"urlTemplate\":\"https:\\\/\\\/tint.lt\\\/shop\\\/?s={search_term_string}\"},\"query-input\":{\"@type\":\"PropertyValueSpecification\",\"valueRequired\":true,\"valueName\":\"search_term_string\"}}],\"inLanguage\":\"lt-LT\"},{\"@type\":\"Organization\",\"@id\":\"https:\\\/\\\/tint.lt\\\/shop\\\/#organization\",\"name\":\"Tint.lt\",\"url\":\"https:\\\/\\\/tint.lt\\\/shop\\\/\",\"logo\":{\"@type\":\"ImageObject\",\"inLanguage\":\"lt-LT\",\"@id\":\"https:\\\/\\\/tint.lt\\\/shop\\\/#\\\/schema\\\/logo\\\/image\\\/\",\"url\":\"https:\\\/\\\/tint.lt\\\/shop\\\/wp-content\\\/uploads\\\/2026\\\/02\\\/TINT_lipnios_pleveles_profesionalams_grey.png\",\"contentUrl\":\"https:\\\/\\\/tint.lt\\\/shop\\\/wp-content\\\/uploads\\\/2026\\\/02\\\/TINT_lipnios_pleveles_profesionalams_grey.png\",\"width\":1265,\"height\":460,\"caption\":\"Tint.lt\"},\"image\":{\"@id\":\"https:\\\/\\\/tint.lt\\\/shop\\\/#\\\/schema\\\/logo\\\/image\\\/\"}}]}<\/script>\n<!-- \/ Yoast SEO plugin. -->","yoast_head_json":{"title":"Visi\u0161kai skaidri blizgi apsaugin\u0117 PPF \u017eibint\u0173 pl\u0117vel\u0117 Headlight AS80 - Tint","robots":{"index":"index","follow":"follow","max-snippet":"max-snippet:-1","max-image-preview":"max-image-preview:large","max-video-preview":"max-video-preview:-1"},"canonical":"https:\/\/tint.lt\/shop\/preke\/visiskai-skaidri-blizgi-apsaugine-ppf-zibintu-plevele-headlight-as80\/","og_locale":"lt_LT","og_type":"article","og_title":"Visi\u0161kai skaidri blizgi apsaugin\u0117 PPF \u017eibint\u0173 pl\u0117vel\u0117 Headlight AS80 - Tint","og_description":"ApexShield AS80 auk\u0161\u010diausios kokyb\u0117s skaidri apsaugin\u0117 PPF pl\u0117vel\u0117 skirta pilnam arba daliniam automobilio k\u0117bulo apklijavimui. Pl\u0117vel\u0117 pagaminta i\u0161 Aliphatic premium","og_url":"https:\/\/tint.lt\/shop\/preke\/visiskai-skaidri-blizgi-apsaugine-ppf-zibintu-plevele-headlight-as80\/","og_site_name":"Tint","article_modified_time":"2026-03-03T13:44:55+00:00","og_image":[{"width":900,"height":900,"url":"https:\/\/tint.lt\/shop\/wp-content\/uploads\/2026\/02\/AS80-zibintu-apsaugine-PPF-plevele-skaidri.jpg","type":"image\/jpeg"}],"twitter_card":"summary_large_image","schema":{"@context":"https:\/\/schema.org","@graph":[{"@type":"WebPage","@id":"https:\/\/tint.lt\/shop\/preke\/visiskai-skaidri-blizgi-apsaugine-ppf-zibintu-plevele-headlight-as80\/","url":"https:\/\/tint.lt\/shop\/preke\/visiskai-skaidri-blizgi-apsaugine-ppf-zibintu-plevele-headlight-as80\/","name":"Visi\u0161kai skaidri blizgi apsaugin\u0117 PPF \u017eibint\u0173 pl\u0117vel\u0117 Headlight AS80 - Tint","isPartOf":{"@id":"https:\/\/tint.lt\/shop\/#website"},"primaryImageOfPage":{"@id":"https:\/\/tint.lt\/shop\/preke\/visiskai-skaidri-blizgi-apsaugine-ppf-zibintu-plevele-headlight-as80\/#primaryimage"},"image":{"@id":"https:\/\/tint.lt\/shop\/preke\/visiskai-skaidri-blizgi-apsaugine-ppf-zibintu-plevele-headlight-as80\/#primaryimage"},"thumbnailUrl":"https:\/\/tint.lt\/shop\/wp-content\/uploads\/2026\/02\/AS80-zibintu-apsaugine-PPF-plevele-skaidri.jpg","datePublished":"2026-02-19T16:59:14+00:00","dateModified":"2026-03-03T13:44:55+00:00","breadcrumb":{"@id":"https:\/\/tint.lt\/shop\/preke\/visiskai-skaidri-blizgi-apsaugine-ppf-zibintu-plevele-headlight-as80\/#breadcrumb"},"inLanguage":"lt-LT","potentialAction":[{"@type":"ReadAction","target":["https:\/\/tint.lt\/shop\/preke\/visiskai-skaidri-blizgi-apsaugine-ppf-zibintu-plevele-headlight-as80\/"]}]},{"@type":"ImageObject","inLanguage":"lt-LT","@id":"https:\/\/tint.lt\/shop\/preke\/visiskai-skaidri-blizgi-apsaugine-ppf-zibintu-plevele-headlight-as80\/#primaryimage","url":"https:\/\/tint.lt\/shop\/wp-content\/uploads\/2026\/02\/AS80-zibintu-apsaugine-PPF-plevele-skaidri.jpg","contentUrl":"https:\/\/tint.lt\/shop\/wp-content\/uploads\/2026\/02\/AS80-zibintu-apsaugine-PPF-plevele-skaidri.jpg","width":900,"height":900,"caption":"AS80 \u017eibint\u0173 apsaugine skaidri PPF pl\u0117vel\u0117"},{"@type":"BreadcrumbList","@id":"https:\/\/tint.lt\/shop\/preke\/visiskai-skaidri-blizgi-apsaugine-ppf-zibintu-plevele-headlight-as80\/#breadcrumb","itemListElement":[{"@type":"ListItem","position":1,"name":"Home","item":"https:\/\/tint.lt\/shop\/"},{"@type":"ListItem","position":2,"name":"Parduotuv\u0117","item":"https:\/\/tint.lt\/shop\/produktai\/"},{"@type":"ListItem","position":3,"name":"zbintu tamsinimo"}]},{"@type":"WebSite","@id":"https:\/\/tint.lt\/shop\/#website","url":"https:\/\/tint.lt\/shop\/","name":"Tint.lt","description":"El. parduotuv\u0117","publisher":{"@id":"https:\/\/tint.lt\/shop\/#organization"},"potentialAction":[{"@type":"SearchAction","target":{"@type":"EntryPoint","urlTemplate":"https:\/\/tint.lt\/shop\/?s={search_term_string}"},"query-input":{"@type":"PropertyValueSpecification","valueRequired":true,"valueName":"search_term_string"}}],"inLanguage":"lt-LT"},{"@type":"Organization","@id":"https:\/\/tint.lt\/shop\/#organization","name":"Tint.lt","url":"https:\/\/tint.lt\/shop\/","logo":{"@type":"ImageObject","inLanguage":"lt-LT","@id":"https:\/\/tint.lt\/shop\/#\/schema\/logo\/image\/","url":"https:\/\/tint.lt\/shop\/wp-content\/uploads\/2026\/02\/TINT_lipnios_pleveles_profesionalams_grey.png","contentUrl":"https:\/\/tint.lt\/shop\/wp-content\/uploads\/2026\/02\/TINT_lipnios_pleveles_profesionalams_grey.png","width":1265,"height":460,"caption":"Tint.lt"},"image":{"@id":"https:\/\/tint.lt\/shop\/#\/schema\/logo\/image\/"}}]}},"_links":{"self":[{"href":"https:\/\/tint.lt\/shop\/wp-json\/wp\/v2\/product\/29621","targetHints":{"allow":["GET"]}}],"collection":[{"href":"https:\/\/tint.lt\/shop\/wp-json\/wp\/v2\/product"}],"about":[{"href":"https:\/\/tint.lt\/shop\/wp-json\/wp\/v2\/types\/product"}],"replies":[{"embeddable":true,"href":"https:\/\/tint.lt\/shop\/wp-json\/wp\/v2\/comments?post=29621"}],"version-history":[{"count":1,"href":"https:\/\/tint.lt\/shop\/wp-json\/wp\/v2\/product\/29621\/revisions"}],"predecessor-version":[{"id":29624,"href":"https:\/\/tint.lt\/shop\/wp-json\/wp\/v2\/product\/29621\/revisions\/29624"}],"wp:featuredmedia":[{"embeddable":true,"href":"https:\/\/tint.lt\/shop\/wp-json\/wp\/v2\/media\/29623"}],"wp:attachment":[{"href":"https:\/\/tint.lt\/shop\/wp-json\/wp\/v2\/media?parent=29621"}],"wp:term":[{"taxonomy":"product_brand","embeddable":true,"href":"https:\/\/tint.lt\/shop\/wp-json\/wp\/v2\/product_brand?post=29621"},{"taxonomy":"product_cat","embeddable":true,"href":"https:\/\/tint.lt\/shop\/wp-json\/wp\/v2\/product_cat?post=29621"},{"taxonomy":"product_tag","embeddable":true,"href":"https:\/\/tint.lt\/shop\/wp-json\/wp\/v2\/product_tag?post=29621"}],"curies":[{"name":"wp","href":"https:\/\/api.w.org\/{rel}","templated":true}]}}