{"id":29642,"date":"2026-02-19T20:29:18","date_gmt":"2026-02-19T18:29:18","guid":{"rendered":"https:\/\/tint.lt\/shop\/?post_type=product&#038;p=29642"},"modified":"2026-03-03T15:49:17","modified_gmt":"2026-03-03T13:49:17","slug":"ypac-sviesiai-pilko-atspalvio-langu-tamsinimo-plevele","status":"publish","type":"product","link":"https:\/\/tint.lt\/shop\/preke\/ypac-sviesiai-pilko-atspalvio-langu-tamsinimo-plevele\/","title":{"rendered":"Ypa\u010d \u0161viesiai pilko atspalvio lang\u0173 tamsinimo pl\u0117vel\u0117, \u0161viesos laidumas 70%"},"content":{"rendered":"\t\t<div data-elementor-type=\"wp-post\" data-elementor-id=\"29642\" class=\"elementor elementor-29642\">\n\t\t\t\t\t\t<section class=\"wd-negative-gap elementor-section elementor-top-section elementor-element elementor-element-7cdfd30 elementor-section-boxed elementor-section-height-default elementor-section-height-default\" data-id=\"7cdfd30\" data-element_type=\"section\" data-e-type=\"section\">\n\t\t\t\t\t\t<div class=\"elementor-container elementor-column-gap-default\">\n\t\t\t\t\t<div class=\"elementor-column elementor-col-100 elementor-top-column elementor-element elementor-element-e003307\" data-id=\"e003307\" data-element_type=\"column\" data-e-type=\"column\">\n\t\t\t<div class=\"elementor-widget-wrap elementor-element-populated\">\n\t\t\t\t\t\t<div class=\"elementor-element elementor-element-8c9cb99 color-scheme-inherit text-left elementor-widget elementor-widget-text-editor\" data-id=\"8c9cb99\" data-element_type=\"widget\" data-e-type=\"widget\" data-widget_type=\"text-editor.default\">\n\t\t\t\t\t\t\t\t\t<p>Labai \u0161viesiai pilko atspalvio pl\u0117vel\u0117. Da\u017eniausiai \u0161ia pl\u0117vele yra apklijuojami priekiniai \u0161oniniai automobilio stiklai. Langams suteikia solid\u0173 ir minimal\u0173 &#8222;pritamsinim\u0105&#8221;. Auk\u0161tas \u0161viesos pralaidumas, tod\u0117l labai minimaliai u\u017etamsina automobilio stiklus. Tai retas klient\u0173 pasirinkimas tonuoti galinius langus \u0161ia pl\u0117vele d\u0117l didelio jos \u0161viesos laidumo. Padengta metal\u0173 kompozitais, tod\u0117l neblunkanti ir ilgaam\u017ei\u0161ka.<\/p>\t\t\t\t\t\t\t\t<\/div>\n\t\t\t\t\t<\/div>\n\t\t<\/div>\n\t\t\t\t\t<\/div>\n\t\t<\/section>\n\t\t<div class=\"wd-negative-gap elementor-element elementor-element-f2f07ab e-flex e-con-boxed e-con e-parent\" data-id=\"f2f07ab\" data-element_type=\"container\" data-e-type=\"container\">\n\t\t\t\t\t<div class=\"e-con-inner\">\n\t\t\t\t<div class=\"elementor-element elementor-element-e18fbc5 elementor-widget elementor-widget-spacer\" data-id=\"e18fbc5\" data-element_type=\"widget\" data-e-type=\"widget\" data-widget_type=\"spacer.default\">\n\t\t\t\t\t\t\t<div class=\"elementor-spacer\">\n\t\t\t<div class=\"elementor-spacer-inner\"><\/div>\n\t\t<\/div>\n\t\t\t\t\t\t<\/div>\n\t\t\t\t<div class=\"elementor-element elementor-element-74072a5 wd-width-100 elementor-widget elementor-widget-wd_title\" data-id=\"74072a5\" data-element_type=\"widget\" data-e-type=\"widget\" data-widget_type=\"wd_title.default\">\n\t\t\t\t<div class=\"elementor-widget-container\">\n\t\t\t\t\t\t\t<div class=\"title-wrapper wd-set-mb reset-last-child wd-title-color-default wd-title-style-default wd-title-size-default text-left\">\n\n\t\t\t\n\t\t\t<div class=\"liner-continer\">\n\t\t\t\t<h4 class=\"woodmart-title-container title wd-fontsize-l\">Domina priekini\u0173 lang\u0173 tamsinimo paslauga?<\/h4> \n\t\t\t\t\t\t\t<\/div>\n\n\t\t\t\t\t\t\t<div class=\"title-after_title reset-last-child wd-fontsize-xs\">\n\t\t\t\t\t<p>Profesionaliai apklijuosime j\u016bs\u0173 automobilio stiklus<\/p>\t\t\t\t<\/div>\n\t\t\t\t\t<\/div>\n\t\t\t\t\t\t<\/div>\n\t\t\t\t<\/div>\n\t\t\t\t<div class=\"elementor-element elementor-element-67f0ff3 elementor-widget elementor-widget-spacer\" data-id=\"67f0ff3\" data-element_type=\"widget\" data-e-type=\"widget\" data-widget_type=\"spacer.default\">\n\t\t\t\t\t\t\t<div class=\"elementor-spacer\">\n\t\t\t<div class=\"elementor-spacer-inner\"><\/div>\n\t\t<\/div>\n\t\t\t\t\t\t<\/div>\n\t\t\t\t\t<\/div>\n\t\t\t\t<\/div>\n\t\t<div class=\"wd-negative-gap elementor-element elementor-element-c865355 e-flex e-con-boxed e-con e-parent\" data-id=\"c865355\" data-element_type=\"container\" data-e-type=\"container\">\n\t\t\t\t\t<div class=\"e-con-inner\">\n\t\t\t\t<div class=\"elementor-element elementor-element-b3638fe elementor-align-left elementor-widget elementor-widget-button\" data-id=\"b3638fe\" data-element_type=\"widget\" data-e-type=\"widget\" data-widget_type=\"button.default\">\n\t\t\t\t\t\t\t\t\t\t<a class=\"elementor-button elementor-button-link elementor-size-sm\" href=\"\/automobiliu-stiklu-tamsinimas\/priekiniu-langu-tamsinimas\/\">\n\t\t\t\t\t\t<span class=\"elementor-button-content-wrapper\">\n\t\t\t\t\t\t\t\t\t<span class=\"elementor-button-text\">Su\u017einokite daugiau<\/span>\n\t\t\t\t\t<\/span>\n\t\t\t\t\t<\/a>\n\t\t\t\t\t\t\t\t<\/div>\n\t\t\t\t\t<\/div>\n\t\t\t\t<\/div>\n\t\t\t\t<\/div>\n\t\t","protected":false},"excerpt":{"rendered":"<p>Labai \u0161viesiai pilko atspalvio pl\u0117vel\u0117. Da\u017eniausiai \u0161ia pl\u0117vele yra apklijuojami priekiniai \u0161oniniai automobilio stiklai. Langams suteikia solid\u0173 ir minimal\u0173 &#8222;pritamsinim\u0105&#8221;.<\/p>\n","protected":false},"featured_media":29643,"comment_status":"closed","ping_status":"closed","template":"","meta":{"_acf_changed":false},"product_brand":[102],"product_cat":[85,87],"product_tag":[],"class_list":{"0":"post-29642","1":"product","2":"type-product","3":"status-publish","4":"has-post-thumbnail","6":"product_brand-solarscreen","7":"product_cat-pleveles-automobiliams","8":"product_cat-priekiniu-langu-tamsinimui","10":"first","11":"instock","12":"taxable","13":"shipping-taxable","14":"purchasable","15":"product-type-simple"},"acf":[],"yoast_head":"<!-- This site is optimized with the Yoast SEO plugin v27.5 - https:\/\/yoast.com\/product\/yoast-seo-wordpress\/ -->\n<title>Ypa\u010d \u0161viesiai pilko atspalvio lang\u0173 tamsinimo pl\u0117vel\u0117, \u0161viesos laidumas 70% - Tint<\/title>\n<meta name=\"robots\" content=\"index, follow, max-snippet:-1, max-image-preview:large, max-video-preview:-1\" \/>\n<link rel=\"canonical\" href=\"https:\/\/tint.lt\/shop\/preke\/ypac-sviesiai-pilko-atspalvio-langu-tamsinimo-plevele\/\" \/>\n<meta property=\"og:locale\" content=\"lt_LT\" \/>\n<meta property=\"og:type\" content=\"article\" \/>\n<meta property=\"og:title\" content=\"Ypa\u010d \u0161viesiai pilko atspalvio lang\u0173 tamsinimo pl\u0117vel\u0117, \u0161viesos laidumas 70% - Tint\" \/>\n<meta property=\"og:description\" content=\"Labai \u0161viesiai pilko atspalvio pl\u0117vel\u0117. Da\u017eniausiai \u0161ia pl\u0117vele yra apklijuojami priekiniai \u0161oniniai automobilio stiklai. Langams suteikia solid\u0173 ir minimal\u0173 &#8222;pritamsinim\u0105&#8221;.\" \/>\n<meta property=\"og:url\" content=\"https:\/\/tint.lt\/shop\/preke\/ypac-sviesiai-pilko-atspalvio-langu-tamsinimo-plevele\/\" \/>\n<meta property=\"og:site_name\" content=\"Tint\" \/>\n<meta property=\"article:modified_time\" content=\"2026-03-03T13:49:17+00:00\" \/>\n<meta property=\"og:image\" content=\"https:\/\/tint.lt\/shop\/wp-content\/uploads\/2026\/02\/Panthera-230C.jpg\" \/>\n\t<meta property=\"og:image:width\" content=\"600\" \/>\n\t<meta property=\"og:image:height\" content=\"600\" \/>\n\t<meta property=\"og:image:type\" content=\"image\/jpeg\" \/>\n<meta name=\"twitter:card\" content=\"summary_large_image\" \/>\n<meta name=\"twitter:label1\" content=\"Est. reading time\" \/>\n\t<meta name=\"twitter:data1\" content=\"1 minut\u0117\" \/>\n<script type=\"application\/ld+json\" class=\"yoast-schema-graph\">{\"@context\":\"https:\\\/\\\/schema.org\",\"@graph\":[{\"@type\":\"WebPage\",\"@id\":\"https:\\\/\\\/tint.lt\\\/shop\\\/preke\\\/ypac-sviesiai-pilko-atspalvio-langu-tamsinimo-plevele\\\/\",\"url\":\"https:\\\/\\\/tint.lt\\\/shop\\\/preke\\\/ypac-sviesiai-pilko-atspalvio-langu-tamsinimo-plevele\\\/\",\"name\":\"Ypa\u010d \u0161viesiai pilko atspalvio lang\u0173 tamsinimo pl\u0117vel\u0117, \u0161viesos laidumas 70% - Tint\",\"isPartOf\":{\"@id\":\"https:\\\/\\\/tint.lt\\\/shop\\\/#website\"},\"primaryImageOfPage\":{\"@id\":\"https:\\\/\\\/tint.lt\\\/shop\\\/preke\\\/ypac-sviesiai-pilko-atspalvio-langu-tamsinimo-plevele\\\/#primaryimage\"},\"image\":{\"@id\":\"https:\\\/\\\/tint.lt\\\/shop\\\/preke\\\/ypac-sviesiai-pilko-atspalvio-langu-tamsinimo-plevele\\\/#primaryimage\"},\"thumbnailUrl\":\"https:\\\/\\\/tint.lt\\\/shop\\\/wp-content\\\/uploads\\\/2026\\\/02\\\/Panthera-230C.jpg\",\"datePublished\":\"2026-02-19T18:29:18+00:00\",\"dateModified\":\"2026-03-03T13:49:17+00:00\",\"breadcrumb\":{\"@id\":\"https:\\\/\\\/tint.lt\\\/shop\\\/preke\\\/ypac-sviesiai-pilko-atspalvio-langu-tamsinimo-plevele\\\/#breadcrumb\"},\"inLanguage\":\"lt-LT\",\"potentialAction\":[{\"@type\":\"ReadAction\",\"target\":[\"https:\\\/\\\/tint.lt\\\/shop\\\/preke\\\/ypac-sviesiai-pilko-atspalvio-langu-tamsinimo-plevele\\\/\"]}]},{\"@type\":\"ImageObject\",\"inLanguage\":\"lt-LT\",\"@id\":\"https:\\\/\\\/tint.lt\\\/shop\\\/preke\\\/ypac-sviesiai-pilko-atspalvio-langu-tamsinimo-plevele\\\/#primaryimage\",\"url\":\"https:\\\/\\\/tint.lt\\\/shop\\\/wp-content\\\/uploads\\\/2026\\\/02\\\/Panthera-230C.jpg\",\"contentUrl\":\"https:\\\/\\\/tint.lt\\\/shop\\\/wp-content\\\/uploads\\\/2026\\\/02\\\/Panthera-230C.jpg\",\"width\":600,\"height\":600},{\"@type\":\"BreadcrumbList\",\"@id\":\"https:\\\/\\\/tint.lt\\\/shop\\\/preke\\\/ypac-sviesiai-pilko-atspalvio-langu-tamsinimo-plevele\\\/#breadcrumb\",\"itemListElement\":[{\"@type\":\"ListItem\",\"position\":1,\"name\":\"Home\",\"item\":\"https:\\\/\\\/tint.lt\\\/shop\\\/\"},{\"@type\":\"ListItem\",\"position\":2,\"name\":\"Parduotuv\u0117\",\"item\":\"https:\\\/\\\/tint.lt\\\/shop\\\/produktai\\\/\"},{\"@type\":\"ListItem\",\"position\":3,\"name\":\"Ypa\u010d \u0161viesiai pilko atspalvio lang\u0173 tamsinimo pl\u0117vel\u0117, \u0161viesos laidumas 70%\"}]},{\"@type\":\"WebSite\",\"@id\":\"https:\\\/\\\/tint.lt\\\/shop\\\/#website\",\"url\":\"https:\\\/\\\/tint.lt\\\/shop\\\/\",\"name\":\"Tint.lt\",\"description\":\"El. parduotuv\u0117\",\"publisher\":{\"@id\":\"https:\\\/\\\/tint.lt\\\/shop\\\/#organization\"},\"potentialAction\":[{\"@type\":\"SearchAction\",\"target\":{\"@type\":\"EntryPoint\",\"urlTemplate\":\"https:\\\/\\\/tint.lt\\\/shop\\\/?s={search_term_string}\"},\"query-input\":{\"@type\":\"PropertyValueSpecification\",\"valueRequired\":true,\"valueName\":\"search_term_string\"}}],\"inLanguage\":\"lt-LT\"},{\"@type\":\"Organization\",\"@id\":\"https:\\\/\\\/tint.lt\\\/shop\\\/#organization\",\"name\":\"Tint.lt\",\"url\":\"https:\\\/\\\/tint.lt\\\/shop\\\/\",\"logo\":{\"@type\":\"ImageObject\",\"inLanguage\":\"lt-LT\",\"@id\":\"https:\\\/\\\/tint.lt\\\/shop\\\/#\\\/schema\\\/logo\\\/image\\\/\",\"url\":\"https:\\\/\\\/tint.lt\\\/shop\\\/wp-content\\\/uploads\\\/2026\\\/02\\\/TINT_lipnios_pleveles_profesionalams_grey.png\",\"contentUrl\":\"https:\\\/\\\/tint.lt\\\/shop\\\/wp-content\\\/uploads\\\/2026\\\/02\\\/TINT_lipnios_pleveles_profesionalams_grey.png\",\"width\":1265,\"height\":460,\"caption\":\"Tint.lt\"},\"image\":{\"@id\":\"https:\\\/\\\/tint.lt\\\/shop\\\/#\\\/schema\\\/logo\\\/image\\\/\"}}]}<\/script>\n<!-- \/ Yoast SEO plugin. -->","yoast_head_json":{"title":"Ypa\u010d \u0161viesiai pilko atspalvio lang\u0173 tamsinimo pl\u0117vel\u0117, \u0161viesos laidumas 70% - Tint","robots":{"index":"index","follow":"follow","max-snippet":"max-snippet:-1","max-image-preview":"max-image-preview:large","max-video-preview":"max-video-preview:-1"},"canonical":"https:\/\/tint.lt\/shop\/preke\/ypac-sviesiai-pilko-atspalvio-langu-tamsinimo-plevele\/","og_locale":"lt_LT","og_type":"article","og_title":"Ypa\u010d \u0161viesiai pilko atspalvio lang\u0173 tamsinimo pl\u0117vel\u0117, \u0161viesos laidumas 70% - Tint","og_description":"Labai \u0161viesiai pilko atspalvio pl\u0117vel\u0117. Da\u017eniausiai \u0161ia pl\u0117vele yra apklijuojami priekiniai \u0161oniniai automobilio stiklai. Langams suteikia solid\u0173 ir minimal\u0173 &#8222;pritamsinim\u0105&#8221;.","og_url":"https:\/\/tint.lt\/shop\/preke\/ypac-sviesiai-pilko-atspalvio-langu-tamsinimo-plevele\/","og_site_name":"Tint","article_modified_time":"2026-03-03T13:49:17+00:00","og_image":[{"width":600,"height":600,"url":"https:\/\/tint.lt\/shop\/wp-content\/uploads\/2026\/02\/Panthera-230C.jpg","type":"image\/jpeg"}],"twitter_card":"summary_large_image","twitter_misc":{"Est. reading time":"1 minut\u0117"},"schema":{"@context":"https:\/\/schema.org","@graph":[{"@type":"WebPage","@id":"https:\/\/tint.lt\/shop\/preke\/ypac-sviesiai-pilko-atspalvio-langu-tamsinimo-plevele\/","url":"https:\/\/tint.lt\/shop\/preke\/ypac-sviesiai-pilko-atspalvio-langu-tamsinimo-plevele\/","name":"Ypa\u010d \u0161viesiai pilko atspalvio lang\u0173 tamsinimo pl\u0117vel\u0117, \u0161viesos laidumas 70% - Tint","isPartOf":{"@id":"https:\/\/tint.lt\/shop\/#website"},"primaryImageOfPage":{"@id":"https:\/\/tint.lt\/shop\/preke\/ypac-sviesiai-pilko-atspalvio-langu-tamsinimo-plevele\/#primaryimage"},"image":{"@id":"https:\/\/tint.lt\/shop\/preke\/ypac-sviesiai-pilko-atspalvio-langu-tamsinimo-plevele\/#primaryimage"},"thumbnailUrl":"https:\/\/tint.lt\/shop\/wp-content\/uploads\/2026\/02\/Panthera-230C.jpg","datePublished":"2026-02-19T18:29:18+00:00","dateModified":"2026-03-03T13:49:17+00:00","breadcrumb":{"@id":"https:\/\/tint.lt\/shop\/preke\/ypac-sviesiai-pilko-atspalvio-langu-tamsinimo-plevele\/#breadcrumb"},"inLanguage":"lt-LT","potentialAction":[{"@type":"ReadAction","target":["https:\/\/tint.lt\/shop\/preke\/ypac-sviesiai-pilko-atspalvio-langu-tamsinimo-plevele\/"]}]},{"@type":"ImageObject","inLanguage":"lt-LT","@id":"https:\/\/tint.lt\/shop\/preke\/ypac-sviesiai-pilko-atspalvio-langu-tamsinimo-plevele\/#primaryimage","url":"https:\/\/tint.lt\/shop\/wp-content\/uploads\/2026\/02\/Panthera-230C.jpg","contentUrl":"https:\/\/tint.lt\/shop\/wp-content\/uploads\/2026\/02\/Panthera-230C.jpg","width":600,"height":600},{"@type":"BreadcrumbList","@id":"https:\/\/tint.lt\/shop\/preke\/ypac-sviesiai-pilko-atspalvio-langu-tamsinimo-plevele\/#breadcrumb","itemListElement":[{"@type":"ListItem","position":1,"name":"Home","item":"https:\/\/tint.lt\/shop\/"},{"@type":"ListItem","position":2,"name":"Parduotuv\u0117","item":"https:\/\/tint.lt\/shop\/produktai\/"},{"@type":"ListItem","position":3,"name":"Ypa\u010d \u0161viesiai pilko atspalvio lang\u0173 tamsinimo pl\u0117vel\u0117, \u0161viesos laidumas 70%"}]},{"@type":"WebSite","@id":"https:\/\/tint.lt\/shop\/#website","url":"https:\/\/tint.lt\/shop\/","name":"Tint.lt","description":"El. parduotuv\u0117","publisher":{"@id":"https:\/\/tint.lt\/shop\/#organization"},"potentialAction":[{"@type":"SearchAction","target":{"@type":"EntryPoint","urlTemplate":"https:\/\/tint.lt\/shop\/?s={search_term_string}"},"query-input":{"@type":"PropertyValueSpecification","valueRequired":true,"valueName":"search_term_string"}}],"inLanguage":"lt-LT"},{"@type":"Organization","@id":"https:\/\/tint.lt\/shop\/#organization","name":"Tint.lt","url":"https:\/\/tint.lt\/shop\/","logo":{"@type":"ImageObject","inLanguage":"lt-LT","@id":"https:\/\/tint.lt\/shop\/#\/schema\/logo\/image\/","url":"https:\/\/tint.lt\/shop\/wp-content\/uploads\/2026\/02\/TINT_lipnios_pleveles_profesionalams_grey.png","contentUrl":"https:\/\/tint.lt\/shop\/wp-content\/uploads\/2026\/02\/TINT_lipnios_pleveles_profesionalams_grey.png","width":1265,"height":460,"caption":"Tint.lt"},"image":{"@id":"https:\/\/tint.lt\/shop\/#\/schema\/logo\/image\/"}}]}},"_links":{"self":[{"href":"https:\/\/tint.lt\/shop\/wp-json\/wp\/v2\/product\/29642","targetHints":{"allow":["GET"]}}],"collection":[{"href":"https:\/\/tint.lt\/shop\/wp-json\/wp\/v2\/product"}],"about":[{"href":"https:\/\/tint.lt\/shop\/wp-json\/wp\/v2\/types\/product"}],"replies":[{"embeddable":true,"href":"https:\/\/tint.lt\/shop\/wp-json\/wp\/v2\/comments?post=29642"}],"version-history":[{"count":5,"href":"https:\/\/tint.lt\/shop\/wp-json\/wp\/v2\/product\/29642\/revisions"}],"predecessor-version":[{"id":30332,"href":"https:\/\/tint.lt\/shop\/wp-json\/wp\/v2\/product\/29642\/revisions\/30332"}],"wp:featuredmedia":[{"embeddable":true,"href":"https:\/\/tint.lt\/shop\/wp-json\/wp\/v2\/media\/29643"}],"wp:attachment":[{"href":"https:\/\/tint.lt\/shop\/wp-json\/wp\/v2\/media?parent=29642"}],"wp:term":[{"taxonomy":"product_brand","embeddable":true,"href":"https:\/\/tint.lt\/shop\/wp-json\/wp\/v2\/product_brand?post=29642"},{"taxonomy":"product_cat","embeddable":true,"href":"https:\/\/tint.lt\/shop\/wp-json\/wp\/v2\/product_cat?post=29642"},{"taxonomy":"product_tag","embeddable":true,"href":"https:\/\/tint.lt\/shop\/wp-json\/wp\/v2\/product_tag?post=29642"}],"curies":[{"name":"wp","href":"https:\/\/api.w.org\/{rel}","templated":true}]}}