{"id":29701,"date":"2026-02-20T11:34:13","date_gmt":"2026-02-20T09:34:13","guid":{"rendered":"https:\/\/tint.lt\/shop\/?post_type=product&#038;p=29701"},"modified":"2026-02-24T10:26:12","modified_gmt":"2026-02-24T08:26:12","slug":"pakankamai-tamsi-veidrodinio-sidabrinio-atspalvio-plevele","status":"publish","type":"product","link":"https:\/\/tint.lt\/shop\/preke\/pakankamai-tamsi-veidrodinio-sidabrinio-atspalvio-plevele\/","title":{"rendered":"Pakankamai tamsi veidrodinio sidabrinio atspalvio pl\u0117vel\u0117, \u0161viesos laidumas 24%"},"content":{"rendered":"\t\t<div data-elementor-type=\"wp-post\" data-elementor-id=\"29701\" class=\"elementor elementor-29701\">\n\t\t\t\t<div class=\"wd-negative-gap elementor-element elementor-element-3f1e936a e-flex e-con-boxed e-con e-parent\" data-id=\"3f1e936a\" data-element_type=\"container\" data-e-type=\"container\">\n\t\t\t\t\t<div class=\"e-con-inner\">\n\t\t\t\t<div class=\"elementor-element elementor-element-78e02638 color-scheme-inherit text-left elementor-widget elementor-widget-text-editor\" data-id=\"78e02638\" data-element_type=\"widget\" data-e-type=\"widget\" data-widget_type=\"text-editor.default\">\n\t\t\t\t\t\t\t\t\t<p>Pakankamai tamsi veidrodinio sidabrinio atspalvio stikl\u0173 pl\u0117vel\u0117. Dienos metu suteikia prakti\u0161kai absoliut\u0173 privatumo lyg\u012f patalpos viduje. Nepatariama naudoti ten, kur norite gauti daug dienos \u0161viesos. Dar kitaip vadinamos vienpusio matomumo lang\u0173 pl\u0117vel\u0117.\u00a0<\/p><p>Pl\u0117vel\u0117 turi atspar\u0173 \u012fbr\u0117\u017eimams sluoksn\u012f, tod\u0117l naudojant tinkamas priemones pl\u0117vel\u0117 nesusibrai\u017eo.Auk\u0161tos kokyb\u0117s poliesterio pl\u0117vel\u0117 su IR spindulius blokuojan\u010dia metalo daleli\u0173 danga.<\/p>\t\t\t\t\t\t\t\t<\/div>\n\t\t\t\t\t<\/div>\n\t\t\t\t<\/div>\n\t\t<div class=\"wd-negative-gap elementor-element elementor-element-0dd68e1 e-flex e-con-boxed e-con e-parent\" data-id=\"0dd68e1\" data-element_type=\"container\" data-e-type=\"container\">\n\t\t\t\t\t<div class=\"e-con-inner\">\n\t\t\t\t<div class=\"elementor-element elementor-element-7328b7f elementor-widget elementor-widget-spacer\" data-id=\"7328b7f\" data-element_type=\"widget\" data-e-type=\"widget\" data-widget_type=\"spacer.default\">\n\t\t\t\t\t\t\t<div class=\"elementor-spacer\">\n\t\t\t<div class=\"elementor-spacer-inner\"><\/div>\n\t\t<\/div>\n\t\t\t\t\t\t<\/div>\n\t\t\t\t<div class=\"elementor-element elementor-element-3b8b51d elementor-widget elementor-widget-heading\" data-id=\"3b8b51d\" data-element_type=\"widget\" data-e-type=\"widget\" data-widget_type=\"heading.default\">\n\t\t\t\t\t<h2 class=\"elementor-heading-title elementor-size-default\">D.U.K<\/h2>\t\t\t\t<\/div>\n\t\t\t\t<div class=\"elementor-element elementor-element-d79d6c6 elementor-widget elementor-widget-wd_accordion\" data-id=\"d79d6c6\" data-element_type=\"widget\" data-e-type=\"widget\" data-widget_type=\"wd_accordion.default\">\n\t\t\t\t<div class=\"elementor-widget-container\">\n\t\t\t\t\t\n\t\t<div class=\"wd-accordion wd-style-default wd-titles-left wd-opener-pos-left wd-opener-style-arrow\" data-state=\"first\">\n\t\t\t\t\t\t\t\n\t\t\t\t<div class=\"wd-accordion-item\">\n\t\t\t\t\t<div class=\"wd-accordion-title wd-role-btn wd-active\" data-accordion-index=\"0\" tabindex=\"0\">\n\t\t\t\t\t\t<div class=\"wd-accordion-title-text\">\n\t\t\t\t\t\t\t\t\t\t\t\t\t\t<span>\n\t\t\t\t\t\t\t\tAr veidrodinio atspind\u017eio pl\u0117vel\u0117 suteikia privatumo ir tamsiu paros metu?\t\t\t\t\t\t\t<\/span>\n\t\t\t\t\t\t<\/div>\n\t\t\t\t\t\t<span class=\"wd-accordion-opener\"><\/span>\n\t\t\t\t\t<\/div>\n\n\t\t\t\t\t<div class=\"wd-accordion-content wd-entry-content wd-active\" data-accordion-index=\"0\">\n\t\t\t\t\t\t\t\t\t\t\t\t\t\n\t\t\t\t\t\t\t<p data-start=\"0\" data-end=\"179\">Veidrodinio atspind\u017eio pl\u0117vel\u0117s u\u017etikrina privatum\u0105 tik dienos metu. Tamsiuoju paros metu, kai patalpose \u012fjungtas ap\u0161vietimas, o lauke yra tamsu, privatumo efektas nei\u0161gaunamas. Privatumo lygis priklauso ir nuo lang\u0173 i\u0161d\u0117stymo ir kit\u0173 faktori\u0173.<\/p><p data-start=\"181\" data-end=\"301\">Tokiu atveju rekomenduojama rinktis matin\u0119 - \"\u0161erk\u0161no\" pl\u0117vel\u0119, kuri praleid\u017eia \u0161vies\u0105, bet ne vaizd\u0105. Ta\u010diau ji n\u0117ra pralaidi vaizdui i\u0161 abiej\u0173 pusi\u0173.<\/p><p data-start=\"303\" data-end=\"423\" data-is-last-node=\"\" data-is-only-node=\"\">Vienpusio matomumo efektas susidaro tik esant \u0161viesos lygio kontrastui \u2013 kai viena stiklo pus\u0117 yra \u017eenkliai \u0161viesesn\u0117 u\u017e kit\u0105.<\/p>\n\t\t\t\t\t\t\t\t\t\t\t\t\t\t\t\t\t\t<\/div>\n\t\t\t\t<\/div>\n\t\t\t\t\t\t\t\n\t\t\t\t<div class=\"wd-accordion-item\">\n\t\t\t\t\t<div class=\"wd-accordion-title wd-role-btn\" data-accordion-index=\"1\" tabindex=\"0\">\n\t\t\t\t\t\t<div class=\"wd-accordion-title-text\">\n\t\t\t\t\t\t\t\t\t\t\t\t\t\t<span>\n\t\t\t\t\t\t\t\tAr veidrodin\u0117 pl\u0117vel\u0117 u\u017etamsina patalp\u0105?\t\t\t\t\t\t\t<\/span>\n\t\t\t\t\t\t<\/div>\n\t\t\t\t\t\t<span class=\"wd-accordion-opener\"><\/span>\n\t\t\t\t\t<\/div>\n\n\t\t\t\t\t<div class=\"wd-accordion-content wd-entry-content\" data-accordion-index=\"1\">\n\t\t\t\t\t\t\t\t\t\t\t\t\t\n\t\t\t\t\t\t\t<p>Visos veidrodin\u0117s pastat\u0173 pl\u0117vel\u0117s u\u017etamsina patalp\u0105. Ta\u010diau u\u017etamsinimo lygis priklausys nuo pl\u0117vel\u0117s \u0161viesos laidumo kuri b\u016bt\u0173 klijuojama. Pasirinkus vidutinio tamsumo veidrodinio atspind\u017eio pl\u0117vel\u0119, patalpa ne\u017eymiai u\u017etams\u0117t\u0173<\/p>\n\t\t\t\t\t\t\t\t\t\t\t\t\t\t\t\t\t\t<\/div>\n\t\t\t\t<\/div>\n\t\t\t\t\t\t\t\n\t\t\t\t<div class=\"wd-accordion-item\">\n\t\t\t\t\t<div class=\"wd-accordion-title wd-role-btn\" data-accordion-index=\"2\" tabindex=\"0\">\n\t\t\t\t\t\t<div class=\"wd-accordion-title-text\">\n\t\t\t\t\t\t\t\t\t\t\t\t\t\t<span>\n\t\t\t\t\t\t\t\tKiek laiko tarnauja pl\u0117vel\u0117?\t\t\t\t\t\t\t<\/span>\n\t\t\t\t\t\t<\/div>\n\t\t\t\t\t\t<span class=\"wd-accordion-opener\"><\/span>\n\t\t\t\t\t<\/div>\n\n\t\t\t\t\t<div class=\"wd-accordion-content wd-entry-content\" data-accordion-index=\"2\">\n\t\t\t\t\t\t\t\t\t\t\t\t\t\n\t\t\t\t\t\t\t<p>I\u0161 vidaus klijuojamoms pl\u0117vel\u0117ms gamintojo garantinis laikas daugeliu atvej\u0173 nuo 5 iki 10 met\u0173. Ta\u010diau, tai nerei\u0161kia, kad pasibaigus \u0161iam terminui pl\u0117vel\u0119 reik\u0117s keisti. Praktikoje jos tarnauja vis\u0105 naudojimo laik\u0105.<\/p>\n\t\t\t\t\t\t\t\t\t\t\t\t\t\t\t\t\t\t<\/div>\n\t\t\t\t<\/div>\n\t\t\t\t\t<\/div>\n\t\t\t\t\t\t<\/div>\n\t\t\t\t<\/div>\n\t\t\t\t\t<\/div>\n\t\t\t\t<\/div>\n\t\t<div class=\"wd-negative-gap elementor-element elementor-element-a337b75 e-flex e-con-boxed e-con e-parent\" data-id=\"a337b75\" data-element_type=\"container\" data-e-type=\"container\">\n\t\t\t\t\t<div class=\"e-con-inner\">\n\t\t\t\t<div class=\"elementor-element elementor-element-ea5eb50 elementor-widget elementor-widget-spacer\" data-id=\"ea5eb50\" data-element_type=\"widget\" data-e-type=\"widget\" data-widget_type=\"spacer.default\">\n\t\t\t\t\t\t\t<div class=\"elementor-spacer\">\n\t\t\t<div class=\"elementor-spacer-inner\"><\/div>\n\t\t<\/div>\n\t\t\t\t\t\t<\/div>\n\t\t\t\t<div class=\"elementor-element elementor-element-62a8804 wd-width-100 elementor-widget elementor-widget-wd_title\" data-id=\"62a8804\" data-element_type=\"widget\" data-e-type=\"widget\" data-widget_type=\"wd_title.default\">\n\t\t\t\t<div class=\"elementor-widget-container\">\n\t\t\t\t\t\t\t<div class=\"title-wrapper wd-set-mb reset-last-child wd-title-color-default wd-title-style-default wd-title-size-default text-left\">\n\n\t\t\t\n\t\t\t<div class=\"liner-continer\">\n\t\t\t\t<h4 class=\"woodmart-title-container title wd-fontsize-l\">Domina veidrodin\u0117s pl\u0117vel\u0117s apklijavimo paslaugos?<\/h4> \n\t\t\t\t\t\t\t<\/div>\n\n\t\t\t\t\t\t\t<div class=\"title-after_title reset-last-child wd-fontsize-xs\">\n\t\t\t\t\t<p>M\u016bs\u0173 partneriai profesionaliai apklijuos j\u016bs\u0173 langus ar stiklus<\/p>\t\t\t\t<\/div>\n\t\t\t\t\t<\/div>\n\t\t\t\t\t\t<\/div>\n\t\t\t\t<\/div>\n\t\t\t\t<div class=\"elementor-element elementor-element-8917491 elementor-widget elementor-widget-spacer\" data-id=\"8917491\" data-element_type=\"widget\" data-e-type=\"widget\" data-widget_type=\"spacer.default\">\n\t\t\t\t\t\t\t<div class=\"elementor-spacer\">\n\t\t\t<div class=\"elementor-spacer-inner\"><\/div>\n\t\t<\/div>\n\t\t\t\t\t\t<\/div>\n\t\t\t\t<div class=\"elementor-element elementor-element-c9b67e0 elementor-align-left elementor-widget elementor-widget-button\" data-id=\"c9b67e0\" data-element_type=\"widget\" data-e-type=\"widget\" data-widget_type=\"button.default\">\n\t\t\t\t\t\t\t\t\t\t<a class=\"elementor-button elementor-button-link elementor-size-sm\" href=\"https:\/\/tintpleveles.lt\/pastatu-stiklu-apklijavimas\/veidrodiniu-pleveliu-langams-klijavimas\/\">\n\t\t\t\t\t\t<span class=\"elementor-button-content-wrapper\">\n\t\t\t\t\t\t\t\t\t<span class=\"elementor-button-text\">Su\u017einokite daugiau<\/span>\n\t\t\t\t\t<\/span>\n\t\t\t\t\t<\/a>\n\t\t\t\t\t\t\t\t<\/div>\n\t\t\t\t\t<\/div>\n\t\t\t\t<\/div>\n\t\t\t\t<\/div>\n\t\t","protected":false},"excerpt":{"rendered":"<p>Pakankamai tamsi veidrodinio sidabrinio atspalvio stikl\u0173 pl\u0117vel\u0117. Dienos metu suteikia prakti\u0161kai absoliut\u0173 privatumo lyg\u012f patalpos viduje. Nepatariama naudoti ten, kur<\/p>\n","protected":false},"featured_media":29087,"comment_status":"closed","ping_status":"closed","template":"","meta":{"_acf_changed":false},"product_brand":[102],"product_cat":[74,78],"product_tag":[81,76],"class_list":{"0":"post-29701","1":"product","2":"type-product","3":"status-publish","4":"has-post-thumbnail","6":"product_brand-solarscreen","7":"product_cat-pastatu-pleveles-langams","8":"product_cat-veidrodines-pleveles-langams-privatumui","9":"product_tag-pakankamai-tamsi-plevele","10":"product_tag-sidabrine-plevele","12":"first","13":"instock","14":"taxable","15":"shipping-taxable","16":"purchasable","17":"product-type-simple"},"acf":[],"yoast_head":"<!-- This site is optimized with the Yoast SEO plugin v27.5 - https:\/\/yoast.com\/product\/yoast-seo-wordpress\/ -->\n<title>Pakankamai tamsi veidrodinio sidabrinio atspalvio pl\u0117vel\u0117, \u0161viesos laidumas 24% - Tint<\/title>\n<meta name=\"description\" content=\"Veidrodine plevele langams, suteikia vienpusio matomumo efekt\u0105, praleid\u017ei\u0105 dienos \u0161vies\u0105, parduodame ilginiais metrais. Kainos\" \/>\n<meta name=\"robots\" content=\"index, follow, max-snippet:-1, max-image-preview:large, max-video-preview:-1\" \/>\n<link rel=\"canonical\" href=\"https:\/\/tint.lt\/shop\/preke\/pakankamai-tamsi-veidrodinio-sidabrinio-atspalvio-plevele\/\" \/>\n<meta property=\"og:locale\" content=\"lt_LT\" \/>\n<meta property=\"og:type\" content=\"article\" \/>\n<meta property=\"og:title\" content=\"Pakankamai tamsi veidrodinio sidabrinio atspalvio pl\u0117vel\u0117, \u0161viesos laidumas 24% - Tint\" \/>\n<meta property=\"og:description\" content=\"Veidrodine plevele langams, suteikia vienpusio matomumo efekt\u0105, praleid\u017ei\u0105 dienos \u0161vies\u0105, parduodame ilginiais metrais. Kainos\" \/>\n<meta property=\"og:url\" content=\"https:\/\/tint.lt\/shop\/preke\/pakankamai-tamsi-veidrodinio-sidabrinio-atspalvio-plevele\/\" \/>\n<meta property=\"og:site_name\" content=\"Tint\" \/>\n<meta property=\"article:modified_time\" content=\"2026-02-24T08:26:12+00:00\" \/>\n<meta property=\"og:image\" content=\"https:\/\/tint.lt\/shop\/wp-content\/uploads\/2026\/02\/R-SILVER-35ext.jpg\" \/>\n\t<meta property=\"og:image:width\" content=\"600\" \/>\n\t<meta property=\"og:image:height\" content=\"600\" \/>\n\t<meta property=\"og:image:type\" content=\"image\/jpeg\" \/>\n<meta name=\"twitter:card\" content=\"summary_large_image\" \/>\n<script type=\"application\/ld+json\" class=\"yoast-schema-graph\">{\"@context\":\"https:\\\/\\\/schema.org\",\"@graph\":[{\"@type\":\"WebPage\",\"@id\":\"https:\\\/\\\/tint.lt\\\/shop\\\/preke\\\/pakankamai-tamsi-veidrodinio-sidabrinio-atspalvio-plevele\\\/\",\"url\":\"https:\\\/\\\/tint.lt\\\/shop\\\/preke\\\/pakankamai-tamsi-veidrodinio-sidabrinio-atspalvio-plevele\\\/\",\"name\":\"Pakankamai tamsi veidrodinio sidabrinio atspalvio pl\u0117vel\u0117, \u0161viesos laidumas 24% - Tint\",\"isPartOf\":{\"@id\":\"https:\\\/\\\/tint.lt\\\/shop\\\/#website\"},\"primaryImageOfPage\":{\"@id\":\"https:\\\/\\\/tint.lt\\\/shop\\\/preke\\\/pakankamai-tamsi-veidrodinio-sidabrinio-atspalvio-plevele\\\/#primaryimage\"},\"image\":{\"@id\":\"https:\\\/\\\/tint.lt\\\/shop\\\/preke\\\/pakankamai-tamsi-veidrodinio-sidabrinio-atspalvio-plevele\\\/#primaryimage\"},\"thumbnailUrl\":\"https:\\\/\\\/tint.lt\\\/shop\\\/wp-content\\\/uploads\\\/2026\\\/02\\\/R-SILVER-35ext.jpg\",\"datePublished\":\"2026-02-20T09:34:13+00:00\",\"dateModified\":\"2026-02-24T08:26:12+00:00\",\"description\":\"Veidrodine plevele langams, suteikia vienpusio matomumo efekt\u0105, praleid\u017ei\u0105 dienos \u0161vies\u0105, parduodame ilginiais metrais. Kainos\",\"breadcrumb\":{\"@id\":\"https:\\\/\\\/tint.lt\\\/shop\\\/preke\\\/pakankamai-tamsi-veidrodinio-sidabrinio-atspalvio-plevele\\\/#breadcrumb\"},\"inLanguage\":\"lt-LT\",\"potentialAction\":[{\"@type\":\"ReadAction\",\"target\":[\"https:\\\/\\\/tint.lt\\\/shop\\\/preke\\\/pakankamai-tamsi-veidrodinio-sidabrinio-atspalvio-plevele\\\/\"]}]},{\"@type\":\"ImageObject\",\"inLanguage\":\"lt-LT\",\"@id\":\"https:\\\/\\\/tint.lt\\\/shop\\\/preke\\\/pakankamai-tamsi-veidrodinio-sidabrinio-atspalvio-plevele\\\/#primaryimage\",\"url\":\"https:\\\/\\\/tint.lt\\\/shop\\\/wp-content\\\/uploads\\\/2026\\\/02\\\/R-SILVER-35ext.jpg\",\"contentUrl\":\"https:\\\/\\\/tint.lt\\\/shop\\\/wp-content\\\/uploads\\\/2026\\\/02\\\/R-SILVER-35ext.jpg\",\"width\":600,\"height\":600},{\"@type\":\"BreadcrumbList\",\"@id\":\"https:\\\/\\\/tint.lt\\\/shop\\\/preke\\\/pakankamai-tamsi-veidrodinio-sidabrinio-atspalvio-plevele\\\/#breadcrumb\",\"itemListElement\":[{\"@type\":\"ListItem\",\"position\":1,\"name\":\"Home\",\"item\":\"https:\\\/\\\/tint.lt\\\/shop\\\/\"},{\"@type\":\"ListItem\",\"position\":2,\"name\":\"Parduotuv\u0117\",\"item\":\"https:\\\/\\\/tint.lt\\\/shop\\\/produktai\\\/\"},{\"@type\":\"ListItem\",\"position\":3,\"name\":\"Pakankamai tamsi veidrodinio sidabrinio atspalvio pl\u0117vel\u0117, \u0161viesos laidumas 24%\"}]},{\"@type\":\"WebSite\",\"@id\":\"https:\\\/\\\/tint.lt\\\/shop\\\/#website\",\"url\":\"https:\\\/\\\/tint.lt\\\/shop\\\/\",\"name\":\"Tint.lt\",\"description\":\"El. parduotuv\u0117\",\"publisher\":{\"@id\":\"https:\\\/\\\/tint.lt\\\/shop\\\/#organization\"},\"potentialAction\":[{\"@type\":\"SearchAction\",\"target\":{\"@type\":\"EntryPoint\",\"urlTemplate\":\"https:\\\/\\\/tint.lt\\\/shop\\\/?s={search_term_string}\"},\"query-input\":{\"@type\":\"PropertyValueSpecification\",\"valueRequired\":true,\"valueName\":\"search_term_string\"}}],\"inLanguage\":\"lt-LT\"},{\"@type\":\"Organization\",\"@id\":\"https:\\\/\\\/tint.lt\\\/shop\\\/#organization\",\"name\":\"Tint.lt\",\"url\":\"https:\\\/\\\/tint.lt\\\/shop\\\/\",\"logo\":{\"@type\":\"ImageObject\",\"inLanguage\":\"lt-LT\",\"@id\":\"https:\\\/\\\/tint.lt\\\/shop\\\/#\\\/schema\\\/logo\\\/image\\\/\",\"url\":\"https:\\\/\\\/tint.lt\\\/shop\\\/wp-content\\\/uploads\\\/2026\\\/02\\\/TINT_lipnios_pleveles_profesionalams_grey.png\",\"contentUrl\":\"https:\\\/\\\/tint.lt\\\/shop\\\/wp-content\\\/uploads\\\/2026\\\/02\\\/TINT_lipnios_pleveles_profesionalams_grey.png\",\"width\":1265,\"height\":460,\"caption\":\"Tint.lt\"},\"image\":{\"@id\":\"https:\\\/\\\/tint.lt\\\/shop\\\/#\\\/schema\\\/logo\\\/image\\\/\"}}]}<\/script>\n<!-- \/ Yoast SEO plugin. -->","yoast_head_json":{"title":"Pakankamai tamsi veidrodinio sidabrinio atspalvio pl\u0117vel\u0117, \u0161viesos laidumas 24% - Tint","description":"Veidrodine plevele langams, suteikia vienpusio matomumo efekt\u0105, praleid\u017ei\u0105 dienos \u0161vies\u0105, parduodame ilginiais metrais. Kainos","robots":{"index":"index","follow":"follow","max-snippet":"max-snippet:-1","max-image-preview":"max-image-preview:large","max-video-preview":"max-video-preview:-1"},"canonical":"https:\/\/tint.lt\/shop\/preke\/pakankamai-tamsi-veidrodinio-sidabrinio-atspalvio-plevele\/","og_locale":"lt_LT","og_type":"article","og_title":"Pakankamai tamsi veidrodinio sidabrinio atspalvio pl\u0117vel\u0117, \u0161viesos laidumas 24% - Tint","og_description":"Veidrodine plevele langams, suteikia vienpusio matomumo efekt\u0105, praleid\u017ei\u0105 dienos \u0161vies\u0105, parduodame ilginiais metrais. Kainos","og_url":"https:\/\/tint.lt\/shop\/preke\/pakankamai-tamsi-veidrodinio-sidabrinio-atspalvio-plevele\/","og_site_name":"Tint","article_modified_time":"2026-02-24T08:26:12+00:00","og_image":[{"width":600,"height":600,"url":"https:\/\/tint.lt\/shop\/wp-content\/uploads\/2026\/02\/R-SILVER-35ext.jpg","type":"image\/jpeg"}],"twitter_card":"summary_large_image","schema":{"@context":"https:\/\/schema.org","@graph":[{"@type":"WebPage","@id":"https:\/\/tint.lt\/shop\/preke\/pakankamai-tamsi-veidrodinio-sidabrinio-atspalvio-plevele\/","url":"https:\/\/tint.lt\/shop\/preke\/pakankamai-tamsi-veidrodinio-sidabrinio-atspalvio-plevele\/","name":"Pakankamai tamsi veidrodinio sidabrinio atspalvio pl\u0117vel\u0117, \u0161viesos laidumas 24% - Tint","isPartOf":{"@id":"https:\/\/tint.lt\/shop\/#website"},"primaryImageOfPage":{"@id":"https:\/\/tint.lt\/shop\/preke\/pakankamai-tamsi-veidrodinio-sidabrinio-atspalvio-plevele\/#primaryimage"},"image":{"@id":"https:\/\/tint.lt\/shop\/preke\/pakankamai-tamsi-veidrodinio-sidabrinio-atspalvio-plevele\/#primaryimage"},"thumbnailUrl":"https:\/\/tint.lt\/shop\/wp-content\/uploads\/2026\/02\/R-SILVER-35ext.jpg","datePublished":"2026-02-20T09:34:13+00:00","dateModified":"2026-02-24T08:26:12+00:00","description":"Veidrodine plevele langams, suteikia vienpusio matomumo efekt\u0105, praleid\u017ei\u0105 dienos \u0161vies\u0105, parduodame ilginiais metrais. Kainos","breadcrumb":{"@id":"https:\/\/tint.lt\/shop\/preke\/pakankamai-tamsi-veidrodinio-sidabrinio-atspalvio-plevele\/#breadcrumb"},"inLanguage":"lt-LT","potentialAction":[{"@type":"ReadAction","target":["https:\/\/tint.lt\/shop\/preke\/pakankamai-tamsi-veidrodinio-sidabrinio-atspalvio-plevele\/"]}]},{"@type":"ImageObject","inLanguage":"lt-LT","@id":"https:\/\/tint.lt\/shop\/preke\/pakankamai-tamsi-veidrodinio-sidabrinio-atspalvio-plevele\/#primaryimage","url":"https:\/\/tint.lt\/shop\/wp-content\/uploads\/2026\/02\/R-SILVER-35ext.jpg","contentUrl":"https:\/\/tint.lt\/shop\/wp-content\/uploads\/2026\/02\/R-SILVER-35ext.jpg","width":600,"height":600},{"@type":"BreadcrumbList","@id":"https:\/\/tint.lt\/shop\/preke\/pakankamai-tamsi-veidrodinio-sidabrinio-atspalvio-plevele\/#breadcrumb","itemListElement":[{"@type":"ListItem","position":1,"name":"Home","item":"https:\/\/tint.lt\/shop\/"},{"@type":"ListItem","position":2,"name":"Parduotuv\u0117","item":"https:\/\/tint.lt\/shop\/produktai\/"},{"@type":"ListItem","position":3,"name":"Pakankamai tamsi veidrodinio sidabrinio atspalvio pl\u0117vel\u0117, \u0161viesos laidumas 24%"}]},{"@type":"WebSite","@id":"https:\/\/tint.lt\/shop\/#website","url":"https:\/\/tint.lt\/shop\/","name":"Tint.lt","description":"El. parduotuv\u0117","publisher":{"@id":"https:\/\/tint.lt\/shop\/#organization"},"potentialAction":[{"@type":"SearchAction","target":{"@type":"EntryPoint","urlTemplate":"https:\/\/tint.lt\/shop\/?s={search_term_string}"},"query-input":{"@type":"PropertyValueSpecification","valueRequired":true,"valueName":"search_term_string"}}],"inLanguage":"lt-LT"},{"@type":"Organization","@id":"https:\/\/tint.lt\/shop\/#organization","name":"Tint.lt","url":"https:\/\/tint.lt\/shop\/","logo":{"@type":"ImageObject","inLanguage":"lt-LT","@id":"https:\/\/tint.lt\/shop\/#\/schema\/logo\/image\/","url":"https:\/\/tint.lt\/shop\/wp-content\/uploads\/2026\/02\/TINT_lipnios_pleveles_profesionalams_grey.png","contentUrl":"https:\/\/tint.lt\/shop\/wp-content\/uploads\/2026\/02\/TINT_lipnios_pleveles_profesionalams_grey.png","width":1265,"height":460,"caption":"Tint.lt"},"image":{"@id":"https:\/\/tint.lt\/shop\/#\/schema\/logo\/image\/"}}]}},"_links":{"self":[{"href":"https:\/\/tint.lt\/shop\/wp-json\/wp\/v2\/product\/29701","targetHints":{"allow":["GET"]}}],"collection":[{"href":"https:\/\/tint.lt\/shop\/wp-json\/wp\/v2\/product"}],"about":[{"href":"https:\/\/tint.lt\/shop\/wp-json\/wp\/v2\/types\/product"}],"replies":[{"embeddable":true,"href":"https:\/\/tint.lt\/shop\/wp-json\/wp\/v2\/comments?post=29701"}],"version-history":[{"count":6,"href":"https:\/\/tint.lt\/shop\/wp-json\/wp\/v2\/product\/29701\/revisions"}],"predecessor-version":[{"id":30585,"href":"https:\/\/tint.lt\/shop\/wp-json\/wp\/v2\/product\/29701\/revisions\/30585"}],"wp:featuredmedia":[{"embeddable":true,"href":"https:\/\/tint.lt\/shop\/wp-json\/wp\/v2\/media\/29087"}],"wp:attachment":[{"href":"https:\/\/tint.lt\/shop\/wp-json\/wp\/v2\/media?parent=29701"}],"wp:term":[{"taxonomy":"product_brand","embeddable":true,"href":"https:\/\/tint.lt\/shop\/wp-json\/wp\/v2\/product_brand?post=29701"},{"taxonomy":"product_cat","embeddable":true,"href":"https:\/\/tint.lt\/shop\/wp-json\/wp\/v2\/product_cat?post=29701"},{"taxonomy":"product_tag","embeddable":true,"href":"https:\/\/tint.lt\/shop\/wp-json\/wp\/v2\/product_tag?post=29701"}],"curies":[{"name":"wp","href":"https:\/\/api.w.org\/{rel}","templated":true}]}}