{"id":29946,"date":"2026-02-25T08:41:56","date_gmt":"2026-02-25T06:41:56","guid":{"rendered":"https:\/\/tint.lt\/shop\/?post_type=product&#038;p=29946"},"modified":"2026-05-15T03:00:16","modified_gmt":"2026-05-15T00:00:16","slug":"parkavimo-jutikliu-pjovimo-irankiu-komplektas-pjaunantys-apskritimai","status":"publish","type":"product","link":"https:\/\/tint.lt\/shop\/preke\/parkavimo-jutikliu-pjovimo-irankiu-komplektas-pjaunantys-apskritimai\/","title":{"rendered":"Parkavimo jutikli\u0173 pjovimo \u012franki\u0173 komplektas &#8211; pjaunantys apskritimai"},"content":{"rendered":"\t\t<div data-elementor-type=\"wp-post\" data-elementor-id=\"29946\" class=\"elementor elementor-29946\">\n\t\t\t\t<div class=\"wd-negative-gap elementor-element elementor-element-279f6c5 e-flex e-con-boxed e-con e-parent\" data-id=\"279f6c5\" data-element_type=\"container\" data-e-type=\"container\">\n\t\t\t\t\t<div class=\"e-con-inner\">\n\t\t\t\t<div class=\"elementor-element elementor-element-81fbb0d elementor-widget elementor-widget-wd_text_block\" data-id=\"81fbb0d\" data-element_type=\"widget\" data-e-type=\"widget\" data-widget_type=\"wd_text_block.default\">\n\t\t\t\t<div class=\"elementor-widget-container\">\n\t\t\t\t\t\t\t<div class=\"wd-text-block reset-last-child text-left\">\n\t\t\t\n\t\t\t<p>Parkavimo jutikli\u0173 pjovimo \u012frankiai pagaminti i\u0161 specialaus plastiko, kuris leid\u017eia savo a\u0161trumu i\u0161pjauti pl\u0117vel\u0117je jutikliams skirt\u0105 skyl\u0119. Puikus pagalbininkas, siekiantiems kuo grei\u010diau ir gra\u017eiau i\u0161pjauti reikiamas pl\u0117vel\u0117s vietas. Rinkin\u012f sudaro 10 vnt. skirting\u0173 dyd\u017ei\u0173 apskritimai<\/p>\n\t\t\t\t\t<\/div>\n\t\t\t\t\t\t<\/div>\n\t\t\t\t<\/div>\n\t\t\t\t\t<\/div>\n\t\t\t\t<\/div>\n\t\t\t\t<\/div>\n\t\t","protected":false},"excerpt":{"rendered":"<p>Parkavimo jutikli\u0173 pjovimo \u012frankiai pagaminti i\u0161 specialaus plastiko, kuris leid\u017eia savo a\u0161trumu i\u0161pjauti pl\u0117vel\u0117je jutikliams skirt\u0105 skyl\u0119. Puikus pagalbininkas, siekiantiems<\/p>\n","protected":false},"featured_media":29947,"comment_status":"open","ping_status":"closed","template":"","meta":{"_acf_changed":false},"product_brand":[],"product_cat":[90,120],"product_tag":[],"class_list":{"0":"post-29946","1":"product","2":"type-product","3":"status-publish","4":"has-post-thumbnail","6":"product_cat-irankiai-ir-priemones-pleveliu-klijavimui","7":"product_cat-pleveles-pjaustymui","9":"first","10":"instock","11":"taxable","12":"shipping-taxable","13":"purchasable","14":"product-type-simple"},"acf":[],"yoast_head":"<!-- This site is optimized with the Yoast SEO plugin v27.5 - https:\/\/yoast.com\/product\/yoast-seo-wordpress\/ -->\n<title>Parkavimo jutikli\u0173 pjovimo \u012franki\u0173 komplektas - pjaunantys apskritimai - Tint<\/title>\n<meta name=\"robots\" content=\"index, follow, max-snippet:-1, max-image-preview:large, max-video-preview:-1\" \/>\n<link rel=\"canonical\" href=\"https:\/\/tint.lt\/shop\/preke\/parkavimo-jutikliu-pjovimo-irankiu-komplektas-pjaunantys-apskritimai\/\" \/>\n<meta property=\"og:locale\" content=\"lt_LT\" \/>\n<meta property=\"og:type\" content=\"article\" \/>\n<meta property=\"og:title\" content=\"Parkavimo jutikli\u0173 pjovimo \u012franki\u0173 komplektas - pjaunantys apskritimai - Tint\" \/>\n<meta property=\"og:description\" content=\"Parkavimo jutikli\u0173 pjovimo \u012frankiai pagaminti i\u0161 specialaus plastiko, kuris leid\u017eia savo a\u0161trumu i\u0161pjauti pl\u0117vel\u0117je jutikliams skirt\u0105 skyl\u0119. Puikus pagalbininkas, siekiantiems\" \/>\n<meta property=\"og:url\" content=\"https:\/\/tint.lt\/shop\/preke\/parkavimo-jutikliu-pjovimo-irankiu-komplektas-pjaunantys-apskritimai\/\" \/>\n<meta property=\"og:site_name\" content=\"Tint\" \/>\n<meta property=\"article:modified_time\" content=\"2026-05-15T00:00:16+00:00\" \/>\n<meta property=\"og:image\" content=\"https:\/\/tint.lt\/shop\/wp-content\/uploads\/2026\/02\/Parkavimo-jutikliu-pjovimo-irankiai2-GreenRC.jpg\" \/>\n\t<meta property=\"og:image:width\" content=\"900\" \/>\n\t<meta property=\"og:image:height\" content=\"900\" \/>\n\t<meta property=\"og:image:type\" content=\"image\/jpeg\" \/>\n<meta name=\"twitter:card\" content=\"summary_large_image\" \/>\n<script type=\"application\/ld+json\" class=\"yoast-schema-graph\">{\"@context\":\"https:\\\/\\\/schema.org\",\"@graph\":[{\"@type\":\"WebPage\",\"@id\":\"https:\\\/\\\/tint.lt\\\/shop\\\/preke\\\/parkavimo-jutikliu-pjovimo-irankiu-komplektas-pjaunantys-apskritimai\\\/\",\"url\":\"https:\\\/\\\/tint.lt\\\/shop\\\/preke\\\/parkavimo-jutikliu-pjovimo-irankiu-komplektas-pjaunantys-apskritimai\\\/\",\"name\":\"Parkavimo jutikli\u0173 pjovimo \u012franki\u0173 komplektas - pjaunantys apskritimai - Tint\",\"isPartOf\":{\"@id\":\"https:\\\/\\\/tint.lt\\\/shop\\\/#website\"},\"primaryImageOfPage\":{\"@id\":\"https:\\\/\\\/tint.lt\\\/shop\\\/preke\\\/parkavimo-jutikliu-pjovimo-irankiu-komplektas-pjaunantys-apskritimai\\\/#primaryimage\"},\"image\":{\"@id\":\"https:\\\/\\\/tint.lt\\\/shop\\\/preke\\\/parkavimo-jutikliu-pjovimo-irankiu-komplektas-pjaunantys-apskritimai\\\/#primaryimage\"},\"thumbnailUrl\":\"https:\\\/\\\/tint.lt\\\/shop\\\/wp-content\\\/uploads\\\/2026\\\/02\\\/Parkavimo-jutikliu-pjovimo-irankiai2-GreenRC.jpg\",\"datePublished\":\"2026-02-25T06:41:56+00:00\",\"dateModified\":\"2026-05-15T00:00:16+00:00\",\"breadcrumb\":{\"@id\":\"https:\\\/\\\/tint.lt\\\/shop\\\/preke\\\/parkavimo-jutikliu-pjovimo-irankiu-komplektas-pjaunantys-apskritimai\\\/#breadcrumb\"},\"inLanguage\":\"lt-LT\",\"potentialAction\":[{\"@type\":\"ReadAction\",\"target\":[\"https:\\\/\\\/tint.lt\\\/shop\\\/preke\\\/parkavimo-jutikliu-pjovimo-irankiu-komplektas-pjaunantys-apskritimai\\\/\"]}]},{\"@type\":\"ImageObject\",\"inLanguage\":\"lt-LT\",\"@id\":\"https:\\\/\\\/tint.lt\\\/shop\\\/preke\\\/parkavimo-jutikliu-pjovimo-irankiu-komplektas-pjaunantys-apskritimai\\\/#primaryimage\",\"url\":\"https:\\\/\\\/tint.lt\\\/shop\\\/wp-content\\\/uploads\\\/2026\\\/02\\\/Parkavimo-jutikliu-pjovimo-irankiai2-GreenRC.jpg\",\"contentUrl\":\"https:\\\/\\\/tint.lt\\\/shop\\\/wp-content\\\/uploads\\\/2026\\\/02\\\/Parkavimo-jutikliu-pjovimo-irankiai2-GreenRC.jpg\",\"width\":900,\"height\":900,\"caption\":\"Parkavimo jutikli\u0173 pjovimo irankiai\"},{\"@type\":\"BreadcrumbList\",\"@id\":\"https:\\\/\\\/tint.lt\\\/shop\\\/preke\\\/parkavimo-jutikliu-pjovimo-irankiu-komplektas-pjaunantys-apskritimai\\\/#breadcrumb\",\"itemListElement\":[{\"@type\":\"ListItem\",\"position\":1,\"name\":\"Home\",\"item\":\"https:\\\/\\\/tint.lt\\\/shop\\\/\"},{\"@type\":\"ListItem\",\"position\":2,\"name\":\"Parduotuv\u0117\",\"item\":\"https:\\\/\\\/tint.lt\\\/shop\\\/produktai\\\/\"},{\"@type\":\"ListItem\",\"position\":3,\"name\":\"Parkavimo jutikli\u0173 pjovimo \u012franki\u0173 komplektas &#8211; pjaunantys apskritimai\"}]},{\"@type\":\"WebSite\",\"@id\":\"https:\\\/\\\/tint.lt\\\/shop\\\/#website\",\"url\":\"https:\\\/\\\/tint.lt\\\/shop\\\/\",\"name\":\"Tint.lt\",\"description\":\"El. parduotuv\u0117\",\"publisher\":{\"@id\":\"https:\\\/\\\/tint.lt\\\/shop\\\/#organization\"},\"potentialAction\":[{\"@type\":\"SearchAction\",\"target\":{\"@type\":\"EntryPoint\",\"urlTemplate\":\"https:\\\/\\\/tint.lt\\\/shop\\\/?s={search_term_string}\"},\"query-input\":{\"@type\":\"PropertyValueSpecification\",\"valueRequired\":true,\"valueName\":\"search_term_string\"}}],\"inLanguage\":\"lt-LT\"},{\"@type\":\"Organization\",\"@id\":\"https:\\\/\\\/tint.lt\\\/shop\\\/#organization\",\"name\":\"Tint.lt\",\"url\":\"https:\\\/\\\/tint.lt\\\/shop\\\/\",\"logo\":{\"@type\":\"ImageObject\",\"inLanguage\":\"lt-LT\",\"@id\":\"https:\\\/\\\/tint.lt\\\/shop\\\/#\\\/schema\\\/logo\\\/image\\\/\",\"url\":\"https:\\\/\\\/tint.lt\\\/shop\\\/wp-content\\\/uploads\\\/2026\\\/02\\\/TINT_lipnios_pleveles_profesionalams_grey.png\",\"contentUrl\":\"https:\\\/\\\/tint.lt\\\/shop\\\/wp-content\\\/uploads\\\/2026\\\/02\\\/TINT_lipnios_pleveles_profesionalams_grey.png\",\"width\":1265,\"height\":460,\"caption\":\"Tint.lt\"},\"image\":{\"@id\":\"https:\\\/\\\/tint.lt\\\/shop\\\/#\\\/schema\\\/logo\\\/image\\\/\"}}]}<\/script>\n<!-- \/ Yoast SEO plugin. -->","yoast_head_json":{"title":"Parkavimo jutikli\u0173 pjovimo \u012franki\u0173 komplektas - pjaunantys apskritimai - Tint","robots":{"index":"index","follow":"follow","max-snippet":"max-snippet:-1","max-image-preview":"max-image-preview:large","max-video-preview":"max-video-preview:-1"},"canonical":"https:\/\/tint.lt\/shop\/preke\/parkavimo-jutikliu-pjovimo-irankiu-komplektas-pjaunantys-apskritimai\/","og_locale":"lt_LT","og_type":"article","og_title":"Parkavimo jutikli\u0173 pjovimo \u012franki\u0173 komplektas - pjaunantys apskritimai - Tint","og_description":"Parkavimo jutikli\u0173 pjovimo \u012frankiai pagaminti i\u0161 specialaus plastiko, kuris leid\u017eia savo a\u0161trumu i\u0161pjauti pl\u0117vel\u0117je jutikliams skirt\u0105 skyl\u0119. Puikus pagalbininkas, siekiantiems","og_url":"https:\/\/tint.lt\/shop\/preke\/parkavimo-jutikliu-pjovimo-irankiu-komplektas-pjaunantys-apskritimai\/","og_site_name":"Tint","article_modified_time":"2026-05-15T00:00:16+00:00","og_image":[{"width":900,"height":900,"url":"https:\/\/tint.lt\/shop\/wp-content\/uploads\/2026\/02\/Parkavimo-jutikliu-pjovimo-irankiai2-GreenRC.jpg","type":"image\/jpeg"}],"twitter_card":"summary_large_image","schema":{"@context":"https:\/\/schema.org","@graph":[{"@type":"WebPage","@id":"https:\/\/tint.lt\/shop\/preke\/parkavimo-jutikliu-pjovimo-irankiu-komplektas-pjaunantys-apskritimai\/","url":"https:\/\/tint.lt\/shop\/preke\/parkavimo-jutikliu-pjovimo-irankiu-komplektas-pjaunantys-apskritimai\/","name":"Parkavimo jutikli\u0173 pjovimo \u012franki\u0173 komplektas - pjaunantys apskritimai - Tint","isPartOf":{"@id":"https:\/\/tint.lt\/shop\/#website"},"primaryImageOfPage":{"@id":"https:\/\/tint.lt\/shop\/preke\/parkavimo-jutikliu-pjovimo-irankiu-komplektas-pjaunantys-apskritimai\/#primaryimage"},"image":{"@id":"https:\/\/tint.lt\/shop\/preke\/parkavimo-jutikliu-pjovimo-irankiu-komplektas-pjaunantys-apskritimai\/#primaryimage"},"thumbnailUrl":"https:\/\/tint.lt\/shop\/wp-content\/uploads\/2026\/02\/Parkavimo-jutikliu-pjovimo-irankiai2-GreenRC.jpg","datePublished":"2026-02-25T06:41:56+00:00","dateModified":"2026-05-15T00:00:16+00:00","breadcrumb":{"@id":"https:\/\/tint.lt\/shop\/preke\/parkavimo-jutikliu-pjovimo-irankiu-komplektas-pjaunantys-apskritimai\/#breadcrumb"},"inLanguage":"lt-LT","potentialAction":[{"@type":"ReadAction","target":["https:\/\/tint.lt\/shop\/preke\/parkavimo-jutikliu-pjovimo-irankiu-komplektas-pjaunantys-apskritimai\/"]}]},{"@type":"ImageObject","inLanguage":"lt-LT","@id":"https:\/\/tint.lt\/shop\/preke\/parkavimo-jutikliu-pjovimo-irankiu-komplektas-pjaunantys-apskritimai\/#primaryimage","url":"https:\/\/tint.lt\/shop\/wp-content\/uploads\/2026\/02\/Parkavimo-jutikliu-pjovimo-irankiai2-GreenRC.jpg","contentUrl":"https:\/\/tint.lt\/shop\/wp-content\/uploads\/2026\/02\/Parkavimo-jutikliu-pjovimo-irankiai2-GreenRC.jpg","width":900,"height":900,"caption":"Parkavimo jutikli\u0173 pjovimo irankiai"},{"@type":"BreadcrumbList","@id":"https:\/\/tint.lt\/shop\/preke\/parkavimo-jutikliu-pjovimo-irankiu-komplektas-pjaunantys-apskritimai\/#breadcrumb","itemListElement":[{"@type":"ListItem","position":1,"name":"Home","item":"https:\/\/tint.lt\/shop\/"},{"@type":"ListItem","position":2,"name":"Parduotuv\u0117","item":"https:\/\/tint.lt\/shop\/produktai\/"},{"@type":"ListItem","position":3,"name":"Parkavimo jutikli\u0173 pjovimo \u012franki\u0173 komplektas &#8211; pjaunantys apskritimai"}]},{"@type":"WebSite","@id":"https:\/\/tint.lt\/shop\/#website","url":"https:\/\/tint.lt\/shop\/","name":"Tint.lt","description":"El. parduotuv\u0117","publisher":{"@id":"https:\/\/tint.lt\/shop\/#organization"},"potentialAction":[{"@type":"SearchAction","target":{"@type":"EntryPoint","urlTemplate":"https:\/\/tint.lt\/shop\/?s={search_term_string}"},"query-input":{"@type":"PropertyValueSpecification","valueRequired":true,"valueName":"search_term_string"}}],"inLanguage":"lt-LT"},{"@type":"Organization","@id":"https:\/\/tint.lt\/shop\/#organization","name":"Tint.lt","url":"https:\/\/tint.lt\/shop\/","logo":{"@type":"ImageObject","inLanguage":"lt-LT","@id":"https:\/\/tint.lt\/shop\/#\/schema\/logo\/image\/","url":"https:\/\/tint.lt\/shop\/wp-content\/uploads\/2026\/02\/TINT_lipnios_pleveles_profesionalams_grey.png","contentUrl":"https:\/\/tint.lt\/shop\/wp-content\/uploads\/2026\/02\/TINT_lipnios_pleveles_profesionalams_grey.png","width":1265,"height":460,"caption":"Tint.lt"},"image":{"@id":"https:\/\/tint.lt\/shop\/#\/schema\/logo\/image\/"}}]}},"_links":{"self":[{"href":"https:\/\/tint.lt\/shop\/wp-json\/wp\/v2\/product\/29946","targetHints":{"allow":["GET"]}}],"collection":[{"href":"https:\/\/tint.lt\/shop\/wp-json\/wp\/v2\/product"}],"about":[{"href":"https:\/\/tint.lt\/shop\/wp-json\/wp\/v2\/types\/product"}],"replies":[{"embeddable":true,"href":"https:\/\/tint.lt\/shop\/wp-json\/wp\/v2\/comments?post=29946"}],"version-history":[{"count":5,"href":"https:\/\/tint.lt\/shop\/wp-json\/wp\/v2\/product\/29946\/revisions"}],"predecessor-version":[{"id":30372,"href":"https:\/\/tint.lt\/shop\/wp-json\/wp\/v2\/product\/29946\/revisions\/30372"}],"wp:featuredmedia":[{"embeddable":true,"href":"https:\/\/tint.lt\/shop\/wp-json\/wp\/v2\/media\/29947"}],"wp:attachment":[{"href":"https:\/\/tint.lt\/shop\/wp-json\/wp\/v2\/media?parent=29946"}],"wp:term":[{"taxonomy":"product_brand","embeddable":true,"href":"https:\/\/tint.lt\/shop\/wp-json\/wp\/v2\/product_brand?post=29946"},{"taxonomy":"product_cat","embeddable":true,"href":"https:\/\/tint.lt\/shop\/wp-json\/wp\/v2\/product_cat?post=29946"},{"taxonomy":"product_tag","embeddable":true,"href":"https:\/\/tint.lt\/shop\/wp-json\/wp\/v2\/product_tag?post=29946"}],"curies":[{"name":"wp","href":"https:\/\/api.w.org\/{rel}","templated":true}]}}