{"id":29978,"date":"2026-02-25T09:36:20","date_gmt":"2026-02-25T07:36:20","guid":{"rendered":"https:\/\/tint.lt\/shop\/?post_type=product&#038;p=29978"},"modified":"2026-05-15T03:00:16","modified_gmt":"2026-05-15T00:00:16","slug":"sott-valymo-molis-nuo-automobilio-kebulo-dazytu-pavirsiu","status":"publish","type":"product","link":"https:\/\/tint.lt\/shop\/preke\/sott-valymo-molis-nuo-automobilio-kebulo-dazytu-pavirsiu\/","title":{"rendered":"SOTT- valymo molis nuo automobilio k\u0117bulo da\u017eyt\u0173 pavir\u0161i\u0173"},"content":{"rendered":"\t\t<div data-elementor-type=\"wp-post\" data-elementor-id=\"29978\" class=\"elementor elementor-29978\">\n\t\t\t\t<div class=\"wd-negative-gap elementor-element elementor-element-8a08d9b e-grid e-con-boxed e-con e-parent\" data-id=\"8a08d9b\" data-element_type=\"container\" data-e-type=\"container\">\n\t\t\t\t\t<div class=\"e-con-inner\">\n\t\t\t\t<div class=\"elementor-element elementor-element-f4b8c18 elementor-widget elementor-widget-wd_text_block\" data-id=\"f4b8c18\" data-element_type=\"widget\" data-e-type=\"widget\" data-widget_type=\"wd_text_block.default\">\n\t\t\t\t<div class=\"elementor-widget-container\">\n\t\t\t\t\t\t\t<div class=\"wd-text-block reset-last-child text-left\">\n\t\t\t\n\t\t\t<p>Kiekvienas, manantis, kad automobilio da\u017eai yra tikrai \u0161var\u016bs po plovimo - nusivils. \u0160is minkomas molis pagamintas i\u0161 naftos dervos, \u012f kuri\u0105 \u012fd\u0117ta \u0161velnaus abrazyvo. Tai suskaido \u012fsisen\u0117jusius ne\u0161varumus, kuri\u0173 negali padaryti riebal\u0173 \u0161alinimo priemon\u0117s ir valikliai. Pauk\u0161\u010di\u0173 i\u0161matos, med\u017ei\u0173 sula, degutas, kelio ne\u0161varumai paveikia da\u017eus ir \u012fsigeria \u012f j\u0173 strukt\u016bra, tod\u0117l \u0161i priemon\u0117 puikiai tinka toki\u0173 ne\u0161varum\u0173 valymui.<\/p>\n\t\t\t\t\t<\/div>\n\t\t\t\t\t\t<\/div>\n\t\t\t\t<\/div>\n\t\t\t\t<div class=\"elementor-element elementor-element-604e86f elementor-widget elementor-widget-wd_text_block\" data-id=\"604e86f\" data-element_type=\"widget\" data-e-type=\"widget\" data-widget_type=\"wd_text_block.default\">\n\t\t\t\t<div class=\"elementor-widget-container\">\n\t\t\t\t\t\t\t<div class=\"wd-text-block reset-last-child text-left\">\n\t\t\t\n\t\t\t<p><strong>Naudojimo instrukcija:<\/strong><\/p><ol><li>Nuplaukite ir nusausinkite automobilio k\u0117bul\u0105.<\/li><li>I\u0161minkykite mol\u012f rankomis, kad jis tapt\u0173 mink\u0161tesnis.<\/li><li>Sudr\u0117kinkite k\u0117bulo pavir\u0161i\u0173 prie\u0161 naudojant mol\u012f.<\/li><li>Lengvais ir tiesiais judesiais traukite mol\u012f per pavir\u0161i\u0173.<\/li><\/ol>\n\t\t\t\t\t<\/div>\n\t\t\t\t\t\t<\/div>\n\t\t\t\t<\/div>\n\t\t\t\t\t<\/div>\n\t\t\t\t<\/div>\n\t\t\t\t<\/div>\n\t\t","protected":false},"excerpt":{"rendered":"<p>Kiekvienas, manantis, kad automobilio da\u017eai yra tikrai \u0161var\u016bs po plovimo &#8211; nusivils. \u0160is minkomas molis pagamintas i\u0161 naftos dervos, \u012f<\/p>\n","protected":false},"featured_media":29981,"comment_status":"open","ping_status":"closed","template":"","meta":{"_acf_changed":false},"product_brand":[98],"product_cat":[90,118],"product_tag":[],"class_list":{"0":"post-29978","1":"product","2":"type-product","3":"status-publish","4":"has-post-thumbnail","6":"product_brand-sott","7":"product_cat-irankiai-ir-priemones-pleveliu-klijavimui","8":"product_cat-skysciai-ir-valymo-priemones","10":"first","11":"instock","12":"taxable","13":"shipping-taxable","14":"purchasable","15":"product-type-simple"},"acf":[],"yoast_head":"<!-- This site is optimized with the Yoast SEO plugin v27.5 - https:\/\/yoast.com\/product\/yoast-seo-wordpress\/ -->\n<title>SOTT- valymo molis nuo automobilio k\u0117bulo da\u017eyt\u0173 pavir\u0161i\u0173 - Tint<\/title>\n<meta name=\"robots\" content=\"index, follow, max-snippet:-1, max-image-preview:large, max-video-preview:-1\" \/>\n<link rel=\"canonical\" href=\"https:\/\/tint.lt\/shop\/preke\/sott-valymo-molis-nuo-automobilio-kebulo-dazytu-pavirsiu\/\" \/>\n<meta property=\"og:locale\" content=\"lt_LT\" \/>\n<meta property=\"og:type\" content=\"article\" \/>\n<meta property=\"og:title\" content=\"SOTT- valymo molis nuo automobilio k\u0117bulo da\u017eyt\u0173 pavir\u0161i\u0173 - Tint\" \/>\n<meta property=\"og:description\" content=\"Kiekvienas, manantis, kad automobilio da\u017eai yra tikrai \u0161var\u016bs po plovimo &#8211; nusivils. \u0160is minkomas molis pagamintas i\u0161 naftos dervos, \u012f\" \/>\n<meta property=\"og:url\" content=\"https:\/\/tint.lt\/shop\/preke\/sott-valymo-molis-nuo-automobilio-kebulo-dazytu-pavirsiu\/\" \/>\n<meta property=\"og:site_name\" content=\"Tint\" \/>\n<meta property=\"article:modified_time\" content=\"2026-05-15T00:00:16+00:00\" \/>\n<meta property=\"og:image\" content=\"https:\/\/tint.lt\/shop\/wp-content\/uploads\/2026\/02\/SOTT-valymo-molis-300-049.jpg\" \/>\n\t<meta property=\"og:image:width\" content=\"900\" \/>\n\t<meta property=\"og:image:height\" content=\"900\" \/>\n\t<meta property=\"og:image:type\" content=\"image\/jpeg\" \/>\n<meta name=\"twitter:card\" content=\"summary_large_image\" \/>\n<meta name=\"twitter:label1\" content=\"Est. reading time\" \/>\n\t<meta name=\"twitter:data1\" content=\"1 minut\u0117\" \/>\n<script type=\"application\/ld+json\" class=\"yoast-schema-graph\">{\"@context\":\"https:\\\/\\\/schema.org\",\"@graph\":[{\"@type\":\"WebPage\",\"@id\":\"https:\\\/\\\/tint.lt\\\/shop\\\/preke\\\/sott-valymo-molis-nuo-automobilio-kebulo-dazytu-pavirsiu\\\/\",\"url\":\"https:\\\/\\\/tint.lt\\\/shop\\\/preke\\\/sott-valymo-molis-nuo-automobilio-kebulo-dazytu-pavirsiu\\\/\",\"name\":\"SOTT- valymo molis nuo automobilio k\u0117bulo da\u017eyt\u0173 pavir\u0161i\u0173 - Tint\",\"isPartOf\":{\"@id\":\"https:\\\/\\\/tint.lt\\\/shop\\\/#website\"},\"primaryImageOfPage\":{\"@id\":\"https:\\\/\\\/tint.lt\\\/shop\\\/preke\\\/sott-valymo-molis-nuo-automobilio-kebulo-dazytu-pavirsiu\\\/#primaryimage\"},\"image\":{\"@id\":\"https:\\\/\\\/tint.lt\\\/shop\\\/preke\\\/sott-valymo-molis-nuo-automobilio-kebulo-dazytu-pavirsiu\\\/#primaryimage\"},\"thumbnailUrl\":\"https:\\\/\\\/tint.lt\\\/shop\\\/wp-content\\\/uploads\\\/2026\\\/02\\\/SOTT-valymo-molis-300-049.jpg\",\"datePublished\":\"2026-02-25T07:36:20+00:00\",\"dateModified\":\"2026-05-15T00:00:16+00:00\",\"breadcrumb\":{\"@id\":\"https:\\\/\\\/tint.lt\\\/shop\\\/preke\\\/sott-valymo-molis-nuo-automobilio-kebulo-dazytu-pavirsiu\\\/#breadcrumb\"},\"inLanguage\":\"lt-LT\",\"potentialAction\":[{\"@type\":\"ReadAction\",\"target\":[\"https:\\\/\\\/tint.lt\\\/shop\\\/preke\\\/sott-valymo-molis-nuo-automobilio-kebulo-dazytu-pavirsiu\\\/\"]}]},{\"@type\":\"ImageObject\",\"inLanguage\":\"lt-LT\",\"@id\":\"https:\\\/\\\/tint.lt\\\/shop\\\/preke\\\/sott-valymo-molis-nuo-automobilio-kebulo-dazytu-pavirsiu\\\/#primaryimage\",\"url\":\"https:\\\/\\\/tint.lt\\\/shop\\\/wp-content\\\/uploads\\\/2026\\\/02\\\/SOTT-valymo-molis-300-049.jpg\",\"contentUrl\":\"https:\\\/\\\/tint.lt\\\/shop\\\/wp-content\\\/uploads\\\/2026\\\/02\\\/SOTT-valymo-molis-300-049.jpg\",\"width\":900,\"height\":900,\"caption\":\"SOTT valymo molis kebului\"},{\"@type\":\"BreadcrumbList\",\"@id\":\"https:\\\/\\\/tint.lt\\\/shop\\\/preke\\\/sott-valymo-molis-nuo-automobilio-kebulo-dazytu-pavirsiu\\\/#breadcrumb\",\"itemListElement\":[{\"@type\":\"ListItem\",\"position\":1,\"name\":\"Home\",\"item\":\"https:\\\/\\\/tint.lt\\\/shop\\\/\"},{\"@type\":\"ListItem\",\"position\":2,\"name\":\"Parduotuv\u0117\",\"item\":\"https:\\\/\\\/tint.lt\\\/shop\\\/produktai\\\/\"},{\"@type\":\"ListItem\",\"position\":3,\"name\":\"SOTT- valymo molis nuo automobilio k\u0117bulo da\u017eyt\u0173 pavir\u0161i\u0173\"}]},{\"@type\":\"WebSite\",\"@id\":\"https:\\\/\\\/tint.lt\\\/shop\\\/#website\",\"url\":\"https:\\\/\\\/tint.lt\\\/shop\\\/\",\"name\":\"Tint.lt\",\"description\":\"El. parduotuv\u0117\",\"publisher\":{\"@id\":\"https:\\\/\\\/tint.lt\\\/shop\\\/#organization\"},\"potentialAction\":[{\"@type\":\"SearchAction\",\"target\":{\"@type\":\"EntryPoint\",\"urlTemplate\":\"https:\\\/\\\/tint.lt\\\/shop\\\/?s={search_term_string}\"},\"query-input\":{\"@type\":\"PropertyValueSpecification\",\"valueRequired\":true,\"valueName\":\"search_term_string\"}}],\"inLanguage\":\"lt-LT\"},{\"@type\":\"Organization\",\"@id\":\"https:\\\/\\\/tint.lt\\\/shop\\\/#organization\",\"name\":\"Tint.lt\",\"url\":\"https:\\\/\\\/tint.lt\\\/shop\\\/\",\"logo\":{\"@type\":\"ImageObject\",\"inLanguage\":\"lt-LT\",\"@id\":\"https:\\\/\\\/tint.lt\\\/shop\\\/#\\\/schema\\\/logo\\\/image\\\/\",\"url\":\"https:\\\/\\\/tint.lt\\\/shop\\\/wp-content\\\/uploads\\\/2026\\\/02\\\/TINT_lipnios_pleveles_profesionalams_grey.png\",\"contentUrl\":\"https:\\\/\\\/tint.lt\\\/shop\\\/wp-content\\\/uploads\\\/2026\\\/02\\\/TINT_lipnios_pleveles_profesionalams_grey.png\",\"width\":1265,\"height\":460,\"caption\":\"Tint.lt\"},\"image\":{\"@id\":\"https:\\\/\\\/tint.lt\\\/shop\\\/#\\\/schema\\\/logo\\\/image\\\/\"}}]}<\/script>\n<!-- \/ Yoast SEO plugin. -->","yoast_head_json":{"title":"SOTT- valymo molis nuo automobilio k\u0117bulo da\u017eyt\u0173 pavir\u0161i\u0173 - Tint","robots":{"index":"index","follow":"follow","max-snippet":"max-snippet:-1","max-image-preview":"max-image-preview:large","max-video-preview":"max-video-preview:-1"},"canonical":"https:\/\/tint.lt\/shop\/preke\/sott-valymo-molis-nuo-automobilio-kebulo-dazytu-pavirsiu\/","og_locale":"lt_LT","og_type":"article","og_title":"SOTT- valymo molis nuo automobilio k\u0117bulo da\u017eyt\u0173 pavir\u0161i\u0173 - Tint","og_description":"Kiekvienas, manantis, kad automobilio da\u017eai yra tikrai \u0161var\u016bs po plovimo &#8211; nusivils. \u0160is minkomas molis pagamintas i\u0161 naftos dervos, \u012f","og_url":"https:\/\/tint.lt\/shop\/preke\/sott-valymo-molis-nuo-automobilio-kebulo-dazytu-pavirsiu\/","og_site_name":"Tint","article_modified_time":"2026-05-15T00:00:16+00:00","og_image":[{"width":900,"height":900,"url":"https:\/\/tint.lt\/shop\/wp-content\/uploads\/2026\/02\/SOTT-valymo-molis-300-049.jpg","type":"image\/jpeg"}],"twitter_card":"summary_large_image","twitter_misc":{"Est. reading time":"1 minut\u0117"},"schema":{"@context":"https:\/\/schema.org","@graph":[{"@type":"WebPage","@id":"https:\/\/tint.lt\/shop\/preke\/sott-valymo-molis-nuo-automobilio-kebulo-dazytu-pavirsiu\/","url":"https:\/\/tint.lt\/shop\/preke\/sott-valymo-molis-nuo-automobilio-kebulo-dazytu-pavirsiu\/","name":"SOTT- valymo molis nuo automobilio k\u0117bulo da\u017eyt\u0173 pavir\u0161i\u0173 - Tint","isPartOf":{"@id":"https:\/\/tint.lt\/shop\/#website"},"primaryImageOfPage":{"@id":"https:\/\/tint.lt\/shop\/preke\/sott-valymo-molis-nuo-automobilio-kebulo-dazytu-pavirsiu\/#primaryimage"},"image":{"@id":"https:\/\/tint.lt\/shop\/preke\/sott-valymo-molis-nuo-automobilio-kebulo-dazytu-pavirsiu\/#primaryimage"},"thumbnailUrl":"https:\/\/tint.lt\/shop\/wp-content\/uploads\/2026\/02\/SOTT-valymo-molis-300-049.jpg","datePublished":"2026-02-25T07:36:20+00:00","dateModified":"2026-05-15T00:00:16+00:00","breadcrumb":{"@id":"https:\/\/tint.lt\/shop\/preke\/sott-valymo-molis-nuo-automobilio-kebulo-dazytu-pavirsiu\/#breadcrumb"},"inLanguage":"lt-LT","potentialAction":[{"@type":"ReadAction","target":["https:\/\/tint.lt\/shop\/preke\/sott-valymo-molis-nuo-automobilio-kebulo-dazytu-pavirsiu\/"]}]},{"@type":"ImageObject","inLanguage":"lt-LT","@id":"https:\/\/tint.lt\/shop\/preke\/sott-valymo-molis-nuo-automobilio-kebulo-dazytu-pavirsiu\/#primaryimage","url":"https:\/\/tint.lt\/shop\/wp-content\/uploads\/2026\/02\/SOTT-valymo-molis-300-049.jpg","contentUrl":"https:\/\/tint.lt\/shop\/wp-content\/uploads\/2026\/02\/SOTT-valymo-molis-300-049.jpg","width":900,"height":900,"caption":"SOTT valymo molis kebului"},{"@type":"BreadcrumbList","@id":"https:\/\/tint.lt\/shop\/preke\/sott-valymo-molis-nuo-automobilio-kebulo-dazytu-pavirsiu\/#breadcrumb","itemListElement":[{"@type":"ListItem","position":1,"name":"Home","item":"https:\/\/tint.lt\/shop\/"},{"@type":"ListItem","position":2,"name":"Parduotuv\u0117","item":"https:\/\/tint.lt\/shop\/produktai\/"},{"@type":"ListItem","position":3,"name":"SOTT- valymo molis nuo automobilio k\u0117bulo da\u017eyt\u0173 pavir\u0161i\u0173"}]},{"@type":"WebSite","@id":"https:\/\/tint.lt\/shop\/#website","url":"https:\/\/tint.lt\/shop\/","name":"Tint.lt","description":"El. parduotuv\u0117","publisher":{"@id":"https:\/\/tint.lt\/shop\/#organization"},"potentialAction":[{"@type":"SearchAction","target":{"@type":"EntryPoint","urlTemplate":"https:\/\/tint.lt\/shop\/?s={search_term_string}"},"query-input":{"@type":"PropertyValueSpecification","valueRequired":true,"valueName":"search_term_string"}}],"inLanguage":"lt-LT"},{"@type":"Organization","@id":"https:\/\/tint.lt\/shop\/#organization","name":"Tint.lt","url":"https:\/\/tint.lt\/shop\/","logo":{"@type":"ImageObject","inLanguage":"lt-LT","@id":"https:\/\/tint.lt\/shop\/#\/schema\/logo\/image\/","url":"https:\/\/tint.lt\/shop\/wp-content\/uploads\/2026\/02\/TINT_lipnios_pleveles_profesionalams_grey.png","contentUrl":"https:\/\/tint.lt\/shop\/wp-content\/uploads\/2026\/02\/TINT_lipnios_pleveles_profesionalams_grey.png","width":1265,"height":460,"caption":"Tint.lt"},"image":{"@id":"https:\/\/tint.lt\/shop\/#\/schema\/logo\/image\/"}}]}},"_links":{"self":[{"href":"https:\/\/tint.lt\/shop\/wp-json\/wp\/v2\/product\/29978","targetHints":{"allow":["GET"]}}],"collection":[{"href":"https:\/\/tint.lt\/shop\/wp-json\/wp\/v2\/product"}],"about":[{"href":"https:\/\/tint.lt\/shop\/wp-json\/wp\/v2\/types\/product"}],"replies":[{"embeddable":true,"href":"https:\/\/tint.lt\/shop\/wp-json\/wp\/v2\/comments?post=29978"}],"version-history":[{"count":5,"href":"https:\/\/tint.lt\/shop\/wp-json\/wp\/v2\/product\/29978\/revisions"}],"predecessor-version":[{"id":30743,"href":"https:\/\/tint.lt\/shop\/wp-json\/wp\/v2\/product\/29978\/revisions\/30743"}],"wp:featuredmedia":[{"embeddable":true,"href":"https:\/\/tint.lt\/shop\/wp-json\/wp\/v2\/media\/29981"}],"wp:attachment":[{"href":"https:\/\/tint.lt\/shop\/wp-json\/wp\/v2\/media?parent=29978"}],"wp:term":[{"taxonomy":"product_brand","embeddable":true,"href":"https:\/\/tint.lt\/shop\/wp-json\/wp\/v2\/product_brand?post=29978"},{"taxonomy":"product_cat","embeddable":true,"href":"https:\/\/tint.lt\/shop\/wp-json\/wp\/v2\/product_cat?post=29978"},{"taxonomy":"product_tag","embeddable":true,"href":"https:\/\/tint.lt\/shop\/wp-json\/wp\/v2\/product_tag?post=29978"}],"curies":[{"name":"wp","href":"https:\/\/api.w.org\/{rel}","templated":true}]}}