{"id":30004,"date":"2026-02-25T10:09:03","date_gmt":"2026-02-25T08:09:03","guid":{"rendered":"https:\/\/tint.lt\/shop\/?post_type=product&#038;p=30004"},"modified":"2026-05-15T03:00:16","modified_gmt":"2026-05-15T00:00:16","slug":"braukle-sunkiai-pasiekiamoms-vietoms-langu-tamsinimo-plevelems","status":"publish","type":"product","link":"https:\/\/tint.lt\/shop\/preke\/braukle-sunkiai-pasiekiamoms-vietoms-langu-tamsinimo-plevelems\/","title":{"rendered":"Braukl\u0117 sunkiai pasiekiamoms vietoms, lang\u0173 tamsinimo pl\u0117vel\u0117ms"},"content":{"rendered":"\t\t<div data-elementor-type=\"wp-post\" data-elementor-id=\"30004\" class=\"elementor elementor-30004\">\n\t\t\t\t<div class=\"wd-negative-gap elementor-element elementor-element-ef74aa1 e-flex e-con-boxed e-con e-parent\" data-id=\"ef74aa1\" data-element_type=\"container\" data-e-type=\"container\">\n\t\t\t\t\t<div class=\"e-con-inner\">\n\t\t\t\t<div class=\"elementor-element elementor-element-32a5194 elementor-widget elementor-widget-wd_text_block\" data-id=\"32a5194\" data-element_type=\"widget\" data-e-type=\"widget\" data-widget_type=\"wd_text_block.default\">\n\t\t\t\t<div class=\"elementor-widget-container\">\n\t\t\t\t\t\t\t<div class=\"wd-text-block reset-last-child text-left\">\n\t\t\t\n\t\t\t<p>\u0160is \u012frankis skirtas klijuotos pl\u0117vel\u0117s prispaudimui ir i\u0161lyginimui sunkiai pasiekiamose vietose. D\u0117l savo plonos, ergonomi\u0161kos formos ji leid\u017eia patogiai dirbti kampuose, grioveliuose, prie sand\u016br\u0173. Tvirta, bet lanksti med\u017eiaga u\u017etikrina tolyg\u0173 spaudim\u0105, padeda pa\u0161alinti oro burbuliukus ir garantuoja \u0161var\u0173, profesional\u0173 rezultat\u0105 nepa\u017eeid\u017eiant pavir\u0161iaus.<\/p>\n\t\t\t\t\t<\/div>\n\t\t\t\t\t\t<\/div>\n\t\t\t\t<\/div>\n\t\t\t\t\t<\/div>\n\t\t\t\t<\/div>\n\t\t\t\t<\/div>\n\t\t","protected":false},"excerpt":{"rendered":"<p>\u0160is \u012frankis skirtas klijuotos pl\u0117vel\u0117s prispaudimui ir i\u0161lyginimui sunkiai pasiekiamose vietose. D\u0117l savo plonos, ergonomi\u0161kos formos ji leid\u017eia patogiai dirbti<\/p>\n","protected":false},"featured_media":30005,"comment_status":"open","ping_status":"closed","template":"","meta":{"_acf_changed":false},"product_brand":[],"product_cat":[119,90],"product_tag":[],"class_list":{"0":"post-30004","1":"product","2":"type-product","3":"status-publish","4":"has-post-thumbnail","6":"product_cat-braukles","7":"product_cat-irankiai-ir-priemones-pleveliu-klijavimui","9":"first","10":"instock","11":"taxable","12":"shipping-taxable","13":"purchasable","14":"product-type-simple"},"acf":[],"yoast_head":"<!-- This site is optimized with the Yoast SEO plugin v27.5 - https:\/\/yoast.com\/product\/yoast-seo-wordpress\/ -->\n<title>Braukl\u0117 sunkiai pasiekiamoms vietoms, lang\u0173 tamsinimo pl\u0117vel\u0117ms - Tint<\/title>\n<meta name=\"robots\" content=\"index, follow, max-snippet:-1, max-image-preview:large, max-video-preview:-1\" \/>\n<link rel=\"canonical\" href=\"https:\/\/tint.lt\/shop\/preke\/braukle-sunkiai-pasiekiamoms-vietoms-langu-tamsinimo-plevelems\/\" \/>\n<meta property=\"og:locale\" content=\"lt_LT\" \/>\n<meta property=\"og:type\" content=\"article\" \/>\n<meta property=\"og:title\" content=\"Braukl\u0117 sunkiai pasiekiamoms vietoms, lang\u0173 tamsinimo pl\u0117vel\u0117ms - Tint\" \/>\n<meta property=\"og:description\" content=\"\u0160is \u012frankis skirtas klijuotos pl\u0117vel\u0117s prispaudimui ir i\u0161lyginimui sunkiai pasiekiamose vietose. D\u0117l savo plonos, ergonomi\u0161kos formos ji leid\u017eia patogiai dirbti\" \/>\n<meta property=\"og:url\" content=\"https:\/\/tint.lt\/shop\/preke\/braukle-sunkiai-pasiekiamoms-vietoms-langu-tamsinimo-plevelems\/\" \/>\n<meta property=\"og:site_name\" content=\"Tint\" \/>\n<meta property=\"article:modified_time\" content=\"2026-05-15T00:00:16+00:00\" \/>\n<meta property=\"og:image\" content=\"https:\/\/tint.lt\/shop\/wp-content\/uploads\/2026\/02\/Braukle-sunkiai-pasiekiamoms-vietoms-150-083.jpg\" \/>\n\t<meta property=\"og:image:width\" content=\"900\" \/>\n\t<meta property=\"og:image:height\" content=\"900\" \/>\n\t<meta property=\"og:image:type\" content=\"image\/jpeg\" \/>\n<meta name=\"twitter:card\" content=\"summary_large_image\" \/>\n<script type=\"application\/ld+json\" class=\"yoast-schema-graph\">{\"@context\":\"https:\\\/\\\/schema.org\",\"@graph\":[{\"@type\":\"WebPage\",\"@id\":\"https:\\\/\\\/tint.lt\\\/shop\\\/preke\\\/braukle-sunkiai-pasiekiamoms-vietoms-langu-tamsinimo-plevelems\\\/\",\"url\":\"https:\\\/\\\/tint.lt\\\/shop\\\/preke\\\/braukle-sunkiai-pasiekiamoms-vietoms-langu-tamsinimo-plevelems\\\/\",\"name\":\"Braukl\u0117 sunkiai pasiekiamoms vietoms, lang\u0173 tamsinimo pl\u0117vel\u0117ms - Tint\",\"isPartOf\":{\"@id\":\"https:\\\/\\\/tint.lt\\\/shop\\\/#website\"},\"primaryImageOfPage\":{\"@id\":\"https:\\\/\\\/tint.lt\\\/shop\\\/preke\\\/braukle-sunkiai-pasiekiamoms-vietoms-langu-tamsinimo-plevelems\\\/#primaryimage\"},\"image\":{\"@id\":\"https:\\\/\\\/tint.lt\\\/shop\\\/preke\\\/braukle-sunkiai-pasiekiamoms-vietoms-langu-tamsinimo-plevelems\\\/#primaryimage\"},\"thumbnailUrl\":\"https:\\\/\\\/tint.lt\\\/shop\\\/wp-content\\\/uploads\\\/2026\\\/02\\\/Braukle-sunkiai-pasiekiamoms-vietoms-150-083.jpg\",\"datePublished\":\"2026-02-25T08:09:03+00:00\",\"dateModified\":\"2026-05-15T00:00:16+00:00\",\"breadcrumb\":{\"@id\":\"https:\\\/\\\/tint.lt\\\/shop\\\/preke\\\/braukle-sunkiai-pasiekiamoms-vietoms-langu-tamsinimo-plevelems\\\/#breadcrumb\"},\"inLanguage\":\"lt-LT\",\"potentialAction\":[{\"@type\":\"ReadAction\",\"target\":[\"https:\\\/\\\/tint.lt\\\/shop\\\/preke\\\/braukle-sunkiai-pasiekiamoms-vietoms-langu-tamsinimo-plevelems\\\/\"]}]},{\"@type\":\"ImageObject\",\"inLanguage\":\"lt-LT\",\"@id\":\"https:\\\/\\\/tint.lt\\\/shop\\\/preke\\\/braukle-sunkiai-pasiekiamoms-vietoms-langu-tamsinimo-plevelems\\\/#primaryimage\",\"url\":\"https:\\\/\\\/tint.lt\\\/shop\\\/wp-content\\\/uploads\\\/2026\\\/02\\\/Braukle-sunkiai-pasiekiamoms-vietoms-150-083.jpg\",\"contentUrl\":\"https:\\\/\\\/tint.lt\\\/shop\\\/wp-content\\\/uploads\\\/2026\\\/02\\\/Braukle-sunkiai-pasiekiamoms-vietoms-150-083.jpg\",\"width\":900,\"height\":900,\"caption\":\"Braukl\u0117 sunkiai pasiekiamoms vietoms\"},{\"@type\":\"BreadcrumbList\",\"@id\":\"https:\\\/\\\/tint.lt\\\/shop\\\/preke\\\/braukle-sunkiai-pasiekiamoms-vietoms-langu-tamsinimo-plevelems\\\/#breadcrumb\",\"itemListElement\":[{\"@type\":\"ListItem\",\"position\":1,\"name\":\"Home\",\"item\":\"https:\\\/\\\/tint.lt\\\/shop\\\/\"},{\"@type\":\"ListItem\",\"position\":2,\"name\":\"Parduotuv\u0117\",\"item\":\"https:\\\/\\\/tint.lt\\\/shop\\\/produktai\\\/\"},{\"@type\":\"ListItem\",\"position\":3,\"name\":\"Braukl\u0117 sunkiai pasiekiamoms vietoms, lang\u0173 tamsinimo pl\u0117vel\u0117ms\"}]},{\"@type\":\"WebSite\",\"@id\":\"https:\\\/\\\/tint.lt\\\/shop\\\/#website\",\"url\":\"https:\\\/\\\/tint.lt\\\/shop\\\/\",\"name\":\"Tint.lt\",\"description\":\"El. parduotuv\u0117\",\"publisher\":{\"@id\":\"https:\\\/\\\/tint.lt\\\/shop\\\/#organization\"},\"potentialAction\":[{\"@type\":\"SearchAction\",\"target\":{\"@type\":\"EntryPoint\",\"urlTemplate\":\"https:\\\/\\\/tint.lt\\\/shop\\\/?s={search_term_string}\"},\"query-input\":{\"@type\":\"PropertyValueSpecification\",\"valueRequired\":true,\"valueName\":\"search_term_string\"}}],\"inLanguage\":\"lt-LT\"},{\"@type\":\"Organization\",\"@id\":\"https:\\\/\\\/tint.lt\\\/shop\\\/#organization\",\"name\":\"Tint.lt\",\"url\":\"https:\\\/\\\/tint.lt\\\/shop\\\/\",\"logo\":{\"@type\":\"ImageObject\",\"inLanguage\":\"lt-LT\",\"@id\":\"https:\\\/\\\/tint.lt\\\/shop\\\/#\\\/schema\\\/logo\\\/image\\\/\",\"url\":\"https:\\\/\\\/tint.lt\\\/shop\\\/wp-content\\\/uploads\\\/2026\\\/02\\\/TINT_lipnios_pleveles_profesionalams_grey.png\",\"contentUrl\":\"https:\\\/\\\/tint.lt\\\/shop\\\/wp-content\\\/uploads\\\/2026\\\/02\\\/TINT_lipnios_pleveles_profesionalams_grey.png\",\"width\":1265,\"height\":460,\"caption\":\"Tint.lt\"},\"image\":{\"@id\":\"https:\\\/\\\/tint.lt\\\/shop\\\/#\\\/schema\\\/logo\\\/image\\\/\"}}]}<\/script>\n<!-- \/ Yoast SEO plugin. -->","yoast_head_json":{"title":"Braukl\u0117 sunkiai pasiekiamoms vietoms, lang\u0173 tamsinimo pl\u0117vel\u0117ms - Tint","robots":{"index":"index","follow":"follow","max-snippet":"max-snippet:-1","max-image-preview":"max-image-preview:large","max-video-preview":"max-video-preview:-1"},"canonical":"https:\/\/tint.lt\/shop\/preke\/braukle-sunkiai-pasiekiamoms-vietoms-langu-tamsinimo-plevelems\/","og_locale":"lt_LT","og_type":"article","og_title":"Braukl\u0117 sunkiai pasiekiamoms vietoms, lang\u0173 tamsinimo pl\u0117vel\u0117ms - Tint","og_description":"\u0160is \u012frankis skirtas klijuotos pl\u0117vel\u0117s prispaudimui ir i\u0161lyginimui sunkiai pasiekiamose vietose. D\u0117l savo plonos, ergonomi\u0161kos formos ji leid\u017eia patogiai dirbti","og_url":"https:\/\/tint.lt\/shop\/preke\/braukle-sunkiai-pasiekiamoms-vietoms-langu-tamsinimo-plevelems\/","og_site_name":"Tint","article_modified_time":"2026-05-15T00:00:16+00:00","og_image":[{"width":900,"height":900,"url":"https:\/\/tint.lt\/shop\/wp-content\/uploads\/2026\/02\/Braukle-sunkiai-pasiekiamoms-vietoms-150-083.jpg","type":"image\/jpeg"}],"twitter_card":"summary_large_image","schema":{"@context":"https:\/\/schema.org","@graph":[{"@type":"WebPage","@id":"https:\/\/tint.lt\/shop\/preke\/braukle-sunkiai-pasiekiamoms-vietoms-langu-tamsinimo-plevelems\/","url":"https:\/\/tint.lt\/shop\/preke\/braukle-sunkiai-pasiekiamoms-vietoms-langu-tamsinimo-plevelems\/","name":"Braukl\u0117 sunkiai pasiekiamoms vietoms, lang\u0173 tamsinimo pl\u0117vel\u0117ms - Tint","isPartOf":{"@id":"https:\/\/tint.lt\/shop\/#website"},"primaryImageOfPage":{"@id":"https:\/\/tint.lt\/shop\/preke\/braukle-sunkiai-pasiekiamoms-vietoms-langu-tamsinimo-plevelems\/#primaryimage"},"image":{"@id":"https:\/\/tint.lt\/shop\/preke\/braukle-sunkiai-pasiekiamoms-vietoms-langu-tamsinimo-plevelems\/#primaryimage"},"thumbnailUrl":"https:\/\/tint.lt\/shop\/wp-content\/uploads\/2026\/02\/Braukle-sunkiai-pasiekiamoms-vietoms-150-083.jpg","datePublished":"2026-02-25T08:09:03+00:00","dateModified":"2026-05-15T00:00:16+00:00","breadcrumb":{"@id":"https:\/\/tint.lt\/shop\/preke\/braukle-sunkiai-pasiekiamoms-vietoms-langu-tamsinimo-plevelems\/#breadcrumb"},"inLanguage":"lt-LT","potentialAction":[{"@type":"ReadAction","target":["https:\/\/tint.lt\/shop\/preke\/braukle-sunkiai-pasiekiamoms-vietoms-langu-tamsinimo-plevelems\/"]}]},{"@type":"ImageObject","inLanguage":"lt-LT","@id":"https:\/\/tint.lt\/shop\/preke\/braukle-sunkiai-pasiekiamoms-vietoms-langu-tamsinimo-plevelems\/#primaryimage","url":"https:\/\/tint.lt\/shop\/wp-content\/uploads\/2026\/02\/Braukle-sunkiai-pasiekiamoms-vietoms-150-083.jpg","contentUrl":"https:\/\/tint.lt\/shop\/wp-content\/uploads\/2026\/02\/Braukle-sunkiai-pasiekiamoms-vietoms-150-083.jpg","width":900,"height":900,"caption":"Braukl\u0117 sunkiai pasiekiamoms vietoms"},{"@type":"BreadcrumbList","@id":"https:\/\/tint.lt\/shop\/preke\/braukle-sunkiai-pasiekiamoms-vietoms-langu-tamsinimo-plevelems\/#breadcrumb","itemListElement":[{"@type":"ListItem","position":1,"name":"Home","item":"https:\/\/tint.lt\/shop\/"},{"@type":"ListItem","position":2,"name":"Parduotuv\u0117","item":"https:\/\/tint.lt\/shop\/produktai\/"},{"@type":"ListItem","position":3,"name":"Braukl\u0117 sunkiai pasiekiamoms vietoms, lang\u0173 tamsinimo pl\u0117vel\u0117ms"}]},{"@type":"WebSite","@id":"https:\/\/tint.lt\/shop\/#website","url":"https:\/\/tint.lt\/shop\/","name":"Tint.lt","description":"El. parduotuv\u0117","publisher":{"@id":"https:\/\/tint.lt\/shop\/#organization"},"potentialAction":[{"@type":"SearchAction","target":{"@type":"EntryPoint","urlTemplate":"https:\/\/tint.lt\/shop\/?s={search_term_string}"},"query-input":{"@type":"PropertyValueSpecification","valueRequired":true,"valueName":"search_term_string"}}],"inLanguage":"lt-LT"},{"@type":"Organization","@id":"https:\/\/tint.lt\/shop\/#organization","name":"Tint.lt","url":"https:\/\/tint.lt\/shop\/","logo":{"@type":"ImageObject","inLanguage":"lt-LT","@id":"https:\/\/tint.lt\/shop\/#\/schema\/logo\/image\/","url":"https:\/\/tint.lt\/shop\/wp-content\/uploads\/2026\/02\/TINT_lipnios_pleveles_profesionalams_grey.png","contentUrl":"https:\/\/tint.lt\/shop\/wp-content\/uploads\/2026\/02\/TINT_lipnios_pleveles_profesionalams_grey.png","width":1265,"height":460,"caption":"Tint.lt"},"image":{"@id":"https:\/\/tint.lt\/shop\/#\/schema\/logo\/image\/"}}]}},"_links":{"self":[{"href":"https:\/\/tint.lt\/shop\/wp-json\/wp\/v2\/product\/30004","targetHints":{"allow":["GET"]}}],"collection":[{"href":"https:\/\/tint.lt\/shop\/wp-json\/wp\/v2\/product"}],"about":[{"href":"https:\/\/tint.lt\/shop\/wp-json\/wp\/v2\/types\/product"}],"replies":[{"embeddable":true,"href":"https:\/\/tint.lt\/shop\/wp-json\/wp\/v2\/comments?post=30004"}],"version-history":[{"count":5,"href":"https:\/\/tint.lt\/shop\/wp-json\/wp\/v2\/product\/30004\/revisions"}],"predecessor-version":[{"id":30763,"href":"https:\/\/tint.lt\/shop\/wp-json\/wp\/v2\/product\/30004\/revisions\/30763"}],"wp:featuredmedia":[{"embeddable":true,"href":"https:\/\/tint.lt\/shop\/wp-json\/wp\/v2\/media\/30005"}],"wp:attachment":[{"href":"https:\/\/tint.lt\/shop\/wp-json\/wp\/v2\/media?parent=30004"}],"wp:term":[{"taxonomy":"product_brand","embeddable":true,"href":"https:\/\/tint.lt\/shop\/wp-json\/wp\/v2\/product_brand?post=30004"},{"taxonomy":"product_cat","embeddable":true,"href":"https:\/\/tint.lt\/shop\/wp-json\/wp\/v2\/product_cat?post=30004"},{"taxonomy":"product_tag","embeddable":true,"href":"https:\/\/tint.lt\/shop\/wp-json\/wp\/v2\/product_tag?post=30004"}],"curies":[{"name":"wp","href":"https:\/\/api.w.org\/{rel}","templated":true}]}}