{"id":30013,"date":"2026-02-25T10:22:48","date_gmt":"2026-02-25T08:22:48","guid":{"rendered":"https:\/\/tint.lt\/shop\/?post_type=product&#038;p=30013"},"modified":"2026-05-05T22:52:02","modified_gmt":"2026-05-05T19:52:02","slug":"3m-braukle-dazniausiai-naudojama-langu-tamsinimo-pleveles-klijavimui","status":"publish","type":"product","link":"https:\/\/tint.lt\/shop\/preke\/3m-braukle-dazniausiai-naudojama-langu-tamsinimo-pleveles-klijavimui\/","title":{"rendered":"3M- braukl\u0117 lang\u0173 tamsinimo pl\u0117vel\u0117s klijavimui"},"content":{"rendered":"\t\t<div data-elementor-type=\"wp-post\" data-elementor-id=\"30013\" class=\"elementor elementor-30013\">\n\t\t\t\t<div class=\"wd-negative-gap elementor-element elementor-element-e59b2a0 e-flex e-con-boxed e-con e-parent\" data-id=\"e59b2a0\" data-element_type=\"container\" data-e-type=\"container\">\n\t\t\t\t\t<div class=\"e-con-inner\">\n\t\t\t\t<div class=\"elementor-element elementor-element-67a7beb elementor-widget elementor-widget-wd_text_block\" data-id=\"67a7beb\" data-element_type=\"widget\" data-e-type=\"widget\" data-widget_type=\"wd_text_block.default\">\n\t\t\t\t<div class=\"elementor-widget-container\">\n\t\t\t\t\t\t\t<div class=\"wd-text-block reset-last-child text-left\">\n\t\t\t\n\t\t\t<p>Auk\u0161tos kokyb\u0117s 3M Gold mentel\u0117, skirta pl\u0117veli\u0173 (lang\u0173, automobili\u0173, lipduk\u0173) klijavimui. Tai vienas populiariausi\u0173 ir patikimiausi\u0173 \u012franki\u0173 rinkoje \u2013 tvirta, ilgaam\u017e\u0117 ir beveik nenusid\u0117vinti. U\u017etikrina tolyg\u0173 prispaudim\u0105, padeda pa\u0161alinti oro burbulus ir dr\u0117gm\u0119, nepa\u017eeid\u017eiant pavir\u0161iaus.<\/p>\n\t\t\t\t\t<\/div>\n\t\t\t\t\t\t<\/div>\n\t\t\t\t<\/div>\n\t\t\t\t\t<\/div>\n\t\t\t\t<\/div>\n\t\t\t\t<\/div>\n\t\t","protected":false},"excerpt":{"rendered":"<p>Auk\u0161tos kokyb\u0117s 3M Gold mentel\u0117, skirta pl\u0117veli\u0173 (lang\u0173, automobili\u0173, lipduk\u0173) klijavimui. Tai vienas populiariausi\u0173 ir patikimiausi\u0173 \u012franki\u0173 rinkoje \u2013 tvirta,<\/p>\n","protected":false},"featured_media":30014,"comment_status":"open","ping_status":"closed","template":"","meta":{"_acf_changed":false},"product_brand":[112],"product_cat":[119,90],"product_tag":[],"class_list":{"0":"post-30013","1":"product","2":"type-product","3":"status-publish","4":"has-post-thumbnail","6":"product_brand-3m","7":"product_cat-braukles","8":"product_cat-irankiai-ir-priemones-pleveliu-klijavimui","10":"first","11":"instock","12":"taxable","13":"shipping-taxable","14":"purchasable","15":"product-type-simple"},"acf":[],"yoast_head":"<!-- This site is optimized with the Yoast SEO plugin v27.5 - https:\/\/yoast.com\/product\/yoast-seo-wordpress\/ -->\n<title>3M- braukl\u0117 lang\u0173 tamsinimo pl\u0117vel\u0117s klijavimui - Tint<\/title>\n<meta name=\"robots\" content=\"index, follow, max-snippet:-1, max-image-preview:large, max-video-preview:-1\" \/>\n<link rel=\"canonical\" href=\"https:\/\/tint.lt\/shop\/preke\/3m-braukle-dazniausiai-naudojama-langu-tamsinimo-pleveles-klijavimui\/\" \/>\n<meta property=\"og:locale\" content=\"lt_LT\" \/>\n<meta property=\"og:type\" content=\"article\" \/>\n<meta property=\"og:title\" content=\"3M- braukl\u0117 lang\u0173 tamsinimo pl\u0117vel\u0117s klijavimui - Tint\" \/>\n<meta property=\"og:description\" content=\"Auk\u0161tos kokyb\u0117s 3M Gold mentel\u0117, skirta pl\u0117veli\u0173 (lang\u0173, automobili\u0173, lipduk\u0173) klijavimui. Tai vienas populiariausi\u0173 ir patikimiausi\u0173 \u012franki\u0173 rinkoje \u2013 tvirta,\" \/>\n<meta property=\"og:url\" content=\"https:\/\/tint.lt\/shop\/preke\/3m-braukle-dazniausiai-naudojama-langu-tamsinimo-pleveles-klijavimui\/\" \/>\n<meta property=\"og:site_name\" content=\"Tint\" \/>\n<meta property=\"article:modified_time\" content=\"2026-05-05T19:52:02+00:00\" \/>\n<meta property=\"og:image\" content=\"https:\/\/tint.lt\/shop\/wp-content\/uploads\/2026\/02\/3M-Braukle-150-3MPA.jpg\" \/>\n\t<meta property=\"og:image:width\" content=\"900\" \/>\n\t<meta property=\"og:image:height\" content=\"900\" \/>\n\t<meta property=\"og:image:type\" content=\"image\/jpeg\" \/>\n<meta name=\"twitter:card\" content=\"summary_large_image\" \/>\n<script type=\"application\/ld+json\" class=\"yoast-schema-graph\">{\"@context\":\"https:\\\/\\\/schema.org\",\"@graph\":[{\"@type\":\"WebPage\",\"@id\":\"https:\\\/\\\/tint.lt\\\/shop\\\/preke\\\/3m-braukle-dazniausiai-naudojama-langu-tamsinimo-pleveles-klijavimui\\\/\",\"url\":\"https:\\\/\\\/tint.lt\\\/shop\\\/preke\\\/3m-braukle-dazniausiai-naudojama-langu-tamsinimo-pleveles-klijavimui\\\/\",\"name\":\"3M- braukl\u0117 lang\u0173 tamsinimo pl\u0117vel\u0117s klijavimui - Tint\",\"isPartOf\":{\"@id\":\"https:\\\/\\\/tint.lt\\\/shop\\\/#website\"},\"primaryImageOfPage\":{\"@id\":\"https:\\\/\\\/tint.lt\\\/shop\\\/preke\\\/3m-braukle-dazniausiai-naudojama-langu-tamsinimo-pleveles-klijavimui\\\/#primaryimage\"},\"image\":{\"@id\":\"https:\\\/\\\/tint.lt\\\/shop\\\/preke\\\/3m-braukle-dazniausiai-naudojama-langu-tamsinimo-pleveles-klijavimui\\\/#primaryimage\"},\"thumbnailUrl\":\"https:\\\/\\\/tint.lt\\\/shop\\\/wp-content\\\/uploads\\\/2026\\\/02\\\/3M-Braukle-150-3MPA.jpg\",\"datePublished\":\"2026-02-25T08:22:48+00:00\",\"dateModified\":\"2026-05-05T19:52:02+00:00\",\"breadcrumb\":{\"@id\":\"https:\\\/\\\/tint.lt\\\/shop\\\/preke\\\/3m-braukle-dazniausiai-naudojama-langu-tamsinimo-pleveles-klijavimui\\\/#breadcrumb\"},\"inLanguage\":\"lt-LT\",\"potentialAction\":[{\"@type\":\"ReadAction\",\"target\":[\"https:\\\/\\\/tint.lt\\\/shop\\\/preke\\\/3m-braukle-dazniausiai-naudojama-langu-tamsinimo-pleveles-klijavimui\\\/\"]}]},{\"@type\":\"ImageObject\",\"inLanguage\":\"lt-LT\",\"@id\":\"https:\\\/\\\/tint.lt\\\/shop\\\/preke\\\/3m-braukle-dazniausiai-naudojama-langu-tamsinimo-pleveles-klijavimui\\\/#primaryimage\",\"url\":\"https:\\\/\\\/tint.lt\\\/shop\\\/wp-content\\\/uploads\\\/2026\\\/02\\\/3M-Braukle-150-3MPA.jpg\",\"contentUrl\":\"https:\\\/\\\/tint.lt\\\/shop\\\/wp-content\\\/uploads\\\/2026\\\/02\\\/3M-Braukle-150-3MPA.jpg\",\"width\":900,\"height\":900,\"caption\":\"3M Braukle\"},{\"@type\":\"BreadcrumbList\",\"@id\":\"https:\\\/\\\/tint.lt\\\/shop\\\/preke\\\/3m-braukle-dazniausiai-naudojama-langu-tamsinimo-pleveles-klijavimui\\\/#breadcrumb\",\"itemListElement\":[{\"@type\":\"ListItem\",\"position\":1,\"name\":\"Home\",\"item\":\"https:\\\/\\\/tint.lt\\\/shop\\\/\"},{\"@type\":\"ListItem\",\"position\":2,\"name\":\"Parduotuv\u0117\",\"item\":\"https:\\\/\\\/tint.lt\\\/shop\\\/produktai\\\/\"},{\"@type\":\"ListItem\",\"position\":3,\"name\":\"3M- braukl\u0117 lang\u0173 tamsinimo pl\u0117vel\u0117s klijavimui\"}]},{\"@type\":\"WebSite\",\"@id\":\"https:\\\/\\\/tint.lt\\\/shop\\\/#website\",\"url\":\"https:\\\/\\\/tint.lt\\\/shop\\\/\",\"name\":\"Tint.lt\",\"description\":\"El. parduotuv\u0117\",\"publisher\":{\"@id\":\"https:\\\/\\\/tint.lt\\\/shop\\\/#organization\"},\"potentialAction\":[{\"@type\":\"SearchAction\",\"target\":{\"@type\":\"EntryPoint\",\"urlTemplate\":\"https:\\\/\\\/tint.lt\\\/shop\\\/?s={search_term_string}\"},\"query-input\":{\"@type\":\"PropertyValueSpecification\",\"valueRequired\":true,\"valueName\":\"search_term_string\"}}],\"inLanguage\":\"lt-LT\"},{\"@type\":\"Organization\",\"@id\":\"https:\\\/\\\/tint.lt\\\/shop\\\/#organization\",\"name\":\"Tint.lt\",\"url\":\"https:\\\/\\\/tint.lt\\\/shop\\\/\",\"logo\":{\"@type\":\"ImageObject\",\"inLanguage\":\"lt-LT\",\"@id\":\"https:\\\/\\\/tint.lt\\\/shop\\\/#\\\/schema\\\/logo\\\/image\\\/\",\"url\":\"https:\\\/\\\/tint.lt\\\/shop\\\/wp-content\\\/uploads\\\/2026\\\/02\\\/TINT_lipnios_pleveles_profesionalams_grey.png\",\"contentUrl\":\"https:\\\/\\\/tint.lt\\\/shop\\\/wp-content\\\/uploads\\\/2026\\\/02\\\/TINT_lipnios_pleveles_profesionalams_grey.png\",\"width\":1265,\"height\":460,\"caption\":\"Tint.lt\"},\"image\":{\"@id\":\"https:\\\/\\\/tint.lt\\\/shop\\\/#\\\/schema\\\/logo\\\/image\\\/\"}}]}<\/script>\n<!-- \/ Yoast SEO plugin. -->","yoast_head_json":{"title":"3M- braukl\u0117 lang\u0173 tamsinimo pl\u0117vel\u0117s klijavimui - Tint","robots":{"index":"index","follow":"follow","max-snippet":"max-snippet:-1","max-image-preview":"max-image-preview:large","max-video-preview":"max-video-preview:-1"},"canonical":"https:\/\/tint.lt\/shop\/preke\/3m-braukle-dazniausiai-naudojama-langu-tamsinimo-pleveles-klijavimui\/","og_locale":"lt_LT","og_type":"article","og_title":"3M- braukl\u0117 lang\u0173 tamsinimo pl\u0117vel\u0117s klijavimui - Tint","og_description":"Auk\u0161tos kokyb\u0117s 3M Gold mentel\u0117, skirta pl\u0117veli\u0173 (lang\u0173, automobili\u0173, lipduk\u0173) klijavimui. Tai vienas populiariausi\u0173 ir patikimiausi\u0173 \u012franki\u0173 rinkoje \u2013 tvirta,","og_url":"https:\/\/tint.lt\/shop\/preke\/3m-braukle-dazniausiai-naudojama-langu-tamsinimo-pleveles-klijavimui\/","og_site_name":"Tint","article_modified_time":"2026-05-05T19:52:02+00:00","og_image":[{"width":900,"height":900,"url":"https:\/\/tint.lt\/shop\/wp-content\/uploads\/2026\/02\/3M-Braukle-150-3MPA.jpg","type":"image\/jpeg"}],"twitter_card":"summary_large_image","schema":{"@context":"https:\/\/schema.org","@graph":[{"@type":"WebPage","@id":"https:\/\/tint.lt\/shop\/preke\/3m-braukle-dazniausiai-naudojama-langu-tamsinimo-pleveles-klijavimui\/","url":"https:\/\/tint.lt\/shop\/preke\/3m-braukle-dazniausiai-naudojama-langu-tamsinimo-pleveles-klijavimui\/","name":"3M- braukl\u0117 lang\u0173 tamsinimo pl\u0117vel\u0117s klijavimui - Tint","isPartOf":{"@id":"https:\/\/tint.lt\/shop\/#website"},"primaryImageOfPage":{"@id":"https:\/\/tint.lt\/shop\/preke\/3m-braukle-dazniausiai-naudojama-langu-tamsinimo-pleveles-klijavimui\/#primaryimage"},"image":{"@id":"https:\/\/tint.lt\/shop\/preke\/3m-braukle-dazniausiai-naudojama-langu-tamsinimo-pleveles-klijavimui\/#primaryimage"},"thumbnailUrl":"https:\/\/tint.lt\/shop\/wp-content\/uploads\/2026\/02\/3M-Braukle-150-3MPA.jpg","datePublished":"2026-02-25T08:22:48+00:00","dateModified":"2026-05-05T19:52:02+00:00","breadcrumb":{"@id":"https:\/\/tint.lt\/shop\/preke\/3m-braukle-dazniausiai-naudojama-langu-tamsinimo-pleveles-klijavimui\/#breadcrumb"},"inLanguage":"lt-LT","potentialAction":[{"@type":"ReadAction","target":["https:\/\/tint.lt\/shop\/preke\/3m-braukle-dazniausiai-naudojama-langu-tamsinimo-pleveles-klijavimui\/"]}]},{"@type":"ImageObject","inLanguage":"lt-LT","@id":"https:\/\/tint.lt\/shop\/preke\/3m-braukle-dazniausiai-naudojama-langu-tamsinimo-pleveles-klijavimui\/#primaryimage","url":"https:\/\/tint.lt\/shop\/wp-content\/uploads\/2026\/02\/3M-Braukle-150-3MPA.jpg","contentUrl":"https:\/\/tint.lt\/shop\/wp-content\/uploads\/2026\/02\/3M-Braukle-150-3MPA.jpg","width":900,"height":900,"caption":"3M Braukle"},{"@type":"BreadcrumbList","@id":"https:\/\/tint.lt\/shop\/preke\/3m-braukle-dazniausiai-naudojama-langu-tamsinimo-pleveles-klijavimui\/#breadcrumb","itemListElement":[{"@type":"ListItem","position":1,"name":"Home","item":"https:\/\/tint.lt\/shop\/"},{"@type":"ListItem","position":2,"name":"Parduotuv\u0117","item":"https:\/\/tint.lt\/shop\/produktai\/"},{"@type":"ListItem","position":3,"name":"3M- braukl\u0117 lang\u0173 tamsinimo pl\u0117vel\u0117s klijavimui"}]},{"@type":"WebSite","@id":"https:\/\/tint.lt\/shop\/#website","url":"https:\/\/tint.lt\/shop\/","name":"Tint.lt","description":"El. parduotuv\u0117","publisher":{"@id":"https:\/\/tint.lt\/shop\/#organization"},"potentialAction":[{"@type":"SearchAction","target":{"@type":"EntryPoint","urlTemplate":"https:\/\/tint.lt\/shop\/?s={search_term_string}"},"query-input":{"@type":"PropertyValueSpecification","valueRequired":true,"valueName":"search_term_string"}}],"inLanguage":"lt-LT"},{"@type":"Organization","@id":"https:\/\/tint.lt\/shop\/#organization","name":"Tint.lt","url":"https:\/\/tint.lt\/shop\/","logo":{"@type":"ImageObject","inLanguage":"lt-LT","@id":"https:\/\/tint.lt\/shop\/#\/schema\/logo\/image\/","url":"https:\/\/tint.lt\/shop\/wp-content\/uploads\/2026\/02\/TINT_lipnios_pleveles_profesionalams_grey.png","contentUrl":"https:\/\/tint.lt\/shop\/wp-content\/uploads\/2026\/02\/TINT_lipnios_pleveles_profesionalams_grey.png","width":1265,"height":460,"caption":"Tint.lt"},"image":{"@id":"https:\/\/tint.lt\/shop\/#\/schema\/logo\/image\/"}}]}},"_links":{"self":[{"href":"https:\/\/tint.lt\/shop\/wp-json\/wp\/v2\/product\/30013","targetHints":{"allow":["GET"]}}],"collection":[{"href":"https:\/\/tint.lt\/shop\/wp-json\/wp\/v2\/product"}],"about":[{"href":"https:\/\/tint.lt\/shop\/wp-json\/wp\/v2\/types\/product"}],"replies":[{"embeddable":true,"href":"https:\/\/tint.lt\/shop\/wp-json\/wp\/v2\/comments?post=30013"}],"version-history":[{"count":5,"href":"https:\/\/tint.lt\/shop\/wp-json\/wp\/v2\/product\/30013\/revisions"}],"predecessor-version":[{"id":30340,"href":"https:\/\/tint.lt\/shop\/wp-json\/wp\/v2\/product\/30013\/revisions\/30340"}],"wp:featuredmedia":[{"embeddable":true,"href":"https:\/\/tint.lt\/shop\/wp-json\/wp\/v2\/media\/30014"}],"wp:attachment":[{"href":"https:\/\/tint.lt\/shop\/wp-json\/wp\/v2\/media?parent=30013"}],"wp:term":[{"taxonomy":"product_brand","embeddable":true,"href":"https:\/\/tint.lt\/shop\/wp-json\/wp\/v2\/product_brand?post=30013"},{"taxonomy":"product_cat","embeddable":true,"href":"https:\/\/tint.lt\/shop\/wp-json\/wp\/v2\/product_cat?post=30013"},{"taxonomy":"product_tag","embeddable":true,"href":"https:\/\/tint.lt\/shop\/wp-json\/wp\/v2\/product_tag?post=30013"}],"curies":[{"name":"wp","href":"https:\/\/api.w.org\/{rel}","templated":true}]}}