{"id":30019,"date":"2026-02-25T10:34:47","date_gmt":"2026-02-25T08:34:47","guid":{"rendered":"https:\/\/tint.lt\/shop\/?post_type=product&#038;p=30019"},"modified":"2026-05-15T03:00:16","modified_gmt":"2026-05-15T00:00:16","slug":"sott-kliju-ir-lipduku-salinimo-trintukas","status":"publish","type":"product","link":"https:\/\/tint.lt\/shop\/preke\/sott-kliju-ir-lipduku-salinimo-trintukas\/","title":{"rendered":"SOTT- Klij\u0173 ir lipduk\u0173 \u0161alinimo trintukas"},"content":{"rendered":"\t\t<div data-elementor-type=\"wp-post\" data-elementor-id=\"30019\" class=\"elementor elementor-30019\">\n\t\t\t\t<div class=\"wd-negative-gap elementor-element elementor-element-5b020a6 e-flex e-con-boxed e-con e-parent\" data-id=\"5b020a6\" data-element_type=\"container\" data-e-type=\"container\">\n\t\t\t\t\t<div class=\"e-con-inner\">\n\t\t\t\t<div class=\"elementor-element elementor-element-f73abfc elementor-widget elementor-widget-wd_text_block\" data-id=\"f73abfc\" data-element_type=\"widget\" data-e-type=\"widget\" data-widget_type=\"wd_text_block.default\">\n\t\t\t\t<div class=\"elementor-widget-container\">\n\t\t\t\t\t\t\t<div class=\"wd-text-block reset-last-child text-left\">\n\t\t\t\n\t\t\t<p>Skirtas saugiam klij\u0173, lipduk\u0173 ir dvipus\u0117s juostos liku\u010di\u0173 \u0161alinimui nuo stiklo, da\u017eyt\u0173 ir metalini\u0173 pavir\u0161i\u0173. Naudojamas su akumuliatoriniu ar elektriniu suktuku, nepa\u017eeid\u017eia pavir\u0161iaus ir nepalieka \u012fbr\u0117\u017eim\u0173.<\/p><ul><li>Rekomenduojamas sukimo greitis- 4000 ;<\/li><li>Nerekomenduojama naudoti ant \u0161vie\u017eiai da\u017eyt\u0173 pavir\u0161i\u0173.<\/li><\/ul>\n\t\t\t\t\t<\/div>\n\t\t\t\t\t\t<\/div>\n\t\t\t\t<\/div>\n\t\t\t\t\t<\/div>\n\t\t\t\t<\/div>\n\t\t\t\t<\/div>\n\t\t","protected":false},"excerpt":{"rendered":"<p>Skirtas saugiam klij\u0173, lipduk\u0173 ir dvipus\u0117s juostos liku\u010di\u0173 \u0161alinimui nuo stiklo, da\u017eyt\u0173 ir metalini\u0173 pavir\u0161i\u0173. Naudojamas su akumuliatoriniu ar elektriniu<\/p>\n","protected":false},"featured_media":30021,"comment_status":"open","ping_status":"closed","template":"","meta":{"_acf_changed":false},"product_brand":[98],"product_cat":[90,118],"product_tag":[],"class_list":{"0":"post-30019","1":"product","2":"type-product","3":"status-publish","4":"has-post-thumbnail","6":"product_brand-sott","7":"product_cat-irankiai-ir-priemones-pleveliu-klijavimui","8":"product_cat-skysciai-ir-valymo-priemones","10":"first","11":"instock","12":"taxable","13":"shipping-taxable","14":"purchasable","15":"product-type-simple"},"acf":[],"yoast_head":"<!-- This site is optimized with the Yoast SEO plugin v27.5 - https:\/\/yoast.com\/product\/yoast-seo-wordpress\/ -->\n<title>SOTT- Klij\u0173 ir lipduk\u0173 \u0161alinimo trintukas - Tint<\/title>\n<meta name=\"robots\" content=\"index, follow, max-snippet:-1, max-image-preview:large, max-video-preview:-1\" \/>\n<link rel=\"canonical\" href=\"https:\/\/tint.lt\/shop\/preke\/sott-kliju-ir-lipduku-salinimo-trintukas\/\" \/>\n<meta property=\"og:locale\" content=\"lt_LT\" \/>\n<meta property=\"og:type\" content=\"article\" \/>\n<meta property=\"og:title\" content=\"SOTT- Klij\u0173 ir lipduk\u0173 \u0161alinimo trintukas - Tint\" \/>\n<meta property=\"og:description\" content=\"Skirtas saugiam klij\u0173, lipduk\u0173 ir dvipus\u0117s juostos liku\u010di\u0173 \u0161alinimui nuo stiklo, da\u017eyt\u0173 ir metalini\u0173 pavir\u0161i\u0173. Naudojamas su akumuliatoriniu ar elektriniu\" \/>\n<meta property=\"og:url\" content=\"https:\/\/tint.lt\/shop\/preke\/sott-kliju-ir-lipduku-salinimo-trintukas\/\" \/>\n<meta property=\"og:site_name\" content=\"Tint\" \/>\n<meta property=\"article:modified_time\" content=\"2026-05-15T00:00:16+00:00\" \/>\n<meta property=\"og:image\" content=\"https:\/\/tint.lt\/shop\/wp-content\/uploads\/2026\/02\/Kliju-ir-lipduku-salinimo-trintukas-300-010.jpg\" \/>\n\t<meta property=\"og:image:width\" content=\"892\" \/>\n\t<meta property=\"og:image:height\" content=\"892\" \/>\n\t<meta property=\"og:image:type\" content=\"image\/jpeg\" \/>\n<meta name=\"twitter:card\" content=\"summary_large_image\" \/>\n<script type=\"application\/ld+json\" class=\"yoast-schema-graph\">{\"@context\":\"https:\\\/\\\/schema.org\",\"@graph\":[{\"@type\":\"WebPage\",\"@id\":\"https:\\\/\\\/tint.lt\\\/shop\\\/preke\\\/sott-kliju-ir-lipduku-salinimo-trintukas\\\/\",\"url\":\"https:\\\/\\\/tint.lt\\\/shop\\\/preke\\\/sott-kliju-ir-lipduku-salinimo-trintukas\\\/\",\"name\":\"SOTT- Klij\u0173 ir lipduk\u0173 \u0161alinimo trintukas - Tint\",\"isPartOf\":{\"@id\":\"https:\\\/\\\/tint.lt\\\/shop\\\/#website\"},\"primaryImageOfPage\":{\"@id\":\"https:\\\/\\\/tint.lt\\\/shop\\\/preke\\\/sott-kliju-ir-lipduku-salinimo-trintukas\\\/#primaryimage\"},\"image\":{\"@id\":\"https:\\\/\\\/tint.lt\\\/shop\\\/preke\\\/sott-kliju-ir-lipduku-salinimo-trintukas\\\/#primaryimage\"},\"thumbnailUrl\":\"https:\\\/\\\/tint.lt\\\/shop\\\/wp-content\\\/uploads\\\/2026\\\/02\\\/Kliju-ir-lipduku-salinimo-trintukas-300-010.jpg\",\"datePublished\":\"2026-02-25T08:34:47+00:00\",\"dateModified\":\"2026-05-15T00:00:16+00:00\",\"breadcrumb\":{\"@id\":\"https:\\\/\\\/tint.lt\\\/shop\\\/preke\\\/sott-kliju-ir-lipduku-salinimo-trintukas\\\/#breadcrumb\"},\"inLanguage\":\"lt-LT\",\"potentialAction\":[{\"@type\":\"ReadAction\",\"target\":[\"https:\\\/\\\/tint.lt\\\/shop\\\/preke\\\/sott-kliju-ir-lipduku-salinimo-trintukas\\\/\"]}]},{\"@type\":\"ImageObject\",\"inLanguage\":\"lt-LT\",\"@id\":\"https:\\\/\\\/tint.lt\\\/shop\\\/preke\\\/sott-kliju-ir-lipduku-salinimo-trintukas\\\/#primaryimage\",\"url\":\"https:\\\/\\\/tint.lt\\\/shop\\\/wp-content\\\/uploads\\\/2026\\\/02\\\/Kliju-ir-lipduku-salinimo-trintukas-300-010.jpg\",\"contentUrl\":\"https:\\\/\\\/tint.lt\\\/shop\\\/wp-content\\\/uploads\\\/2026\\\/02\\\/Kliju-ir-lipduku-salinimo-trintukas-300-010.jpg\",\"width\":892,\"height\":892,\"caption\":\"Kliju ir lipduku salinimo trintukas\"},{\"@type\":\"BreadcrumbList\",\"@id\":\"https:\\\/\\\/tint.lt\\\/shop\\\/preke\\\/sott-kliju-ir-lipduku-salinimo-trintukas\\\/#breadcrumb\",\"itemListElement\":[{\"@type\":\"ListItem\",\"position\":1,\"name\":\"Home\",\"item\":\"https:\\\/\\\/tint.lt\\\/shop\\\/\"},{\"@type\":\"ListItem\",\"position\":2,\"name\":\"Parduotuv\u0117\",\"item\":\"https:\\\/\\\/tint.lt\\\/shop\\\/produktai\\\/\"},{\"@type\":\"ListItem\",\"position\":3,\"name\":\"SOTT- Klij\u0173 ir lipduk\u0173 \u0161alinimo trintukas\"}]},{\"@type\":\"WebSite\",\"@id\":\"https:\\\/\\\/tint.lt\\\/shop\\\/#website\",\"url\":\"https:\\\/\\\/tint.lt\\\/shop\\\/\",\"name\":\"Tint.lt\",\"description\":\"El. parduotuv\u0117\",\"publisher\":{\"@id\":\"https:\\\/\\\/tint.lt\\\/shop\\\/#organization\"},\"potentialAction\":[{\"@type\":\"SearchAction\",\"target\":{\"@type\":\"EntryPoint\",\"urlTemplate\":\"https:\\\/\\\/tint.lt\\\/shop\\\/?s={search_term_string}\"},\"query-input\":{\"@type\":\"PropertyValueSpecification\",\"valueRequired\":true,\"valueName\":\"search_term_string\"}}],\"inLanguage\":\"lt-LT\"},{\"@type\":\"Organization\",\"@id\":\"https:\\\/\\\/tint.lt\\\/shop\\\/#organization\",\"name\":\"Tint.lt\",\"url\":\"https:\\\/\\\/tint.lt\\\/shop\\\/\",\"logo\":{\"@type\":\"ImageObject\",\"inLanguage\":\"lt-LT\",\"@id\":\"https:\\\/\\\/tint.lt\\\/shop\\\/#\\\/schema\\\/logo\\\/image\\\/\",\"url\":\"https:\\\/\\\/tint.lt\\\/shop\\\/wp-content\\\/uploads\\\/2026\\\/02\\\/TINT_lipnios_pleveles_profesionalams_grey.png\",\"contentUrl\":\"https:\\\/\\\/tint.lt\\\/shop\\\/wp-content\\\/uploads\\\/2026\\\/02\\\/TINT_lipnios_pleveles_profesionalams_grey.png\",\"width\":1265,\"height\":460,\"caption\":\"Tint.lt\"},\"image\":{\"@id\":\"https:\\\/\\\/tint.lt\\\/shop\\\/#\\\/schema\\\/logo\\\/image\\\/\"}}]}<\/script>\n<!-- \/ Yoast SEO plugin. -->","yoast_head_json":{"title":"SOTT- Klij\u0173 ir lipduk\u0173 \u0161alinimo trintukas - Tint","robots":{"index":"index","follow":"follow","max-snippet":"max-snippet:-1","max-image-preview":"max-image-preview:large","max-video-preview":"max-video-preview:-1"},"canonical":"https:\/\/tint.lt\/shop\/preke\/sott-kliju-ir-lipduku-salinimo-trintukas\/","og_locale":"lt_LT","og_type":"article","og_title":"SOTT- Klij\u0173 ir lipduk\u0173 \u0161alinimo trintukas - Tint","og_description":"Skirtas saugiam klij\u0173, lipduk\u0173 ir dvipus\u0117s juostos liku\u010di\u0173 \u0161alinimui nuo stiklo, da\u017eyt\u0173 ir metalini\u0173 pavir\u0161i\u0173. Naudojamas su akumuliatoriniu ar elektriniu","og_url":"https:\/\/tint.lt\/shop\/preke\/sott-kliju-ir-lipduku-salinimo-trintukas\/","og_site_name":"Tint","article_modified_time":"2026-05-15T00:00:16+00:00","og_image":[{"width":892,"height":892,"url":"https:\/\/tint.lt\/shop\/wp-content\/uploads\/2026\/02\/Kliju-ir-lipduku-salinimo-trintukas-300-010.jpg","type":"image\/jpeg"}],"twitter_card":"summary_large_image","schema":{"@context":"https:\/\/schema.org","@graph":[{"@type":"WebPage","@id":"https:\/\/tint.lt\/shop\/preke\/sott-kliju-ir-lipduku-salinimo-trintukas\/","url":"https:\/\/tint.lt\/shop\/preke\/sott-kliju-ir-lipduku-salinimo-trintukas\/","name":"SOTT- Klij\u0173 ir lipduk\u0173 \u0161alinimo trintukas - Tint","isPartOf":{"@id":"https:\/\/tint.lt\/shop\/#website"},"primaryImageOfPage":{"@id":"https:\/\/tint.lt\/shop\/preke\/sott-kliju-ir-lipduku-salinimo-trintukas\/#primaryimage"},"image":{"@id":"https:\/\/tint.lt\/shop\/preke\/sott-kliju-ir-lipduku-salinimo-trintukas\/#primaryimage"},"thumbnailUrl":"https:\/\/tint.lt\/shop\/wp-content\/uploads\/2026\/02\/Kliju-ir-lipduku-salinimo-trintukas-300-010.jpg","datePublished":"2026-02-25T08:34:47+00:00","dateModified":"2026-05-15T00:00:16+00:00","breadcrumb":{"@id":"https:\/\/tint.lt\/shop\/preke\/sott-kliju-ir-lipduku-salinimo-trintukas\/#breadcrumb"},"inLanguage":"lt-LT","potentialAction":[{"@type":"ReadAction","target":["https:\/\/tint.lt\/shop\/preke\/sott-kliju-ir-lipduku-salinimo-trintukas\/"]}]},{"@type":"ImageObject","inLanguage":"lt-LT","@id":"https:\/\/tint.lt\/shop\/preke\/sott-kliju-ir-lipduku-salinimo-trintukas\/#primaryimage","url":"https:\/\/tint.lt\/shop\/wp-content\/uploads\/2026\/02\/Kliju-ir-lipduku-salinimo-trintukas-300-010.jpg","contentUrl":"https:\/\/tint.lt\/shop\/wp-content\/uploads\/2026\/02\/Kliju-ir-lipduku-salinimo-trintukas-300-010.jpg","width":892,"height":892,"caption":"Kliju ir lipduku salinimo trintukas"},{"@type":"BreadcrumbList","@id":"https:\/\/tint.lt\/shop\/preke\/sott-kliju-ir-lipduku-salinimo-trintukas\/#breadcrumb","itemListElement":[{"@type":"ListItem","position":1,"name":"Home","item":"https:\/\/tint.lt\/shop\/"},{"@type":"ListItem","position":2,"name":"Parduotuv\u0117","item":"https:\/\/tint.lt\/shop\/produktai\/"},{"@type":"ListItem","position":3,"name":"SOTT- Klij\u0173 ir lipduk\u0173 \u0161alinimo trintukas"}]},{"@type":"WebSite","@id":"https:\/\/tint.lt\/shop\/#website","url":"https:\/\/tint.lt\/shop\/","name":"Tint.lt","description":"El. parduotuv\u0117","publisher":{"@id":"https:\/\/tint.lt\/shop\/#organization"},"potentialAction":[{"@type":"SearchAction","target":{"@type":"EntryPoint","urlTemplate":"https:\/\/tint.lt\/shop\/?s={search_term_string}"},"query-input":{"@type":"PropertyValueSpecification","valueRequired":true,"valueName":"search_term_string"}}],"inLanguage":"lt-LT"},{"@type":"Organization","@id":"https:\/\/tint.lt\/shop\/#organization","name":"Tint.lt","url":"https:\/\/tint.lt\/shop\/","logo":{"@type":"ImageObject","inLanguage":"lt-LT","@id":"https:\/\/tint.lt\/shop\/#\/schema\/logo\/image\/","url":"https:\/\/tint.lt\/shop\/wp-content\/uploads\/2026\/02\/TINT_lipnios_pleveles_profesionalams_grey.png","contentUrl":"https:\/\/tint.lt\/shop\/wp-content\/uploads\/2026\/02\/TINT_lipnios_pleveles_profesionalams_grey.png","width":1265,"height":460,"caption":"Tint.lt"},"image":{"@id":"https:\/\/tint.lt\/shop\/#\/schema\/logo\/image\/"}}]}},"_links":{"self":[{"href":"https:\/\/tint.lt\/shop\/wp-json\/wp\/v2\/product\/30019","targetHints":{"allow":["GET"]}}],"collection":[{"href":"https:\/\/tint.lt\/shop\/wp-json\/wp\/v2\/product"}],"about":[{"href":"https:\/\/tint.lt\/shop\/wp-json\/wp\/v2\/types\/product"}],"replies":[{"embeddable":true,"href":"https:\/\/tint.lt\/shop\/wp-json\/wp\/v2\/comments?post=30019"}],"version-history":[{"count":6,"href":"https:\/\/tint.lt\/shop\/wp-json\/wp\/v2\/product\/30019\/revisions"}],"predecessor-version":[{"id":30764,"href":"https:\/\/tint.lt\/shop\/wp-json\/wp\/v2\/product\/30019\/revisions\/30764"}],"wp:featuredmedia":[{"embeddable":true,"href":"https:\/\/tint.lt\/shop\/wp-json\/wp\/v2\/media\/30021"}],"wp:attachment":[{"href":"https:\/\/tint.lt\/shop\/wp-json\/wp\/v2\/media?parent=30019"}],"wp:term":[{"taxonomy":"product_brand","embeddable":true,"href":"https:\/\/tint.lt\/shop\/wp-json\/wp\/v2\/product_brand?post=30019"},{"taxonomy":"product_cat","embeddable":true,"href":"https:\/\/tint.lt\/shop\/wp-json\/wp\/v2\/product_cat?post=30019"},{"taxonomy":"product_tag","embeddable":true,"href":"https:\/\/tint.lt\/shop\/wp-json\/wp\/v2\/product_tag?post=30019"}],"curies":[{"name":"wp","href":"https:\/\/api.w.org\/{rel}","templated":true}]}}