{"id":30094,"date":"2026-02-25T11:59:29","date_gmt":"2026-02-25T09:59:29","guid":{"rendered":"https:\/\/tint.lt\/shop\/?post_type=product&#038;p=30094"},"modified":"2026-05-15T03:00:15","modified_gmt":"2026-05-15T00:00:15","slug":"pleveles-klijavimo-irankis-pleveles-krastu-prispaudimui-tarpuose-ir-prie-briaunu","status":"publish","type":"product","link":"https:\/\/tint.lt\/shop\/preke\/pleveles-klijavimo-irankis-pleveles-krastu-prispaudimui-tarpuose-ir-prie-briaunu\/","title":{"rendered":"Pl\u0117vel\u0117s klijavimo \u012frankis, pl\u0117vel\u0117s kra\u0161t\u0173 prispaudimui tarpuose ir prie briaun\u0173"},"content":{"rendered":"\t\t<div data-elementor-type=\"wp-post\" data-elementor-id=\"30094\" class=\"elementor elementor-30094\">\n\t\t\t\t<div class=\"wd-negative-gap elementor-element elementor-element-033fa44 e-flex e-con-boxed e-con e-parent\" data-id=\"033fa44\" data-element_type=\"container\" data-e-type=\"container\">\n\t\t\t\t\t<div class=\"e-con-inner\">\n\t\t\t\t<div class=\"elementor-element elementor-element-8929add elementor-widget elementor-widget-wd_text_block\" data-id=\"8929add\" data-element_type=\"widget\" data-e-type=\"widget\" data-widget_type=\"wd_text_block.default\">\n\t\t\t\t<div class=\"elementor-widget-container\">\n\t\t\t\t\t\t\t<div class=\"wd-text-block reset-last-child text-left\">\n\t\t\t\n\t\t\t<p>Kompakti\u0161kas ir patogus \u012frankis, skirtas pl\u0117vel\u0117s kra\u0161t\u0173 formavimui ir u\u017ebaigimui. Puikiai tinka automobili\u0173 apklijavimo spalvos keitimo pl\u0117vele, reklamin\u0117s ar apsaugin\u0117s pl\u0117vel\u0117s darbams. \u012erankis leid\u017eia tiksliai prispausti pl\u0117vel\u0119 prie kra\u0161t\u0173, tarp\u0173 ir sunkiai pasiekiam\u0173 viet\u0173, nepa\u017eeid\u017eiant pavir\u0161iaus ir nepaliekant \u012fbr\u0117\u017eim\u0173.<\/p>\n\t\t\t\t\t<\/div>\n\t\t\t\t\t\t<\/div>\n\t\t\t\t<\/div>\n\t\t\t\t\t<\/div>\n\t\t\t\t<\/div>\n\t\t\t\t<\/div>\n\t\t","protected":false},"excerpt":{"rendered":"<p>Kompakti\u0161kas ir patogus \u012frankis, skirtas pl\u0117vel\u0117s kra\u0161t\u0173 formavimui ir u\u017ebaigimui. Puikiai tinka automobili\u0173 apklijavimo spalvos keitimo pl\u0117vele, reklamin\u0117s ar apsaugin\u0117s<\/p>\n","protected":false},"featured_media":30095,"comment_status":"open","ping_status":"closed","template":"","meta":{"_acf_changed":false},"product_brand":[],"product_cat":[90,121],"product_tag":[],"class_list":{"0":"post-30094","1":"product","2":"type-product","3":"status-publish","4":"has-post-thumbnail","6":"product_cat-irankiai-ir-priemones-pleveliu-klijavimui","7":"product_cat-kiti-pagalbiniai-irankiai","9":"first","10":"instock","11":"taxable","12":"shipping-taxable","13":"purchasable","14":"product-type-simple"},"acf":[],"yoast_head":"<!-- This site is optimized with the Yoast SEO plugin v27.5 - https:\/\/yoast.com\/product\/yoast-seo-wordpress\/ -->\n<title>Pl\u0117vel\u0117s klijavimo \u012frankis, pl\u0117vel\u0117s kra\u0161t\u0173 prispaudimui tarpuose ir prie briaun\u0173 - Tint<\/title>\n<meta name=\"robots\" content=\"index, follow, max-snippet:-1, max-image-preview:large, max-video-preview:-1\" \/>\n<link rel=\"canonical\" href=\"https:\/\/tint.lt\/shop\/preke\/pleveles-klijavimo-irankis-pleveles-krastu-prispaudimui-tarpuose-ir-prie-briaunu\/\" \/>\n<meta property=\"og:locale\" content=\"lt_LT\" \/>\n<meta property=\"og:type\" content=\"article\" \/>\n<meta property=\"og:title\" content=\"Pl\u0117vel\u0117s klijavimo \u012frankis, pl\u0117vel\u0117s kra\u0161t\u0173 prispaudimui tarpuose ir prie briaun\u0173 - Tint\" \/>\n<meta property=\"og:description\" content=\"Kompakti\u0161kas ir patogus \u012frankis, skirtas pl\u0117vel\u0117s kra\u0161t\u0173 formavimui ir u\u017ebaigimui. Puikiai tinka automobili\u0173 apklijavimo spalvos keitimo pl\u0117vele, reklamin\u0117s ar apsaugin\u0117s\" \/>\n<meta property=\"og:url\" content=\"https:\/\/tint.lt\/shop\/preke\/pleveles-klijavimo-irankis-pleveles-krastu-prispaudimui-tarpuose-ir-prie-briaunu\/\" \/>\n<meta property=\"og:site_name\" content=\"Tint\" \/>\n<meta property=\"article:modified_time\" content=\"2026-05-15T00:00:15+00:00\" \/>\n<meta property=\"og:image\" content=\"https:\/\/tint.lt\/shop\/wp-content\/uploads\/2026\/02\/Pleveles-krastu-formavimo-irankis2-HF59-rotated.jpg\" \/>\n\t<meta property=\"og:image:width\" content=\"900\" \/>\n\t<meta property=\"og:image:height\" content=\"900\" \/>\n\t<meta property=\"og:image:type\" content=\"image\/jpeg\" \/>\n<meta name=\"twitter:card\" content=\"summary_large_image\" \/>\n<script type=\"application\/ld+json\" class=\"yoast-schema-graph\">{\"@context\":\"https:\\\/\\\/schema.org\",\"@graph\":[{\"@type\":\"WebPage\",\"@id\":\"https:\\\/\\\/tint.lt\\\/shop\\\/preke\\\/pleveles-klijavimo-irankis-pleveles-krastu-prispaudimui-tarpuose-ir-prie-briaunu\\\/\",\"url\":\"https:\\\/\\\/tint.lt\\\/shop\\\/preke\\\/pleveles-klijavimo-irankis-pleveles-krastu-prispaudimui-tarpuose-ir-prie-briaunu\\\/\",\"name\":\"Pl\u0117vel\u0117s klijavimo \u012frankis, pl\u0117vel\u0117s kra\u0161t\u0173 prispaudimui tarpuose ir prie briaun\u0173 - Tint\",\"isPartOf\":{\"@id\":\"https:\\\/\\\/tint.lt\\\/shop\\\/#website\"},\"primaryImageOfPage\":{\"@id\":\"https:\\\/\\\/tint.lt\\\/shop\\\/preke\\\/pleveles-klijavimo-irankis-pleveles-krastu-prispaudimui-tarpuose-ir-prie-briaunu\\\/#primaryimage\"},\"image\":{\"@id\":\"https:\\\/\\\/tint.lt\\\/shop\\\/preke\\\/pleveles-klijavimo-irankis-pleveles-krastu-prispaudimui-tarpuose-ir-prie-briaunu\\\/#primaryimage\"},\"thumbnailUrl\":\"https:\\\/\\\/tint.lt\\\/shop\\\/wp-content\\\/uploads\\\/2026\\\/02\\\/Pleveles-krastu-formavimo-irankis2-HF59-rotated.jpg\",\"datePublished\":\"2026-02-25T09:59:29+00:00\",\"dateModified\":\"2026-05-15T00:00:15+00:00\",\"breadcrumb\":{\"@id\":\"https:\\\/\\\/tint.lt\\\/shop\\\/preke\\\/pleveles-klijavimo-irankis-pleveles-krastu-prispaudimui-tarpuose-ir-prie-briaunu\\\/#breadcrumb\"},\"inLanguage\":\"lt-LT\",\"potentialAction\":[{\"@type\":\"ReadAction\",\"target\":[\"https:\\\/\\\/tint.lt\\\/shop\\\/preke\\\/pleveles-klijavimo-irankis-pleveles-krastu-prispaudimui-tarpuose-ir-prie-briaunu\\\/\"]}]},{\"@type\":\"ImageObject\",\"inLanguage\":\"lt-LT\",\"@id\":\"https:\\\/\\\/tint.lt\\\/shop\\\/preke\\\/pleveles-klijavimo-irankis-pleveles-krastu-prispaudimui-tarpuose-ir-prie-briaunu\\\/#primaryimage\",\"url\":\"https:\\\/\\\/tint.lt\\\/shop\\\/wp-content\\\/uploads\\\/2026\\\/02\\\/Pleveles-krastu-formavimo-irankis2-HF59-rotated.jpg\",\"contentUrl\":\"https:\\\/\\\/tint.lt\\\/shop\\\/wp-content\\\/uploads\\\/2026\\\/02\\\/Pleveles-krastu-formavimo-irankis2-HF59-rotated.jpg\",\"width\":900,\"height\":900,\"caption\":\"Pleveles krastu formavimo irankis\"},{\"@type\":\"BreadcrumbList\",\"@id\":\"https:\\\/\\\/tint.lt\\\/shop\\\/preke\\\/pleveles-klijavimo-irankis-pleveles-krastu-prispaudimui-tarpuose-ir-prie-briaunu\\\/#breadcrumb\",\"itemListElement\":[{\"@type\":\"ListItem\",\"position\":1,\"name\":\"Home\",\"item\":\"https:\\\/\\\/tint.lt\\\/shop\\\/\"},{\"@type\":\"ListItem\",\"position\":2,\"name\":\"Parduotuv\u0117\",\"item\":\"https:\\\/\\\/tint.lt\\\/shop\\\/produktai\\\/\"},{\"@type\":\"ListItem\",\"position\":3,\"name\":\"Pl\u0117vel\u0117s klijavimo \u012frankis, pl\u0117vel\u0117s kra\u0161t\u0173 prispaudimui tarpuose ir prie briaun\u0173\"}]},{\"@type\":\"WebSite\",\"@id\":\"https:\\\/\\\/tint.lt\\\/shop\\\/#website\",\"url\":\"https:\\\/\\\/tint.lt\\\/shop\\\/\",\"name\":\"Tint.lt\",\"description\":\"El. parduotuv\u0117\",\"publisher\":{\"@id\":\"https:\\\/\\\/tint.lt\\\/shop\\\/#organization\"},\"potentialAction\":[{\"@type\":\"SearchAction\",\"target\":{\"@type\":\"EntryPoint\",\"urlTemplate\":\"https:\\\/\\\/tint.lt\\\/shop\\\/?s={search_term_string}\"},\"query-input\":{\"@type\":\"PropertyValueSpecification\",\"valueRequired\":true,\"valueName\":\"search_term_string\"}}],\"inLanguage\":\"lt-LT\"},{\"@type\":\"Organization\",\"@id\":\"https:\\\/\\\/tint.lt\\\/shop\\\/#organization\",\"name\":\"Tint.lt\",\"url\":\"https:\\\/\\\/tint.lt\\\/shop\\\/\",\"logo\":{\"@type\":\"ImageObject\",\"inLanguage\":\"lt-LT\",\"@id\":\"https:\\\/\\\/tint.lt\\\/shop\\\/#\\\/schema\\\/logo\\\/image\\\/\",\"url\":\"https:\\\/\\\/tint.lt\\\/shop\\\/wp-content\\\/uploads\\\/2026\\\/02\\\/TINT_lipnios_pleveles_profesionalams_grey.png\",\"contentUrl\":\"https:\\\/\\\/tint.lt\\\/shop\\\/wp-content\\\/uploads\\\/2026\\\/02\\\/TINT_lipnios_pleveles_profesionalams_grey.png\",\"width\":1265,\"height\":460,\"caption\":\"Tint.lt\"},\"image\":{\"@id\":\"https:\\\/\\\/tint.lt\\\/shop\\\/#\\\/schema\\\/logo\\\/image\\\/\"}}]}<\/script>\n<!-- \/ Yoast SEO plugin. -->","yoast_head_json":{"title":"Pl\u0117vel\u0117s klijavimo \u012frankis, pl\u0117vel\u0117s kra\u0161t\u0173 prispaudimui tarpuose ir prie briaun\u0173 - Tint","robots":{"index":"index","follow":"follow","max-snippet":"max-snippet:-1","max-image-preview":"max-image-preview:large","max-video-preview":"max-video-preview:-1"},"canonical":"https:\/\/tint.lt\/shop\/preke\/pleveles-klijavimo-irankis-pleveles-krastu-prispaudimui-tarpuose-ir-prie-briaunu\/","og_locale":"lt_LT","og_type":"article","og_title":"Pl\u0117vel\u0117s klijavimo \u012frankis, pl\u0117vel\u0117s kra\u0161t\u0173 prispaudimui tarpuose ir prie briaun\u0173 - Tint","og_description":"Kompakti\u0161kas ir patogus \u012frankis, skirtas pl\u0117vel\u0117s kra\u0161t\u0173 formavimui ir u\u017ebaigimui. Puikiai tinka automobili\u0173 apklijavimo spalvos keitimo pl\u0117vele, reklamin\u0117s ar apsaugin\u0117s","og_url":"https:\/\/tint.lt\/shop\/preke\/pleveles-klijavimo-irankis-pleveles-krastu-prispaudimui-tarpuose-ir-prie-briaunu\/","og_site_name":"Tint","article_modified_time":"2026-05-15T00:00:15+00:00","og_image":[{"width":900,"height":900,"url":"https:\/\/tint.lt\/shop\/wp-content\/uploads\/2026\/02\/Pleveles-krastu-formavimo-irankis2-HF59-rotated.jpg","type":"image\/jpeg"}],"twitter_card":"summary_large_image","schema":{"@context":"https:\/\/schema.org","@graph":[{"@type":"WebPage","@id":"https:\/\/tint.lt\/shop\/preke\/pleveles-klijavimo-irankis-pleveles-krastu-prispaudimui-tarpuose-ir-prie-briaunu\/","url":"https:\/\/tint.lt\/shop\/preke\/pleveles-klijavimo-irankis-pleveles-krastu-prispaudimui-tarpuose-ir-prie-briaunu\/","name":"Pl\u0117vel\u0117s klijavimo \u012frankis, pl\u0117vel\u0117s kra\u0161t\u0173 prispaudimui tarpuose ir prie briaun\u0173 - Tint","isPartOf":{"@id":"https:\/\/tint.lt\/shop\/#website"},"primaryImageOfPage":{"@id":"https:\/\/tint.lt\/shop\/preke\/pleveles-klijavimo-irankis-pleveles-krastu-prispaudimui-tarpuose-ir-prie-briaunu\/#primaryimage"},"image":{"@id":"https:\/\/tint.lt\/shop\/preke\/pleveles-klijavimo-irankis-pleveles-krastu-prispaudimui-tarpuose-ir-prie-briaunu\/#primaryimage"},"thumbnailUrl":"https:\/\/tint.lt\/shop\/wp-content\/uploads\/2026\/02\/Pleveles-krastu-formavimo-irankis2-HF59-rotated.jpg","datePublished":"2026-02-25T09:59:29+00:00","dateModified":"2026-05-15T00:00:15+00:00","breadcrumb":{"@id":"https:\/\/tint.lt\/shop\/preke\/pleveles-klijavimo-irankis-pleveles-krastu-prispaudimui-tarpuose-ir-prie-briaunu\/#breadcrumb"},"inLanguage":"lt-LT","potentialAction":[{"@type":"ReadAction","target":["https:\/\/tint.lt\/shop\/preke\/pleveles-klijavimo-irankis-pleveles-krastu-prispaudimui-tarpuose-ir-prie-briaunu\/"]}]},{"@type":"ImageObject","inLanguage":"lt-LT","@id":"https:\/\/tint.lt\/shop\/preke\/pleveles-klijavimo-irankis-pleveles-krastu-prispaudimui-tarpuose-ir-prie-briaunu\/#primaryimage","url":"https:\/\/tint.lt\/shop\/wp-content\/uploads\/2026\/02\/Pleveles-krastu-formavimo-irankis2-HF59-rotated.jpg","contentUrl":"https:\/\/tint.lt\/shop\/wp-content\/uploads\/2026\/02\/Pleveles-krastu-formavimo-irankis2-HF59-rotated.jpg","width":900,"height":900,"caption":"Pleveles krastu formavimo irankis"},{"@type":"BreadcrumbList","@id":"https:\/\/tint.lt\/shop\/preke\/pleveles-klijavimo-irankis-pleveles-krastu-prispaudimui-tarpuose-ir-prie-briaunu\/#breadcrumb","itemListElement":[{"@type":"ListItem","position":1,"name":"Home","item":"https:\/\/tint.lt\/shop\/"},{"@type":"ListItem","position":2,"name":"Parduotuv\u0117","item":"https:\/\/tint.lt\/shop\/produktai\/"},{"@type":"ListItem","position":3,"name":"Pl\u0117vel\u0117s klijavimo \u012frankis, pl\u0117vel\u0117s kra\u0161t\u0173 prispaudimui tarpuose ir prie briaun\u0173"}]},{"@type":"WebSite","@id":"https:\/\/tint.lt\/shop\/#website","url":"https:\/\/tint.lt\/shop\/","name":"Tint.lt","description":"El. parduotuv\u0117","publisher":{"@id":"https:\/\/tint.lt\/shop\/#organization"},"potentialAction":[{"@type":"SearchAction","target":{"@type":"EntryPoint","urlTemplate":"https:\/\/tint.lt\/shop\/?s={search_term_string}"},"query-input":{"@type":"PropertyValueSpecification","valueRequired":true,"valueName":"search_term_string"}}],"inLanguage":"lt-LT"},{"@type":"Organization","@id":"https:\/\/tint.lt\/shop\/#organization","name":"Tint.lt","url":"https:\/\/tint.lt\/shop\/","logo":{"@type":"ImageObject","inLanguage":"lt-LT","@id":"https:\/\/tint.lt\/shop\/#\/schema\/logo\/image\/","url":"https:\/\/tint.lt\/shop\/wp-content\/uploads\/2026\/02\/TINT_lipnios_pleveles_profesionalams_grey.png","contentUrl":"https:\/\/tint.lt\/shop\/wp-content\/uploads\/2026\/02\/TINT_lipnios_pleveles_profesionalams_grey.png","width":1265,"height":460,"caption":"Tint.lt"},"image":{"@id":"https:\/\/tint.lt\/shop\/#\/schema\/logo\/image\/"}}]}},"_links":{"self":[{"href":"https:\/\/tint.lt\/shop\/wp-json\/wp\/v2\/product\/30094","targetHints":{"allow":["GET"]}}],"collection":[{"href":"https:\/\/tint.lt\/shop\/wp-json\/wp\/v2\/product"}],"about":[{"href":"https:\/\/tint.lt\/shop\/wp-json\/wp\/v2\/types\/product"}],"replies":[{"embeddable":true,"href":"https:\/\/tint.lt\/shop\/wp-json\/wp\/v2\/comments?post=30094"}],"version-history":[{"count":5,"href":"https:\/\/tint.lt\/shop\/wp-json\/wp\/v2\/product\/30094\/revisions"}],"predecessor-version":[{"id":30628,"href":"https:\/\/tint.lt\/shop\/wp-json\/wp\/v2\/product\/30094\/revisions\/30628"}],"wp:featuredmedia":[{"embeddable":true,"href":"https:\/\/tint.lt\/shop\/wp-json\/wp\/v2\/media\/30095"}],"wp:attachment":[{"href":"https:\/\/tint.lt\/shop\/wp-json\/wp\/v2\/media?parent=30094"}],"wp:term":[{"taxonomy":"product_brand","embeddable":true,"href":"https:\/\/tint.lt\/shop\/wp-json\/wp\/v2\/product_brand?post=30094"},{"taxonomy":"product_cat","embeddable":true,"href":"https:\/\/tint.lt\/shop\/wp-json\/wp\/v2\/product_cat?post=30094"},{"taxonomy":"product_tag","embeddable":true,"href":"https:\/\/tint.lt\/shop\/wp-json\/wp\/v2\/product_tag?post=30094"}],"curies":[{"name":"wp","href":"https:\/\/api.w.org\/{rel}","templated":true}]}}