{"id":30200,"date":"2026-02-25T14:49:20","date_gmt":"2026-02-25T12:49:20","guid":{"rendered":"https:\/\/tint.lt\/shop\/?post_type=product&#038;p=30200"},"modified":"2026-05-15T03:00:15","modified_gmt":"2026-05-15T00:00:15","slug":"sott-right-off-kliju-valiklis-1l","status":"publish","type":"product","link":"https:\/\/tint.lt\/shop\/preke\/sott-right-off-kliju-valiklis-1l\/","title":{"rendered":"SOTT Right Off- klij\u0173 valiklis"},"content":{"rendered":"\t\t<div data-elementor-type=\"wp-post\" data-elementor-id=\"30200\" class=\"elementor elementor-30200\">\n\t\t\t\t<div class=\"wd-negative-gap elementor-element elementor-element-aa3a510 e-flex e-con-boxed e-con e-parent\" data-id=\"aa3a510\" data-element_type=\"container\" data-e-type=\"container\">\n\t\t\t\t\t<div class=\"e-con-inner\">\n\t\t<div class=\"elementor-element elementor-element-46e66fa e-con-full e-flex e-con e-child\" data-id=\"46e66fa\" data-element_type=\"container\" data-e-type=\"container\">\n\t\t\t\t<div class=\"elementor-element elementor-element-202c7cf elementor-widget elementor-widget-wd_text_block\" data-id=\"202c7cf\" data-element_type=\"widget\" data-e-type=\"widget\" data-widget_type=\"wd_text_block.default\">\n\t\t\t\t<div class=\"elementor-widget-container\">\n\t\t\t\t\t\t\t<div class=\"wd-text-block reset-last-child text-left\">\n\t\t\t\n\t\t\t<p>Efektyvi klij\u0173 valymo priemon\u0117 RIGH-OFF padedanti lengviau pa\u0161alinti klij\u0173 liku\u010dius kurie pasilieka ant pavir\u0161i\u0173 nulupus lipni\u0105 pl\u0117vel\u0119 nuo \u012fvairi\u0173 pavir\u0161i\u0173.<\/p><div class=\"headline\">\u00a0<\/div><p>\u00a0<\/p>\n\t\t\t\t\t<\/div>\n\t\t\t\t\t\t<\/div>\n\t\t\t\t<\/div>\n\t\t\t\t<\/div>\n\t\t<div class=\"elementor-element elementor-element-358fbcc e-con-full e-flex e-con e-child\" data-id=\"358fbcc\" data-element_type=\"container\" data-e-type=\"container\">\n\t\t\t\t<div class=\"elementor-element elementor-element-e7eff19 elementor-widget elementor-widget-wd_text_block\" data-id=\"e7eff19\" data-element_type=\"widget\" data-e-type=\"widget\" data-widget_type=\"wd_text_block.default\">\n\t\t\t\t<div class=\"elementor-widget-container\">\n\t\t\t\t\t\t\t<div class=\"wd-text-block reset-last-child text-left\">\n\t\t\t\n\t\t\t<p><strong>Informacija<\/strong><\/p><p>Klij\u0173 valiklis \u201eRight-Off\u201c pa\u0161alina ne tik klij\u0173 liku\u010dius nuo nulupus lipnias pl\u0117vel\u0117s ir lang\u0173 pl\u0117vel\u0117s grei\u010diau nei per kelias minutes, bet ir riebalus, kramtom\u0105j\u0105 gum\u0105 ir kt. PH neutralus, nekenksmingas ir n\u0117ra klasifikuojamas kaip pavojinga med\u017eiaga. Tinka naudoti vis\u0173 tip\u0173 pl\u0117vel\u0117ms. Nekenksmingas visiems pagrindams.<\/p><p><strong>Naudojimo instrukcija:<\/strong><\/p><ul><li>U\u017epur\u0161kite \u201eRight-Off\u201c ant pavir\u0161iaus ir palaukite 60\u201390 sekund\u017ei\u0173;<\/li><li>Naudodami grandikl\u012f, nubraukite susidariusias liku\u010dius \u012f vien\u0105 viet\u0105;<\/li><li>Surinkite liku\u010dius naudodami poliravimo popieri\u0173. Kartokite proced\u016br\u0105, kol pa\u0161alinsite visus klij\u0173 liku\u010dius. Jei reikia, dar papildomai u\u017epur\u0161kite \u201eRight-Off\u201c;<\/li><li>Nuriebinkite pavir\u0161i\u0173 ir kruop\u0161\u010diai nuvalykite \u0161varia \u0161luoste.<\/li><\/ul><p>Gali sukelti alergin\u0119 reakcij\u0105. P403 + P233 Laikyti gerai v\u0117dinamoje vietoje. Talpykl\u0105 laikyti sandariai u\u017edaryt\u0105. Galiojimo laikas neterminuotas, jei sand\u0117liavimo temperat\u016bra nuo +5\u00b0C iki +25\u00b0C.<\/p>\n\t\t\t\t\t<\/div>\n\t\t\t\t\t\t<\/div>\n\t\t\t\t<\/div>\n\t\t\t\t<\/div>\n\t\t\t\t\t<\/div>\n\t\t\t\t<\/div>\n\t\t\t\t<\/div>\n\t\t","protected":false},"excerpt":{"rendered":"<p>Efektyvi klij\u0173 valymo priemon\u0117 RIGH-OFF padedanti lengviau pa\u0161alinti klij\u0173 liku\u010dius kurie pasilieka ant pavir\u0161i\u0173 nulupus lipni\u0105 pl\u0117vel\u0119 nuo \u012fvairi\u0173 pavir\u0161i\u0173.<\/p>\n","protected":false},"featured_media":30202,"comment_status":"open","ping_status":"closed","template":"","meta":{"_acf_changed":false},"product_brand":[98],"product_cat":[90,118],"product_tag":[],"class_list":{"0":"post-30200","1":"product","2":"type-product","3":"status-publish","4":"has-post-thumbnail","6":"product_brand-sott","7":"product_cat-irankiai-ir-priemones-pleveliu-klijavimui","8":"product_cat-skysciai-ir-valymo-priemones","10":"first","11":"instock","12":"taxable","13":"shipping-taxable","14":"purchasable","15":"product-type-simple"},"acf":[],"yoast_head":"<!-- This site is optimized with the Yoast SEO plugin v27.5 - https:\/\/yoast.com\/product\/yoast-seo-wordpress\/ -->\n<title>SOTT Right Off- klij\u0173 valiklis - Tint<\/title>\n<meta name=\"robots\" content=\"index, follow, max-snippet:-1, max-image-preview:large, max-video-preview:-1\" \/>\n<link rel=\"canonical\" href=\"https:\/\/tint.lt\/shop\/preke\/sott-right-off-kliju-valiklis-1l\/\" \/>\n<meta property=\"og:locale\" content=\"lt_LT\" \/>\n<meta property=\"og:type\" content=\"article\" \/>\n<meta property=\"og:title\" content=\"SOTT Right Off- klij\u0173 valiklis - Tint\" \/>\n<meta property=\"og:description\" content=\"Efektyvi klij\u0173 valymo priemon\u0117 RIGH-OFF padedanti lengviau pa\u0161alinti klij\u0173 liku\u010dius kurie pasilieka ant pavir\u0161i\u0173 nulupus lipni\u0105 pl\u0117vel\u0119 nuo \u012fvairi\u0173 pavir\u0161i\u0173.\" \/>\n<meta property=\"og:url\" content=\"https:\/\/tint.lt\/shop\/preke\/sott-right-off-kliju-valiklis-1l\/\" \/>\n<meta property=\"og:site_name\" content=\"Tint\" \/>\n<meta property=\"article:modified_time\" content=\"2026-05-15T00:00:15+00:00\" \/>\n<meta property=\"og:image\" content=\"https:\/\/tint.lt\/shop\/wp-content\/uploads\/2026\/02\/SOTT-right-off-kliju-valiklis-600-Z0415FLES.jpg\" \/>\n\t<meta property=\"og:image:width\" content=\"900\" \/>\n\t<meta property=\"og:image:height\" content=\"900\" \/>\n\t<meta property=\"og:image:type\" content=\"image\/jpeg\" \/>\n<meta name=\"twitter:card\" content=\"summary_large_image\" \/>\n<meta name=\"twitter:label1\" content=\"Est. reading time\" \/>\n\t<meta name=\"twitter:data1\" content=\"1 minut\u0117\" \/>\n<script type=\"application\/ld+json\" class=\"yoast-schema-graph\">{\"@context\":\"https:\\\/\\\/schema.org\",\"@graph\":[{\"@type\":\"WebPage\",\"@id\":\"https:\\\/\\\/tint.lt\\\/shop\\\/preke\\\/sott-right-off-kliju-valiklis-1l\\\/\",\"url\":\"https:\\\/\\\/tint.lt\\\/shop\\\/preke\\\/sott-right-off-kliju-valiklis-1l\\\/\",\"name\":\"SOTT Right Off- klij\u0173 valiklis - Tint\",\"isPartOf\":{\"@id\":\"https:\\\/\\\/tint.lt\\\/shop\\\/#website\"},\"primaryImageOfPage\":{\"@id\":\"https:\\\/\\\/tint.lt\\\/shop\\\/preke\\\/sott-right-off-kliju-valiklis-1l\\\/#primaryimage\"},\"image\":{\"@id\":\"https:\\\/\\\/tint.lt\\\/shop\\\/preke\\\/sott-right-off-kliju-valiklis-1l\\\/#primaryimage\"},\"thumbnailUrl\":\"https:\\\/\\\/tint.lt\\\/shop\\\/wp-content\\\/uploads\\\/2026\\\/02\\\/SOTT-right-off-kliju-valiklis-600-Z0415FLES.jpg\",\"datePublished\":\"2026-02-25T12:49:20+00:00\",\"dateModified\":\"2026-05-15T00:00:15+00:00\",\"breadcrumb\":{\"@id\":\"https:\\\/\\\/tint.lt\\\/shop\\\/preke\\\/sott-right-off-kliju-valiklis-1l\\\/#breadcrumb\"},\"inLanguage\":\"lt-LT\",\"potentialAction\":[{\"@type\":\"ReadAction\",\"target\":[\"https:\\\/\\\/tint.lt\\\/shop\\\/preke\\\/sott-right-off-kliju-valiklis-1l\\\/\"]}]},{\"@type\":\"ImageObject\",\"inLanguage\":\"lt-LT\",\"@id\":\"https:\\\/\\\/tint.lt\\\/shop\\\/preke\\\/sott-right-off-kliju-valiklis-1l\\\/#primaryimage\",\"url\":\"https:\\\/\\\/tint.lt\\\/shop\\\/wp-content\\\/uploads\\\/2026\\\/02\\\/SOTT-right-off-kliju-valiklis-600-Z0415FLES.jpg\",\"contentUrl\":\"https:\\\/\\\/tint.lt\\\/shop\\\/wp-content\\\/uploads\\\/2026\\\/02\\\/SOTT-right-off-kliju-valiklis-600-Z0415FLES.jpg\",\"width\":900,\"height\":900,\"caption\":\"SOTT right off kliju valiklis\"},{\"@type\":\"BreadcrumbList\",\"@id\":\"https:\\\/\\\/tint.lt\\\/shop\\\/preke\\\/sott-right-off-kliju-valiklis-1l\\\/#breadcrumb\",\"itemListElement\":[{\"@type\":\"ListItem\",\"position\":1,\"name\":\"Home\",\"item\":\"https:\\\/\\\/tint.lt\\\/shop\\\/\"},{\"@type\":\"ListItem\",\"position\":2,\"name\":\"Parduotuv\u0117\",\"item\":\"https:\\\/\\\/tint.lt\\\/shop\\\/produktai\\\/\"},{\"@type\":\"ListItem\",\"position\":3,\"name\":\"SOTT Right Off- klij\u0173 valiklis\"}]},{\"@type\":\"WebSite\",\"@id\":\"https:\\\/\\\/tint.lt\\\/shop\\\/#website\",\"url\":\"https:\\\/\\\/tint.lt\\\/shop\\\/\",\"name\":\"Tint.lt\",\"description\":\"El. parduotuv\u0117\",\"publisher\":{\"@id\":\"https:\\\/\\\/tint.lt\\\/shop\\\/#organization\"},\"potentialAction\":[{\"@type\":\"SearchAction\",\"target\":{\"@type\":\"EntryPoint\",\"urlTemplate\":\"https:\\\/\\\/tint.lt\\\/shop\\\/?s={search_term_string}\"},\"query-input\":{\"@type\":\"PropertyValueSpecification\",\"valueRequired\":true,\"valueName\":\"search_term_string\"}}],\"inLanguage\":\"lt-LT\"},{\"@type\":\"Organization\",\"@id\":\"https:\\\/\\\/tint.lt\\\/shop\\\/#organization\",\"name\":\"Tint.lt\",\"url\":\"https:\\\/\\\/tint.lt\\\/shop\\\/\",\"logo\":{\"@type\":\"ImageObject\",\"inLanguage\":\"lt-LT\",\"@id\":\"https:\\\/\\\/tint.lt\\\/shop\\\/#\\\/schema\\\/logo\\\/image\\\/\",\"url\":\"https:\\\/\\\/tint.lt\\\/shop\\\/wp-content\\\/uploads\\\/2026\\\/02\\\/TINT_lipnios_pleveles_profesionalams_grey.png\",\"contentUrl\":\"https:\\\/\\\/tint.lt\\\/shop\\\/wp-content\\\/uploads\\\/2026\\\/02\\\/TINT_lipnios_pleveles_profesionalams_grey.png\",\"width\":1265,\"height\":460,\"caption\":\"Tint.lt\"},\"image\":{\"@id\":\"https:\\\/\\\/tint.lt\\\/shop\\\/#\\\/schema\\\/logo\\\/image\\\/\"}}]}<\/script>\n<!-- \/ Yoast SEO plugin. -->","yoast_head_json":{"title":"SOTT Right Off- klij\u0173 valiklis - Tint","robots":{"index":"index","follow":"follow","max-snippet":"max-snippet:-1","max-image-preview":"max-image-preview:large","max-video-preview":"max-video-preview:-1"},"canonical":"https:\/\/tint.lt\/shop\/preke\/sott-right-off-kliju-valiklis-1l\/","og_locale":"lt_LT","og_type":"article","og_title":"SOTT Right Off- klij\u0173 valiklis - Tint","og_description":"Efektyvi klij\u0173 valymo priemon\u0117 RIGH-OFF padedanti lengviau pa\u0161alinti klij\u0173 liku\u010dius kurie pasilieka ant pavir\u0161i\u0173 nulupus lipni\u0105 pl\u0117vel\u0119 nuo \u012fvairi\u0173 pavir\u0161i\u0173.","og_url":"https:\/\/tint.lt\/shop\/preke\/sott-right-off-kliju-valiklis-1l\/","og_site_name":"Tint","article_modified_time":"2026-05-15T00:00:15+00:00","og_image":[{"width":900,"height":900,"url":"https:\/\/tint.lt\/shop\/wp-content\/uploads\/2026\/02\/SOTT-right-off-kliju-valiklis-600-Z0415FLES.jpg","type":"image\/jpeg"}],"twitter_card":"summary_large_image","twitter_misc":{"Est. reading time":"1 minut\u0117"},"schema":{"@context":"https:\/\/schema.org","@graph":[{"@type":"WebPage","@id":"https:\/\/tint.lt\/shop\/preke\/sott-right-off-kliju-valiklis-1l\/","url":"https:\/\/tint.lt\/shop\/preke\/sott-right-off-kliju-valiklis-1l\/","name":"SOTT Right Off- klij\u0173 valiklis - Tint","isPartOf":{"@id":"https:\/\/tint.lt\/shop\/#website"},"primaryImageOfPage":{"@id":"https:\/\/tint.lt\/shop\/preke\/sott-right-off-kliju-valiklis-1l\/#primaryimage"},"image":{"@id":"https:\/\/tint.lt\/shop\/preke\/sott-right-off-kliju-valiklis-1l\/#primaryimage"},"thumbnailUrl":"https:\/\/tint.lt\/shop\/wp-content\/uploads\/2026\/02\/SOTT-right-off-kliju-valiklis-600-Z0415FLES.jpg","datePublished":"2026-02-25T12:49:20+00:00","dateModified":"2026-05-15T00:00:15+00:00","breadcrumb":{"@id":"https:\/\/tint.lt\/shop\/preke\/sott-right-off-kliju-valiklis-1l\/#breadcrumb"},"inLanguage":"lt-LT","potentialAction":[{"@type":"ReadAction","target":["https:\/\/tint.lt\/shop\/preke\/sott-right-off-kliju-valiklis-1l\/"]}]},{"@type":"ImageObject","inLanguage":"lt-LT","@id":"https:\/\/tint.lt\/shop\/preke\/sott-right-off-kliju-valiklis-1l\/#primaryimage","url":"https:\/\/tint.lt\/shop\/wp-content\/uploads\/2026\/02\/SOTT-right-off-kliju-valiklis-600-Z0415FLES.jpg","contentUrl":"https:\/\/tint.lt\/shop\/wp-content\/uploads\/2026\/02\/SOTT-right-off-kliju-valiklis-600-Z0415FLES.jpg","width":900,"height":900,"caption":"SOTT right off kliju valiklis"},{"@type":"BreadcrumbList","@id":"https:\/\/tint.lt\/shop\/preke\/sott-right-off-kliju-valiklis-1l\/#breadcrumb","itemListElement":[{"@type":"ListItem","position":1,"name":"Home","item":"https:\/\/tint.lt\/shop\/"},{"@type":"ListItem","position":2,"name":"Parduotuv\u0117","item":"https:\/\/tint.lt\/shop\/produktai\/"},{"@type":"ListItem","position":3,"name":"SOTT Right Off- klij\u0173 valiklis"}]},{"@type":"WebSite","@id":"https:\/\/tint.lt\/shop\/#website","url":"https:\/\/tint.lt\/shop\/","name":"Tint.lt","description":"El. parduotuv\u0117","publisher":{"@id":"https:\/\/tint.lt\/shop\/#organization"},"potentialAction":[{"@type":"SearchAction","target":{"@type":"EntryPoint","urlTemplate":"https:\/\/tint.lt\/shop\/?s={search_term_string}"},"query-input":{"@type":"PropertyValueSpecification","valueRequired":true,"valueName":"search_term_string"}}],"inLanguage":"lt-LT"},{"@type":"Organization","@id":"https:\/\/tint.lt\/shop\/#organization","name":"Tint.lt","url":"https:\/\/tint.lt\/shop\/","logo":{"@type":"ImageObject","inLanguage":"lt-LT","@id":"https:\/\/tint.lt\/shop\/#\/schema\/logo\/image\/","url":"https:\/\/tint.lt\/shop\/wp-content\/uploads\/2026\/02\/TINT_lipnios_pleveles_profesionalams_grey.png","contentUrl":"https:\/\/tint.lt\/shop\/wp-content\/uploads\/2026\/02\/TINT_lipnios_pleveles_profesionalams_grey.png","width":1265,"height":460,"caption":"Tint.lt"},"image":{"@id":"https:\/\/tint.lt\/shop\/#\/schema\/logo\/image\/"}}]}},"_links":{"self":[{"href":"https:\/\/tint.lt\/shop\/wp-json\/wp\/v2\/product\/30200","targetHints":{"allow":["GET"]}}],"collection":[{"href":"https:\/\/tint.lt\/shop\/wp-json\/wp\/v2\/product"}],"about":[{"href":"https:\/\/tint.lt\/shop\/wp-json\/wp\/v2\/types\/product"}],"replies":[{"embeddable":true,"href":"https:\/\/tint.lt\/shop\/wp-json\/wp\/v2\/comments?post=30200"}],"version-history":[{"count":5,"href":"https:\/\/tint.lt\/shop\/wp-json\/wp\/v2\/product\/30200\/revisions"}],"predecessor-version":[{"id":30299,"href":"https:\/\/tint.lt\/shop\/wp-json\/wp\/v2\/product\/30200\/revisions\/30299"}],"wp:featuredmedia":[{"embeddable":true,"href":"https:\/\/tint.lt\/shop\/wp-json\/wp\/v2\/media\/30202"}],"wp:attachment":[{"href":"https:\/\/tint.lt\/shop\/wp-json\/wp\/v2\/media?parent=30200"}],"wp:term":[{"taxonomy":"product_brand","embeddable":true,"href":"https:\/\/tint.lt\/shop\/wp-json\/wp\/v2\/product_brand?post=30200"},{"taxonomy":"product_cat","embeddable":true,"href":"https:\/\/tint.lt\/shop\/wp-json\/wp\/v2\/product_cat?post=30200"},{"taxonomy":"product_tag","embeddable":true,"href":"https:\/\/tint.lt\/shop\/wp-json\/wp\/v2\/product_tag?post=30200"}],"curies":[{"name":"wp","href":"https:\/\/api.w.org\/{rel}","templated":true}]}}