{"id":30248,"date":"2026-02-25T15:54:52","date_gmt":"2026-02-25T13:54:52","guid":{"rendered":"https:\/\/tint.lt\/shop\/?post_type=product&#038;p=30248"},"modified":"2026-05-05T18:01:51","modified_gmt":"2026-05-05T15:01:51","slug":"berner-kliju-valymo-priemone-nuo-lipduku-flakonas-500ml","status":"publish","type":"product","link":"https:\/\/tint.lt\/shop\/preke\/berner-kliju-valymo-priemone-nuo-lipduku-flakonas-500ml\/","title":{"rendered":"BERNER klij\u0173 valymo priemon\u0117 nuo lipduk\u0173, flakonas 500ml"},"content":{"rendered":"\t\t<div data-elementor-type=\"wp-post\" data-elementor-id=\"30248\" class=\"elementor elementor-30248\">\n\t\t\t\t<div class=\"wd-negative-gap elementor-element elementor-element-4c116ca e-flex e-con-boxed e-con e-parent\" data-id=\"4c116ca\" data-element_type=\"container\" data-e-type=\"container\">\n\t\t\t\t\t<div class=\"e-con-inner\">\n\t\t<div class=\"elementor-element elementor-element-eb65063 e-con-full e-flex e-con e-child\" data-id=\"eb65063\" data-element_type=\"container\" data-e-type=\"container\">\n\t\t\t\t<div class=\"elementor-element elementor-element-67e4cc3 elementor-widget elementor-widget-wd_text_block\" data-id=\"67e4cc3\" data-element_type=\"widget\" data-e-type=\"widget\" data-widget_type=\"wd_text_block.default\">\n\t\t\t\t<div class=\"elementor-widget-container\">\n\t\t\t\t\t\t\t<div class=\"wd-text-block reset-last-child text-left\">\n\t\t\t\n\t\t\t<p>Efektyvi klij\u0173 valymo priemon\u0117 padedanti lengviau pa\u0161alinti klij\u0173 liku\u010dius kurie pasilieka ant pavir\u0161i\u0173 nulupus lipni\u0105 pl\u0117vel\u0119 nuo \u012fvairi\u0173 pavir\u0161i\u0173.<\/p><div class=\"headline\"><p><strong>Produkto ypatumai:<\/strong><\/p><\/div><ul><li>Geri tirpdymo ir valymo rodikliai<\/li><li>NSF-K3 registruotas kaip tirpinantis valiklis, lipni\u0173 pavir\u0161i\u0173 \/ klij\u0173 \u0161alinimo priemon\u0117<\/li><li>Greitai tirpdantis ir \u0161alinantis<\/li><li>Lipnias med\u017eiagas nuo lipniosios juostos, lipni\u0173 etike\u010di\u0173, etike\u010di\u0173 klij\u0173, kain\u0173 etike\u010di\u0173, identifikavimo etike\u010di\u0173, folijos raid\u017ei\u0173, esan\u010di\u0173 ant konteineri\u0173, ma\u0161in\u0173, statini\u0173 ir skardini\u0173, lentyn\u0173, automobili\u0173, sunkve\u017eimi\u0173<\/li><li>Taip pat pa\u0161alina med\u017ei\u0173 sakus ir k\u0105 tik u\u017epurk\u0161tus, nei\u0161d\u017ei\u016bvusius, pur\u0161kiamus da\u017eus (akrilinius da\u017eus)<\/li><\/ul><p>Gerai tirpdo kramtom\u0105j\u0105 gum\u0105, va\u0161k\u0105 ir kitas pavir\u0161iaus dangas<\/p><p>Labai geras med\u017eiag\u0173 suderinamumasGali b\u016bti naudojamas ant stiklo, metalo, da\u017e\u0173, folijos, plastiko ir kit\u0173 glotni\u0173 pavir\u0161i\u0173<\/p>\n\t\t\t\t\t<\/div>\n\t\t\t\t\t\t<\/div>\n\t\t\t\t<\/div>\n\t\t\t\t<\/div>\n\t\t<div class=\"elementor-element elementor-element-5c28184 e-con-full e-flex e-con e-child\" data-id=\"5c28184\" data-element_type=\"container\" data-e-type=\"container\">\n\t\t\t\t<div class=\"elementor-element elementor-element-5b2128b elementor-widget elementor-widget-wd_text_block\" data-id=\"5b2128b\" data-element_type=\"widget\" data-e-type=\"widget\" data-widget_type=\"wd_text_block.default\">\n\t\t\t\t<div class=\"elementor-widget-container\">\n\t\t\t\t\t\t\t<div class=\"wd-text-block reset-last-child text-left\">\n\t\t\t\n\t\t\t<p><strong>Naudojimo informacija<\/strong><\/p><p>U\u017epurk\u0161kite skys\u010dio ant viso klij\u0173 ploto palaukite kelias minutes, kad \u012fsigert\u0173.<br \/><br \/>Jei reikia, proces\u0105 pakartokite.<br \/>Rekomenduojame patikrinkite \u0161ios priemon\u0117s ir pavir\u0161iaus jautrum\u0105 valymo priemonei vietose, kuri\u0173 nesimato.<\/p>\n\t\t\t\t\t<\/div>\n\t\t\t\t\t\t<\/div>\n\t\t\t\t<\/div>\n\t\t\t\t<\/div>\n\t\t\t\t\t<\/div>\n\t\t\t\t<\/div>\n\t\t\t\t<\/div>\n\t\t","protected":false},"excerpt":{"rendered":"<p>Efektyvi klij\u0173 valymo priemon\u0117 padedanti lengviau pa\u0161alinti klij\u0173 liku\u010dius kurie pasilieka ant pavir\u0161i\u0173 nulupus lipni\u0105 pl\u0117vel\u0119 nuo \u012fvairi\u0173 pavir\u0161i\u0173. Produkto<\/p>\n","protected":false},"featured_media":30249,"comment_status":"open","ping_status":"closed","template":"","meta":{"_acf_changed":false},"product_brand":[],"product_cat":[90,118],"product_tag":[],"class_list":{"0":"post-30248","1":"product","2":"type-product","3":"status-publish","4":"has-post-thumbnail","6":"product_cat-irankiai-ir-priemones-pleveliu-klijavimui","7":"product_cat-skysciai-ir-valymo-priemones","9":"first","10":"instock","11":"taxable","12":"shipping-taxable","13":"purchasable","14":"product-type-simple"},"acf":[],"yoast_head":"<!-- This site is optimized with the Yoast SEO plugin v27.5 - https:\/\/yoast.com\/product\/yoast-seo-wordpress\/ -->\n<title>BERNER klij\u0173 valymo priemon\u0117 nuo lipduk\u0173, flakonas 500ml - Tint<\/title>\n<meta name=\"robots\" content=\"index, follow, max-snippet:-1, max-image-preview:large, max-video-preview:-1\" \/>\n<link rel=\"canonical\" href=\"https:\/\/tint.lt\/shop\/preke\/berner-kliju-valymo-priemone-nuo-lipduku-flakonas-500ml\/\" \/>\n<meta property=\"og:locale\" content=\"lt_LT\" \/>\n<meta property=\"og:type\" content=\"article\" \/>\n<meta property=\"og:title\" content=\"BERNER klij\u0173 valymo priemon\u0117 nuo lipduk\u0173, flakonas 500ml - Tint\" \/>\n<meta property=\"og:description\" content=\"Efektyvi klij\u0173 valymo priemon\u0117 padedanti lengviau pa\u0161alinti klij\u0173 liku\u010dius kurie pasilieka ant pavir\u0161i\u0173 nulupus lipni\u0105 pl\u0117vel\u0119 nuo \u012fvairi\u0173 pavir\u0161i\u0173. Produkto\" \/>\n<meta property=\"og:url\" content=\"https:\/\/tint.lt\/shop\/preke\/berner-kliju-valymo-priemone-nuo-lipduku-flakonas-500ml\/\" \/>\n<meta property=\"og:site_name\" content=\"Tint\" \/>\n<meta property=\"article:modified_time\" content=\"2026-05-05T15:01:51+00:00\" \/>\n<meta property=\"og:image\" content=\"https:\/\/tint.lt\/shop\/wp-content\/uploads\/2026\/02\/6.jpg\" \/>\n\t<meta property=\"og:image:width\" content=\"900\" \/>\n\t<meta property=\"og:image:height\" content=\"900\" \/>\n\t<meta property=\"og:image:type\" content=\"image\/jpeg\" \/>\n<meta name=\"twitter:card\" content=\"summary_large_image\" \/>\n<meta name=\"twitter:label1\" content=\"Est. reading time\" \/>\n\t<meta name=\"twitter:data1\" content=\"1 minut\u0117\" \/>\n<script type=\"application\/ld+json\" class=\"yoast-schema-graph\">{\"@context\":\"https:\\\/\\\/schema.org\",\"@graph\":[{\"@type\":\"WebPage\",\"@id\":\"https:\\\/\\\/tint.lt\\\/shop\\\/preke\\\/berner-kliju-valymo-priemone-nuo-lipduku-flakonas-500ml\\\/\",\"url\":\"https:\\\/\\\/tint.lt\\\/shop\\\/preke\\\/berner-kliju-valymo-priemone-nuo-lipduku-flakonas-500ml\\\/\",\"name\":\"BERNER klij\u0173 valymo priemon\u0117 nuo lipduk\u0173, flakonas 500ml - Tint\",\"isPartOf\":{\"@id\":\"https:\\\/\\\/tint.lt\\\/shop\\\/#website\"},\"primaryImageOfPage\":{\"@id\":\"https:\\\/\\\/tint.lt\\\/shop\\\/preke\\\/berner-kliju-valymo-priemone-nuo-lipduku-flakonas-500ml\\\/#primaryimage\"},\"image\":{\"@id\":\"https:\\\/\\\/tint.lt\\\/shop\\\/preke\\\/berner-kliju-valymo-priemone-nuo-lipduku-flakonas-500ml\\\/#primaryimage\"},\"thumbnailUrl\":\"https:\\\/\\\/tint.lt\\\/shop\\\/wp-content\\\/uploads\\\/2026\\\/02\\\/6.jpg\",\"datePublished\":\"2026-02-25T13:54:52+00:00\",\"dateModified\":\"2026-05-05T15:01:51+00:00\",\"breadcrumb\":{\"@id\":\"https:\\\/\\\/tint.lt\\\/shop\\\/preke\\\/berner-kliju-valymo-priemone-nuo-lipduku-flakonas-500ml\\\/#breadcrumb\"},\"inLanguage\":\"lt-LT\",\"potentialAction\":[{\"@type\":\"ReadAction\",\"target\":[\"https:\\\/\\\/tint.lt\\\/shop\\\/preke\\\/berner-kliju-valymo-priemone-nuo-lipduku-flakonas-500ml\\\/\"]}]},{\"@type\":\"ImageObject\",\"inLanguage\":\"lt-LT\",\"@id\":\"https:\\\/\\\/tint.lt\\\/shop\\\/preke\\\/berner-kliju-valymo-priemone-nuo-lipduku-flakonas-500ml\\\/#primaryimage\",\"url\":\"https:\\\/\\\/tint.lt\\\/shop\\\/wp-content\\\/uploads\\\/2026\\\/02\\\/6.jpg\",\"contentUrl\":\"https:\\\/\\\/tint.lt\\\/shop\\\/wp-content\\\/uploads\\\/2026\\\/02\\\/6.jpg\",\"width\":900,\"height\":900,\"caption\":\"Berner lipduku salinimo priemone\"},{\"@type\":\"BreadcrumbList\",\"@id\":\"https:\\\/\\\/tint.lt\\\/shop\\\/preke\\\/berner-kliju-valymo-priemone-nuo-lipduku-flakonas-500ml\\\/#breadcrumb\",\"itemListElement\":[{\"@type\":\"ListItem\",\"position\":1,\"name\":\"Home\",\"item\":\"https:\\\/\\\/tint.lt\\\/shop\\\/\"},{\"@type\":\"ListItem\",\"position\":2,\"name\":\"Parduotuv\u0117\",\"item\":\"https:\\\/\\\/tint.lt\\\/shop\\\/produktai\\\/\"},{\"@type\":\"ListItem\",\"position\":3,\"name\":\"BERNER klij\u0173 valymo priemon\u0117 nuo lipduk\u0173, flakonas 500ml\"}]},{\"@type\":\"WebSite\",\"@id\":\"https:\\\/\\\/tint.lt\\\/shop\\\/#website\",\"url\":\"https:\\\/\\\/tint.lt\\\/shop\\\/\",\"name\":\"Tint.lt\",\"description\":\"El. parduotuv\u0117\",\"publisher\":{\"@id\":\"https:\\\/\\\/tint.lt\\\/shop\\\/#organization\"},\"potentialAction\":[{\"@type\":\"SearchAction\",\"target\":{\"@type\":\"EntryPoint\",\"urlTemplate\":\"https:\\\/\\\/tint.lt\\\/shop\\\/?s={search_term_string}\"},\"query-input\":{\"@type\":\"PropertyValueSpecification\",\"valueRequired\":true,\"valueName\":\"search_term_string\"}}],\"inLanguage\":\"lt-LT\"},{\"@type\":\"Organization\",\"@id\":\"https:\\\/\\\/tint.lt\\\/shop\\\/#organization\",\"name\":\"Tint.lt\",\"url\":\"https:\\\/\\\/tint.lt\\\/shop\\\/\",\"logo\":{\"@type\":\"ImageObject\",\"inLanguage\":\"lt-LT\",\"@id\":\"https:\\\/\\\/tint.lt\\\/shop\\\/#\\\/schema\\\/logo\\\/image\\\/\",\"url\":\"https:\\\/\\\/tint.lt\\\/shop\\\/wp-content\\\/uploads\\\/2026\\\/02\\\/TINT_lipnios_pleveles_profesionalams_grey.png\",\"contentUrl\":\"https:\\\/\\\/tint.lt\\\/shop\\\/wp-content\\\/uploads\\\/2026\\\/02\\\/TINT_lipnios_pleveles_profesionalams_grey.png\",\"width\":1265,\"height\":460,\"caption\":\"Tint.lt\"},\"image\":{\"@id\":\"https:\\\/\\\/tint.lt\\\/shop\\\/#\\\/schema\\\/logo\\\/image\\\/\"}}]}<\/script>\n<!-- \/ Yoast SEO plugin. -->","yoast_head_json":{"title":"BERNER klij\u0173 valymo priemon\u0117 nuo lipduk\u0173, flakonas 500ml - Tint","robots":{"index":"index","follow":"follow","max-snippet":"max-snippet:-1","max-image-preview":"max-image-preview:large","max-video-preview":"max-video-preview:-1"},"canonical":"https:\/\/tint.lt\/shop\/preke\/berner-kliju-valymo-priemone-nuo-lipduku-flakonas-500ml\/","og_locale":"lt_LT","og_type":"article","og_title":"BERNER klij\u0173 valymo priemon\u0117 nuo lipduk\u0173, flakonas 500ml - Tint","og_description":"Efektyvi klij\u0173 valymo priemon\u0117 padedanti lengviau pa\u0161alinti klij\u0173 liku\u010dius kurie pasilieka ant pavir\u0161i\u0173 nulupus lipni\u0105 pl\u0117vel\u0119 nuo \u012fvairi\u0173 pavir\u0161i\u0173. Produkto","og_url":"https:\/\/tint.lt\/shop\/preke\/berner-kliju-valymo-priemone-nuo-lipduku-flakonas-500ml\/","og_site_name":"Tint","article_modified_time":"2026-05-05T15:01:51+00:00","og_image":[{"width":900,"height":900,"url":"https:\/\/tint.lt\/shop\/wp-content\/uploads\/2026\/02\/6.jpg","type":"image\/jpeg"}],"twitter_card":"summary_large_image","twitter_misc":{"Est. reading time":"1 minut\u0117"},"schema":{"@context":"https:\/\/schema.org","@graph":[{"@type":"WebPage","@id":"https:\/\/tint.lt\/shop\/preke\/berner-kliju-valymo-priemone-nuo-lipduku-flakonas-500ml\/","url":"https:\/\/tint.lt\/shop\/preke\/berner-kliju-valymo-priemone-nuo-lipduku-flakonas-500ml\/","name":"BERNER klij\u0173 valymo priemon\u0117 nuo lipduk\u0173, flakonas 500ml - Tint","isPartOf":{"@id":"https:\/\/tint.lt\/shop\/#website"},"primaryImageOfPage":{"@id":"https:\/\/tint.lt\/shop\/preke\/berner-kliju-valymo-priemone-nuo-lipduku-flakonas-500ml\/#primaryimage"},"image":{"@id":"https:\/\/tint.lt\/shop\/preke\/berner-kliju-valymo-priemone-nuo-lipduku-flakonas-500ml\/#primaryimage"},"thumbnailUrl":"https:\/\/tint.lt\/shop\/wp-content\/uploads\/2026\/02\/6.jpg","datePublished":"2026-02-25T13:54:52+00:00","dateModified":"2026-05-05T15:01:51+00:00","breadcrumb":{"@id":"https:\/\/tint.lt\/shop\/preke\/berner-kliju-valymo-priemone-nuo-lipduku-flakonas-500ml\/#breadcrumb"},"inLanguage":"lt-LT","potentialAction":[{"@type":"ReadAction","target":["https:\/\/tint.lt\/shop\/preke\/berner-kliju-valymo-priemone-nuo-lipduku-flakonas-500ml\/"]}]},{"@type":"ImageObject","inLanguage":"lt-LT","@id":"https:\/\/tint.lt\/shop\/preke\/berner-kliju-valymo-priemone-nuo-lipduku-flakonas-500ml\/#primaryimage","url":"https:\/\/tint.lt\/shop\/wp-content\/uploads\/2026\/02\/6.jpg","contentUrl":"https:\/\/tint.lt\/shop\/wp-content\/uploads\/2026\/02\/6.jpg","width":900,"height":900,"caption":"Berner lipduku salinimo priemone"},{"@type":"BreadcrumbList","@id":"https:\/\/tint.lt\/shop\/preke\/berner-kliju-valymo-priemone-nuo-lipduku-flakonas-500ml\/#breadcrumb","itemListElement":[{"@type":"ListItem","position":1,"name":"Home","item":"https:\/\/tint.lt\/shop\/"},{"@type":"ListItem","position":2,"name":"Parduotuv\u0117","item":"https:\/\/tint.lt\/shop\/produktai\/"},{"@type":"ListItem","position":3,"name":"BERNER klij\u0173 valymo priemon\u0117 nuo lipduk\u0173, flakonas 500ml"}]},{"@type":"WebSite","@id":"https:\/\/tint.lt\/shop\/#website","url":"https:\/\/tint.lt\/shop\/","name":"Tint.lt","description":"El. parduotuv\u0117","publisher":{"@id":"https:\/\/tint.lt\/shop\/#organization"},"potentialAction":[{"@type":"SearchAction","target":{"@type":"EntryPoint","urlTemplate":"https:\/\/tint.lt\/shop\/?s={search_term_string}"},"query-input":{"@type":"PropertyValueSpecification","valueRequired":true,"valueName":"search_term_string"}}],"inLanguage":"lt-LT"},{"@type":"Organization","@id":"https:\/\/tint.lt\/shop\/#organization","name":"Tint.lt","url":"https:\/\/tint.lt\/shop\/","logo":{"@type":"ImageObject","inLanguage":"lt-LT","@id":"https:\/\/tint.lt\/shop\/#\/schema\/logo\/image\/","url":"https:\/\/tint.lt\/shop\/wp-content\/uploads\/2026\/02\/TINT_lipnios_pleveles_profesionalams_grey.png","contentUrl":"https:\/\/tint.lt\/shop\/wp-content\/uploads\/2026\/02\/TINT_lipnios_pleveles_profesionalams_grey.png","width":1265,"height":460,"caption":"Tint.lt"},"image":{"@id":"https:\/\/tint.lt\/shop\/#\/schema\/logo\/image\/"}}]}},"_links":{"self":[{"href":"https:\/\/tint.lt\/shop\/wp-json\/wp\/v2\/product\/30248","targetHints":{"allow":["GET"]}}],"collection":[{"href":"https:\/\/tint.lt\/shop\/wp-json\/wp\/v2\/product"}],"about":[{"href":"https:\/\/tint.lt\/shop\/wp-json\/wp\/v2\/types\/product"}],"replies":[{"embeddable":true,"href":"https:\/\/tint.lt\/shop\/wp-json\/wp\/v2\/comments?post=30248"}],"version-history":[{"count":5,"href":"https:\/\/tint.lt\/shop\/wp-json\/wp\/v2\/product\/30248\/revisions"}],"predecessor-version":[{"id":30624,"href":"https:\/\/tint.lt\/shop\/wp-json\/wp\/v2\/product\/30248\/revisions\/30624"}],"wp:featuredmedia":[{"embeddable":true,"href":"https:\/\/tint.lt\/shop\/wp-json\/wp\/v2\/media\/30249"}],"wp:attachment":[{"href":"https:\/\/tint.lt\/shop\/wp-json\/wp\/v2\/media?parent=30248"}],"wp:term":[{"taxonomy":"product_brand","embeddable":true,"href":"https:\/\/tint.lt\/shop\/wp-json\/wp\/v2\/product_brand?post=30248"},{"taxonomy":"product_cat","embeddable":true,"href":"https:\/\/tint.lt\/shop\/wp-json\/wp\/v2\/product_cat?post=30248"},{"taxonomy":"product_tag","embeddable":true,"href":"https:\/\/tint.lt\/shop\/wp-json\/wp\/v2\/product_tag?post=30248"}],"curies":[{"name":"wp","href":"https:\/\/api.w.org\/{rel}","templated":true}]}}