{"id":30358,"date":"2026-02-26T13:55:58","date_gmt":"2026-02-26T11:55:58","guid":{"rendered":"https:\/\/tint.lt\/shop\/?post_type=product&#038;p=30358"},"modified":"2026-03-04T11:31:18","modified_gmt":"2026-03-04T09:31:18","slug":"sott-spray-n-gone-kliju-valiklis","status":"publish","type":"product","link":"https:\/\/tint.lt\/shop\/preke\/sott-spray-n-gone-kliju-valiklis\/","title":{"rendered":"SOTT Spray-N-Gone klij\u0173 valiklis"},"content":{"rendered":"\t\t<div data-elementor-type=\"wp-post\" data-elementor-id=\"30358\" class=\"elementor elementor-30358\">\n\t\t\t\t<div class=\"wd-negative-gap elementor-element elementor-element-cf046d6 e-grid e-con-boxed e-con e-parent\" data-id=\"cf046d6\" data-element_type=\"container\" data-e-type=\"container\">\n\t\t\t\t\t<div class=\"e-con-inner\">\n\t\t\t\t<div class=\"elementor-element elementor-element-2e1c0ca elementor-widget elementor-widget-wd_text_block\" data-id=\"2e1c0ca\" data-element_type=\"widget\" data-e-type=\"widget\" data-widget_type=\"wd_text_block.default\">\n\t\t\t\t<div class=\"elementor-widget-container\">\n\t\t\t\t\t\t\t<div class=\"wd-text-block reset-last-child text-left\">\n\t\t\t\n\t\t\t<p>SOTT Spray-N-Gone- Pur\u0161kiamas klij\u0173 liku\u010di\u0173 valiklis, kuris i\u0161tirpina klijus ir palengvina j\u0173 pa\u0161alinim\u0105 be \u017ealos pavir\u0161iui. Produktas savo sud\u0117tyje neturi agresyvi\u0173 chemini\u0173 med\u017eiag\u0173.<\/p>\n\t\t\t\t\t<\/div>\n\t\t\t\t\t\t<\/div>\n\t\t\t\t<\/div>\n\t\t\t\t<div class=\"elementor-element elementor-element-23d8dcd elementor-widget elementor-widget-wd_text_block\" data-id=\"23d8dcd\" data-element_type=\"widget\" data-e-type=\"widget\" data-widget_type=\"wd_text_block.default\">\n\t\t\t\t<div class=\"elementor-widget-container\">\n\t\t\t\t\t\t\t<div class=\"wd-text-block reset-last-child text-left\">\n\t\t\t\n\t\t\t<p><strong>Naudojimo intrukcija:<\/strong><\/p><ol><li>Purk\u0161kite ant klij\u0173.<\/li><li>Palaukite kelias minutes, kad klijai sumink\u0161t\u0117t\u0173.<\/li><li>Naudokite plastikin\u012f grandikl\u012f klijams nuvalyti.<\/li><li>Naudokite \u0161var\u0173 skudur\u0105, kad surinktum\u0117te mink\u0161tus liku\u010dius.<\/li><\/ol>\n\t\t\t\t\t<\/div>\n\t\t\t\t\t\t<\/div>\n\t\t\t\t<\/div>\n\t\t\t\t\t<\/div>\n\t\t\t\t<\/div>\n\t\t\t\t<\/div>\n\t\t","protected":false},"excerpt":{"rendered":"<p>SOTT Spray-N-Gone- Pur\u0161kiamas klij\u0173 liku\u010di\u0173 valiklis, kuris i\u0161tirpina klijus ir palengvina j\u0173 pa\u0161alinim\u0105 be \u017ealos pavir\u0161iui. Produktas savo sud\u0117tyje neturi<\/p>\n","protected":false},"featured_media":30360,"comment_status":"open","ping_status":"closed","template":"","meta":{"_acf_changed":false},"product_brand":[98],"product_cat":[90,118],"product_tag":[],"class_list":{"0":"post-30358","1":"product","2":"type-product","3":"status-publish","4":"has-post-thumbnail","6":"product_brand-sott","7":"product_cat-irankiai-ir-priemones-pleveliu-klijavimui","8":"product_cat-skysciai-ir-valymo-priemones","10":"first","11":"instock","12":"taxable","13":"shipping-taxable","14":"purchasable","15":"product-type-simple"},"acf":[],"yoast_head":"<!-- This site is optimized with the Yoast SEO plugin v27.5 - https:\/\/yoast.com\/product\/yoast-seo-wordpress\/ -->\n<title>SOTT Spray-N-Gone klij\u0173 valiklis - Tint<\/title>\n<meta name=\"robots\" content=\"index, follow, max-snippet:-1, max-image-preview:large, max-video-preview:-1\" \/>\n<link rel=\"canonical\" href=\"https:\/\/tint.lt\/shop\/preke\/sott-spray-n-gone-kliju-valiklis\/\" \/>\n<meta property=\"og:locale\" content=\"lt_LT\" \/>\n<meta property=\"og:type\" content=\"article\" \/>\n<meta property=\"og:title\" content=\"SOTT Spray-N-Gone klij\u0173 valiklis - Tint\" \/>\n<meta property=\"og:description\" content=\"SOTT Spray-N-Gone- Pur\u0161kiamas klij\u0173 liku\u010di\u0173 valiklis, kuris i\u0161tirpina klijus ir palengvina j\u0173 pa\u0161alinim\u0105 be \u017ealos pavir\u0161iui. Produktas savo sud\u0117tyje neturi\" \/>\n<meta property=\"og:url\" content=\"https:\/\/tint.lt\/shop\/preke\/sott-spray-n-gone-kliju-valiklis\/\" \/>\n<meta property=\"og:site_name\" content=\"Tint\" \/>\n<meta property=\"article:modified_time\" content=\"2026-03-04T09:31:18+00:00\" \/>\n<meta property=\"og:image\" content=\"https:\/\/tint.lt\/shop\/wp-content\/uploads\/2026\/02\/FLES-Spray-n-gone-kliju-valiklis-1ltr-600-Z0440.jpg\" \/>\n\t<meta property=\"og:image:width\" content=\"900\" \/>\n\t<meta property=\"og:image:height\" content=\"900\" \/>\n\t<meta property=\"og:image:type\" content=\"image\/jpeg\" \/>\n<meta name=\"twitter:card\" content=\"summary_large_image\" \/>\n<script type=\"application\/ld+json\" class=\"yoast-schema-graph\">{\"@context\":\"https:\\\/\\\/schema.org\",\"@graph\":[{\"@type\":\"WebPage\",\"@id\":\"https:\\\/\\\/tint.lt\\\/shop\\\/preke\\\/sott-spray-n-gone-kliju-valiklis\\\/\",\"url\":\"https:\\\/\\\/tint.lt\\\/shop\\\/preke\\\/sott-spray-n-gone-kliju-valiklis\\\/\",\"name\":\"SOTT Spray-N-Gone klij\u0173 valiklis - Tint\",\"isPartOf\":{\"@id\":\"https:\\\/\\\/tint.lt\\\/shop\\\/#website\"},\"primaryImageOfPage\":{\"@id\":\"https:\\\/\\\/tint.lt\\\/shop\\\/preke\\\/sott-spray-n-gone-kliju-valiklis\\\/#primaryimage\"},\"image\":{\"@id\":\"https:\\\/\\\/tint.lt\\\/shop\\\/preke\\\/sott-spray-n-gone-kliju-valiklis\\\/#primaryimage\"},\"thumbnailUrl\":\"https:\\\/\\\/tint.lt\\\/shop\\\/wp-content\\\/uploads\\\/2026\\\/02\\\/FLES-Spray-n-gone-kliju-valiklis-1ltr-600-Z0440.jpg\",\"datePublished\":\"2026-02-26T11:55:58+00:00\",\"dateModified\":\"2026-03-04T09:31:18+00:00\",\"breadcrumb\":{\"@id\":\"https:\\\/\\\/tint.lt\\\/shop\\\/preke\\\/sott-spray-n-gone-kliju-valiklis\\\/#breadcrumb\"},\"inLanguage\":\"lt-LT\",\"potentialAction\":[{\"@type\":\"ReadAction\",\"target\":[\"https:\\\/\\\/tint.lt\\\/shop\\\/preke\\\/sott-spray-n-gone-kliju-valiklis\\\/\"]}]},{\"@type\":\"ImageObject\",\"inLanguage\":\"lt-LT\",\"@id\":\"https:\\\/\\\/tint.lt\\\/shop\\\/preke\\\/sott-spray-n-gone-kliju-valiklis\\\/#primaryimage\",\"url\":\"https:\\\/\\\/tint.lt\\\/shop\\\/wp-content\\\/uploads\\\/2026\\\/02\\\/FLES-Spray-n-gone-kliju-valiklis-1ltr-600-Z0440.jpg\",\"contentUrl\":\"https:\\\/\\\/tint.lt\\\/shop\\\/wp-content\\\/uploads\\\/2026\\\/02\\\/FLES-Spray-n-gone-kliju-valiklis-1ltr-600-Z0440.jpg\",\"width\":900,\"height\":900,\"caption\":\"SOTT Spray n gone kliju valiklis 1ltr\"},{\"@type\":\"BreadcrumbList\",\"@id\":\"https:\\\/\\\/tint.lt\\\/shop\\\/preke\\\/sott-spray-n-gone-kliju-valiklis\\\/#breadcrumb\",\"itemListElement\":[{\"@type\":\"ListItem\",\"position\":1,\"name\":\"Home\",\"item\":\"https:\\\/\\\/tint.lt\\\/shop\\\/\"},{\"@type\":\"ListItem\",\"position\":2,\"name\":\"Parduotuv\u0117\",\"item\":\"https:\\\/\\\/tint.lt\\\/shop\\\/produktai\\\/\"},{\"@type\":\"ListItem\",\"position\":3,\"name\":\"SOTT Spray-N-Gone klij\u0173 valiklis\"}]},{\"@type\":\"WebSite\",\"@id\":\"https:\\\/\\\/tint.lt\\\/shop\\\/#website\",\"url\":\"https:\\\/\\\/tint.lt\\\/shop\\\/\",\"name\":\"Tint.lt\",\"description\":\"El. parduotuv\u0117\",\"publisher\":{\"@id\":\"https:\\\/\\\/tint.lt\\\/shop\\\/#organization\"},\"potentialAction\":[{\"@type\":\"SearchAction\",\"target\":{\"@type\":\"EntryPoint\",\"urlTemplate\":\"https:\\\/\\\/tint.lt\\\/shop\\\/?s={search_term_string}\"},\"query-input\":{\"@type\":\"PropertyValueSpecification\",\"valueRequired\":true,\"valueName\":\"search_term_string\"}}],\"inLanguage\":\"lt-LT\"},{\"@type\":\"Organization\",\"@id\":\"https:\\\/\\\/tint.lt\\\/shop\\\/#organization\",\"name\":\"Tint.lt\",\"url\":\"https:\\\/\\\/tint.lt\\\/shop\\\/\",\"logo\":{\"@type\":\"ImageObject\",\"inLanguage\":\"lt-LT\",\"@id\":\"https:\\\/\\\/tint.lt\\\/shop\\\/#\\\/schema\\\/logo\\\/image\\\/\",\"url\":\"https:\\\/\\\/tint.lt\\\/shop\\\/wp-content\\\/uploads\\\/2026\\\/02\\\/TINT_lipnios_pleveles_profesionalams_grey.png\",\"contentUrl\":\"https:\\\/\\\/tint.lt\\\/shop\\\/wp-content\\\/uploads\\\/2026\\\/02\\\/TINT_lipnios_pleveles_profesionalams_grey.png\",\"width\":1265,\"height\":460,\"caption\":\"Tint.lt\"},\"image\":{\"@id\":\"https:\\\/\\\/tint.lt\\\/shop\\\/#\\\/schema\\\/logo\\\/image\\\/\"}}]}<\/script>\n<!-- \/ Yoast SEO plugin. -->","yoast_head_json":{"title":"SOTT Spray-N-Gone klij\u0173 valiklis - Tint","robots":{"index":"index","follow":"follow","max-snippet":"max-snippet:-1","max-image-preview":"max-image-preview:large","max-video-preview":"max-video-preview:-1"},"canonical":"https:\/\/tint.lt\/shop\/preke\/sott-spray-n-gone-kliju-valiklis\/","og_locale":"lt_LT","og_type":"article","og_title":"SOTT Spray-N-Gone klij\u0173 valiklis - Tint","og_description":"SOTT Spray-N-Gone- Pur\u0161kiamas klij\u0173 liku\u010di\u0173 valiklis, kuris i\u0161tirpina klijus ir palengvina j\u0173 pa\u0161alinim\u0105 be \u017ealos pavir\u0161iui. Produktas savo sud\u0117tyje neturi","og_url":"https:\/\/tint.lt\/shop\/preke\/sott-spray-n-gone-kliju-valiklis\/","og_site_name":"Tint","article_modified_time":"2026-03-04T09:31:18+00:00","og_image":[{"width":900,"height":900,"url":"https:\/\/tint.lt\/shop\/wp-content\/uploads\/2026\/02\/FLES-Spray-n-gone-kliju-valiklis-1ltr-600-Z0440.jpg","type":"image\/jpeg"}],"twitter_card":"summary_large_image","schema":{"@context":"https:\/\/schema.org","@graph":[{"@type":"WebPage","@id":"https:\/\/tint.lt\/shop\/preke\/sott-spray-n-gone-kliju-valiklis\/","url":"https:\/\/tint.lt\/shop\/preke\/sott-spray-n-gone-kliju-valiklis\/","name":"SOTT Spray-N-Gone klij\u0173 valiklis - Tint","isPartOf":{"@id":"https:\/\/tint.lt\/shop\/#website"},"primaryImageOfPage":{"@id":"https:\/\/tint.lt\/shop\/preke\/sott-spray-n-gone-kliju-valiklis\/#primaryimage"},"image":{"@id":"https:\/\/tint.lt\/shop\/preke\/sott-spray-n-gone-kliju-valiklis\/#primaryimage"},"thumbnailUrl":"https:\/\/tint.lt\/shop\/wp-content\/uploads\/2026\/02\/FLES-Spray-n-gone-kliju-valiklis-1ltr-600-Z0440.jpg","datePublished":"2026-02-26T11:55:58+00:00","dateModified":"2026-03-04T09:31:18+00:00","breadcrumb":{"@id":"https:\/\/tint.lt\/shop\/preke\/sott-spray-n-gone-kliju-valiklis\/#breadcrumb"},"inLanguage":"lt-LT","potentialAction":[{"@type":"ReadAction","target":["https:\/\/tint.lt\/shop\/preke\/sott-spray-n-gone-kliju-valiklis\/"]}]},{"@type":"ImageObject","inLanguage":"lt-LT","@id":"https:\/\/tint.lt\/shop\/preke\/sott-spray-n-gone-kliju-valiklis\/#primaryimage","url":"https:\/\/tint.lt\/shop\/wp-content\/uploads\/2026\/02\/FLES-Spray-n-gone-kliju-valiklis-1ltr-600-Z0440.jpg","contentUrl":"https:\/\/tint.lt\/shop\/wp-content\/uploads\/2026\/02\/FLES-Spray-n-gone-kliju-valiklis-1ltr-600-Z0440.jpg","width":900,"height":900,"caption":"SOTT Spray n gone kliju valiklis 1ltr"},{"@type":"BreadcrumbList","@id":"https:\/\/tint.lt\/shop\/preke\/sott-spray-n-gone-kliju-valiklis\/#breadcrumb","itemListElement":[{"@type":"ListItem","position":1,"name":"Home","item":"https:\/\/tint.lt\/shop\/"},{"@type":"ListItem","position":2,"name":"Parduotuv\u0117","item":"https:\/\/tint.lt\/shop\/produktai\/"},{"@type":"ListItem","position":3,"name":"SOTT Spray-N-Gone klij\u0173 valiklis"}]},{"@type":"WebSite","@id":"https:\/\/tint.lt\/shop\/#website","url":"https:\/\/tint.lt\/shop\/","name":"Tint.lt","description":"El. parduotuv\u0117","publisher":{"@id":"https:\/\/tint.lt\/shop\/#organization"},"potentialAction":[{"@type":"SearchAction","target":{"@type":"EntryPoint","urlTemplate":"https:\/\/tint.lt\/shop\/?s={search_term_string}"},"query-input":{"@type":"PropertyValueSpecification","valueRequired":true,"valueName":"search_term_string"}}],"inLanguage":"lt-LT"},{"@type":"Organization","@id":"https:\/\/tint.lt\/shop\/#organization","name":"Tint.lt","url":"https:\/\/tint.lt\/shop\/","logo":{"@type":"ImageObject","inLanguage":"lt-LT","@id":"https:\/\/tint.lt\/shop\/#\/schema\/logo\/image\/","url":"https:\/\/tint.lt\/shop\/wp-content\/uploads\/2026\/02\/TINT_lipnios_pleveles_profesionalams_grey.png","contentUrl":"https:\/\/tint.lt\/shop\/wp-content\/uploads\/2026\/02\/TINT_lipnios_pleveles_profesionalams_grey.png","width":1265,"height":460,"caption":"Tint.lt"},"image":{"@id":"https:\/\/tint.lt\/shop\/#\/schema\/logo\/image\/"}}]}},"_links":{"self":[{"href":"https:\/\/tint.lt\/shop\/wp-json\/wp\/v2\/product\/30358","targetHints":{"allow":["GET"]}}],"collection":[{"href":"https:\/\/tint.lt\/shop\/wp-json\/wp\/v2\/product"}],"about":[{"href":"https:\/\/tint.lt\/shop\/wp-json\/wp\/v2\/types\/product"}],"replies":[{"embeddable":true,"href":"https:\/\/tint.lt\/shop\/wp-json\/wp\/v2\/comments?post=30358"}],"version-history":[{"count":5,"href":"https:\/\/tint.lt\/shop\/wp-json\/wp\/v2\/product\/30358\/revisions"}],"predecessor-version":[{"id":30512,"href":"https:\/\/tint.lt\/shop\/wp-json\/wp\/v2\/product\/30358\/revisions\/30512"}],"wp:featuredmedia":[{"embeddable":true,"href":"https:\/\/tint.lt\/shop\/wp-json\/wp\/v2\/media\/30360"}],"wp:attachment":[{"href":"https:\/\/tint.lt\/shop\/wp-json\/wp\/v2\/media?parent=30358"}],"wp:term":[{"taxonomy":"product_brand","embeddable":true,"href":"https:\/\/tint.lt\/shop\/wp-json\/wp\/v2\/product_brand?post=30358"},{"taxonomy":"product_cat","embeddable":true,"href":"https:\/\/tint.lt\/shop\/wp-json\/wp\/v2\/product_cat?post=30358"},{"taxonomy":"product_tag","embeddable":true,"href":"https:\/\/tint.lt\/shop\/wp-json\/wp\/v2\/product_tag?post=30358"}],"curies":[{"name":"wp","href":"https:\/\/api.w.org\/{rel}","templated":true}]}}