{"id":30477,"date":"2026-02-27T09:49:14","date_gmt":"2026-02-27T07:49:14","guid":{"rendered":"https:\/\/tint.lt\/shop\/?post_type=product&#038;p=30477"},"modified":"2026-03-27T11:08:57","modified_gmt":"2026-03-27T09:08:57","slug":"dac-crystal-glass-prof-cleaner-stiklu-valiklis-5l","status":"publish","type":"product","link":"https:\/\/tint.lt\/shop\/preke\/dac-crystal-glass-prof-cleaner-stiklu-valiklis-5l\/","title":{"rendered":"DAC Crystal Glass Prof Cleaner &#8211; Stikl\u0173 valiklis (5L)"},"content":{"rendered":"\t\t<div data-elementor-type=\"wp-post\" data-elementor-id=\"30477\" class=\"elementor elementor-30477\">\n\t\t\t\t<div class=\"wd-negative-gap elementor-element elementor-element-18a9fb0 e-grid e-con-boxed e-con e-parent\" data-id=\"18a9fb0\" data-element_type=\"container\" data-e-type=\"container\">\n\t\t\t\t\t<div class=\"e-con-inner\">\n\t\t\t\t<div class=\"elementor-element elementor-element-00b64c4 elementor-widget elementor-widget-wd_text_block\" data-id=\"00b64c4\" data-element_type=\"widget\" data-e-type=\"widget\" data-widget_type=\"wd_text_block.default\">\n\t\t\t\t<div class=\"elementor-widget-container\">\n\t\t\t\t\t\t\t<div class=\"wd-text-block reset-last-child text-left\">\n\t\t\t\n\t\t\t<p>Profesionali automobili\u0173 stikl\u0173 valymo priemon\u0117, efektyviai \u0161alinanti net stiprius ne\u0161varumus. Greitai nuvalo pir\u0161t\u0173 atspaudus, kelio dulkes, silikon\u0105, tepalus ir tabako d\u0117mes, nepalikdama dry\u017ei\u0173 ar valymo \u017eymi\u0173.<\/p>\n\t\t\t\t\t<\/div>\n\t\t\t\t\t\t<\/div>\n\t\t\t\t<\/div>\n\t\t\t\t<div class=\"elementor-element elementor-element-ee0a762 elementor-widget elementor-widget-wd_text_block\" data-id=\"ee0a762\" data-element_type=\"widget\" data-e-type=\"widget\" data-widget_type=\"wd_text_block.default\">\n\t\t\t\t<div class=\"elementor-widget-container\">\n\t\t\t\t\t\t\t<div class=\"wd-text-block reset-last-child text-left\">\n\t\t\t\n\t\t\t<p><strong data-start=\"73\" data-end=\"93\">Naudojimo b\u016bdas:<\/strong><\/p><p>U\u017epurk\u0161kite \u201eDAC Crystal Glass Prof Cleaner\u201c ant valomo pavir\u0161iaus ir nuvalykite \u0161luoste. Priemon\u0117 efektyviai pa\u0161alina pir\u0161t\u0173 atspaudus, kelio dulkes, silikon\u0105, tepal\u0173 liku\u010dius ir tabako d\u0117mes. Nepalieka valymo \u017eymi\u0173.<\/p>\n\t\t\t\t\t<\/div>\n\t\t\t\t\t\t<\/div>\n\t\t\t\t<\/div>\n\t\t\t\t\t<\/div>\n\t\t\t\t<\/div>\n\t\t\t\t<\/div>\n\t\t","protected":false},"excerpt":{"rendered":"<p>Profesionali automobili\u0173 stikl\u0173 valymo priemon\u0117, efektyviai \u0161alinanti net stiprius ne\u0161varumus. Greitai nuvalo pir\u0161t\u0173 atspaudus, kelio dulkes, silikon\u0105, tepalus ir tabako<\/p>\n","protected":false},"featured_media":30478,"comment_status":"open","ping_status":"closed","template":"","meta":{"_acf_changed":false},"product_brand":[],"product_cat":[90,118],"product_tag":[],"class_list":{"0":"post-30477","1":"product","2":"type-product","3":"status-publish","4":"has-post-thumbnail","6":"product_cat-irankiai-ir-priemones-pleveliu-klijavimui","7":"product_cat-skysciai-ir-valymo-priemones","9":"first","10":"instock","11":"taxable","12":"shipping-taxable","13":"purchasable","14":"product-type-simple"},"acf":[],"yoast_head":"<!-- This site is optimized with the Yoast SEO plugin v27.5 - https:\/\/yoast.com\/product\/yoast-seo-wordpress\/ -->\n<title>DAC Crystal Glass Prof Cleaner - Stikl\u0173 valiklis (5L) - Tint<\/title>\n<meta name=\"robots\" content=\"index, follow, max-snippet:-1, max-image-preview:large, max-video-preview:-1\" \/>\n<link rel=\"canonical\" href=\"https:\/\/tint.lt\/shop\/preke\/dac-crystal-glass-prof-cleaner-stiklu-valiklis-5l\/\" \/>\n<meta property=\"og:locale\" content=\"lt_LT\" \/>\n<meta property=\"og:type\" content=\"article\" \/>\n<meta property=\"og:title\" content=\"DAC Crystal Glass Prof Cleaner - Stikl\u0173 valiklis (5L) - Tint\" \/>\n<meta property=\"og:description\" content=\"Profesionali automobili\u0173 stikl\u0173 valymo priemon\u0117, efektyviai \u0161alinanti net stiprius ne\u0161varumus. Greitai nuvalo pir\u0161t\u0173 atspaudus, kelio dulkes, silikon\u0105, tepalus ir tabako\" \/>\n<meta property=\"og:url\" content=\"https:\/\/tint.lt\/shop\/preke\/dac-crystal-glass-prof-cleaner-stiklu-valiklis-5l\/\" \/>\n<meta property=\"og:site_name\" content=\"Tint\" \/>\n<meta property=\"article:modified_time\" content=\"2026-03-27T09:08:57+00:00\" \/>\n<meta property=\"og:image\" content=\"https:\/\/tint.lt\/shop\/wp-content\/uploads\/2026\/02\/DAC-5L.jpg\" \/>\n\t<meta property=\"og:image:width\" content=\"900\" \/>\n\t<meta property=\"og:image:height\" content=\"900\" \/>\n\t<meta property=\"og:image:type\" content=\"image\/jpeg\" \/>\n<meta name=\"twitter:card\" content=\"summary_large_image\" \/>\n<script type=\"application\/ld+json\" class=\"yoast-schema-graph\">{\"@context\":\"https:\\\/\\\/schema.org\",\"@graph\":[{\"@type\":\"WebPage\",\"@id\":\"https:\\\/\\\/tint.lt\\\/shop\\\/preke\\\/dac-crystal-glass-prof-cleaner-stiklu-valiklis-5l\\\/\",\"url\":\"https:\\\/\\\/tint.lt\\\/shop\\\/preke\\\/dac-crystal-glass-prof-cleaner-stiklu-valiklis-5l\\\/\",\"name\":\"DAC Crystal Glass Prof Cleaner - Stikl\u0173 valiklis (5L) - Tint\",\"isPartOf\":{\"@id\":\"https:\\\/\\\/tint.lt\\\/shop\\\/#website\"},\"primaryImageOfPage\":{\"@id\":\"https:\\\/\\\/tint.lt\\\/shop\\\/preke\\\/dac-crystal-glass-prof-cleaner-stiklu-valiklis-5l\\\/#primaryimage\"},\"image\":{\"@id\":\"https:\\\/\\\/tint.lt\\\/shop\\\/preke\\\/dac-crystal-glass-prof-cleaner-stiklu-valiklis-5l\\\/#primaryimage\"},\"thumbnailUrl\":\"https:\\\/\\\/tint.lt\\\/shop\\\/wp-content\\\/uploads\\\/2026\\\/02\\\/DAC-5L.jpg\",\"datePublished\":\"2026-02-27T07:49:14+00:00\",\"dateModified\":\"2026-03-27T09:08:57+00:00\",\"breadcrumb\":{\"@id\":\"https:\\\/\\\/tint.lt\\\/shop\\\/preke\\\/dac-crystal-glass-prof-cleaner-stiklu-valiklis-5l\\\/#breadcrumb\"},\"inLanguage\":\"lt-LT\",\"potentialAction\":[{\"@type\":\"ReadAction\",\"target\":[\"https:\\\/\\\/tint.lt\\\/shop\\\/preke\\\/dac-crystal-glass-prof-cleaner-stiklu-valiklis-5l\\\/\"]}]},{\"@type\":\"ImageObject\",\"inLanguage\":\"lt-LT\",\"@id\":\"https:\\\/\\\/tint.lt\\\/shop\\\/preke\\\/dac-crystal-glass-prof-cleaner-stiklu-valiklis-5l\\\/#primaryimage\",\"url\":\"https:\\\/\\\/tint.lt\\\/shop\\\/wp-content\\\/uploads\\\/2026\\\/02\\\/DAC-5L.jpg\",\"contentUrl\":\"https:\\\/\\\/tint.lt\\\/shop\\\/wp-content\\\/uploads\\\/2026\\\/02\\\/DAC-5L.jpg\",\"width\":900,\"height\":900,\"caption\":\"DAC Crystal Glass Prof Cleaner\"},{\"@type\":\"BreadcrumbList\",\"@id\":\"https:\\\/\\\/tint.lt\\\/shop\\\/preke\\\/dac-crystal-glass-prof-cleaner-stiklu-valiklis-5l\\\/#breadcrumb\",\"itemListElement\":[{\"@type\":\"ListItem\",\"position\":1,\"name\":\"Home\",\"item\":\"https:\\\/\\\/tint.lt\\\/shop\\\/\"},{\"@type\":\"ListItem\",\"position\":2,\"name\":\"Parduotuv\u0117\",\"item\":\"https:\\\/\\\/tint.lt\\\/shop\\\/produktai\\\/\"},{\"@type\":\"ListItem\",\"position\":3,\"name\":\"DAC Crystal Glass Prof Cleaner &#8211; Stikl\u0173 valiklis (5L)\"}]},{\"@type\":\"WebSite\",\"@id\":\"https:\\\/\\\/tint.lt\\\/shop\\\/#website\",\"url\":\"https:\\\/\\\/tint.lt\\\/shop\\\/\",\"name\":\"Tint.lt\",\"description\":\"El. parduotuv\u0117\",\"publisher\":{\"@id\":\"https:\\\/\\\/tint.lt\\\/shop\\\/#organization\"},\"potentialAction\":[{\"@type\":\"SearchAction\",\"target\":{\"@type\":\"EntryPoint\",\"urlTemplate\":\"https:\\\/\\\/tint.lt\\\/shop\\\/?s={search_term_string}\"},\"query-input\":{\"@type\":\"PropertyValueSpecification\",\"valueRequired\":true,\"valueName\":\"search_term_string\"}}],\"inLanguage\":\"lt-LT\"},{\"@type\":\"Organization\",\"@id\":\"https:\\\/\\\/tint.lt\\\/shop\\\/#organization\",\"name\":\"Tint.lt\",\"url\":\"https:\\\/\\\/tint.lt\\\/shop\\\/\",\"logo\":{\"@type\":\"ImageObject\",\"inLanguage\":\"lt-LT\",\"@id\":\"https:\\\/\\\/tint.lt\\\/shop\\\/#\\\/schema\\\/logo\\\/image\\\/\",\"url\":\"https:\\\/\\\/tint.lt\\\/shop\\\/wp-content\\\/uploads\\\/2026\\\/02\\\/TINT_lipnios_pleveles_profesionalams_grey.png\",\"contentUrl\":\"https:\\\/\\\/tint.lt\\\/shop\\\/wp-content\\\/uploads\\\/2026\\\/02\\\/TINT_lipnios_pleveles_profesionalams_grey.png\",\"width\":1265,\"height\":460,\"caption\":\"Tint.lt\"},\"image\":{\"@id\":\"https:\\\/\\\/tint.lt\\\/shop\\\/#\\\/schema\\\/logo\\\/image\\\/\"}}]}<\/script>\n<!-- \/ Yoast SEO plugin. -->","yoast_head_json":{"title":"DAC Crystal Glass Prof Cleaner - Stikl\u0173 valiklis (5L) - Tint","robots":{"index":"index","follow":"follow","max-snippet":"max-snippet:-1","max-image-preview":"max-image-preview:large","max-video-preview":"max-video-preview:-1"},"canonical":"https:\/\/tint.lt\/shop\/preke\/dac-crystal-glass-prof-cleaner-stiklu-valiklis-5l\/","og_locale":"lt_LT","og_type":"article","og_title":"DAC Crystal Glass Prof Cleaner - Stikl\u0173 valiklis (5L) - Tint","og_description":"Profesionali automobili\u0173 stikl\u0173 valymo priemon\u0117, efektyviai \u0161alinanti net stiprius ne\u0161varumus. Greitai nuvalo pir\u0161t\u0173 atspaudus, kelio dulkes, silikon\u0105, tepalus ir tabako","og_url":"https:\/\/tint.lt\/shop\/preke\/dac-crystal-glass-prof-cleaner-stiklu-valiklis-5l\/","og_site_name":"Tint","article_modified_time":"2026-03-27T09:08:57+00:00","og_image":[{"width":900,"height":900,"url":"https:\/\/tint.lt\/shop\/wp-content\/uploads\/2026\/02\/DAC-5L.jpg","type":"image\/jpeg"}],"twitter_card":"summary_large_image","schema":{"@context":"https:\/\/schema.org","@graph":[{"@type":"WebPage","@id":"https:\/\/tint.lt\/shop\/preke\/dac-crystal-glass-prof-cleaner-stiklu-valiklis-5l\/","url":"https:\/\/tint.lt\/shop\/preke\/dac-crystal-glass-prof-cleaner-stiklu-valiklis-5l\/","name":"DAC Crystal Glass Prof Cleaner - Stikl\u0173 valiklis (5L) - Tint","isPartOf":{"@id":"https:\/\/tint.lt\/shop\/#website"},"primaryImageOfPage":{"@id":"https:\/\/tint.lt\/shop\/preke\/dac-crystal-glass-prof-cleaner-stiklu-valiklis-5l\/#primaryimage"},"image":{"@id":"https:\/\/tint.lt\/shop\/preke\/dac-crystal-glass-prof-cleaner-stiklu-valiklis-5l\/#primaryimage"},"thumbnailUrl":"https:\/\/tint.lt\/shop\/wp-content\/uploads\/2026\/02\/DAC-5L.jpg","datePublished":"2026-02-27T07:49:14+00:00","dateModified":"2026-03-27T09:08:57+00:00","breadcrumb":{"@id":"https:\/\/tint.lt\/shop\/preke\/dac-crystal-glass-prof-cleaner-stiklu-valiklis-5l\/#breadcrumb"},"inLanguage":"lt-LT","potentialAction":[{"@type":"ReadAction","target":["https:\/\/tint.lt\/shop\/preke\/dac-crystal-glass-prof-cleaner-stiklu-valiklis-5l\/"]}]},{"@type":"ImageObject","inLanguage":"lt-LT","@id":"https:\/\/tint.lt\/shop\/preke\/dac-crystal-glass-prof-cleaner-stiklu-valiklis-5l\/#primaryimage","url":"https:\/\/tint.lt\/shop\/wp-content\/uploads\/2026\/02\/DAC-5L.jpg","contentUrl":"https:\/\/tint.lt\/shop\/wp-content\/uploads\/2026\/02\/DAC-5L.jpg","width":900,"height":900,"caption":"DAC Crystal Glass Prof Cleaner"},{"@type":"BreadcrumbList","@id":"https:\/\/tint.lt\/shop\/preke\/dac-crystal-glass-prof-cleaner-stiklu-valiklis-5l\/#breadcrumb","itemListElement":[{"@type":"ListItem","position":1,"name":"Home","item":"https:\/\/tint.lt\/shop\/"},{"@type":"ListItem","position":2,"name":"Parduotuv\u0117","item":"https:\/\/tint.lt\/shop\/produktai\/"},{"@type":"ListItem","position":3,"name":"DAC Crystal Glass Prof Cleaner &#8211; Stikl\u0173 valiklis (5L)"}]},{"@type":"WebSite","@id":"https:\/\/tint.lt\/shop\/#website","url":"https:\/\/tint.lt\/shop\/","name":"Tint.lt","description":"El. parduotuv\u0117","publisher":{"@id":"https:\/\/tint.lt\/shop\/#organization"},"potentialAction":[{"@type":"SearchAction","target":{"@type":"EntryPoint","urlTemplate":"https:\/\/tint.lt\/shop\/?s={search_term_string}"},"query-input":{"@type":"PropertyValueSpecification","valueRequired":true,"valueName":"search_term_string"}}],"inLanguage":"lt-LT"},{"@type":"Organization","@id":"https:\/\/tint.lt\/shop\/#organization","name":"Tint.lt","url":"https:\/\/tint.lt\/shop\/","logo":{"@type":"ImageObject","inLanguage":"lt-LT","@id":"https:\/\/tint.lt\/shop\/#\/schema\/logo\/image\/","url":"https:\/\/tint.lt\/shop\/wp-content\/uploads\/2026\/02\/TINT_lipnios_pleveles_profesionalams_grey.png","contentUrl":"https:\/\/tint.lt\/shop\/wp-content\/uploads\/2026\/02\/TINT_lipnios_pleveles_profesionalams_grey.png","width":1265,"height":460,"caption":"Tint.lt"},"image":{"@id":"https:\/\/tint.lt\/shop\/#\/schema\/logo\/image\/"}}]}},"_links":{"self":[{"href":"https:\/\/tint.lt\/shop\/wp-json\/wp\/v2\/product\/30477","targetHints":{"allow":["GET"]}}],"collection":[{"href":"https:\/\/tint.lt\/shop\/wp-json\/wp\/v2\/product"}],"about":[{"href":"https:\/\/tint.lt\/shop\/wp-json\/wp\/v2\/types\/product"}],"replies":[{"embeddable":true,"href":"https:\/\/tint.lt\/shop\/wp-json\/wp\/v2\/comments?post=30477"}],"version-history":[{"count":5,"href":"https:\/\/tint.lt\/shop\/wp-json\/wp\/v2\/product\/30477\/revisions"}],"predecessor-version":[{"id":30803,"href":"https:\/\/tint.lt\/shop\/wp-json\/wp\/v2\/product\/30477\/revisions\/30803"}],"wp:featuredmedia":[{"embeddable":true,"href":"https:\/\/tint.lt\/shop\/wp-json\/wp\/v2\/media\/30478"}],"wp:attachment":[{"href":"https:\/\/tint.lt\/shop\/wp-json\/wp\/v2\/media?parent=30477"}],"wp:term":[{"taxonomy":"product_brand","embeddable":true,"href":"https:\/\/tint.lt\/shop\/wp-json\/wp\/v2\/product_brand?post=30477"},{"taxonomy":"product_cat","embeddable":true,"href":"https:\/\/tint.lt\/shop\/wp-json\/wp\/v2\/product_cat?post=30477"},{"taxonomy":"product_tag","embeddable":true,"href":"https:\/\/tint.lt\/shop\/wp-json\/wp\/v2\/product_tag?post=30477"}],"curies":[{"name":"wp","href":"https:\/\/api.w.org\/{rel}","templated":true}]}}