{"id":30548,"date":"2026-02-27T15:24:34","date_gmt":"2026-02-27T13:24:34","guid":{"rendered":"https:\/\/tint.lt\/shop\/?post_type=product&#038;p=30548"},"modified":"2026-05-15T03:00:14","modified_gmt":"2026-05-15T00:00:14","slug":"braukle-su-rankena-vandens-isstumimui-14-x-15-cm","status":"publish","type":"product","link":"https:\/\/tint.lt\/shop\/preke\/braukle-su-rankena-vandens-isstumimui-14-x-15-cm\/","title":{"rendered":"Braukl\u0117 su rankena, vandens i\u0161st\u016bmimui 14 x 15 (cm)"},"content":{"rendered":"\t\t<div data-elementor-type=\"wp-post\" data-elementor-id=\"30548\" class=\"elementor elementor-30548\">\n\t\t\t\t<div class=\"wd-negative-gap elementor-element elementor-element-4412d00 e-grid e-con-boxed e-con e-parent\" data-id=\"4412d00\" data-element_type=\"container\" data-e-type=\"container\">\n\t\t\t\t\t<div class=\"e-con-inner\">\n\t\t\t\t<div class=\"elementor-element elementor-element-581d781 elementor-widget elementor-widget-wd_text_block\" data-id=\"581d781\" data-element_type=\"widget\" data-e-type=\"widget\" data-widget_type=\"wd_text_block.default\">\n\t\t\t\t<div class=\"elementor-widget-container\">\n\t\t\t\t\t\t\t<div class=\"wd-text-block reset-last-child text-left\">\n\t\t\t\n\t\t\t<p>Profesionali braukl\u0117 su ergonomi\u0161ka rankena, skirta lang\u0173, vitrin\u0173 ir automobili\u0173 pl\u0117veli\u0173 klijavimui. Tvorta konstrukcija ir kokybi\u0161ka gumin\u0117 briauna leid\u017eia efektyviai i\u0161spausti vanden\u012f bei oro burbuliukus, u\u017etikrinant lyg\u0173 ir \u0161var\u0173 rezultat\u0105.<\/p><p>D\u0117l patogios rankenos \u012frankis patikimai laikosi rankoje ir leid\u017eia dirbti greitai bei tiksliai net ir didesniuose plotuose. Mink\u0161ta, ta\u010diau atspari guma nebrai\u017eo pavir\u0161iaus ir yra saugi naudoti ant stiklo, da\u017eyt\u0173 pavir\u0161i\u0173 ar apsaugini\u0173 pl\u0117veli\u0173.<\/p>\n\t\t\t\t\t<\/div>\n\t\t\t\t\t\t<\/div>\n\t\t\t\t<\/div>\n\t\t\t\t<div class=\"elementor-element elementor-element-379d3e6 elementor-widget elementor-widget-wd_text_block\" data-id=\"379d3e6\" data-element_type=\"widget\" data-e-type=\"widget\" data-widget_type=\"wd_text_block.default\">\n\t\t\t\t<div class=\"elementor-widget-container\">\n\t\t\t\t\t\t\t<div class=\"wd-text-block reset-last-child text-left\">\n\t\t\t\n\t\t\t<p><strong>Privalumai:<\/strong><\/p><ul><li>Ergonomi\u0161ka, patogi rankena<\/li><li>Kokybi\u0161ka ir ilgaam\u017e\u0117 gumin\u0117 briauna<\/li><li>Efektyviai pa\u0161alina vanden\u012f ir or\u0105 po pl\u0117vele<\/li><li>Tinka automobili\u0173 ir pastat\u0173 pl\u0117veli\u0173 klijavimui<\/li><\/ul>\n\t\t\t\t\t<\/div>\n\t\t\t\t\t\t<\/div>\n\t\t\t\t<\/div>\n\t\t\t\t\t<\/div>\n\t\t\t\t<\/div>\n\t\t\t\t<\/div>\n\t\t","protected":false},"excerpt":{"rendered":"<p>Profesionali braukl\u0117 su ergonomi\u0161ka rankena, skirta lang\u0173, vitrin\u0173 ir automobili\u0173 pl\u0117veli\u0173 klijavimui. Tvorta konstrukcija ir kokybi\u0161ka gumin\u0117 briauna leid\u017eia efektyviai<\/p>\n","protected":false},"featured_media":30549,"comment_status":"open","ping_status":"closed","template":"","meta":{"_acf_changed":false},"product_brand":[],"product_cat":[119,90],"product_tag":[],"class_list":{"0":"post-30548","1":"product","2":"type-product","3":"status-publish","4":"has-post-thumbnail","6":"product_cat-braukles","7":"product_cat-irankiai-ir-priemones-pleveliu-klijavimui","9":"first","10":"instock","11":"taxable","12":"shipping-taxable","13":"purchasable","14":"product-type-simple"},"acf":[],"yoast_head":"<!-- This site is optimized with the Yoast SEO plugin v27.5 - https:\/\/yoast.com\/product\/yoast-seo-wordpress\/ -->\n<title>Braukl\u0117 su rankena, vandens i\u0161st\u016bmimui 14 x 15 (cm) - Tint<\/title>\n<meta name=\"robots\" content=\"index, follow, max-snippet:-1, max-image-preview:large, max-video-preview:-1\" \/>\n<link rel=\"canonical\" href=\"https:\/\/tint.lt\/shop\/preke\/braukle-su-rankena-vandens-isstumimui-14-x-15-cm\/\" \/>\n<meta property=\"og:locale\" content=\"lt_LT\" \/>\n<meta property=\"og:type\" content=\"article\" \/>\n<meta property=\"og:title\" content=\"Braukl\u0117 su rankena, vandens i\u0161st\u016bmimui 14 x 15 (cm) - Tint\" \/>\n<meta property=\"og:description\" content=\"Profesionali braukl\u0117 su ergonomi\u0161ka rankena, skirta lang\u0173, vitrin\u0173 ir automobili\u0173 pl\u0117veli\u0173 klijavimui. Tvorta konstrukcija ir kokybi\u0161ka gumin\u0117 briauna leid\u017eia efektyviai\" \/>\n<meta property=\"og:url\" content=\"https:\/\/tint.lt\/shop\/preke\/braukle-su-rankena-vandens-isstumimui-14-x-15-cm\/\" \/>\n<meta property=\"og:site_name\" content=\"Tint\" \/>\n<meta property=\"article:modified_time\" content=\"2026-05-15T00:00:14+00:00\" \/>\n<meta property=\"og:image\" content=\"https:\/\/tint.lt\/shop\/wp-content\/uploads\/2026\/02\/HF100-14x17cm.jpg\" \/>\n\t<meta property=\"og:image:width\" content=\"900\" \/>\n\t<meta property=\"og:image:height\" content=\"900\" \/>\n\t<meta property=\"og:image:type\" content=\"image\/jpeg\" \/>\n<meta name=\"twitter:card\" content=\"summary_large_image\" \/>\n<meta name=\"twitter:label1\" content=\"Est. reading time\" \/>\n\t<meta name=\"twitter:data1\" content=\"1 minut\u0117\" \/>\n<script type=\"application\/ld+json\" class=\"yoast-schema-graph\">{\"@context\":\"https:\\\/\\\/schema.org\",\"@graph\":[{\"@type\":\"WebPage\",\"@id\":\"https:\\\/\\\/tint.lt\\\/shop\\\/preke\\\/braukle-su-rankena-vandens-isstumimui-14-x-15-cm\\\/\",\"url\":\"https:\\\/\\\/tint.lt\\\/shop\\\/preke\\\/braukle-su-rankena-vandens-isstumimui-14-x-15-cm\\\/\",\"name\":\"Braukl\u0117 su rankena, vandens i\u0161st\u016bmimui 14 x 15 (cm) - Tint\",\"isPartOf\":{\"@id\":\"https:\\\/\\\/tint.lt\\\/shop\\\/#website\"},\"primaryImageOfPage\":{\"@id\":\"https:\\\/\\\/tint.lt\\\/shop\\\/preke\\\/braukle-su-rankena-vandens-isstumimui-14-x-15-cm\\\/#primaryimage\"},\"image\":{\"@id\":\"https:\\\/\\\/tint.lt\\\/shop\\\/preke\\\/braukle-su-rankena-vandens-isstumimui-14-x-15-cm\\\/#primaryimage\"},\"thumbnailUrl\":\"https:\\\/\\\/tint.lt\\\/shop\\\/wp-content\\\/uploads\\\/2026\\\/02\\\/HF100-14x17cm.jpg\",\"datePublished\":\"2026-02-27T13:24:34+00:00\",\"dateModified\":\"2026-05-15T00:00:14+00:00\",\"breadcrumb\":{\"@id\":\"https:\\\/\\\/tint.lt\\\/shop\\\/preke\\\/braukle-su-rankena-vandens-isstumimui-14-x-15-cm\\\/#breadcrumb\"},\"inLanguage\":\"lt-LT\",\"potentialAction\":[{\"@type\":\"ReadAction\",\"target\":[\"https:\\\/\\\/tint.lt\\\/shop\\\/preke\\\/braukle-su-rankena-vandens-isstumimui-14-x-15-cm\\\/\"]}]},{\"@type\":\"ImageObject\",\"inLanguage\":\"lt-LT\",\"@id\":\"https:\\\/\\\/tint.lt\\\/shop\\\/preke\\\/braukle-su-rankena-vandens-isstumimui-14-x-15-cm\\\/#primaryimage\",\"url\":\"https:\\\/\\\/tint.lt\\\/shop\\\/wp-content\\\/uploads\\\/2026\\\/02\\\/HF100-14x17cm.jpg\",\"contentUrl\":\"https:\\\/\\\/tint.lt\\\/shop\\\/wp-content\\\/uploads\\\/2026\\\/02\\\/HF100-14x17cm.jpg\",\"width\":900,\"height\":900,\"caption\":\"Braukle su rankena\"},{\"@type\":\"BreadcrumbList\",\"@id\":\"https:\\\/\\\/tint.lt\\\/shop\\\/preke\\\/braukle-su-rankena-vandens-isstumimui-14-x-15-cm\\\/#breadcrumb\",\"itemListElement\":[{\"@type\":\"ListItem\",\"position\":1,\"name\":\"Home\",\"item\":\"https:\\\/\\\/tint.lt\\\/shop\\\/\"},{\"@type\":\"ListItem\",\"position\":2,\"name\":\"Parduotuv\u0117\",\"item\":\"https:\\\/\\\/tint.lt\\\/shop\\\/produktai\\\/\"},{\"@type\":\"ListItem\",\"position\":3,\"name\":\"Braukl\u0117 su rankena, vandens i\u0161st\u016bmimui 14 x 15 (cm)\"}]},{\"@type\":\"WebSite\",\"@id\":\"https:\\\/\\\/tint.lt\\\/shop\\\/#website\",\"url\":\"https:\\\/\\\/tint.lt\\\/shop\\\/\",\"name\":\"Tint.lt\",\"description\":\"El. parduotuv\u0117\",\"publisher\":{\"@id\":\"https:\\\/\\\/tint.lt\\\/shop\\\/#organization\"},\"potentialAction\":[{\"@type\":\"SearchAction\",\"target\":{\"@type\":\"EntryPoint\",\"urlTemplate\":\"https:\\\/\\\/tint.lt\\\/shop\\\/?s={search_term_string}\"},\"query-input\":{\"@type\":\"PropertyValueSpecification\",\"valueRequired\":true,\"valueName\":\"search_term_string\"}}],\"inLanguage\":\"lt-LT\"},{\"@type\":\"Organization\",\"@id\":\"https:\\\/\\\/tint.lt\\\/shop\\\/#organization\",\"name\":\"Tint.lt\",\"url\":\"https:\\\/\\\/tint.lt\\\/shop\\\/\",\"logo\":{\"@type\":\"ImageObject\",\"inLanguage\":\"lt-LT\",\"@id\":\"https:\\\/\\\/tint.lt\\\/shop\\\/#\\\/schema\\\/logo\\\/image\\\/\",\"url\":\"https:\\\/\\\/tint.lt\\\/shop\\\/wp-content\\\/uploads\\\/2026\\\/02\\\/TINT_lipnios_pleveles_profesionalams_grey.png\",\"contentUrl\":\"https:\\\/\\\/tint.lt\\\/shop\\\/wp-content\\\/uploads\\\/2026\\\/02\\\/TINT_lipnios_pleveles_profesionalams_grey.png\",\"width\":1265,\"height\":460,\"caption\":\"Tint.lt\"},\"image\":{\"@id\":\"https:\\\/\\\/tint.lt\\\/shop\\\/#\\\/schema\\\/logo\\\/image\\\/\"}}]}<\/script>\n<!-- \/ Yoast SEO plugin. -->","yoast_head_json":{"title":"Braukl\u0117 su rankena, vandens i\u0161st\u016bmimui 14 x 15 (cm) - Tint","robots":{"index":"index","follow":"follow","max-snippet":"max-snippet:-1","max-image-preview":"max-image-preview:large","max-video-preview":"max-video-preview:-1"},"canonical":"https:\/\/tint.lt\/shop\/preke\/braukle-su-rankena-vandens-isstumimui-14-x-15-cm\/","og_locale":"lt_LT","og_type":"article","og_title":"Braukl\u0117 su rankena, vandens i\u0161st\u016bmimui 14 x 15 (cm) - Tint","og_description":"Profesionali braukl\u0117 su ergonomi\u0161ka rankena, skirta lang\u0173, vitrin\u0173 ir automobili\u0173 pl\u0117veli\u0173 klijavimui. Tvorta konstrukcija ir kokybi\u0161ka gumin\u0117 briauna leid\u017eia efektyviai","og_url":"https:\/\/tint.lt\/shop\/preke\/braukle-su-rankena-vandens-isstumimui-14-x-15-cm\/","og_site_name":"Tint","article_modified_time":"2026-05-15T00:00:14+00:00","og_image":[{"width":900,"height":900,"url":"https:\/\/tint.lt\/shop\/wp-content\/uploads\/2026\/02\/HF100-14x17cm.jpg","type":"image\/jpeg"}],"twitter_card":"summary_large_image","twitter_misc":{"Est. reading time":"1 minut\u0117"},"schema":{"@context":"https:\/\/schema.org","@graph":[{"@type":"WebPage","@id":"https:\/\/tint.lt\/shop\/preke\/braukle-su-rankena-vandens-isstumimui-14-x-15-cm\/","url":"https:\/\/tint.lt\/shop\/preke\/braukle-su-rankena-vandens-isstumimui-14-x-15-cm\/","name":"Braukl\u0117 su rankena, vandens i\u0161st\u016bmimui 14 x 15 (cm) - Tint","isPartOf":{"@id":"https:\/\/tint.lt\/shop\/#website"},"primaryImageOfPage":{"@id":"https:\/\/tint.lt\/shop\/preke\/braukle-su-rankena-vandens-isstumimui-14-x-15-cm\/#primaryimage"},"image":{"@id":"https:\/\/tint.lt\/shop\/preke\/braukle-su-rankena-vandens-isstumimui-14-x-15-cm\/#primaryimage"},"thumbnailUrl":"https:\/\/tint.lt\/shop\/wp-content\/uploads\/2026\/02\/HF100-14x17cm.jpg","datePublished":"2026-02-27T13:24:34+00:00","dateModified":"2026-05-15T00:00:14+00:00","breadcrumb":{"@id":"https:\/\/tint.lt\/shop\/preke\/braukle-su-rankena-vandens-isstumimui-14-x-15-cm\/#breadcrumb"},"inLanguage":"lt-LT","potentialAction":[{"@type":"ReadAction","target":["https:\/\/tint.lt\/shop\/preke\/braukle-su-rankena-vandens-isstumimui-14-x-15-cm\/"]}]},{"@type":"ImageObject","inLanguage":"lt-LT","@id":"https:\/\/tint.lt\/shop\/preke\/braukle-su-rankena-vandens-isstumimui-14-x-15-cm\/#primaryimage","url":"https:\/\/tint.lt\/shop\/wp-content\/uploads\/2026\/02\/HF100-14x17cm.jpg","contentUrl":"https:\/\/tint.lt\/shop\/wp-content\/uploads\/2026\/02\/HF100-14x17cm.jpg","width":900,"height":900,"caption":"Braukle su rankena"},{"@type":"BreadcrumbList","@id":"https:\/\/tint.lt\/shop\/preke\/braukle-su-rankena-vandens-isstumimui-14-x-15-cm\/#breadcrumb","itemListElement":[{"@type":"ListItem","position":1,"name":"Home","item":"https:\/\/tint.lt\/shop\/"},{"@type":"ListItem","position":2,"name":"Parduotuv\u0117","item":"https:\/\/tint.lt\/shop\/produktai\/"},{"@type":"ListItem","position":3,"name":"Braukl\u0117 su rankena, vandens i\u0161st\u016bmimui 14 x 15 (cm)"}]},{"@type":"WebSite","@id":"https:\/\/tint.lt\/shop\/#website","url":"https:\/\/tint.lt\/shop\/","name":"Tint.lt","description":"El. parduotuv\u0117","publisher":{"@id":"https:\/\/tint.lt\/shop\/#organization"},"potentialAction":[{"@type":"SearchAction","target":{"@type":"EntryPoint","urlTemplate":"https:\/\/tint.lt\/shop\/?s={search_term_string}"},"query-input":{"@type":"PropertyValueSpecification","valueRequired":true,"valueName":"search_term_string"}}],"inLanguage":"lt-LT"},{"@type":"Organization","@id":"https:\/\/tint.lt\/shop\/#organization","name":"Tint.lt","url":"https:\/\/tint.lt\/shop\/","logo":{"@type":"ImageObject","inLanguage":"lt-LT","@id":"https:\/\/tint.lt\/shop\/#\/schema\/logo\/image\/","url":"https:\/\/tint.lt\/shop\/wp-content\/uploads\/2026\/02\/TINT_lipnios_pleveles_profesionalams_grey.png","contentUrl":"https:\/\/tint.lt\/shop\/wp-content\/uploads\/2026\/02\/TINT_lipnios_pleveles_profesionalams_grey.png","width":1265,"height":460,"caption":"Tint.lt"},"image":{"@id":"https:\/\/tint.lt\/shop\/#\/schema\/logo\/image\/"}}]}},"_links":{"self":[{"href":"https:\/\/tint.lt\/shop\/wp-json\/wp\/v2\/product\/30548","targetHints":{"allow":["GET"]}}],"collection":[{"href":"https:\/\/tint.lt\/shop\/wp-json\/wp\/v2\/product"}],"about":[{"href":"https:\/\/tint.lt\/shop\/wp-json\/wp\/v2\/types\/product"}],"replies":[{"embeddable":true,"href":"https:\/\/tint.lt\/shop\/wp-json\/wp\/v2\/comments?post=30548"}],"version-history":[{"count":5,"href":"https:\/\/tint.lt\/shop\/wp-json\/wp\/v2\/product\/30548\/revisions"}],"predecessor-version":[{"id":30640,"href":"https:\/\/tint.lt\/shop\/wp-json\/wp\/v2\/product\/30548\/revisions\/30640"}],"wp:featuredmedia":[{"embeddable":true,"href":"https:\/\/tint.lt\/shop\/wp-json\/wp\/v2\/media\/30549"}],"wp:attachment":[{"href":"https:\/\/tint.lt\/shop\/wp-json\/wp\/v2\/media?parent=30548"}],"wp:term":[{"taxonomy":"product_brand","embeddable":true,"href":"https:\/\/tint.lt\/shop\/wp-json\/wp\/v2\/product_brand?post=30548"},{"taxonomy":"product_cat","embeddable":true,"href":"https:\/\/tint.lt\/shop\/wp-json\/wp\/v2\/product_cat?post=30548"},{"taxonomy":"product_tag","embeddable":true,"href":"https:\/\/tint.lt\/shop\/wp-json\/wp\/v2\/product_tag?post=30548"}],"curies":[{"name":"wp","href":"https:\/\/api.w.org\/{rel}","templated":true}]}}