{"id":30693,"date":"2026-03-16T12:42:07","date_gmt":"2026-03-16T10:42:07","guid":{"rendered":"https:\/\/tint.lt\/shop\/?post_type=product&#038;p=30693"},"modified":"2026-05-15T03:00:14","modified_gmt":"2026-05-15T00:00:14","slug":"sott-magnetas-plevelei-uzfiksuoti-ant-metaliniu-pavirsiu","status":"publish","type":"product","link":"https:\/\/tint.lt\/shop\/preke\/sott-magnetas-plevelei-uzfiksuoti-ant-metaliniu-pavirsiu\/","title":{"rendered":"SOTT magnetas pl\u0117velei u\u017efiksuoti ant metalini\u0173 pavir\u0161i\u0173"},"content":{"rendered":"\t\t<div data-elementor-type=\"wp-post\" data-elementor-id=\"30693\" class=\"elementor elementor-30693\">\n\t\t\t\t<div class=\"wd-negative-gap elementor-element elementor-element-f31999d e-grid e-con-boxed e-con e-parent\" data-id=\"f31999d\" data-element_type=\"container\" data-e-type=\"container\">\n\t\t\t\t\t<div class=\"e-con-inner\">\n\t\t\t\t<div class=\"elementor-element elementor-element-4131d49 elementor-widget elementor-widget-wd_text_block\" data-id=\"4131d49\" data-element_type=\"widget\" data-e-type=\"widget\" data-widget_type=\"wd_text_block.default\">\n\t\t\t\t<div class=\"elementor-widget-container\">\n\t\t\t\t\t\t\t<div class=\"wd-text-block reset-last-child text-left\">\n\t\t\t\n\t\t\t<p>Prakti\u0161kas ir patikimas SOTT gamintojo magnetas, skirtas pl\u0117vel\u0117s u\u017efiksavimui klijavimo metu. Tinka darbui su PPF apsaugin\u0117s ar vinilo pl\u0117vel\u0117mis.<\/p><p>Stiprus magnetas leid\u017eia efektyviai prilaikyti pl\u0117vel\u0119 norimoje vietoje, kol atliekamas pozicionavimas. Tai ypa\u010d patog\u0173 dirbant vienam- pl\u0117vel\u0117 nenuslysta ir i\u0161lieka reikiamoje pad\u0117tyje.<\/p>\n\t\t\t\t\t<\/div>\n\t\t\t\t\t\t<\/div>\n\t\t\t\t<\/div>\n\t\t\t\t<div class=\"elementor-element elementor-element-f488f7d elementor-widget elementor-widget-wd_text_block\" data-id=\"f488f7d\" data-element_type=\"widget\" data-e-type=\"widget\" data-widget_type=\"wd_text_block.default\">\n\t\t\t\t<div class=\"elementor-widget-container\">\n\t\t\t\t\t\t\t<div class=\"wd-text-block reset-last-child text-left\">\n\t\t\t\n\t\t\t<p><strong>Privalumai:<\/strong><\/p><ul><li>Stiprus ir patikimas sukibimas su metaliniu pavir\u0161iumi<\/li><li>Palengvina pl\u0117vel\u0117s pozicionavim\u0105<\/li><li>Tinka PPF, vinilo ir lang\u0173 pl\u0117vel\u0117ms<\/li><li>Kompakti\u0161kas ir patogus naudoti<\/li><\/ul>\n\t\t\t\t\t<\/div>\n\t\t\t\t\t\t<\/div>\n\t\t\t\t<\/div>\n\t\t\t\t\t<\/div>\n\t\t\t\t<\/div>\n\t\t\t\t<\/div>\n\t\t","protected":false},"excerpt":{"rendered":"<p>Prakti\u0161kas ir patikimas SOTT gamintojo magnetas, skirtas pl\u0117vel\u0117s u\u017efiksavimui klijavimo metu. Tinka darbui su PPF apsaugin\u0117s ar vinilo pl\u0117vel\u0117mis. Stiprus<\/p>\n","protected":false},"featured_media":30702,"comment_status":"open","ping_status":"closed","template":"","meta":{"_acf_changed":false},"product_brand":[98],"product_cat":[90,121],"product_tag":[],"class_list":{"0":"post-30693","1":"product","2":"type-product","3":"status-publish","4":"has-post-thumbnail","6":"product_brand-sott","7":"product_cat-irankiai-ir-priemones-pleveliu-klijavimui","8":"product_cat-kiti-pagalbiniai-irankiai","10":"first","11":"instock","12":"taxable","13":"shipping-taxable","14":"purchasable","15":"product-type-simple"},"acf":[],"yoast_head":"<!-- This site is optimized with the Yoast SEO plugin v27.5 - https:\/\/yoast.com\/product\/yoast-seo-wordpress\/ -->\n<title>SOTT magnetas pl\u0117velei u\u017efiksuoti ant metalini\u0173 pavir\u0161i\u0173 - Tint<\/title>\n<meta name=\"robots\" content=\"index, follow, max-snippet:-1, max-image-preview:large, max-video-preview:-1\" \/>\n<link rel=\"canonical\" href=\"https:\/\/tint.lt\/shop\/preke\/sott-magnetas-plevelei-uzfiksuoti-ant-metaliniu-pavirsiu\/\" \/>\n<meta property=\"og:locale\" content=\"lt_LT\" \/>\n<meta property=\"og:type\" content=\"article\" \/>\n<meta property=\"og:title\" content=\"SOTT magnetas pl\u0117velei u\u017efiksuoti ant metalini\u0173 pavir\u0161i\u0173 - Tint\" \/>\n<meta property=\"og:description\" content=\"Prakti\u0161kas ir patikimas SOTT gamintojo magnetas, skirtas pl\u0117vel\u0117s u\u017efiksavimui klijavimo metu. Tinka darbui su PPF apsaugin\u0117s ar vinilo pl\u0117vel\u0117mis. Stiprus\" \/>\n<meta property=\"og:url\" content=\"https:\/\/tint.lt\/shop\/preke\/sott-magnetas-plevelei-uzfiksuoti-ant-metaliniu-pavirsiu\/\" \/>\n<meta property=\"og:site_name\" content=\"Tint\" \/>\n<meta property=\"article:modified_time\" content=\"2026-05-15T00:00:14+00:00\" \/>\n<meta property=\"og:image\" content=\"https:\/\/tint.lt\/shop\/wp-content\/uploads\/2026\/03\/150-MM882-sott-magnetas2.jpg\" \/>\n\t<meta property=\"og:image:width\" content=\"900\" \/>\n\t<meta property=\"og:image:height\" content=\"900\" \/>\n\t<meta property=\"og:image:type\" content=\"image\/jpeg\" \/>\n<meta name=\"twitter:card\" content=\"summary_large_image\" \/>\n<script type=\"application\/ld+json\" class=\"yoast-schema-graph\">{\"@context\":\"https:\\\/\\\/schema.org\",\"@graph\":[{\"@type\":\"WebPage\",\"@id\":\"https:\\\/\\\/tint.lt\\\/shop\\\/preke\\\/sott-magnetas-plevelei-uzfiksuoti-ant-metaliniu-pavirsiu\\\/\",\"url\":\"https:\\\/\\\/tint.lt\\\/shop\\\/preke\\\/sott-magnetas-plevelei-uzfiksuoti-ant-metaliniu-pavirsiu\\\/\",\"name\":\"SOTT magnetas pl\u0117velei u\u017efiksuoti ant metalini\u0173 pavir\u0161i\u0173 - Tint\",\"isPartOf\":{\"@id\":\"https:\\\/\\\/tint.lt\\\/shop\\\/#website\"},\"primaryImageOfPage\":{\"@id\":\"https:\\\/\\\/tint.lt\\\/shop\\\/preke\\\/sott-magnetas-plevelei-uzfiksuoti-ant-metaliniu-pavirsiu\\\/#primaryimage\"},\"image\":{\"@id\":\"https:\\\/\\\/tint.lt\\\/shop\\\/preke\\\/sott-magnetas-plevelei-uzfiksuoti-ant-metaliniu-pavirsiu\\\/#primaryimage\"},\"thumbnailUrl\":\"https:\\\/\\\/tint.lt\\\/shop\\\/wp-content\\\/uploads\\\/2026\\\/03\\\/150-MM882-sott-magnetas2.jpg\",\"datePublished\":\"2026-03-16T10:42:07+00:00\",\"dateModified\":\"2026-05-15T00:00:14+00:00\",\"breadcrumb\":{\"@id\":\"https:\\\/\\\/tint.lt\\\/shop\\\/preke\\\/sott-magnetas-plevelei-uzfiksuoti-ant-metaliniu-pavirsiu\\\/#breadcrumb\"},\"inLanguage\":\"lt-LT\",\"potentialAction\":[{\"@type\":\"ReadAction\",\"target\":[\"https:\\\/\\\/tint.lt\\\/shop\\\/preke\\\/sott-magnetas-plevelei-uzfiksuoti-ant-metaliniu-pavirsiu\\\/\"]}]},{\"@type\":\"ImageObject\",\"inLanguage\":\"lt-LT\",\"@id\":\"https:\\\/\\\/tint.lt\\\/shop\\\/preke\\\/sott-magnetas-plevelei-uzfiksuoti-ant-metaliniu-pavirsiu\\\/#primaryimage\",\"url\":\"https:\\\/\\\/tint.lt\\\/shop\\\/wp-content\\\/uploads\\\/2026\\\/03\\\/150-MM882-sott-magnetas2.jpg\",\"contentUrl\":\"https:\\\/\\\/tint.lt\\\/shop\\\/wp-content\\\/uploads\\\/2026\\\/03\\\/150-MM882-sott-magnetas2.jpg\",\"width\":900,\"height\":900,\"caption\":\"150-MM882-sott-magnetas2\"},{\"@type\":\"BreadcrumbList\",\"@id\":\"https:\\\/\\\/tint.lt\\\/shop\\\/preke\\\/sott-magnetas-plevelei-uzfiksuoti-ant-metaliniu-pavirsiu\\\/#breadcrumb\",\"itemListElement\":[{\"@type\":\"ListItem\",\"position\":1,\"name\":\"Home\",\"item\":\"https:\\\/\\\/tint.lt\\\/shop\\\/\"},{\"@type\":\"ListItem\",\"position\":2,\"name\":\"Parduotuv\u0117\",\"item\":\"https:\\\/\\\/tint.lt\\\/shop\\\/produktai\\\/\"},{\"@type\":\"ListItem\",\"position\":3,\"name\":\"SOTT magnetas pl\u0117velei u\u017efiksuoti ant metalini\u0173 pavir\u0161i\u0173\"}]},{\"@type\":\"WebSite\",\"@id\":\"https:\\\/\\\/tint.lt\\\/shop\\\/#website\",\"url\":\"https:\\\/\\\/tint.lt\\\/shop\\\/\",\"name\":\"Tint.lt\",\"description\":\"El. parduotuv\u0117\",\"publisher\":{\"@id\":\"https:\\\/\\\/tint.lt\\\/shop\\\/#organization\"},\"potentialAction\":[{\"@type\":\"SearchAction\",\"target\":{\"@type\":\"EntryPoint\",\"urlTemplate\":\"https:\\\/\\\/tint.lt\\\/shop\\\/?s={search_term_string}\"},\"query-input\":{\"@type\":\"PropertyValueSpecification\",\"valueRequired\":true,\"valueName\":\"search_term_string\"}}],\"inLanguage\":\"lt-LT\"},{\"@type\":\"Organization\",\"@id\":\"https:\\\/\\\/tint.lt\\\/shop\\\/#organization\",\"name\":\"Tint.lt\",\"url\":\"https:\\\/\\\/tint.lt\\\/shop\\\/\",\"logo\":{\"@type\":\"ImageObject\",\"inLanguage\":\"lt-LT\",\"@id\":\"https:\\\/\\\/tint.lt\\\/shop\\\/#\\\/schema\\\/logo\\\/image\\\/\",\"url\":\"https:\\\/\\\/tint.lt\\\/shop\\\/wp-content\\\/uploads\\\/2026\\\/02\\\/TINT_lipnios_pleveles_profesionalams_grey.png\",\"contentUrl\":\"https:\\\/\\\/tint.lt\\\/shop\\\/wp-content\\\/uploads\\\/2026\\\/02\\\/TINT_lipnios_pleveles_profesionalams_grey.png\",\"width\":1265,\"height\":460,\"caption\":\"Tint.lt\"},\"image\":{\"@id\":\"https:\\\/\\\/tint.lt\\\/shop\\\/#\\\/schema\\\/logo\\\/image\\\/\"}}]}<\/script>\n<!-- \/ Yoast SEO plugin. -->","yoast_head_json":{"title":"SOTT magnetas pl\u0117velei u\u017efiksuoti ant metalini\u0173 pavir\u0161i\u0173 - Tint","robots":{"index":"index","follow":"follow","max-snippet":"max-snippet:-1","max-image-preview":"max-image-preview:large","max-video-preview":"max-video-preview:-1"},"canonical":"https:\/\/tint.lt\/shop\/preke\/sott-magnetas-plevelei-uzfiksuoti-ant-metaliniu-pavirsiu\/","og_locale":"lt_LT","og_type":"article","og_title":"SOTT magnetas pl\u0117velei u\u017efiksuoti ant metalini\u0173 pavir\u0161i\u0173 - Tint","og_description":"Prakti\u0161kas ir patikimas SOTT gamintojo magnetas, skirtas pl\u0117vel\u0117s u\u017efiksavimui klijavimo metu. Tinka darbui su PPF apsaugin\u0117s ar vinilo pl\u0117vel\u0117mis. Stiprus","og_url":"https:\/\/tint.lt\/shop\/preke\/sott-magnetas-plevelei-uzfiksuoti-ant-metaliniu-pavirsiu\/","og_site_name":"Tint","article_modified_time":"2026-05-15T00:00:14+00:00","og_image":[{"width":900,"height":900,"url":"https:\/\/tint.lt\/shop\/wp-content\/uploads\/2026\/03\/150-MM882-sott-magnetas2.jpg","type":"image\/jpeg"}],"twitter_card":"summary_large_image","schema":{"@context":"https:\/\/schema.org","@graph":[{"@type":"WebPage","@id":"https:\/\/tint.lt\/shop\/preke\/sott-magnetas-plevelei-uzfiksuoti-ant-metaliniu-pavirsiu\/","url":"https:\/\/tint.lt\/shop\/preke\/sott-magnetas-plevelei-uzfiksuoti-ant-metaliniu-pavirsiu\/","name":"SOTT magnetas pl\u0117velei u\u017efiksuoti ant metalini\u0173 pavir\u0161i\u0173 - Tint","isPartOf":{"@id":"https:\/\/tint.lt\/shop\/#website"},"primaryImageOfPage":{"@id":"https:\/\/tint.lt\/shop\/preke\/sott-magnetas-plevelei-uzfiksuoti-ant-metaliniu-pavirsiu\/#primaryimage"},"image":{"@id":"https:\/\/tint.lt\/shop\/preke\/sott-magnetas-plevelei-uzfiksuoti-ant-metaliniu-pavirsiu\/#primaryimage"},"thumbnailUrl":"https:\/\/tint.lt\/shop\/wp-content\/uploads\/2026\/03\/150-MM882-sott-magnetas2.jpg","datePublished":"2026-03-16T10:42:07+00:00","dateModified":"2026-05-15T00:00:14+00:00","breadcrumb":{"@id":"https:\/\/tint.lt\/shop\/preke\/sott-magnetas-plevelei-uzfiksuoti-ant-metaliniu-pavirsiu\/#breadcrumb"},"inLanguage":"lt-LT","potentialAction":[{"@type":"ReadAction","target":["https:\/\/tint.lt\/shop\/preke\/sott-magnetas-plevelei-uzfiksuoti-ant-metaliniu-pavirsiu\/"]}]},{"@type":"ImageObject","inLanguage":"lt-LT","@id":"https:\/\/tint.lt\/shop\/preke\/sott-magnetas-plevelei-uzfiksuoti-ant-metaliniu-pavirsiu\/#primaryimage","url":"https:\/\/tint.lt\/shop\/wp-content\/uploads\/2026\/03\/150-MM882-sott-magnetas2.jpg","contentUrl":"https:\/\/tint.lt\/shop\/wp-content\/uploads\/2026\/03\/150-MM882-sott-magnetas2.jpg","width":900,"height":900,"caption":"150-MM882-sott-magnetas2"},{"@type":"BreadcrumbList","@id":"https:\/\/tint.lt\/shop\/preke\/sott-magnetas-plevelei-uzfiksuoti-ant-metaliniu-pavirsiu\/#breadcrumb","itemListElement":[{"@type":"ListItem","position":1,"name":"Home","item":"https:\/\/tint.lt\/shop\/"},{"@type":"ListItem","position":2,"name":"Parduotuv\u0117","item":"https:\/\/tint.lt\/shop\/produktai\/"},{"@type":"ListItem","position":3,"name":"SOTT magnetas pl\u0117velei u\u017efiksuoti ant metalini\u0173 pavir\u0161i\u0173"}]},{"@type":"WebSite","@id":"https:\/\/tint.lt\/shop\/#website","url":"https:\/\/tint.lt\/shop\/","name":"Tint.lt","description":"El. parduotuv\u0117","publisher":{"@id":"https:\/\/tint.lt\/shop\/#organization"},"potentialAction":[{"@type":"SearchAction","target":{"@type":"EntryPoint","urlTemplate":"https:\/\/tint.lt\/shop\/?s={search_term_string}"},"query-input":{"@type":"PropertyValueSpecification","valueRequired":true,"valueName":"search_term_string"}}],"inLanguage":"lt-LT"},{"@type":"Organization","@id":"https:\/\/tint.lt\/shop\/#organization","name":"Tint.lt","url":"https:\/\/tint.lt\/shop\/","logo":{"@type":"ImageObject","inLanguage":"lt-LT","@id":"https:\/\/tint.lt\/shop\/#\/schema\/logo\/image\/","url":"https:\/\/tint.lt\/shop\/wp-content\/uploads\/2026\/02\/TINT_lipnios_pleveles_profesionalams_grey.png","contentUrl":"https:\/\/tint.lt\/shop\/wp-content\/uploads\/2026\/02\/TINT_lipnios_pleveles_profesionalams_grey.png","width":1265,"height":460,"caption":"Tint.lt"},"image":{"@id":"https:\/\/tint.lt\/shop\/#\/schema\/logo\/image\/"}}]}},"_links":{"self":[{"href":"https:\/\/tint.lt\/shop\/wp-json\/wp\/v2\/product\/30693","targetHints":{"allow":["GET"]}}],"collection":[{"href":"https:\/\/tint.lt\/shop\/wp-json\/wp\/v2\/product"}],"about":[{"href":"https:\/\/tint.lt\/shop\/wp-json\/wp\/v2\/types\/product"}],"replies":[{"embeddable":true,"href":"https:\/\/tint.lt\/shop\/wp-json\/wp\/v2\/comments?post=30693"}],"version-history":[{"count":4,"href":"https:\/\/tint.lt\/shop\/wp-json\/wp\/v2\/product\/30693\/revisions"}],"predecessor-version":[{"id":30721,"href":"https:\/\/tint.lt\/shop\/wp-json\/wp\/v2\/product\/30693\/revisions\/30721"}],"wp:featuredmedia":[{"embeddable":true,"href":"https:\/\/tint.lt\/shop\/wp-json\/wp\/v2\/media\/30702"}],"wp:attachment":[{"href":"https:\/\/tint.lt\/shop\/wp-json\/wp\/v2\/media?parent=30693"}],"wp:term":[{"taxonomy":"product_brand","embeddable":true,"href":"https:\/\/tint.lt\/shop\/wp-json\/wp\/v2\/product_brand?post=30693"},{"taxonomy":"product_cat","embeddable":true,"href":"https:\/\/tint.lt\/shop\/wp-json\/wp\/v2\/product_cat?post=30693"},{"taxonomy":"product_tag","embeddable":true,"href":"https:\/\/tint.lt\/shop\/wp-json\/wp\/v2\/product_tag?post=30693"}],"curies":[{"name":"wp","href":"https:\/\/api.w.org\/{rel}","templated":true}]}}