{"id":30722,"date":"2026-03-16T12:52:44","date_gmt":"2026-03-16T10:52:44","guid":{"rendered":"https:\/\/tint.lt\/shop\/?post_type=product&#038;p=30722"},"modified":"2026-05-15T03:00:14","modified_gmt":"2026-05-15T00:00:14","slug":"3m-knifeless-tape-design-line-siulas-vinilines-pleveles-pjovimui-50m","status":"publish","type":"product","link":"https:\/\/tint.lt\/shop\/preke\/3m-knifeless-tape-design-line-siulas-vinilines-pleveles-pjovimui-50m\/","title":{"rendered":"3M Knifeless Tape Design Line, si\u016blas vinilin\u0117s pl\u0117vel\u0117s pjovimui (50m)"},"content":{"rendered":"\t\t<div data-elementor-type=\"wp-post\" data-elementor-id=\"30722\" class=\"elementor elementor-30722\">\n\t\t\t\t<div class=\"wd-negative-gap elementor-element elementor-element-72eaf84 e-flex e-con-boxed e-con e-parent\" data-id=\"72eaf84\" data-element_type=\"container\" data-e-type=\"container\">\n\t\t\t\t\t<div class=\"e-con-inner\">\n\t\t\t\t<div class=\"elementor-element elementor-element-26a395e elementor-widget elementor-widget-wd_text_block\" data-id=\"26a395e\" data-element_type=\"widget\" data-e-type=\"widget\" data-widget_type=\"wd_text_block.default\">\n\t\t\t\t<div class=\"elementor-widget-container\">\n\t\t\t\t\t\t\t<div class=\"wd-text-block reset-last-child text-left\">\n\t\t\t\n\t\t\t<p>3M Knifeless Tape, Design Line lipni nuimama juostele yra su plonu, bet labai tvirtu si\u016blu. Si\u016blas veikia kaip peilis, tinkama pjauti vinilo pl\u0117veles. Lengva pjauti ir ovalias linijas, kadangi juostel\u0117 ypa\u010d lanksti ir prisitaikanti prie \u012fvairi\u0173 k\u0117bulo form\u0173. Da\u017eniausiai naudojama automobili\u0173 reklamos apklijavimo tikslams, tokiu b\u016bd\u0173 i\u0161vengiama rizikos \u012fpjauti \u012f k\u0117bulo da\u017eus.<\/p>\n\t\t\t\t\t<\/div>\n\t\t\t\t\t\t<\/div>\n\t\t\t\t<\/div>\n\t\t\t\t\t<\/div>\n\t\t\t\t<\/div>\n\t\t\t\t<\/div>\n\t\t","protected":false},"excerpt":{"rendered":"<p>Lipni nuimama juosta su plonu ir tvirtu si\u016blu, dar kitaip vadinama &#8222;Knifeless&#8221;. Veikia kaip peilis, ta\u010diau apsaugantis pagrind\u0105 nuo a\u0161tri\u0173<\/p>\n","protected":false},"featured_media":30711,"comment_status":"open","ping_status":"closed","template":"","meta":{"_acf_changed":false},"product_brand":[],"product_cat":[90,120],"product_tag":[],"class_list":{"0":"post-30722","1":"product","2":"type-product","3":"status-publish","4":"has-post-thumbnail","6":"product_cat-irankiai-ir-priemones-pleveliu-klijavimui","7":"product_cat-pleveles-pjaustymui","9":"first","10":"instock","11":"taxable","12":"shipping-taxable","13":"purchasable","14":"product-type-simple"},"acf":[],"yoast_head":"<!-- This site is optimized with the Yoast SEO plugin v27.5 - https:\/\/yoast.com\/product\/yoast-seo-wordpress\/ -->\n<title>3M Knifeless Tape Design Line, si\u016blas vinilin\u0117s pl\u0117vel\u0117s pjovimui (50m) - Tint<\/title>\n<meta name=\"robots\" content=\"index, follow, max-snippet:-1, max-image-preview:large, max-video-preview:-1\" \/>\n<link rel=\"canonical\" href=\"https:\/\/tint.lt\/shop\/preke\/3m-knifeless-tape-design-line-siulas-vinilines-pleveles-pjovimui-50m\/\" \/>\n<meta property=\"og:locale\" content=\"lt_LT\" \/>\n<meta property=\"og:type\" content=\"article\" \/>\n<meta property=\"og:title\" content=\"3M Knifeless Tape Design Line, si\u016blas vinilin\u0117s pl\u0117vel\u0117s pjovimui (50m) - Tint\" \/>\n<meta property=\"og:description\" content=\"Lipni nuimama juosta su plonu ir tvirtu si\u016blu, dar kitaip vadinama &#8222;Knifeless&#8221;. Veikia kaip peilis, ta\u010diau apsaugantis pagrind\u0105 nuo a\u0161tri\u0173\" \/>\n<meta property=\"og:url\" content=\"https:\/\/tint.lt\/shop\/preke\/3m-knifeless-tape-design-line-siulas-vinilines-pleveles-pjovimui-50m\/\" \/>\n<meta property=\"og:site_name\" content=\"Tint\" \/>\n<meta property=\"article:modified_time\" content=\"2026-05-15T00:00:14+00:00\" \/>\n<meta property=\"og:image\" content=\"https:\/\/tint.lt\/shop\/wp-content\/uploads\/2026\/03\/350-208-3M-knifeless-tape-design-line.jpg\" \/>\n\t<meta property=\"og:image:width\" content=\"900\" \/>\n\t<meta property=\"og:image:height\" content=\"900\" \/>\n\t<meta property=\"og:image:type\" content=\"image\/jpeg\" \/>\n<meta name=\"twitter:card\" content=\"summary_large_image\" \/>\n<script type=\"application\/ld+json\" class=\"yoast-schema-graph\">{\"@context\":\"https:\\\/\\\/schema.org\",\"@graph\":[{\"@type\":\"WebPage\",\"@id\":\"https:\\\/\\\/tint.lt\\\/shop\\\/preke\\\/3m-knifeless-tape-design-line-siulas-vinilines-pleveles-pjovimui-50m\\\/\",\"url\":\"https:\\\/\\\/tint.lt\\\/shop\\\/preke\\\/3m-knifeless-tape-design-line-siulas-vinilines-pleveles-pjovimui-50m\\\/\",\"name\":\"3M Knifeless Tape Design Line, si\u016blas vinilin\u0117s pl\u0117vel\u0117s pjovimui (50m) - Tint\",\"isPartOf\":{\"@id\":\"https:\\\/\\\/tint.lt\\\/shop\\\/#website\"},\"primaryImageOfPage\":{\"@id\":\"https:\\\/\\\/tint.lt\\\/shop\\\/preke\\\/3m-knifeless-tape-design-line-siulas-vinilines-pleveles-pjovimui-50m\\\/#primaryimage\"},\"image\":{\"@id\":\"https:\\\/\\\/tint.lt\\\/shop\\\/preke\\\/3m-knifeless-tape-design-line-siulas-vinilines-pleveles-pjovimui-50m\\\/#primaryimage\"},\"thumbnailUrl\":\"https:\\\/\\\/tint.lt\\\/shop\\\/wp-content\\\/uploads\\\/2026\\\/03\\\/350-208-3M-knifeless-tape-design-line.jpg\",\"datePublished\":\"2026-03-16T10:52:44+00:00\",\"dateModified\":\"2026-05-15T00:00:14+00:00\",\"breadcrumb\":{\"@id\":\"https:\\\/\\\/tint.lt\\\/shop\\\/preke\\\/3m-knifeless-tape-design-line-siulas-vinilines-pleveles-pjovimui-50m\\\/#breadcrumb\"},\"inLanguage\":\"lt-LT\",\"potentialAction\":[{\"@type\":\"ReadAction\",\"target\":[\"https:\\\/\\\/tint.lt\\\/shop\\\/preke\\\/3m-knifeless-tape-design-line-siulas-vinilines-pleveles-pjovimui-50m\\\/\"]}]},{\"@type\":\"ImageObject\",\"inLanguage\":\"lt-LT\",\"@id\":\"https:\\\/\\\/tint.lt\\\/shop\\\/preke\\\/3m-knifeless-tape-design-line-siulas-vinilines-pleveles-pjovimui-50m\\\/#primaryimage\",\"url\":\"https:\\\/\\\/tint.lt\\\/shop\\\/wp-content\\\/uploads\\\/2026\\\/03\\\/350-208-3M-knifeless-tape-design-line.jpg\",\"contentUrl\":\"https:\\\/\\\/tint.lt\\\/shop\\\/wp-content\\\/uploads\\\/2026\\\/03\\\/350-208-3M-knifeless-tape-design-line.jpg\",\"width\":900,\"height\":900,\"caption\":\"3M Knifeless tape design line pjovimo si\u016blas\"},{\"@type\":\"BreadcrumbList\",\"@id\":\"https:\\\/\\\/tint.lt\\\/shop\\\/preke\\\/3m-knifeless-tape-design-line-siulas-vinilines-pleveles-pjovimui-50m\\\/#breadcrumb\",\"itemListElement\":[{\"@type\":\"ListItem\",\"position\":1,\"name\":\"Home\",\"item\":\"https:\\\/\\\/tint.lt\\\/shop\\\/\"},{\"@type\":\"ListItem\",\"position\":2,\"name\":\"Parduotuv\u0117\",\"item\":\"https:\\\/\\\/tint.lt\\\/shop\\\/produktai\\\/\"},{\"@type\":\"ListItem\",\"position\":3,\"name\":\"3M Knifeless Tape Design Line, si\u016blas vinilin\u0117s pl\u0117vel\u0117s pjovimui (50m)\"}]},{\"@type\":\"WebSite\",\"@id\":\"https:\\\/\\\/tint.lt\\\/shop\\\/#website\",\"url\":\"https:\\\/\\\/tint.lt\\\/shop\\\/\",\"name\":\"Tint.lt\",\"description\":\"El. parduotuv\u0117\",\"publisher\":{\"@id\":\"https:\\\/\\\/tint.lt\\\/shop\\\/#organization\"},\"potentialAction\":[{\"@type\":\"SearchAction\",\"target\":{\"@type\":\"EntryPoint\",\"urlTemplate\":\"https:\\\/\\\/tint.lt\\\/shop\\\/?s={search_term_string}\"},\"query-input\":{\"@type\":\"PropertyValueSpecification\",\"valueRequired\":true,\"valueName\":\"search_term_string\"}}],\"inLanguage\":\"lt-LT\"},{\"@type\":\"Organization\",\"@id\":\"https:\\\/\\\/tint.lt\\\/shop\\\/#organization\",\"name\":\"Tint.lt\",\"url\":\"https:\\\/\\\/tint.lt\\\/shop\\\/\",\"logo\":{\"@type\":\"ImageObject\",\"inLanguage\":\"lt-LT\",\"@id\":\"https:\\\/\\\/tint.lt\\\/shop\\\/#\\\/schema\\\/logo\\\/image\\\/\",\"url\":\"https:\\\/\\\/tint.lt\\\/shop\\\/wp-content\\\/uploads\\\/2026\\\/02\\\/TINT_lipnios_pleveles_profesionalams_grey.png\",\"contentUrl\":\"https:\\\/\\\/tint.lt\\\/shop\\\/wp-content\\\/uploads\\\/2026\\\/02\\\/TINT_lipnios_pleveles_profesionalams_grey.png\",\"width\":1265,\"height\":460,\"caption\":\"Tint.lt\"},\"image\":{\"@id\":\"https:\\\/\\\/tint.lt\\\/shop\\\/#\\\/schema\\\/logo\\\/image\\\/\"}}]}<\/script>\n<!-- \/ Yoast SEO plugin. -->","yoast_head_json":{"title":"3M Knifeless Tape Design Line, si\u016blas vinilin\u0117s pl\u0117vel\u0117s pjovimui (50m) - Tint","robots":{"index":"index","follow":"follow","max-snippet":"max-snippet:-1","max-image-preview":"max-image-preview:large","max-video-preview":"max-video-preview:-1"},"canonical":"https:\/\/tint.lt\/shop\/preke\/3m-knifeless-tape-design-line-siulas-vinilines-pleveles-pjovimui-50m\/","og_locale":"lt_LT","og_type":"article","og_title":"3M Knifeless Tape Design Line, si\u016blas vinilin\u0117s pl\u0117vel\u0117s pjovimui (50m) - Tint","og_description":"Lipni nuimama juosta su plonu ir tvirtu si\u016blu, dar kitaip vadinama &#8222;Knifeless&#8221;. Veikia kaip peilis, ta\u010diau apsaugantis pagrind\u0105 nuo a\u0161tri\u0173","og_url":"https:\/\/tint.lt\/shop\/preke\/3m-knifeless-tape-design-line-siulas-vinilines-pleveles-pjovimui-50m\/","og_site_name":"Tint","article_modified_time":"2026-05-15T00:00:14+00:00","og_image":[{"width":900,"height":900,"url":"https:\/\/tint.lt\/shop\/wp-content\/uploads\/2026\/03\/350-208-3M-knifeless-tape-design-line.jpg","type":"image\/jpeg"}],"twitter_card":"summary_large_image","schema":{"@context":"https:\/\/schema.org","@graph":[{"@type":"WebPage","@id":"https:\/\/tint.lt\/shop\/preke\/3m-knifeless-tape-design-line-siulas-vinilines-pleveles-pjovimui-50m\/","url":"https:\/\/tint.lt\/shop\/preke\/3m-knifeless-tape-design-line-siulas-vinilines-pleveles-pjovimui-50m\/","name":"3M Knifeless Tape Design Line, si\u016blas vinilin\u0117s pl\u0117vel\u0117s pjovimui (50m) - Tint","isPartOf":{"@id":"https:\/\/tint.lt\/shop\/#website"},"primaryImageOfPage":{"@id":"https:\/\/tint.lt\/shop\/preke\/3m-knifeless-tape-design-line-siulas-vinilines-pleveles-pjovimui-50m\/#primaryimage"},"image":{"@id":"https:\/\/tint.lt\/shop\/preke\/3m-knifeless-tape-design-line-siulas-vinilines-pleveles-pjovimui-50m\/#primaryimage"},"thumbnailUrl":"https:\/\/tint.lt\/shop\/wp-content\/uploads\/2026\/03\/350-208-3M-knifeless-tape-design-line.jpg","datePublished":"2026-03-16T10:52:44+00:00","dateModified":"2026-05-15T00:00:14+00:00","breadcrumb":{"@id":"https:\/\/tint.lt\/shop\/preke\/3m-knifeless-tape-design-line-siulas-vinilines-pleveles-pjovimui-50m\/#breadcrumb"},"inLanguage":"lt-LT","potentialAction":[{"@type":"ReadAction","target":["https:\/\/tint.lt\/shop\/preke\/3m-knifeless-tape-design-line-siulas-vinilines-pleveles-pjovimui-50m\/"]}]},{"@type":"ImageObject","inLanguage":"lt-LT","@id":"https:\/\/tint.lt\/shop\/preke\/3m-knifeless-tape-design-line-siulas-vinilines-pleveles-pjovimui-50m\/#primaryimage","url":"https:\/\/tint.lt\/shop\/wp-content\/uploads\/2026\/03\/350-208-3M-knifeless-tape-design-line.jpg","contentUrl":"https:\/\/tint.lt\/shop\/wp-content\/uploads\/2026\/03\/350-208-3M-knifeless-tape-design-line.jpg","width":900,"height":900,"caption":"3M Knifeless tape design line pjovimo si\u016blas"},{"@type":"BreadcrumbList","@id":"https:\/\/tint.lt\/shop\/preke\/3m-knifeless-tape-design-line-siulas-vinilines-pleveles-pjovimui-50m\/#breadcrumb","itemListElement":[{"@type":"ListItem","position":1,"name":"Home","item":"https:\/\/tint.lt\/shop\/"},{"@type":"ListItem","position":2,"name":"Parduotuv\u0117","item":"https:\/\/tint.lt\/shop\/produktai\/"},{"@type":"ListItem","position":3,"name":"3M Knifeless Tape Design Line, si\u016blas vinilin\u0117s pl\u0117vel\u0117s pjovimui (50m)"}]},{"@type":"WebSite","@id":"https:\/\/tint.lt\/shop\/#website","url":"https:\/\/tint.lt\/shop\/","name":"Tint.lt","description":"El. parduotuv\u0117","publisher":{"@id":"https:\/\/tint.lt\/shop\/#organization"},"potentialAction":[{"@type":"SearchAction","target":{"@type":"EntryPoint","urlTemplate":"https:\/\/tint.lt\/shop\/?s={search_term_string}"},"query-input":{"@type":"PropertyValueSpecification","valueRequired":true,"valueName":"search_term_string"}}],"inLanguage":"lt-LT"},{"@type":"Organization","@id":"https:\/\/tint.lt\/shop\/#organization","name":"Tint.lt","url":"https:\/\/tint.lt\/shop\/","logo":{"@type":"ImageObject","inLanguage":"lt-LT","@id":"https:\/\/tint.lt\/shop\/#\/schema\/logo\/image\/","url":"https:\/\/tint.lt\/shop\/wp-content\/uploads\/2026\/02\/TINT_lipnios_pleveles_profesionalams_grey.png","contentUrl":"https:\/\/tint.lt\/shop\/wp-content\/uploads\/2026\/02\/TINT_lipnios_pleveles_profesionalams_grey.png","width":1265,"height":460,"caption":"Tint.lt"},"image":{"@id":"https:\/\/tint.lt\/shop\/#\/schema\/logo\/image\/"}}]}},"_links":{"self":[{"href":"https:\/\/tint.lt\/shop\/wp-json\/wp\/v2\/product\/30722","targetHints":{"allow":["GET"]}}],"collection":[{"href":"https:\/\/tint.lt\/shop\/wp-json\/wp\/v2\/product"}],"about":[{"href":"https:\/\/tint.lt\/shop\/wp-json\/wp\/v2\/types\/product"}],"replies":[{"embeddable":true,"href":"https:\/\/tint.lt\/shop\/wp-json\/wp\/v2\/comments?post=30722"}],"version-history":[{"count":5,"href":"https:\/\/tint.lt\/shop\/wp-json\/wp\/v2\/product\/30722\/revisions"}],"predecessor-version":[{"id":30730,"href":"https:\/\/tint.lt\/shop\/wp-json\/wp\/v2\/product\/30722\/revisions\/30730"}],"wp:featuredmedia":[{"embeddable":true,"href":"https:\/\/tint.lt\/shop\/wp-json\/wp\/v2\/media\/30711"}],"wp:attachment":[{"href":"https:\/\/tint.lt\/shop\/wp-json\/wp\/v2\/media?parent=30722"}],"wp:term":[{"taxonomy":"product_brand","embeddable":true,"href":"https:\/\/tint.lt\/shop\/wp-json\/wp\/v2\/product_brand?post=30722"},{"taxonomy":"product_cat","embeddable":true,"href":"https:\/\/tint.lt\/shop\/wp-json\/wp\/v2\/product_cat?post=30722"},{"taxonomy":"product_tag","embeddable":true,"href":"https:\/\/tint.lt\/shop\/wp-json\/wp\/v2\/product_tag?post=30722"}],"curies":[{"name":"wp","href":"https:\/\/api.w.org\/{rel}","templated":true}]}}