{"id":30731,"date":"2026-03-16T13:03:50","date_gmt":"2026-03-16T11:03:50","guid":{"rendered":"https:\/\/tint.lt\/shop\/?post_type=product&#038;p=30731"},"modified":"2026-05-15T03:00:14","modified_gmt":"2026-05-15T00:00:14","slug":"olfa-black-ultra-sharp-9mm-plieno-geleztes-lauzomos-50vnt","status":"publish","type":"product","link":"https:\/\/tint.lt\/shop\/preke\/olfa-black-ultra-sharp-9mm-plieno-geleztes-lauzomos-50vnt\/","title":{"rendered":"OLFA Black Ultra-Sharp, 9mm plieno gele\u017et\u0117s, lau\u017eomos (50vnt.)"},"content":{"rendered":"\t\t<div data-elementor-type=\"wp-post\" data-elementor-id=\"30731\" class=\"elementor elementor-30731\">\n\t\t\t\t<div class=\"wd-negative-gap elementor-element elementor-element-7ce1514 e-flex e-con-boxed e-con e-parent\" data-id=\"7ce1514\" data-element_type=\"container\" data-e-type=\"container\">\n\t\t\t\t\t<div class=\"e-con-inner\">\n\t\t\t\t<div class=\"elementor-element elementor-element-f45f0c2 elementor-widget elementor-widget-wd_text_block\" data-id=\"f45f0c2\" data-element_type=\"widget\" data-e-type=\"widget\" data-widget_type=\"wd_text_block.default\">\n\t\t\t\t<div class=\"elementor-widget-container\">\n\t\t\t\t\t\t\t<div class=\"wd-text-block reset-last-child text-left\">\n\t\t\t\n\t\t\t<p>AB-50S- Olfa gamintojo gel\u0119\u017et\u0117s, puikiai tinkan\u010dios dirbantiems prie lang\u0173 tamsinimo- pjaunant nebrai\u017eo stiklo, tod\u0117l darbas tampa \u017eymiai paprastesnis.<\/p>\n\t\t\t\t\t<\/div>\n\t\t\t\t\t\t<\/div>\n\t\t\t\t<\/div>\n\t\t\t\t\t<\/div>\n\t\t\t\t<\/div>\n\t\t\t\t<\/div>\n\t\t","protected":false},"excerpt":{"rendered":"<p>AB-50S- Olfa gamintojo gel\u0119\u017et\u0117s, puikiai tinkan\u010dios dirbantiems prie lang\u0173 tamsinimo- pjaunant nebrai\u017eo stiklo, tod\u0117l darbas tampa \u017eymiai paprastesnis.<\/p>\n","protected":false},"featured_media":30697,"comment_status":"open","ping_status":"closed","template":"","meta":{"_acf_changed":false},"product_brand":[113],"product_cat":[90,120],"product_tag":[],"class_list":{"0":"post-30731","1":"product","2":"type-product","3":"status-publish","4":"has-post-thumbnail","6":"product_brand-olfa","7":"product_cat-irankiai-ir-priemones-pleveliu-klijavimui","8":"product_cat-pleveles-pjaustymui","10":"first","11":"instock","12":"taxable","13":"shipping-taxable","14":"purchasable","15":"product-type-simple"},"acf":[],"yoast_head":"<!-- This site is optimized with the Yoast SEO plugin v27.5 - https:\/\/yoast.com\/product\/yoast-seo-wordpress\/ -->\n<title>OLFA Black Ultra-Sharp, 9mm plieno gele\u017et\u0117s, lau\u017eomos (50vnt.) - Tint<\/title>\n<meta name=\"robots\" content=\"index, follow, max-snippet:-1, max-image-preview:large, max-video-preview:-1\" \/>\n<link rel=\"canonical\" href=\"https:\/\/tint.lt\/shop\/preke\/olfa-black-ultra-sharp-9mm-plieno-geleztes-lauzomos-50vnt\/\" \/>\n<meta property=\"og:locale\" content=\"lt_LT\" \/>\n<meta property=\"og:type\" content=\"article\" \/>\n<meta property=\"og:title\" content=\"OLFA Black Ultra-Sharp, 9mm plieno gele\u017et\u0117s, lau\u017eomos (50vnt.) - Tint\" \/>\n<meta property=\"og:description\" content=\"AB-50S- Olfa gamintojo gel\u0119\u017et\u0117s, puikiai tinkan\u010dios dirbantiems prie lang\u0173 tamsinimo- pjaunant nebrai\u017eo stiklo, tod\u0117l darbas tampa \u017eymiai paprastesnis.\" \/>\n<meta property=\"og:url\" content=\"https:\/\/tint.lt\/shop\/preke\/olfa-black-ultra-sharp-9mm-plieno-geleztes-lauzomos-50vnt\/\" \/>\n<meta property=\"og:site_name\" content=\"Tint\" \/>\n<meta property=\"article:modified_time\" content=\"2026-05-15T00:00:14+00:00\" \/>\n<meta property=\"og:image\" content=\"https:\/\/tint.lt\/shop\/wp-content\/uploads\/2026\/03\/120-ABB-50-Olfa-excel-black-geleztes.jpg\" \/>\n\t<meta property=\"og:image:width\" content=\"900\" \/>\n\t<meta property=\"og:image:height\" content=\"900\" \/>\n\t<meta property=\"og:image:type\" content=\"image\/jpeg\" \/>\n<meta name=\"twitter:card\" content=\"summary_large_image\" \/>\n<script type=\"application\/ld+json\" class=\"yoast-schema-graph\">{\"@context\":\"https:\\\/\\\/schema.org\",\"@graph\":[{\"@type\":\"WebPage\",\"@id\":\"https:\\\/\\\/tint.lt\\\/shop\\\/preke\\\/olfa-black-ultra-sharp-9mm-plieno-geleztes-lauzomos-50vnt\\\/\",\"url\":\"https:\\\/\\\/tint.lt\\\/shop\\\/preke\\\/olfa-black-ultra-sharp-9mm-plieno-geleztes-lauzomos-50vnt\\\/\",\"name\":\"OLFA Black Ultra-Sharp, 9mm plieno gele\u017et\u0117s, lau\u017eomos (50vnt.) - Tint\",\"isPartOf\":{\"@id\":\"https:\\\/\\\/tint.lt\\\/shop\\\/#website\"},\"primaryImageOfPage\":{\"@id\":\"https:\\\/\\\/tint.lt\\\/shop\\\/preke\\\/olfa-black-ultra-sharp-9mm-plieno-geleztes-lauzomos-50vnt\\\/#primaryimage\"},\"image\":{\"@id\":\"https:\\\/\\\/tint.lt\\\/shop\\\/preke\\\/olfa-black-ultra-sharp-9mm-plieno-geleztes-lauzomos-50vnt\\\/#primaryimage\"},\"thumbnailUrl\":\"https:\\\/\\\/tint.lt\\\/shop\\\/wp-content\\\/uploads\\\/2026\\\/03\\\/120-ABB-50-Olfa-excel-black-geleztes.jpg\",\"datePublished\":\"2026-03-16T11:03:50+00:00\",\"dateModified\":\"2026-05-15T00:00:14+00:00\",\"breadcrumb\":{\"@id\":\"https:\\\/\\\/tint.lt\\\/shop\\\/preke\\\/olfa-black-ultra-sharp-9mm-plieno-geleztes-lauzomos-50vnt\\\/#breadcrumb\"},\"inLanguage\":\"lt-LT\",\"potentialAction\":[{\"@type\":\"ReadAction\",\"target\":[\"https:\\\/\\\/tint.lt\\\/shop\\\/preke\\\/olfa-black-ultra-sharp-9mm-plieno-geleztes-lauzomos-50vnt\\\/\"]}]},{\"@type\":\"ImageObject\",\"inLanguage\":\"lt-LT\",\"@id\":\"https:\\\/\\\/tint.lt\\\/shop\\\/preke\\\/olfa-black-ultra-sharp-9mm-plieno-geleztes-lauzomos-50vnt\\\/#primaryimage\",\"url\":\"https:\\\/\\\/tint.lt\\\/shop\\\/wp-content\\\/uploads\\\/2026\\\/03\\\/120-ABB-50-Olfa-excel-black-geleztes.jpg\",\"contentUrl\":\"https:\\\/\\\/tint.lt\\\/shop\\\/wp-content\\\/uploads\\\/2026\\\/03\\\/120-ABB-50-Olfa-excel-black-geleztes.jpg\",\"width\":900,\"height\":900,\"caption\":\"120-ABB-50 Olfa Excel Black gele\u017et\u0117s\"},{\"@type\":\"BreadcrumbList\",\"@id\":\"https:\\\/\\\/tint.lt\\\/shop\\\/preke\\\/olfa-black-ultra-sharp-9mm-plieno-geleztes-lauzomos-50vnt\\\/#breadcrumb\",\"itemListElement\":[{\"@type\":\"ListItem\",\"position\":1,\"name\":\"Home\",\"item\":\"https:\\\/\\\/tint.lt\\\/shop\\\/\"},{\"@type\":\"ListItem\",\"position\":2,\"name\":\"Parduotuv\u0117\",\"item\":\"https:\\\/\\\/tint.lt\\\/shop\\\/produktai\\\/\"},{\"@type\":\"ListItem\",\"position\":3,\"name\":\"OLFA Black Ultra-Sharp, 9mm plieno gele\u017et\u0117s, lau\u017eomos (50vnt.)\"}]},{\"@type\":\"WebSite\",\"@id\":\"https:\\\/\\\/tint.lt\\\/shop\\\/#website\",\"url\":\"https:\\\/\\\/tint.lt\\\/shop\\\/\",\"name\":\"Tint.lt\",\"description\":\"El. parduotuv\u0117\",\"publisher\":{\"@id\":\"https:\\\/\\\/tint.lt\\\/shop\\\/#organization\"},\"potentialAction\":[{\"@type\":\"SearchAction\",\"target\":{\"@type\":\"EntryPoint\",\"urlTemplate\":\"https:\\\/\\\/tint.lt\\\/shop\\\/?s={search_term_string}\"},\"query-input\":{\"@type\":\"PropertyValueSpecification\",\"valueRequired\":true,\"valueName\":\"search_term_string\"}}],\"inLanguage\":\"lt-LT\"},{\"@type\":\"Organization\",\"@id\":\"https:\\\/\\\/tint.lt\\\/shop\\\/#organization\",\"name\":\"Tint.lt\",\"url\":\"https:\\\/\\\/tint.lt\\\/shop\\\/\",\"logo\":{\"@type\":\"ImageObject\",\"inLanguage\":\"lt-LT\",\"@id\":\"https:\\\/\\\/tint.lt\\\/shop\\\/#\\\/schema\\\/logo\\\/image\\\/\",\"url\":\"https:\\\/\\\/tint.lt\\\/shop\\\/wp-content\\\/uploads\\\/2026\\\/02\\\/TINT_lipnios_pleveles_profesionalams_grey.png\",\"contentUrl\":\"https:\\\/\\\/tint.lt\\\/shop\\\/wp-content\\\/uploads\\\/2026\\\/02\\\/TINT_lipnios_pleveles_profesionalams_grey.png\",\"width\":1265,\"height\":460,\"caption\":\"Tint.lt\"},\"image\":{\"@id\":\"https:\\\/\\\/tint.lt\\\/shop\\\/#\\\/schema\\\/logo\\\/image\\\/\"}}]}<\/script>\n<!-- \/ Yoast SEO plugin. -->","yoast_head_json":{"title":"OLFA Black Ultra-Sharp, 9mm plieno gele\u017et\u0117s, lau\u017eomos (50vnt.) - Tint","robots":{"index":"index","follow":"follow","max-snippet":"max-snippet:-1","max-image-preview":"max-image-preview:large","max-video-preview":"max-video-preview:-1"},"canonical":"https:\/\/tint.lt\/shop\/preke\/olfa-black-ultra-sharp-9mm-plieno-geleztes-lauzomos-50vnt\/","og_locale":"lt_LT","og_type":"article","og_title":"OLFA Black Ultra-Sharp, 9mm plieno gele\u017et\u0117s, lau\u017eomos (50vnt.) - Tint","og_description":"AB-50S- Olfa gamintojo gel\u0119\u017et\u0117s, puikiai tinkan\u010dios dirbantiems prie lang\u0173 tamsinimo- pjaunant nebrai\u017eo stiklo, tod\u0117l darbas tampa \u017eymiai paprastesnis.","og_url":"https:\/\/tint.lt\/shop\/preke\/olfa-black-ultra-sharp-9mm-plieno-geleztes-lauzomos-50vnt\/","og_site_name":"Tint","article_modified_time":"2026-05-15T00:00:14+00:00","og_image":[{"width":900,"height":900,"url":"https:\/\/tint.lt\/shop\/wp-content\/uploads\/2026\/03\/120-ABB-50-Olfa-excel-black-geleztes.jpg","type":"image\/jpeg"}],"twitter_card":"summary_large_image","schema":{"@context":"https:\/\/schema.org","@graph":[{"@type":"WebPage","@id":"https:\/\/tint.lt\/shop\/preke\/olfa-black-ultra-sharp-9mm-plieno-geleztes-lauzomos-50vnt\/","url":"https:\/\/tint.lt\/shop\/preke\/olfa-black-ultra-sharp-9mm-plieno-geleztes-lauzomos-50vnt\/","name":"OLFA Black Ultra-Sharp, 9mm plieno gele\u017et\u0117s, lau\u017eomos (50vnt.) - Tint","isPartOf":{"@id":"https:\/\/tint.lt\/shop\/#website"},"primaryImageOfPage":{"@id":"https:\/\/tint.lt\/shop\/preke\/olfa-black-ultra-sharp-9mm-plieno-geleztes-lauzomos-50vnt\/#primaryimage"},"image":{"@id":"https:\/\/tint.lt\/shop\/preke\/olfa-black-ultra-sharp-9mm-plieno-geleztes-lauzomos-50vnt\/#primaryimage"},"thumbnailUrl":"https:\/\/tint.lt\/shop\/wp-content\/uploads\/2026\/03\/120-ABB-50-Olfa-excel-black-geleztes.jpg","datePublished":"2026-03-16T11:03:50+00:00","dateModified":"2026-05-15T00:00:14+00:00","breadcrumb":{"@id":"https:\/\/tint.lt\/shop\/preke\/olfa-black-ultra-sharp-9mm-plieno-geleztes-lauzomos-50vnt\/#breadcrumb"},"inLanguage":"lt-LT","potentialAction":[{"@type":"ReadAction","target":["https:\/\/tint.lt\/shop\/preke\/olfa-black-ultra-sharp-9mm-plieno-geleztes-lauzomos-50vnt\/"]}]},{"@type":"ImageObject","inLanguage":"lt-LT","@id":"https:\/\/tint.lt\/shop\/preke\/olfa-black-ultra-sharp-9mm-plieno-geleztes-lauzomos-50vnt\/#primaryimage","url":"https:\/\/tint.lt\/shop\/wp-content\/uploads\/2026\/03\/120-ABB-50-Olfa-excel-black-geleztes.jpg","contentUrl":"https:\/\/tint.lt\/shop\/wp-content\/uploads\/2026\/03\/120-ABB-50-Olfa-excel-black-geleztes.jpg","width":900,"height":900,"caption":"120-ABB-50 Olfa Excel Black gele\u017et\u0117s"},{"@type":"BreadcrumbList","@id":"https:\/\/tint.lt\/shop\/preke\/olfa-black-ultra-sharp-9mm-plieno-geleztes-lauzomos-50vnt\/#breadcrumb","itemListElement":[{"@type":"ListItem","position":1,"name":"Home","item":"https:\/\/tint.lt\/shop\/"},{"@type":"ListItem","position":2,"name":"Parduotuv\u0117","item":"https:\/\/tint.lt\/shop\/produktai\/"},{"@type":"ListItem","position":3,"name":"OLFA Black Ultra-Sharp, 9mm plieno gele\u017et\u0117s, lau\u017eomos (50vnt.)"}]},{"@type":"WebSite","@id":"https:\/\/tint.lt\/shop\/#website","url":"https:\/\/tint.lt\/shop\/","name":"Tint.lt","description":"El. parduotuv\u0117","publisher":{"@id":"https:\/\/tint.lt\/shop\/#organization"},"potentialAction":[{"@type":"SearchAction","target":{"@type":"EntryPoint","urlTemplate":"https:\/\/tint.lt\/shop\/?s={search_term_string}"},"query-input":{"@type":"PropertyValueSpecification","valueRequired":true,"valueName":"search_term_string"}}],"inLanguage":"lt-LT"},{"@type":"Organization","@id":"https:\/\/tint.lt\/shop\/#organization","name":"Tint.lt","url":"https:\/\/tint.lt\/shop\/","logo":{"@type":"ImageObject","inLanguage":"lt-LT","@id":"https:\/\/tint.lt\/shop\/#\/schema\/logo\/image\/","url":"https:\/\/tint.lt\/shop\/wp-content\/uploads\/2026\/02\/TINT_lipnios_pleveles_profesionalams_grey.png","contentUrl":"https:\/\/tint.lt\/shop\/wp-content\/uploads\/2026\/02\/TINT_lipnios_pleveles_profesionalams_grey.png","width":1265,"height":460,"caption":"Tint.lt"},"image":{"@id":"https:\/\/tint.lt\/shop\/#\/schema\/logo\/image\/"}}]}},"_links":{"self":[{"href":"https:\/\/tint.lt\/shop\/wp-json\/wp\/v2\/product\/30731","targetHints":{"allow":["GET"]}}],"collection":[{"href":"https:\/\/tint.lt\/shop\/wp-json\/wp\/v2\/product"}],"about":[{"href":"https:\/\/tint.lt\/shop\/wp-json\/wp\/v2\/types\/product"}],"replies":[{"embeddable":true,"href":"https:\/\/tint.lt\/shop\/wp-json\/wp\/v2\/comments?post=30731"}],"version-history":[{"count":1,"href":"https:\/\/tint.lt\/shop\/wp-json\/wp\/v2\/product\/30731\/revisions"}],"predecessor-version":[{"id":30732,"href":"https:\/\/tint.lt\/shop\/wp-json\/wp\/v2\/product\/30731\/revisions\/30732"}],"wp:featuredmedia":[{"embeddable":true,"href":"https:\/\/tint.lt\/shop\/wp-json\/wp\/v2\/media\/30697"}],"wp:attachment":[{"href":"https:\/\/tint.lt\/shop\/wp-json\/wp\/v2\/media?parent=30731"}],"wp:term":[{"taxonomy":"product_brand","embeddable":true,"href":"https:\/\/tint.lt\/shop\/wp-json\/wp\/v2\/product_brand?post=30731"},{"taxonomy":"product_cat","embeddable":true,"href":"https:\/\/tint.lt\/shop\/wp-json\/wp\/v2\/product_cat?post=30731"},{"taxonomy":"product_tag","embeddable":true,"href":"https:\/\/tint.lt\/shop\/wp-json\/wp\/v2\/product_tag?post=30731"}],"curies":[{"name":"wp","href":"https:\/\/api.w.org\/{rel}","templated":true}]}}