{"id":30769,"date":"2026-03-25T22:25:59","date_gmt":"2026-03-25T20:25:59","guid":{"rendered":"https:\/\/tint.lt\/shop\/?post_type=product&#038;p=30769"},"modified":"2026-04-25T17:15:29","modified_gmt":"2026-04-25T14:15:29","slug":"juoda-matine-viniline-kpmf-plevele-pilnam-ir-daliniam-kebulo-apklijavimui","status":"publish","type":"product","link":"https:\/\/tint.lt\/shop\/preke\/juoda-matine-viniline-kpmf-plevele-pilnam-ir-daliniam-kebulo-apklijavimui\/","title":{"rendered":"Juoda matin\u0117 vinilin\u0117 KPMF pl\u0117vel\u0117 pilnam ir daliniam k\u0117bulo apklijavimui"},"content":{"rendered":"\t\t<div data-elementor-type=\"wp-post\" data-elementor-id=\"30769\" class=\"elementor elementor-30769\">\n\t\t\t\t\t\t<section class=\"wd-negative-gap elementor-section elementor-top-section elementor-element elementor-element-406ba43 elementor-section-boxed elementor-section-height-default elementor-section-height-default\" data-id=\"406ba43\" data-element_type=\"section\" data-e-type=\"section\">\n\t\t\t\t\t\t<div class=\"elementor-container elementor-column-gap-default\">\n\t\t\t\t\t<div class=\"elementor-column elementor-col-100 elementor-top-column elementor-element elementor-element-aa1821b\" data-id=\"aa1821b\" data-element_type=\"column\" data-e-type=\"column\">\n\t\t\t<div class=\"elementor-widget-wrap elementor-element-populated\">\n\t\t\t\t\t\t<div class=\"elementor-element elementor-element-ad85026 color-scheme-inherit text-left elementor-widget elementor-widget-text-editor\" data-id=\"ad85026\" data-element_type=\"widget\" data-e-type=\"widget\" data-widget_type=\"text-editor.default\">\n\t\t\t\t\t\t\t\t\t<p data-start=\"0\" data-end=\"162\"><strong data-start=\"0\" data-end=\"50\">K89021 Black Matt &#8211;<\/strong> juodos spalvos matin\u0117 vinilin\u0117 pl\u0117vel\u0117.<br data-start=\"82\" data-end=\"85\" \/>Air-release tipo klijai (su oro kanalais)<\/p><p data-start=\"164\" data-end=\"560\" data-is-last-node=\"\" data-is-only-node=\"\">Tinka pilnam transporto priemoni\u0173 pilnam ar daliniam apklijavimui, transporto grafikai ar kit\u0173 lipduk\u0173 gamybai, taip pat naudojimui tiek viduje, tiek lauke.<br data-start=\"300\" data-end=\"303\" \/><br data-start=\"362\" data-end=\"365\" \/>Puikiai prisitaiko prie k\u0117bulo pavir\u0161i\u0173 form\u0173. Air-release klij\u0173 sluoksnis padeda i\u0161vengti oro burbul\u0173 klijavimo metu.<\/p>\t\t\t\t\t\t\t\t<\/div>\n\t\t\t\t\t<\/div>\n\t\t<\/div>\n\t\t\t\t\t<\/div>\n\t\t<\/section>\n\t\t\t\t<\/div>\n\t\t","protected":false},"excerpt":{"rendered":"<p>Auk\u0161tos kokyb\u0117s vinilin\u0117 pl\u0117vel\u0117 skirta apklijuoti automobilio i\u0161orines chromuotas dalis (gali b\u016bti ir klijuojamos kitos da\u017eytos detal\u0117s)\u00a0Pl\u0117vel\u0117 \u012fprastai yra klijuojama<\/p>\n","protected":false},"featured_media":30801,"comment_status":"closed","ping_status":"closed","template":"","meta":{"_acf_changed":false},"product_brand":[122],"product_cat":[85,91],"product_tag":[],"class_list":{"0":"post-30769","1":"product","2":"type-product","3":"status-publish","4":"has-post-thumbnail","6":"product_brand-kpmf","7":"product_cat-pleveles-automobiliams","8":"product_cat-vinilines-kebulo-apklijavimo-pleveles","10":"first","11":"instock","12":"taxable","13":"shipping-taxable","14":"purchasable","15":"product-type-simple"},"acf":[],"yoast_head":"<!-- This site is optimized with the Yoast SEO plugin v27.5 - https:\/\/yoast.com\/product\/yoast-seo-wordpress\/ -->\n<title>Juoda matin\u0117 vinilin\u0117 KPMF pl\u0117vel\u0117 pilnam ir daliniam k\u0117bulo apklijavimui - Tint<\/title>\n<meta name=\"description\" content=\"Auk\u0161tos kokyb\u0117s juoda matin\u0117 vinilin\u0117 k\u0117bulo apklijavimo pl\u0117vel\u0117. Puikiai tinkama pilnam ar dalininiam automobilio k\u0117bulo apklijavimui. Klijai su oro kanalais\" \/>\n<meta name=\"robots\" content=\"index, follow, max-snippet:-1, max-image-preview:large, max-video-preview:-1\" \/>\n<link rel=\"canonical\" href=\"https:\/\/tint.lt\/shop\/preke\/juoda-matine-viniline-kpmf-plevele-pilnam-ir-daliniam-kebulo-apklijavimui\/\" \/>\n<meta property=\"og:locale\" content=\"lt_LT\" \/>\n<meta property=\"og:type\" content=\"article\" \/>\n<meta property=\"og:title\" content=\"Juoda matin\u0117 vinilin\u0117 KPMF pl\u0117vel\u0117 pilnam ir daliniam k\u0117bulo apklijavimui - Tint\" \/>\n<meta property=\"og:description\" content=\"Auk\u0161tos kokyb\u0117s juoda matin\u0117 vinilin\u0117 k\u0117bulo apklijavimo pl\u0117vel\u0117. Puikiai tinkama pilnam ar dalininiam automobilio k\u0117bulo apklijavimui. Klijai su oro kanalais\" \/>\n<meta property=\"og:url\" content=\"https:\/\/tint.lt\/shop\/preke\/juoda-matine-viniline-kpmf-plevele-pilnam-ir-daliniam-kebulo-apklijavimui\/\" \/>\n<meta property=\"og:site_name\" content=\"Tint\" \/>\n<meta property=\"article:modified_time\" content=\"2026-04-25T14:15:29+00:00\" \/>\n<meta property=\"og:image\" content=\"https:\/\/tint.lt\/shop\/wp-content\/uploads\/2026\/03\/K89021-KPMF-Black-matt-juoda-matine-viniline-kebulo-apklijavimo-plevele.jpg\" \/>\n\t<meta property=\"og:image:width\" content=\"900\" \/>\n\t<meta property=\"og:image:height\" content=\"900\" \/>\n\t<meta property=\"og:image:type\" content=\"image\/jpeg\" \/>\n<meta name=\"twitter:card\" content=\"summary_large_image\" \/>\n<meta name=\"twitter:label1\" content=\"Est. reading time\" \/>\n\t<meta name=\"twitter:data1\" content=\"1 minut\u0117\" \/>\n<script type=\"application\/ld+json\" class=\"yoast-schema-graph\">{\"@context\":\"https:\\\/\\\/schema.org\",\"@graph\":[{\"@type\":\"WebPage\",\"@id\":\"https:\\\/\\\/tint.lt\\\/shop\\\/preke\\\/juoda-matine-viniline-kpmf-plevele-pilnam-ir-daliniam-kebulo-apklijavimui\\\/\",\"url\":\"https:\\\/\\\/tint.lt\\\/shop\\\/preke\\\/juoda-matine-viniline-kpmf-plevele-pilnam-ir-daliniam-kebulo-apklijavimui\\\/\",\"name\":\"Juoda matin\u0117 vinilin\u0117 KPMF pl\u0117vel\u0117 pilnam ir daliniam k\u0117bulo apklijavimui - Tint\",\"isPartOf\":{\"@id\":\"https:\\\/\\\/tint.lt\\\/shop\\\/#website\"},\"primaryImageOfPage\":{\"@id\":\"https:\\\/\\\/tint.lt\\\/shop\\\/preke\\\/juoda-matine-viniline-kpmf-plevele-pilnam-ir-daliniam-kebulo-apklijavimui\\\/#primaryimage\"},\"image\":{\"@id\":\"https:\\\/\\\/tint.lt\\\/shop\\\/preke\\\/juoda-matine-viniline-kpmf-plevele-pilnam-ir-daliniam-kebulo-apklijavimui\\\/#primaryimage\"},\"thumbnailUrl\":\"https:\\\/\\\/tint.lt\\\/shop\\\/wp-content\\\/uploads\\\/2026\\\/03\\\/K89021-KPMF-Black-matt-juoda-matine-viniline-kebulo-apklijavimo-plevele.jpg\",\"datePublished\":\"2026-03-25T20:25:59+00:00\",\"dateModified\":\"2026-04-25T14:15:29+00:00\",\"description\":\"Auk\u0161tos kokyb\u0117s juoda matin\u0117 vinilin\u0117 k\u0117bulo apklijavimo pl\u0117vel\u0117. Puikiai tinkama pilnam ar dalininiam automobilio k\u0117bulo apklijavimui. Klijai su oro kanalais\",\"breadcrumb\":{\"@id\":\"https:\\\/\\\/tint.lt\\\/shop\\\/preke\\\/juoda-matine-viniline-kpmf-plevele-pilnam-ir-daliniam-kebulo-apklijavimui\\\/#breadcrumb\"},\"inLanguage\":\"lt-LT\",\"potentialAction\":[{\"@type\":\"ReadAction\",\"target\":[\"https:\\\/\\\/tint.lt\\\/shop\\\/preke\\\/juoda-matine-viniline-kpmf-plevele-pilnam-ir-daliniam-kebulo-apklijavimui\\\/\"]}]},{\"@type\":\"ImageObject\",\"inLanguage\":\"lt-LT\",\"@id\":\"https:\\\/\\\/tint.lt\\\/shop\\\/preke\\\/juoda-matine-viniline-kpmf-plevele-pilnam-ir-daliniam-kebulo-apklijavimui\\\/#primaryimage\",\"url\":\"https:\\\/\\\/tint.lt\\\/shop\\\/wp-content\\\/uploads\\\/2026\\\/03\\\/K89021-KPMF-Black-matt-juoda-matine-viniline-kebulo-apklijavimo-plevele.jpg\",\"contentUrl\":\"https:\\\/\\\/tint.lt\\\/shop\\\/wp-content\\\/uploads\\\/2026\\\/03\\\/K89021-KPMF-Black-matt-juoda-matine-viniline-kebulo-apklijavimo-plevele.jpg\",\"width\":900,\"height\":900,\"caption\":\"K89021 KPMF Black Matt- juoda matin\u0117 vinilin\u0117 k\u0117bulo apklijavimo pl\u0117vel\u0117\"},{\"@type\":\"BreadcrumbList\",\"@id\":\"https:\\\/\\\/tint.lt\\\/shop\\\/preke\\\/juoda-matine-viniline-kpmf-plevele-pilnam-ir-daliniam-kebulo-apklijavimui\\\/#breadcrumb\",\"itemListElement\":[{\"@type\":\"ListItem\",\"position\":1,\"name\":\"Home\",\"item\":\"https:\\\/\\\/tint.lt\\\/shop\\\/\"},{\"@type\":\"ListItem\",\"position\":2,\"name\":\"Parduotuv\u0117\",\"item\":\"https:\\\/\\\/tint.lt\\\/shop\\\/produktai\\\/\"},{\"@type\":\"ListItem\",\"position\":3,\"name\":\"zbintu tamsinimo\"}]},{\"@type\":\"WebSite\",\"@id\":\"https:\\\/\\\/tint.lt\\\/shop\\\/#website\",\"url\":\"https:\\\/\\\/tint.lt\\\/shop\\\/\",\"name\":\"Tint.lt\",\"description\":\"El. parduotuv\u0117\",\"publisher\":{\"@id\":\"https:\\\/\\\/tint.lt\\\/shop\\\/#organization\"},\"potentialAction\":[{\"@type\":\"SearchAction\",\"target\":{\"@type\":\"EntryPoint\",\"urlTemplate\":\"https:\\\/\\\/tint.lt\\\/shop\\\/?s={search_term_string}\"},\"query-input\":{\"@type\":\"PropertyValueSpecification\",\"valueRequired\":true,\"valueName\":\"search_term_string\"}}],\"inLanguage\":\"lt-LT\"},{\"@type\":\"Organization\",\"@id\":\"https:\\\/\\\/tint.lt\\\/shop\\\/#organization\",\"name\":\"Tint.lt\",\"url\":\"https:\\\/\\\/tint.lt\\\/shop\\\/\",\"logo\":{\"@type\":\"ImageObject\",\"inLanguage\":\"lt-LT\",\"@id\":\"https:\\\/\\\/tint.lt\\\/shop\\\/#\\\/schema\\\/logo\\\/image\\\/\",\"url\":\"https:\\\/\\\/tint.lt\\\/shop\\\/wp-content\\\/uploads\\\/2026\\\/02\\\/TINT_lipnios_pleveles_profesionalams_grey.png\",\"contentUrl\":\"https:\\\/\\\/tint.lt\\\/shop\\\/wp-content\\\/uploads\\\/2026\\\/02\\\/TINT_lipnios_pleveles_profesionalams_grey.png\",\"width\":1265,\"height\":460,\"caption\":\"Tint.lt\"},\"image\":{\"@id\":\"https:\\\/\\\/tint.lt\\\/shop\\\/#\\\/schema\\\/logo\\\/image\\\/\"}}]}<\/script>\n<!-- \/ Yoast SEO plugin. -->","yoast_head_json":{"title":"Juoda matin\u0117 vinilin\u0117 KPMF pl\u0117vel\u0117 pilnam ir daliniam k\u0117bulo apklijavimui - Tint","description":"Auk\u0161tos kokyb\u0117s juoda matin\u0117 vinilin\u0117 k\u0117bulo apklijavimo pl\u0117vel\u0117. Puikiai tinkama pilnam ar dalininiam automobilio k\u0117bulo apklijavimui. Klijai su oro kanalais","robots":{"index":"index","follow":"follow","max-snippet":"max-snippet:-1","max-image-preview":"max-image-preview:large","max-video-preview":"max-video-preview:-1"},"canonical":"https:\/\/tint.lt\/shop\/preke\/juoda-matine-viniline-kpmf-plevele-pilnam-ir-daliniam-kebulo-apklijavimui\/","og_locale":"lt_LT","og_type":"article","og_title":"Juoda matin\u0117 vinilin\u0117 KPMF pl\u0117vel\u0117 pilnam ir daliniam k\u0117bulo apklijavimui - Tint","og_description":"Auk\u0161tos kokyb\u0117s juoda matin\u0117 vinilin\u0117 k\u0117bulo apklijavimo pl\u0117vel\u0117. Puikiai tinkama pilnam ar dalininiam automobilio k\u0117bulo apklijavimui. Klijai su oro kanalais","og_url":"https:\/\/tint.lt\/shop\/preke\/juoda-matine-viniline-kpmf-plevele-pilnam-ir-daliniam-kebulo-apklijavimui\/","og_site_name":"Tint","article_modified_time":"2026-04-25T14:15:29+00:00","og_image":[{"width":900,"height":900,"url":"https:\/\/tint.lt\/shop\/wp-content\/uploads\/2026\/03\/K89021-KPMF-Black-matt-juoda-matine-viniline-kebulo-apklijavimo-plevele.jpg","type":"image\/jpeg"}],"twitter_card":"summary_large_image","twitter_misc":{"Est. reading time":"1 minut\u0117"},"schema":{"@context":"https:\/\/schema.org","@graph":[{"@type":"WebPage","@id":"https:\/\/tint.lt\/shop\/preke\/juoda-matine-viniline-kpmf-plevele-pilnam-ir-daliniam-kebulo-apklijavimui\/","url":"https:\/\/tint.lt\/shop\/preke\/juoda-matine-viniline-kpmf-plevele-pilnam-ir-daliniam-kebulo-apklijavimui\/","name":"Juoda matin\u0117 vinilin\u0117 KPMF pl\u0117vel\u0117 pilnam ir daliniam k\u0117bulo apklijavimui - Tint","isPartOf":{"@id":"https:\/\/tint.lt\/shop\/#website"},"primaryImageOfPage":{"@id":"https:\/\/tint.lt\/shop\/preke\/juoda-matine-viniline-kpmf-plevele-pilnam-ir-daliniam-kebulo-apklijavimui\/#primaryimage"},"image":{"@id":"https:\/\/tint.lt\/shop\/preke\/juoda-matine-viniline-kpmf-plevele-pilnam-ir-daliniam-kebulo-apklijavimui\/#primaryimage"},"thumbnailUrl":"https:\/\/tint.lt\/shop\/wp-content\/uploads\/2026\/03\/K89021-KPMF-Black-matt-juoda-matine-viniline-kebulo-apklijavimo-plevele.jpg","datePublished":"2026-03-25T20:25:59+00:00","dateModified":"2026-04-25T14:15:29+00:00","description":"Auk\u0161tos kokyb\u0117s juoda matin\u0117 vinilin\u0117 k\u0117bulo apklijavimo pl\u0117vel\u0117. Puikiai tinkama pilnam ar dalininiam automobilio k\u0117bulo apklijavimui. Klijai su oro kanalais","breadcrumb":{"@id":"https:\/\/tint.lt\/shop\/preke\/juoda-matine-viniline-kpmf-plevele-pilnam-ir-daliniam-kebulo-apklijavimui\/#breadcrumb"},"inLanguage":"lt-LT","potentialAction":[{"@type":"ReadAction","target":["https:\/\/tint.lt\/shop\/preke\/juoda-matine-viniline-kpmf-plevele-pilnam-ir-daliniam-kebulo-apklijavimui\/"]}]},{"@type":"ImageObject","inLanguage":"lt-LT","@id":"https:\/\/tint.lt\/shop\/preke\/juoda-matine-viniline-kpmf-plevele-pilnam-ir-daliniam-kebulo-apklijavimui\/#primaryimage","url":"https:\/\/tint.lt\/shop\/wp-content\/uploads\/2026\/03\/K89021-KPMF-Black-matt-juoda-matine-viniline-kebulo-apklijavimo-plevele.jpg","contentUrl":"https:\/\/tint.lt\/shop\/wp-content\/uploads\/2026\/03\/K89021-KPMF-Black-matt-juoda-matine-viniline-kebulo-apklijavimo-plevele.jpg","width":900,"height":900,"caption":"K89021 KPMF Black Matt- juoda matin\u0117 vinilin\u0117 k\u0117bulo apklijavimo pl\u0117vel\u0117"},{"@type":"BreadcrumbList","@id":"https:\/\/tint.lt\/shop\/preke\/juoda-matine-viniline-kpmf-plevele-pilnam-ir-daliniam-kebulo-apklijavimui\/#breadcrumb","itemListElement":[{"@type":"ListItem","position":1,"name":"Home","item":"https:\/\/tint.lt\/shop\/"},{"@type":"ListItem","position":2,"name":"Parduotuv\u0117","item":"https:\/\/tint.lt\/shop\/produktai\/"},{"@type":"ListItem","position":3,"name":"zbintu tamsinimo"}]},{"@type":"WebSite","@id":"https:\/\/tint.lt\/shop\/#website","url":"https:\/\/tint.lt\/shop\/","name":"Tint.lt","description":"El. parduotuv\u0117","publisher":{"@id":"https:\/\/tint.lt\/shop\/#organization"},"potentialAction":[{"@type":"SearchAction","target":{"@type":"EntryPoint","urlTemplate":"https:\/\/tint.lt\/shop\/?s={search_term_string}"},"query-input":{"@type":"PropertyValueSpecification","valueRequired":true,"valueName":"search_term_string"}}],"inLanguage":"lt-LT"},{"@type":"Organization","@id":"https:\/\/tint.lt\/shop\/#organization","name":"Tint.lt","url":"https:\/\/tint.lt\/shop\/","logo":{"@type":"ImageObject","inLanguage":"lt-LT","@id":"https:\/\/tint.lt\/shop\/#\/schema\/logo\/image\/","url":"https:\/\/tint.lt\/shop\/wp-content\/uploads\/2026\/02\/TINT_lipnios_pleveles_profesionalams_grey.png","contentUrl":"https:\/\/tint.lt\/shop\/wp-content\/uploads\/2026\/02\/TINT_lipnios_pleveles_profesionalams_grey.png","width":1265,"height":460,"caption":"Tint.lt"},"image":{"@id":"https:\/\/tint.lt\/shop\/#\/schema\/logo\/image\/"}}]}},"_links":{"self":[{"href":"https:\/\/tint.lt\/shop\/wp-json\/wp\/v2\/product\/30769","targetHints":{"allow":["GET"]}}],"collection":[{"href":"https:\/\/tint.lt\/shop\/wp-json\/wp\/v2\/product"}],"about":[{"href":"https:\/\/tint.lt\/shop\/wp-json\/wp\/v2\/types\/product"}],"replies":[{"embeddable":true,"href":"https:\/\/tint.lt\/shop\/wp-json\/wp\/v2\/comments?post=30769"}],"version-history":[{"count":5,"href":"https:\/\/tint.lt\/shop\/wp-json\/wp\/v2\/product\/30769\/revisions"}],"predecessor-version":[{"id":30778,"href":"https:\/\/tint.lt\/shop\/wp-json\/wp\/v2\/product\/30769\/revisions\/30778"}],"wp:featuredmedia":[{"embeddable":true,"href":"https:\/\/tint.lt\/shop\/wp-json\/wp\/v2\/media\/30801"}],"wp:attachment":[{"href":"https:\/\/tint.lt\/shop\/wp-json\/wp\/v2\/media?parent=30769"}],"wp:term":[{"taxonomy":"product_brand","embeddable":true,"href":"https:\/\/tint.lt\/shop\/wp-json\/wp\/v2\/product_brand?post=30769"},{"taxonomy":"product_cat","embeddable":true,"href":"https:\/\/tint.lt\/shop\/wp-json\/wp\/v2\/product_cat?post=30769"},{"taxonomy":"product_tag","embeddable":true,"href":"https:\/\/tint.lt\/shop\/wp-json\/wp\/v2\/product_tag?post=30769"}],"curies":[{"name":"wp","href":"https:\/\/api.w.org\/{rel}","templated":true}]}}