{"id":30790,"date":"2026-03-27T08:10:52","date_gmt":"2026-03-27T06:10:52","guid":{"rendered":"https:\/\/tint.lt\/shop\/?post_type=product&#038;p=30790"},"modified":"2026-04-26T22:58:53","modified_gmt":"2026-04-26T19:58:53","slug":"carbon-fibre-blizgi-apsaugine-ppf-kebulo-plevele-cf-black","status":"publish","type":"product","link":"https:\/\/tint.lt\/shop\/preke\/carbon-fibre-blizgi-apsaugine-ppf-kebulo-plevele-cf-black\/","title":{"rendered":"&#8222;Carbon Fiber&#8221; blizgi apsaugin\u0117 PPF k\u0117bulo pl\u0117vel\u0117, CF-Black"},"content":{"rendered":"\t\t<div data-elementor-type=\"wp-post\" data-elementor-id=\"30790\" class=\"elementor elementor-30790\">\n\t\t\t\t<div class=\"wd-negative-gap elementor-element elementor-element-6c5f294 e-flex e-con-boxed e-con e-parent\" data-id=\"6c5f294\" data-element_type=\"container\" data-e-type=\"container\">\n\t\t\t\t\t<div class=\"e-con-inner\">\n\t\t<div class=\"elementor-element elementor-element-ff2f3f3 e-con-full e-flex e-con e-child\" data-id=\"ff2f3f3\" data-element_type=\"container\" data-e-type=\"container\">\n\t\t\t\t<div class=\"elementor-element elementor-element-e145f56 elementor-widget elementor-widget-wd_text_block\" data-id=\"e145f56\" data-element_type=\"widget\" data-e-type=\"widget\" data-widget_type=\"wd_text_block.default\">\n\t\t\t\t<div class=\"elementor-widget-container\">\n\t\t\t\t\t\t\t<div class=\"wd-text-block reset-last-child text-left\">\n\t\t\t\n\t\t\t<p>CF-Black anglies pluo\u0161to imitacijos pl\u0117vel\u0117. Savo i\u0161vaizda pasi\u017eymi labai pana\u0161ia ir realisti\u0161ka i\u0161vaizda \u012f tikr\u0105 \"Carbon Fiber\" med\u017eiagi\u0161kum\u0105.<\/p><p data-start=\"0\" data-end=\"675\">\u00a0\u0160i CF-Black PPF pl\u0117vel\u0117 \u2013 tai sodrus, didelio blizgesio karbono ra\u0161tas su nat\u016braliais pilkais ir juodais atspalviais.<\/p><p data-start=\"0\" data-end=\"675\">Pl\u0117vel\u0117s vir\u0161utinis sluoksnis pasi\u017eymi \"self-healing\" savyb\u0117mis, t.y ji gali \"u\u017egydyti\" smulkius \u012fbr\u0117\u017eimus jai gavus \u0161ilumos. D\u0117l \u0161ios prie\u017easties ilgus metus galima i\u0161laikyti nepriekai\u0161ting\u0105 pavir\u0161iaus i\u0161vaizd\u0105. Be to, pl\u0117vel\u0117 yra itin atspari akmenuk\u0173 sm\u016bgiams, tod\u0117l apsaugos k\u0117bulo da\u017eus nuo \u012fvairi\u0173 i\u0161or\u0117s pa\u017eeidim\u0173 ir tuo pa\u010diu pakei\u010dia pavir\u0161iaus i\u0161vaizd\u0105.<\/p><p data-start=\"0\" data-end=\"675\">Palyginti su viniline k\u0117bulo apklijavimo pl\u0117vel\u0117, CF-Black \"Carbon Fiber\" yra kur kas storesn\u0117 ir tvirtesn\u0117 med\u017eiaga. Ji netik atliks k\u0117bulo da\u017e\u0173 apsaugos funkcij\u0105, ta\u010diau atrodys realisti\u0161kiau kaip tikras karbonas. Jei vertinate kokybi\u0161k\u0105 ir nepriekai\u0161ting\u0105 i\u0161vaizd\u0105 - \u0161i pl\u0117vel\u0117 yra puikus spendimas pakeisti automobilio k\u0117bulo detali\u0173 i\u0161vaizd\u0105.<\/p><p data-start=\"677\" data-end=\"1151\" data-is-last-node=\"\" data-is-only-node=\"\">\u00a0<\/p>\n\t\t\t\t\t<\/div>\n\t\t\t\t\t\t<\/div>\n\t\t\t\t<\/div>\n\t\t\t\t<\/div>\n\t\t<div class=\"elementor-element elementor-element-e9a4046 e-con-full e-flex e-con e-child\" data-id=\"e9a4046\" data-element_type=\"container\" data-e-type=\"container\">\n\t\t\t\t<div class=\"elementor-element elementor-element-38c15be elementor-widget elementor-widget-image\" data-id=\"38c15be\" data-element_type=\"widget\" data-e-type=\"widget\" data-widget_type=\"image.default\">\n\t\t\t\t\t\t\t\t\t\t\t\t\t\t\t\t<a href=\"https:\/\/tint.lt\/shop\/wp-content\/uploads\/2026\/03\/Juodas-PPF-karbonas-plevele.jpg\" data-elementor-open-lightbox=\"yes\" data-elementor-lightbox-title=\"Juodas PPF karbonas\" data-e-action-hash=\"#elementor-action%3Aaction%3Dlightbox%26settings%3DeyJpZCI6MzA4MjcsInVybCI6Imh0dHBzOlwvXC90aW50Lmx0XC9zaG9wXC93cC1jb250ZW50XC91cGxvYWRzXC8yMDI2XC8wM1wvSnVvZGFzLVBQRi1rYXJib25hcy1wbGV2ZWxlLmpwZyJ9\">\n\t\t\t\t\t\t\t<img loading=\"lazy\" decoding=\"async\" width=\"300\" height=\"300\" src=\"https:\/\/tint.lt\/shop\/wp-content\/uploads\/2026\/03\/Juodas-PPF-karbonas-plevele-300x300.jpg\" class=\"attachment-medium size-medium wp-image-30827\" alt=\"Juodas PPF karbonas\" srcset=\"https:\/\/tint.lt\/shop\/wp-content\/uploads\/2026\/03\/Juodas-PPF-karbonas-plevele-300x300.jpg 300w, https:\/\/tint.lt\/shop\/wp-content\/uploads\/2026\/03\/Juodas-PPF-karbonas-plevele-800x800.jpg 800w, https:\/\/tint.lt\/shop\/wp-content\/uploads\/2026\/03\/Juodas-PPF-karbonas-plevele-150x150.jpg 150w, https:\/\/tint.lt\/shop\/wp-content\/uploads\/2026\/03\/Juodas-PPF-karbonas-plevele-768x768.jpg 768w, https:\/\/tint.lt\/shop\/wp-content\/uploads\/2026\/03\/Juodas-PPF-karbonas-plevele-430x430.jpg 430w, https:\/\/tint.lt\/shop\/wp-content\/uploads\/2026\/03\/Juodas-PPF-karbonas-plevele-700x700.jpg 700w, https:\/\/tint.lt\/shop\/wp-content\/uploads\/2026\/03\/Juodas-PPF-karbonas-plevele.jpg 900w\" sizes=\"auto, (max-width: 300px) 100vw, 300px\" \/>\t\t\t\t\t\t\t\t<\/a>\n\t\t\t\t\t\t\t\t\t\t\t\t\t\t\t<\/div>\n\t\t\t\t<div class=\"elementor-element elementor-element-4b67a9e elementor-widget elementor-widget-wd_text_block\" data-id=\"4b67a9e\" data-element_type=\"widget\" data-e-type=\"widget\" data-widget_type=\"wd_text_block.default\">\n\t\t\t\t<div class=\"elementor-widget-container\">\n\t\t\t\t\t\t\t<div class=\"wd-text-block reset-last-child text-left\">\n\t\t\t\n\t\t\t\n\t\t\t\t\t<\/div>\n\t\t\t\t\t\t<\/div>\n\t\t\t\t<\/div>\n\t\t\t\t<\/div>\n\t\t\t\t\t<\/div>\n\t\t\t\t<\/div>\n\t\t<div class=\"wd-negative-gap elementor-element elementor-element-bbab500 e-flex e-con-boxed e-con e-parent\" data-id=\"bbab500\" data-element_type=\"container\" data-e-type=\"container\">\n\t\t\t\t\t<div class=\"e-con-inner\">\n\t\t\t\t<div class=\"elementor-element elementor-element-cd9b1f4 wd-width-100 elementor-widget elementor-widget-wd_title\" data-id=\"cd9b1f4\" data-element_type=\"widget\" data-e-type=\"widget\" data-widget_type=\"wd_title.default\">\n\t\t\t\t<div class=\"elementor-widget-container\">\n\t\t\t\t\t\t\t<div class=\"title-wrapper wd-set-mb reset-last-child wd-title-color-default wd-title-style-default wd-title-size-default text-left\">\n\n\t\t\t\n\t\t\t<div class=\"liner-continer\">\n\t\t\t\t<h4 class=\"woodmart-title-container title wd-fontsize-l\">Pagrindin\u0117s CF-Black \"Carbon Fiber\" pl\u0117vel\u0117s savyb\u0117s<\/h4> \n\t\t\t\t\t\t\t<\/div>\n\n\t\t\t\t\t<\/div>\n\t\t\t\t\t\t<\/div>\n\t\t\t\t<\/div>\n\t\t\t\t<div class=\"elementor-element elementor-element-83d8e42 elementor-widget elementor-widget-wd_list\" data-id=\"83d8e42\" data-element_type=\"widget\" data-e-type=\"widget\" data-widget_type=\"wd_list.default\">\n\t\t\t\t<div class=\"elementor-widget-container\">\n\t\t\t\t\t\t\t<ul class=\"wd-list color-scheme- wd-fontsize-xs wd-type-icon wd-style-default text-left\">\n\t\t\t\t\t\t\t\t\t\t\t<li class=\"elementor-repeater-item-2e6b0c9\">\n\t\t\t\t\t\t\t\t\t\t\t<span class=\"wd-icon\"><svg class=\"e-font-icon-svg e-fas-star\" viewBox=\"0 0 576 512\" xmlns=\"http:\/\/www.w3.org\/2000\/svg\"><path d=\"M259.3 17.8L194 150.2 47.9 171.5c-26.2 3.8-36.7 36.1-17.7 54.6l105.7 103-25 145.5c-4.5 26.3 23.2 46 46.4 33.7L288 439.6l130.7 68.7c23.2 12.2 50.9-7.4 46.4-33.7l-25-145.5 105.7-103c19-18.5 8.5-50.8-17.7-54.6L382 150.2 316.7 17.8c-11.7-23.6-45.6-23.9-57.4 0z\"><\/path><\/svg><\/span>\t\t\t\t\t\n\t\t\t\t\t<span class=\"wd-list-content list-content\">\n\t\t\t\t\t\t\t\t\t\t\t\t\tAtspari \u012fvairiems chemikalams\t\t\t\t\t\t\t\t\t\t\t<\/span>\n\t\t\t\t<\/li>\n\t\t\t\t\t\t\t\t\t\t\t<li class=\"elementor-repeater-item-0b1a769\">\n\t\t\t\t\t\t\t\t\t\t\t<span class=\"wd-icon\"><svg class=\"e-font-icon-svg e-fas-star\" viewBox=\"0 0 576 512\" xmlns=\"http:\/\/www.w3.org\/2000\/svg\"><path d=\"M259.3 17.8L194 150.2 47.9 171.5c-26.2 3.8-36.7 36.1-17.7 54.6l105.7 103-25 145.5c-4.5 26.3 23.2 46 46.4 33.7L288 439.6l130.7 68.7c23.2 12.2 50.9-7.4 46.4-33.7l-25-145.5 105.7-103c19-18.5 8.5-50.8-17.7-54.6L382 150.2 316.7 17.8c-11.7-23.6-45.6-23.9-57.4 0z\"><\/path><\/svg><\/span>\t\t\t\t\t\n\t\t\t\t\t<span class=\"wd-list-content list-content\">\n\t\t\t\t\t\t\t\t\t\t\t\t\tYpatingai hidrofobinis pavir\u0161ius (98\u00b0)\t\t\t\t\t\t\t\t\t\t\t<\/span>\n\t\t\t\t<\/li>\n\t\t\t\t\t\t\t\t\t\t\t<li class=\"elementor-repeater-item-7b76521\">\n\t\t\t\t\t\t\t\t\t\t\t<span class=\"wd-icon\"><svg class=\"e-font-icon-svg e-fas-star\" viewBox=\"0 0 576 512\" xmlns=\"http:\/\/www.w3.org\/2000\/svg\"><path d=\"M259.3 17.8L194 150.2 47.9 171.5c-26.2 3.8-36.7 36.1-17.7 54.6l105.7 103-25 145.5c-4.5 26.3 23.2 46 46.4 33.7L288 439.6l130.7 68.7c23.2 12.2 50.9-7.4 46.4-33.7l-25-145.5 105.7-103c19-18.5 8.5-50.8-17.7-54.6L382 150.2 316.7 17.8c-11.7-23.6-45.6-23.9-57.4 0z\"><\/path><\/svg><\/span>\t\t\t\t\t\n\t\t\t\t\t<span class=\"wd-list-content list-content\">\n\t\t\t\t\t\t\t\t\t\t\t\t\tYpa\u010d blizgus pl\u0117vel\u0117s pavir\u0161ius\t\t\t\t\t\t\t\t\t\t\t<\/span>\n\t\t\t\t<\/li>\n\t\t\t\t\t\t\t\t\t\t\t<li class=\"elementor-repeater-item-1957815\">\n\t\t\t\t\t\t\t\t\t\t\t<span class=\"wd-icon\"><svg class=\"e-font-icon-svg e-fas-star\" viewBox=\"0 0 576 512\" xmlns=\"http:\/\/www.w3.org\/2000\/svg\"><path d=\"M259.3 17.8L194 150.2 47.9 171.5c-26.2 3.8-36.7 36.1-17.7 54.6l105.7 103-25 145.5c-4.5 26.3 23.2 46 46.4 33.7L288 439.6l130.7 68.7c23.2 12.2 50.9-7.4 46.4-33.7l-25-145.5 105.7-103c19-18.5 8.5-50.8-17.7-54.6L382 150.2 316.7 17.8c-11.7-23.6-45.6-23.9-57.4 0z\"><\/path><\/svg><\/span>\t\t\t\t\t\n\t\t\t\t\t<span class=\"wd-list-content list-content\">\n\t\t\t\t\t\t\t\t\t\t\t\t\tSavaime atsistatantys smulk\u016bs \u012fbr\u0117\u017eimai - \"Selfhealing\"\t\t\t\t\t\t\t\t\t\t\t<\/span>\n\t\t\t\t<\/li>\n\t\t\t\t\t\t\t\t\t\t\t<li class=\"elementor-repeater-item-1c1f75f\">\n\t\t\t\t\t\t\t\t\t\t\t<span class=\"wd-icon\"><svg class=\"e-font-icon-svg e-fas-star\" viewBox=\"0 0 576 512\" xmlns=\"http:\/\/www.w3.org\/2000\/svg\"><path d=\"M259.3 17.8L194 150.2 47.9 171.5c-26.2 3.8-36.7 36.1-17.7 54.6l105.7 103-25 145.5c-4.5 26.3 23.2 46 46.4 33.7L288 439.6l130.7 68.7c23.2 12.2 50.9-7.4 46.4-33.7l-25-145.5 105.7-103c19-18.5 8.5-50.8-17.7-54.6L382 150.2 316.7 17.8c-11.7-23.6-45.6-23.9-57.4 0z\"><\/path><\/svg><\/span>\t\t\t\t\t\n\t\t\t\t\t<span class=\"wd-list-content list-content\">\n\t\t\t\t\t\t\t\t\t\t\t\t\tLabai realisti\u0161ka i\u0161vaizda lyginant su tikru anglies pluo\u0161tu.\t\t\t\t\t\t\t\t\t\t\t<\/span>\n\t\t\t\t<\/li>\n\t\t\t\t\t<\/ul>\n\n\t\t\t\t\t\t<\/div>\n\t\t\t\t<\/div>\n\t\t\t\t\t<\/div>\n\t\t\t\t<\/div>\n\t\t<div class=\"wd-negative-gap elementor-element elementor-element-3fbb6e6 e-flex e-con-boxed e-con e-parent\" data-id=\"3fbb6e6\" data-element_type=\"container\" data-e-type=\"container\">\n\t\t\t\t\t<div class=\"e-con-inner\">\n\t\t\t\t<div class=\"elementor-element elementor-element-6d9defe elementor-widget elementor-widget-spacer\" data-id=\"6d9defe\" data-element_type=\"widget\" data-e-type=\"widget\" data-widget_type=\"spacer.default\">\n\t\t\t\t\t\t\t<div class=\"elementor-spacer\">\n\t\t\t<div class=\"elementor-spacer-inner\"><\/div>\n\t\t<\/div>\n\t\t\t\t\t\t<\/div>\n\t\t\t\t<div class=\"elementor-element elementor-element-1bca6a2 wd-width-100 elementor-widget elementor-widget-wd_title\" data-id=\"1bca6a2\" data-element_type=\"widget\" data-e-type=\"widget\" data-widget_type=\"wd_title.default\">\n\t\t\t\t<div class=\"elementor-widget-container\">\n\t\t\t\t\t\t\t<div class=\"title-wrapper wd-set-mb reset-last-child wd-title-color-default wd-title-style-default wd-title-size-default text-left\">\n\n\t\t\t\n\t\t\t<div class=\"liner-continer\">\n\t\t\t\t<h4 class=\"woodmart-title-container title wd-fontsize-l\">Domina automobilio k\u0117bulo apklijavimas apsaugine PPF pl\u0117vele?<\/h4> \n\t\t\t\t\t\t\t<\/div>\n\n\t\t\t\t\t\t\t<div class=\"title-after_title reset-last-child wd-fontsize-xs\">\n\t\t\t\t\t<p>Profesionaliai apklijuosime j\u016bs\u0173 automobilio k\u0117bul\u0105<\/p>\t\t\t\t<\/div>\n\t\t\t\t\t<\/div>\n\t\t\t\t\t\t<\/div>\n\t\t\t\t<\/div>\n\t\t\t\t<div class=\"elementor-element elementor-element-c360cb3 elementor-widget elementor-widget-spacer\" data-id=\"c360cb3\" data-element_type=\"widget\" data-e-type=\"widget\" data-widget_type=\"spacer.default\">\n\t\t\t\t\t\t\t<div class=\"elementor-spacer\">\n\t\t\t<div class=\"elementor-spacer-inner\"><\/div>\n\t\t<\/div>\n\t\t\t\t\t\t<\/div>\n\t\t\t\t\t<\/div>\n\t\t\t\t<\/div>\n\t\t<div class=\"wd-negative-gap elementor-element elementor-element-45be40f e-flex e-con-boxed e-con e-parent\" data-id=\"45be40f\" data-element_type=\"container\" data-e-type=\"container\">\n\t\t\t\t\t<div class=\"e-con-inner\">\n\t\t\t\t<div class=\"elementor-element elementor-element-62f2c7d elementor-align-left elementor-widget elementor-widget-button\" data-id=\"62f2c7d\" data-element_type=\"widget\" data-e-type=\"widget\" data-widget_type=\"button.default\">\n\t\t\t\t\t\t\t\t\t\t<a class=\"elementor-button elementor-button-link elementor-size-sm\" href=\"\/automobiliu-apklijavimas\/automobiliu-apklijavimas-apsaugine-ppf-plevele\/\">\n\t\t\t\t\t\t<span class=\"elementor-button-content-wrapper\">\n\t\t\t\t\t\t\t\t\t<span class=\"elementor-button-text\">Su\u017einokite daugiau<\/span>\n\t\t\t\t\t<\/span>\n\t\t\t\t\t<\/a>\n\t\t\t\t\t\t\t\t<\/div>\n\t\t\t\t\t<\/div>\n\t\t\t\t<\/div>\n\t\t\t\t<\/div>\n\t\t","protected":false},"excerpt":{"rendered":"<p>CF-Black anglies pluo\u0161to imitacijos pl\u0117vel\u0117. Savo i\u0161vaizda pasi\u017eymi labai pana\u0161ia ir realisti\u0161ka i\u0161vaizda \u012f tikr\u0105 &#8222;Carbon Fiber&#8221; med\u017eiagi\u0161kum\u0105. \u00a0\u0160i CF-Black<\/p>\n","protected":false},"featured_media":30795,"comment_status":"closed","ping_status":"closed","template":"","meta":{"_acf_changed":false},"product_brand":[],"product_cat":[99,85],"product_tag":[],"class_list":{"0":"post-30790","1":"product","2":"type-product","3":"status-publish","4":"has-post-thumbnail","6":"product_cat-apsaugines-ppf-pleveles","7":"product_cat-pleveles-automobiliams","9":"first","10":"instock","11":"taxable","12":"shipping-taxable","13":"purchasable","14":"product-type-simple"},"acf":[],"yoast_head":"<!-- This site is optimized with the Yoast SEO plugin v27.5 - https:\/\/yoast.com\/product\/yoast-seo-wordpress\/ -->\n<title>\u201eCarbon Fiber\u201d blizgi apsaugin\u0117 PPF k\u0117bulo pl\u0117vel\u0117, CF-Black<\/title>\n<meta name=\"description\" content=\"CF-Black anglies pluo\u0161to - &quot;carbon&quot; imitacijos pl\u0117vel\u0117. Savo i\u0161vaizda pasi\u017eymi labai pana\u0161ia ir realisti\u0161ka i\u0161vaizda \u012f tikr\u0105 &quot;Carbon Fiber&quot; med\u017eiagi\u0161kum\u0105.\" \/>\n<meta name=\"robots\" content=\"index, follow, max-snippet:-1, max-image-preview:large, max-video-preview:-1\" \/>\n<link rel=\"canonical\" href=\"https:\/\/tint.lt\/shop\/preke\/carbon-fibre-blizgi-apsaugine-ppf-kebulo-plevele-cf-black\/\" \/>\n<meta property=\"og:locale\" content=\"lt_LT\" \/>\n<meta property=\"og:type\" content=\"article\" \/>\n<meta property=\"og:title\" content=\"\u201eCarbon Fiber\u201d blizgi apsaugin\u0117 PPF k\u0117bulo pl\u0117vel\u0117, CF-Black\" \/>\n<meta property=\"og:description\" content=\"CF-Black anglies pluo\u0161to - &quot;carbon&quot; imitacijos pl\u0117vel\u0117. Savo i\u0161vaizda pasi\u017eymi labai pana\u0161ia ir realisti\u0161ka i\u0161vaizda \u012f tikr\u0105 &quot;Carbon Fiber&quot; med\u017eiagi\u0161kum\u0105.\" \/>\n<meta property=\"og:url\" content=\"https:\/\/tint.lt\/shop\/preke\/carbon-fibre-blizgi-apsaugine-ppf-kebulo-plevele-cf-black\/\" \/>\n<meta property=\"og:site_name\" content=\"Tint\" \/>\n<meta property=\"article:modified_time\" content=\"2026-04-26T19:58:53+00:00\" \/>\n<meta property=\"og:image\" content=\"https:\/\/tint.lt\/shop\/wp-content\/uploads\/2026\/03\/CF-Black-carbon-fibre-ppf-plevele-.jpg\" \/>\n\t<meta property=\"og:image:width\" content=\"900\" \/>\n\t<meta property=\"og:image:height\" content=\"900\" \/>\n\t<meta property=\"og:image:type\" content=\"image\/jpeg\" \/>\n<meta name=\"twitter:card\" content=\"summary_large_image\" \/>\n<meta name=\"twitter:label1\" content=\"Est. reading time\" \/>\n\t<meta name=\"twitter:data1\" content=\"2 minut\u0117s\" \/>\n<script type=\"application\/ld+json\" class=\"yoast-schema-graph\">{\"@context\":\"https:\\\/\\\/schema.org\",\"@graph\":[{\"@type\":\"WebPage\",\"@id\":\"https:\\\/\\\/tint.lt\\\/shop\\\/preke\\\/carbon-fibre-blizgi-apsaugine-ppf-kebulo-plevele-cf-black\\\/\",\"url\":\"https:\\\/\\\/tint.lt\\\/shop\\\/preke\\\/carbon-fibre-blizgi-apsaugine-ppf-kebulo-plevele-cf-black\\\/\",\"name\":\"\u201eCarbon Fiber\u201d blizgi apsaugin\u0117 PPF k\u0117bulo pl\u0117vel\u0117, CF-Black\",\"isPartOf\":{\"@id\":\"https:\\\/\\\/tint.lt\\\/shop\\\/#website\"},\"primaryImageOfPage\":{\"@id\":\"https:\\\/\\\/tint.lt\\\/shop\\\/preke\\\/carbon-fibre-blizgi-apsaugine-ppf-kebulo-plevele-cf-black\\\/#primaryimage\"},\"image\":{\"@id\":\"https:\\\/\\\/tint.lt\\\/shop\\\/preke\\\/carbon-fibre-blizgi-apsaugine-ppf-kebulo-plevele-cf-black\\\/#primaryimage\"},\"thumbnailUrl\":\"https:\\\/\\\/tint.lt\\\/shop\\\/wp-content\\\/uploads\\\/2026\\\/03\\\/CF-Black-carbon-fibre-ppf-plevele-.jpg\",\"datePublished\":\"2026-03-27T06:10:52+00:00\",\"dateModified\":\"2026-04-26T19:58:53+00:00\",\"description\":\"CF-Black anglies pluo\u0161to - \\\"carbon\\\" imitacijos pl\u0117vel\u0117. Savo i\u0161vaizda pasi\u017eymi labai pana\u0161ia ir realisti\u0161ka i\u0161vaizda \u012f tikr\u0105 \\\"Carbon Fiber\\\" med\u017eiagi\u0161kum\u0105.\",\"breadcrumb\":{\"@id\":\"https:\\\/\\\/tint.lt\\\/shop\\\/preke\\\/carbon-fibre-blizgi-apsaugine-ppf-kebulo-plevele-cf-black\\\/#breadcrumb\"},\"inLanguage\":\"lt-LT\",\"potentialAction\":[{\"@type\":\"ReadAction\",\"target\":[\"https:\\\/\\\/tint.lt\\\/shop\\\/preke\\\/carbon-fibre-blizgi-apsaugine-ppf-kebulo-plevele-cf-black\\\/\"]}]},{\"@type\":\"ImageObject\",\"inLanguage\":\"lt-LT\",\"@id\":\"https:\\\/\\\/tint.lt\\\/shop\\\/preke\\\/carbon-fibre-blizgi-apsaugine-ppf-kebulo-plevele-cf-black\\\/#primaryimage\",\"url\":\"https:\\\/\\\/tint.lt\\\/shop\\\/wp-content\\\/uploads\\\/2026\\\/03\\\/CF-Black-carbon-fibre-ppf-plevele-.jpg\",\"contentUrl\":\"https:\\\/\\\/tint.lt\\\/shop\\\/wp-content\\\/uploads\\\/2026\\\/03\\\/CF-Black-carbon-fibre-ppf-plevele-.jpg\",\"width\":900,\"height\":900},{\"@type\":\"BreadcrumbList\",\"@id\":\"https:\\\/\\\/tint.lt\\\/shop\\\/preke\\\/carbon-fibre-blizgi-apsaugine-ppf-kebulo-plevele-cf-black\\\/#breadcrumb\",\"itemListElement\":[{\"@type\":\"ListItem\",\"position\":1,\"name\":\"Home\",\"item\":\"https:\\\/\\\/tint.lt\\\/shop\\\/\"},{\"@type\":\"ListItem\",\"position\":2,\"name\":\"Parduotuv\u0117\",\"item\":\"https:\\\/\\\/tint.lt\\\/shop\\\/produktai\\\/\"},{\"@type\":\"ListItem\",\"position\":3,\"name\":\"&#8222;Carbon Fiber&#8221; blizgi apsaugin\u0117 PPF k\u0117bulo pl\u0117vel\u0117, CF-Black\"}]},{\"@type\":\"WebSite\",\"@id\":\"https:\\\/\\\/tint.lt\\\/shop\\\/#website\",\"url\":\"https:\\\/\\\/tint.lt\\\/shop\\\/\",\"name\":\"Tint.lt\",\"description\":\"El. parduotuv\u0117\",\"publisher\":{\"@id\":\"https:\\\/\\\/tint.lt\\\/shop\\\/#organization\"},\"potentialAction\":[{\"@type\":\"SearchAction\",\"target\":{\"@type\":\"EntryPoint\",\"urlTemplate\":\"https:\\\/\\\/tint.lt\\\/shop\\\/?s={search_term_string}\"},\"query-input\":{\"@type\":\"PropertyValueSpecification\",\"valueRequired\":true,\"valueName\":\"search_term_string\"}}],\"inLanguage\":\"lt-LT\"},{\"@type\":\"Organization\",\"@id\":\"https:\\\/\\\/tint.lt\\\/shop\\\/#organization\",\"name\":\"Tint.lt\",\"url\":\"https:\\\/\\\/tint.lt\\\/shop\\\/\",\"logo\":{\"@type\":\"ImageObject\",\"inLanguage\":\"lt-LT\",\"@id\":\"https:\\\/\\\/tint.lt\\\/shop\\\/#\\\/schema\\\/logo\\\/image\\\/\",\"url\":\"https:\\\/\\\/tint.lt\\\/shop\\\/wp-content\\\/uploads\\\/2026\\\/02\\\/TINT_lipnios_pleveles_profesionalams_grey.png\",\"contentUrl\":\"https:\\\/\\\/tint.lt\\\/shop\\\/wp-content\\\/uploads\\\/2026\\\/02\\\/TINT_lipnios_pleveles_profesionalams_grey.png\",\"width\":1265,\"height\":460,\"caption\":\"Tint.lt\"},\"image\":{\"@id\":\"https:\\\/\\\/tint.lt\\\/shop\\\/#\\\/schema\\\/logo\\\/image\\\/\"}}]}<\/script>\n<!-- \/ Yoast SEO plugin. -->","yoast_head_json":{"title":"\u201eCarbon Fiber\u201d blizgi apsaugin\u0117 PPF k\u0117bulo pl\u0117vel\u0117, CF-Black","description":"CF-Black anglies pluo\u0161to - \"carbon\" imitacijos pl\u0117vel\u0117. Savo i\u0161vaizda pasi\u017eymi labai pana\u0161ia ir realisti\u0161ka i\u0161vaizda \u012f tikr\u0105 \"Carbon Fiber\" med\u017eiagi\u0161kum\u0105.","robots":{"index":"index","follow":"follow","max-snippet":"max-snippet:-1","max-image-preview":"max-image-preview:large","max-video-preview":"max-video-preview:-1"},"canonical":"https:\/\/tint.lt\/shop\/preke\/carbon-fibre-blizgi-apsaugine-ppf-kebulo-plevele-cf-black\/","og_locale":"lt_LT","og_type":"article","og_title":"\u201eCarbon Fiber\u201d blizgi apsaugin\u0117 PPF k\u0117bulo pl\u0117vel\u0117, CF-Black","og_description":"CF-Black anglies pluo\u0161to - \"carbon\" imitacijos pl\u0117vel\u0117. Savo i\u0161vaizda pasi\u017eymi labai pana\u0161ia ir realisti\u0161ka i\u0161vaizda \u012f tikr\u0105 \"Carbon Fiber\" med\u017eiagi\u0161kum\u0105.","og_url":"https:\/\/tint.lt\/shop\/preke\/carbon-fibre-blizgi-apsaugine-ppf-kebulo-plevele-cf-black\/","og_site_name":"Tint","article_modified_time":"2026-04-26T19:58:53+00:00","og_image":[{"width":900,"height":900,"url":"https:\/\/tint.lt\/shop\/wp-content\/uploads\/2026\/03\/CF-Black-carbon-fibre-ppf-plevele-.jpg","type":"image\/jpeg"}],"twitter_card":"summary_large_image","twitter_misc":{"Est. reading time":"2 minut\u0117s"},"schema":{"@context":"https:\/\/schema.org","@graph":[{"@type":"WebPage","@id":"https:\/\/tint.lt\/shop\/preke\/carbon-fibre-blizgi-apsaugine-ppf-kebulo-plevele-cf-black\/","url":"https:\/\/tint.lt\/shop\/preke\/carbon-fibre-blizgi-apsaugine-ppf-kebulo-plevele-cf-black\/","name":"\u201eCarbon Fiber\u201d blizgi apsaugin\u0117 PPF k\u0117bulo pl\u0117vel\u0117, CF-Black","isPartOf":{"@id":"https:\/\/tint.lt\/shop\/#website"},"primaryImageOfPage":{"@id":"https:\/\/tint.lt\/shop\/preke\/carbon-fibre-blizgi-apsaugine-ppf-kebulo-plevele-cf-black\/#primaryimage"},"image":{"@id":"https:\/\/tint.lt\/shop\/preke\/carbon-fibre-blizgi-apsaugine-ppf-kebulo-plevele-cf-black\/#primaryimage"},"thumbnailUrl":"https:\/\/tint.lt\/shop\/wp-content\/uploads\/2026\/03\/CF-Black-carbon-fibre-ppf-plevele-.jpg","datePublished":"2026-03-27T06:10:52+00:00","dateModified":"2026-04-26T19:58:53+00:00","description":"CF-Black anglies pluo\u0161to - \"carbon\" imitacijos pl\u0117vel\u0117. Savo i\u0161vaizda pasi\u017eymi labai pana\u0161ia ir realisti\u0161ka i\u0161vaizda \u012f tikr\u0105 \"Carbon Fiber\" med\u017eiagi\u0161kum\u0105.","breadcrumb":{"@id":"https:\/\/tint.lt\/shop\/preke\/carbon-fibre-blizgi-apsaugine-ppf-kebulo-plevele-cf-black\/#breadcrumb"},"inLanguage":"lt-LT","potentialAction":[{"@type":"ReadAction","target":["https:\/\/tint.lt\/shop\/preke\/carbon-fibre-blizgi-apsaugine-ppf-kebulo-plevele-cf-black\/"]}]},{"@type":"ImageObject","inLanguage":"lt-LT","@id":"https:\/\/tint.lt\/shop\/preke\/carbon-fibre-blizgi-apsaugine-ppf-kebulo-plevele-cf-black\/#primaryimage","url":"https:\/\/tint.lt\/shop\/wp-content\/uploads\/2026\/03\/CF-Black-carbon-fibre-ppf-plevele-.jpg","contentUrl":"https:\/\/tint.lt\/shop\/wp-content\/uploads\/2026\/03\/CF-Black-carbon-fibre-ppf-plevele-.jpg","width":900,"height":900},{"@type":"BreadcrumbList","@id":"https:\/\/tint.lt\/shop\/preke\/carbon-fibre-blizgi-apsaugine-ppf-kebulo-plevele-cf-black\/#breadcrumb","itemListElement":[{"@type":"ListItem","position":1,"name":"Home","item":"https:\/\/tint.lt\/shop\/"},{"@type":"ListItem","position":2,"name":"Parduotuv\u0117","item":"https:\/\/tint.lt\/shop\/produktai\/"},{"@type":"ListItem","position":3,"name":"&#8222;Carbon Fiber&#8221; blizgi apsaugin\u0117 PPF k\u0117bulo pl\u0117vel\u0117, CF-Black"}]},{"@type":"WebSite","@id":"https:\/\/tint.lt\/shop\/#website","url":"https:\/\/tint.lt\/shop\/","name":"Tint.lt","description":"El. parduotuv\u0117","publisher":{"@id":"https:\/\/tint.lt\/shop\/#organization"},"potentialAction":[{"@type":"SearchAction","target":{"@type":"EntryPoint","urlTemplate":"https:\/\/tint.lt\/shop\/?s={search_term_string}"},"query-input":{"@type":"PropertyValueSpecification","valueRequired":true,"valueName":"search_term_string"}}],"inLanguage":"lt-LT"},{"@type":"Organization","@id":"https:\/\/tint.lt\/shop\/#organization","name":"Tint.lt","url":"https:\/\/tint.lt\/shop\/","logo":{"@type":"ImageObject","inLanguage":"lt-LT","@id":"https:\/\/tint.lt\/shop\/#\/schema\/logo\/image\/","url":"https:\/\/tint.lt\/shop\/wp-content\/uploads\/2026\/02\/TINT_lipnios_pleveles_profesionalams_grey.png","contentUrl":"https:\/\/tint.lt\/shop\/wp-content\/uploads\/2026\/02\/TINT_lipnios_pleveles_profesionalams_grey.png","width":1265,"height":460,"caption":"Tint.lt"},"image":{"@id":"https:\/\/tint.lt\/shop\/#\/schema\/logo\/image\/"}}]}},"_links":{"self":[{"href":"https:\/\/tint.lt\/shop\/wp-json\/wp\/v2\/product\/30790","targetHints":{"allow":["GET"]}}],"collection":[{"href":"https:\/\/tint.lt\/shop\/wp-json\/wp\/v2\/product"}],"about":[{"href":"https:\/\/tint.lt\/shop\/wp-json\/wp\/v2\/types\/product"}],"replies":[{"embeddable":true,"href":"https:\/\/tint.lt\/shop\/wp-json\/wp\/v2\/comments?post=30790"}],"version-history":[{"count":5,"href":"https:\/\/tint.lt\/shop\/wp-json\/wp\/v2\/product\/30790\/revisions"}],"predecessor-version":[{"id":30987,"href":"https:\/\/tint.lt\/shop\/wp-json\/wp\/v2\/product\/30790\/revisions\/30987"}],"wp:featuredmedia":[{"embeddable":true,"href":"https:\/\/tint.lt\/shop\/wp-json\/wp\/v2\/media\/30795"}],"wp:attachment":[{"href":"https:\/\/tint.lt\/shop\/wp-json\/wp\/v2\/media?parent=30790"}],"wp:term":[{"taxonomy":"product_brand","embeddable":true,"href":"https:\/\/tint.lt\/shop\/wp-json\/wp\/v2\/product_brand?post=30790"},{"taxonomy":"product_cat","embeddable":true,"href":"https:\/\/tint.lt\/shop\/wp-json\/wp\/v2\/product_cat?post=30790"},{"taxonomy":"product_tag","embeddable":true,"href":"https:\/\/tint.lt\/shop\/wp-json\/wp\/v2\/product_tag?post=30790"}],"curies":[{"name":"wp","href":"https:\/\/api.w.org\/{rel}","templated":true}]}}