{"id":30980,"date":"2026-04-25T17:23:38","date_gmt":"2026-04-25T14:23:38","guid":{"rendered":"https:\/\/tint.lt\/shop\/?post_type=product&#038;p=30980"},"modified":"2026-04-25T17:30:42","modified_gmt":"2026-04-25T14:30:42","slug":"nylon-push-stick-plastikinis-irankis-langu-tamsinimo-pleveliu-klijavimui","status":"publish","type":"product","link":"https:\/\/tint.lt\/shop\/preke\/nylon-push-stick-plastikinis-irankis-langu-tamsinimo-pleveliu-klijavimui\/","title":{"rendered":"&#8222;Nylon Push Stick&#8221; &#8211; plastikinis \u012frankis lang\u0173 tamsinimo pl\u0117veli\u0173 klijavimui"},"content":{"rendered":"","protected":false},"excerpt":{"rendered":"","protected":false},"featured_media":30981,"comment_status":"open","ping_status":"closed","template":"","meta":{"_acf_changed":false},"product_brand":[],"product_cat":[90,121],"product_tag":[],"class_list":{"0":"post-30980","1":"product","2":"type-product","3":"status-publish","4":"has-post-thumbnail","6":"product_cat-irankiai-ir-priemones-pleveliu-klijavimui","7":"product_cat-kiti-pagalbiniai-irankiai","9":"first","10":"instock","11":"taxable","12":"shipping-taxable","13":"purchasable","14":"product-type-simple"},"acf":[],"yoast_head":"<!-- This site is optimized with the Yoast SEO plugin v27.3 - https:\/\/yoast.com\/product\/yoast-seo-wordpress\/ -->\n<title>&quot;Nylon Push Stick&quot; - plastikinis \u012frankis lang\u0173 tamsinimo pl\u0117veli\u0173 klijavimui - Tint<\/title>\n<meta name=\"description\" content=\"Plastikinis nailoninis \u012frankis da\u017enai naudojamas \u012fvairiems tikslams - lang\u0173 tamsinimo pl\u0117vel\u0117s prispaudimui, korekcija ir pan. arba plastikini\u0173 detali\u0173 ardymui\" \/>\n<meta name=\"robots\" content=\"index, follow, max-snippet:-1, max-image-preview:large, max-video-preview:-1\" \/>\n<link rel=\"canonical\" href=\"https:\/\/tint.lt\/shop\/preke\/nylon-push-stick-plastikinis-irankis-langu-tamsinimo-pleveliu-klijavimui\/\" \/>\n<meta property=\"og:locale\" content=\"lt_LT\" \/>\n<meta property=\"og:type\" content=\"article\" \/>\n<meta property=\"og:title\" content=\"&quot;Nylon Push Stick&quot; - plastikinis \u012frankis lang\u0173 tamsinimo pl\u0117veli\u0173 klijavimui - Tint\" \/>\n<meta property=\"og:description\" content=\"Plastikinis nailoninis \u012frankis da\u017enai naudojamas \u012fvairiems tikslams - lang\u0173 tamsinimo pl\u0117vel\u0117s prispaudimui, korekcija ir pan. arba plastikini\u0173 detali\u0173 ardymui\" \/>\n<meta property=\"og:url\" content=\"https:\/\/tint.lt\/shop\/preke\/nylon-push-stick-plastikinis-irankis-langu-tamsinimo-pleveliu-klijavimui\/\" \/>\n<meta property=\"og:site_name\" content=\"Tint\" \/>\n<meta property=\"article:modified_time\" content=\"2026-04-25T14:30:42+00:00\" \/>\n<meta property=\"og:image\" content=\"https:\/\/tint.lt\/shop\/wp-content\/uploads\/2026\/04\/400-001-Nylon-Push-Stick.jpg\" \/>\n\t<meta property=\"og:image:width\" content=\"900\" \/>\n\t<meta property=\"og:image:height\" content=\"900\" \/>\n\t<meta property=\"og:image:type\" content=\"image\/jpeg\" \/>\n<meta name=\"twitter:card\" content=\"summary_large_image\" \/>\n<meta name=\"twitter:label1\" content=\"Est. reading time\" \/>\n\t<meta name=\"twitter:data1\" content=\"1 minut\u0117\" \/>\n<script type=\"application\/ld+json\" class=\"yoast-schema-graph\">{\"@context\":\"https:\\\/\\\/schema.org\",\"@graph\":[{\"@type\":\"WebPage\",\"@id\":\"https:\\\/\\\/tint.lt\\\/shop\\\/preke\\\/nylon-push-stick-plastikinis-irankis-langu-tamsinimo-pleveliu-klijavimui\\\/\",\"url\":\"https:\\\/\\\/tint.lt\\\/shop\\\/preke\\\/nylon-push-stick-plastikinis-irankis-langu-tamsinimo-pleveliu-klijavimui\\\/\",\"name\":\"\\\"Nylon Push Stick\\\" - plastikinis \u012frankis lang\u0173 tamsinimo pl\u0117veli\u0173 klijavimui - Tint\",\"isPartOf\":{\"@id\":\"https:\\\/\\\/tint.lt\\\/shop\\\/#website\"},\"primaryImageOfPage\":{\"@id\":\"https:\\\/\\\/tint.lt\\\/shop\\\/preke\\\/nylon-push-stick-plastikinis-irankis-langu-tamsinimo-pleveliu-klijavimui\\\/#primaryimage\"},\"image\":{\"@id\":\"https:\\\/\\\/tint.lt\\\/shop\\\/preke\\\/nylon-push-stick-plastikinis-irankis-langu-tamsinimo-pleveliu-klijavimui\\\/#primaryimage\"},\"thumbnailUrl\":\"https:\\\/\\\/tint.lt\\\/shop\\\/wp-content\\\/uploads\\\/2026\\\/04\\\/400-001-Nylon-Push-Stick.jpg\",\"datePublished\":\"2026-04-25T14:23:38+00:00\",\"dateModified\":\"2026-04-25T14:30:42+00:00\",\"description\":\"Plastikinis nailoninis \u012frankis da\u017enai naudojamas \u012fvairiems tikslams - lang\u0173 tamsinimo pl\u0117vel\u0117s prispaudimui, korekcija ir pan. arba plastikini\u0173 detali\u0173 ardymui\",\"breadcrumb\":{\"@id\":\"https:\\\/\\\/tint.lt\\\/shop\\\/preke\\\/nylon-push-stick-plastikinis-irankis-langu-tamsinimo-pleveliu-klijavimui\\\/#breadcrumb\"},\"inLanguage\":\"lt-LT\",\"potentialAction\":[{\"@type\":\"ReadAction\",\"target\":[\"https:\\\/\\\/tint.lt\\\/shop\\\/preke\\\/nylon-push-stick-plastikinis-irankis-langu-tamsinimo-pleveliu-klijavimui\\\/\"]}]},{\"@type\":\"ImageObject\",\"inLanguage\":\"lt-LT\",\"@id\":\"https:\\\/\\\/tint.lt\\\/shop\\\/preke\\\/nylon-push-stick-plastikinis-irankis-langu-tamsinimo-pleveliu-klijavimui\\\/#primaryimage\",\"url\":\"https:\\\/\\\/tint.lt\\\/shop\\\/wp-content\\\/uploads\\\/2026\\\/04\\\/400-001-Nylon-Push-Stick.jpg\",\"contentUrl\":\"https:\\\/\\\/tint.lt\\\/shop\\\/wp-content\\\/uploads\\\/2026\\\/04\\\/400-001-Nylon-Push-Stick.jpg\",\"width\":900,\"height\":900,\"caption\":\"Nylon Push Stick - plastikinis \u012frankis\"},{\"@type\":\"BreadcrumbList\",\"@id\":\"https:\\\/\\\/tint.lt\\\/shop\\\/preke\\\/nylon-push-stick-plastikinis-irankis-langu-tamsinimo-pleveliu-klijavimui\\\/#breadcrumb\",\"itemListElement\":[{\"@type\":\"ListItem\",\"position\":1,\"name\":\"Home\",\"item\":\"https:\\\/\\\/tint.lt\\\/shop\\\/\"},{\"@type\":\"ListItem\",\"position\":2,\"name\":\"Parduotuv\u0117\",\"item\":\"https:\\\/\\\/tint.lt\\\/shop\\\/produktai\\\/\"},{\"@type\":\"ListItem\",\"position\":3,\"name\":\"&#8222;Nylon Push Stick&#8221; &#8211; plastikinis \u012frankis lang\u0173 tamsinimo pl\u0117veli\u0173 klijavimui\"}]},{\"@type\":\"WebSite\",\"@id\":\"https:\\\/\\\/tint.lt\\\/shop\\\/#website\",\"url\":\"https:\\\/\\\/tint.lt\\\/shop\\\/\",\"name\":\"Tint.lt\",\"description\":\"El. parduotuv\u0117\",\"publisher\":{\"@id\":\"https:\\\/\\\/tint.lt\\\/shop\\\/#organization\"},\"potentialAction\":[{\"@type\":\"SearchAction\",\"target\":{\"@type\":\"EntryPoint\",\"urlTemplate\":\"https:\\\/\\\/tint.lt\\\/shop\\\/?s={search_term_string}\"},\"query-input\":{\"@type\":\"PropertyValueSpecification\",\"valueRequired\":true,\"valueName\":\"search_term_string\"}}],\"inLanguage\":\"lt-LT\"},{\"@type\":\"Organization\",\"@id\":\"https:\\\/\\\/tint.lt\\\/shop\\\/#organization\",\"name\":\"Tint.lt\",\"url\":\"https:\\\/\\\/tint.lt\\\/shop\\\/\",\"logo\":{\"@type\":\"ImageObject\",\"inLanguage\":\"lt-LT\",\"@id\":\"https:\\\/\\\/tint.lt\\\/shop\\\/#\\\/schema\\\/logo\\\/image\\\/\",\"url\":\"https:\\\/\\\/tint.lt\\\/shop\\\/wp-content\\\/uploads\\\/2026\\\/02\\\/TINT_lipnios_pleveles_profesionalams_grey.png\",\"contentUrl\":\"https:\\\/\\\/tint.lt\\\/shop\\\/wp-content\\\/uploads\\\/2026\\\/02\\\/TINT_lipnios_pleveles_profesionalams_grey.png\",\"width\":1265,\"height\":460,\"caption\":\"Tint.lt\"},\"image\":{\"@id\":\"https:\\\/\\\/tint.lt\\\/shop\\\/#\\\/schema\\\/logo\\\/image\\\/\"}}]}<\/script>\n<!-- \/ Yoast SEO plugin. -->","yoast_head_json":{"title":"\"Nylon Push Stick\" - plastikinis \u012frankis lang\u0173 tamsinimo pl\u0117veli\u0173 klijavimui - Tint","description":"Plastikinis nailoninis \u012frankis da\u017enai naudojamas \u012fvairiems tikslams - lang\u0173 tamsinimo pl\u0117vel\u0117s prispaudimui, korekcija ir pan. arba plastikini\u0173 detali\u0173 ardymui","robots":{"index":"index","follow":"follow","max-snippet":"max-snippet:-1","max-image-preview":"max-image-preview:large","max-video-preview":"max-video-preview:-1"},"canonical":"https:\/\/tint.lt\/shop\/preke\/nylon-push-stick-plastikinis-irankis-langu-tamsinimo-pleveliu-klijavimui\/","og_locale":"lt_LT","og_type":"article","og_title":"\"Nylon Push Stick\" - plastikinis \u012frankis lang\u0173 tamsinimo pl\u0117veli\u0173 klijavimui - Tint","og_description":"Plastikinis nailoninis \u012frankis da\u017enai naudojamas \u012fvairiems tikslams - lang\u0173 tamsinimo pl\u0117vel\u0117s prispaudimui, korekcija ir pan. arba plastikini\u0173 detali\u0173 ardymui","og_url":"https:\/\/tint.lt\/shop\/preke\/nylon-push-stick-plastikinis-irankis-langu-tamsinimo-pleveliu-klijavimui\/","og_site_name":"Tint","article_modified_time":"2026-04-25T14:30:42+00:00","og_image":[{"width":900,"height":900,"url":"https:\/\/tint.lt\/shop\/wp-content\/uploads\/2026\/04\/400-001-Nylon-Push-Stick.jpg","type":"image\/jpeg"}],"twitter_card":"summary_large_image","twitter_misc":{"Est. reading time":"1 minut\u0117"},"schema":{"@context":"https:\/\/schema.org","@graph":[{"@type":"WebPage","@id":"https:\/\/tint.lt\/shop\/preke\/nylon-push-stick-plastikinis-irankis-langu-tamsinimo-pleveliu-klijavimui\/","url":"https:\/\/tint.lt\/shop\/preke\/nylon-push-stick-plastikinis-irankis-langu-tamsinimo-pleveliu-klijavimui\/","name":"\"Nylon Push Stick\" - plastikinis \u012frankis lang\u0173 tamsinimo pl\u0117veli\u0173 klijavimui - Tint","isPartOf":{"@id":"https:\/\/tint.lt\/shop\/#website"},"primaryImageOfPage":{"@id":"https:\/\/tint.lt\/shop\/preke\/nylon-push-stick-plastikinis-irankis-langu-tamsinimo-pleveliu-klijavimui\/#primaryimage"},"image":{"@id":"https:\/\/tint.lt\/shop\/preke\/nylon-push-stick-plastikinis-irankis-langu-tamsinimo-pleveliu-klijavimui\/#primaryimage"},"thumbnailUrl":"https:\/\/tint.lt\/shop\/wp-content\/uploads\/2026\/04\/400-001-Nylon-Push-Stick.jpg","datePublished":"2026-04-25T14:23:38+00:00","dateModified":"2026-04-25T14:30:42+00:00","description":"Plastikinis nailoninis \u012frankis da\u017enai naudojamas \u012fvairiems tikslams - lang\u0173 tamsinimo pl\u0117vel\u0117s prispaudimui, korekcija ir pan. arba plastikini\u0173 detali\u0173 ardymui","breadcrumb":{"@id":"https:\/\/tint.lt\/shop\/preke\/nylon-push-stick-plastikinis-irankis-langu-tamsinimo-pleveliu-klijavimui\/#breadcrumb"},"inLanguage":"lt-LT","potentialAction":[{"@type":"ReadAction","target":["https:\/\/tint.lt\/shop\/preke\/nylon-push-stick-plastikinis-irankis-langu-tamsinimo-pleveliu-klijavimui\/"]}]},{"@type":"ImageObject","inLanguage":"lt-LT","@id":"https:\/\/tint.lt\/shop\/preke\/nylon-push-stick-plastikinis-irankis-langu-tamsinimo-pleveliu-klijavimui\/#primaryimage","url":"https:\/\/tint.lt\/shop\/wp-content\/uploads\/2026\/04\/400-001-Nylon-Push-Stick.jpg","contentUrl":"https:\/\/tint.lt\/shop\/wp-content\/uploads\/2026\/04\/400-001-Nylon-Push-Stick.jpg","width":900,"height":900,"caption":"Nylon Push Stick - plastikinis \u012frankis"},{"@type":"BreadcrumbList","@id":"https:\/\/tint.lt\/shop\/preke\/nylon-push-stick-plastikinis-irankis-langu-tamsinimo-pleveliu-klijavimui\/#breadcrumb","itemListElement":[{"@type":"ListItem","position":1,"name":"Home","item":"https:\/\/tint.lt\/shop\/"},{"@type":"ListItem","position":2,"name":"Parduotuv\u0117","item":"https:\/\/tint.lt\/shop\/produktai\/"},{"@type":"ListItem","position":3,"name":"&#8222;Nylon Push Stick&#8221; &#8211; plastikinis \u012frankis lang\u0173 tamsinimo pl\u0117veli\u0173 klijavimui"}]},{"@type":"WebSite","@id":"https:\/\/tint.lt\/shop\/#website","url":"https:\/\/tint.lt\/shop\/","name":"Tint.lt","description":"El. parduotuv\u0117","publisher":{"@id":"https:\/\/tint.lt\/shop\/#organization"},"potentialAction":[{"@type":"SearchAction","target":{"@type":"EntryPoint","urlTemplate":"https:\/\/tint.lt\/shop\/?s={search_term_string}"},"query-input":{"@type":"PropertyValueSpecification","valueRequired":true,"valueName":"search_term_string"}}],"inLanguage":"lt-LT"},{"@type":"Organization","@id":"https:\/\/tint.lt\/shop\/#organization","name":"Tint.lt","url":"https:\/\/tint.lt\/shop\/","logo":{"@type":"ImageObject","inLanguage":"lt-LT","@id":"https:\/\/tint.lt\/shop\/#\/schema\/logo\/image\/","url":"https:\/\/tint.lt\/shop\/wp-content\/uploads\/2026\/02\/TINT_lipnios_pleveles_profesionalams_grey.png","contentUrl":"https:\/\/tint.lt\/shop\/wp-content\/uploads\/2026\/02\/TINT_lipnios_pleveles_profesionalams_grey.png","width":1265,"height":460,"caption":"Tint.lt"},"image":{"@id":"https:\/\/tint.lt\/shop\/#\/schema\/logo\/image\/"}}]}},"_links":{"self":[{"href":"https:\/\/tint.lt\/shop\/wp-json\/wp\/v2\/product\/30980","targetHints":{"allow":["GET"]}}],"collection":[{"href":"https:\/\/tint.lt\/shop\/wp-json\/wp\/v2\/product"}],"about":[{"href":"https:\/\/tint.lt\/shop\/wp-json\/wp\/v2\/types\/product"}],"replies":[{"embeddable":true,"href":"https:\/\/tint.lt\/shop\/wp-json\/wp\/v2\/comments?post=30980"}],"version-history":[{"count":1,"href":"https:\/\/tint.lt\/shop\/wp-json\/wp\/v2\/product\/30980\/revisions"}],"predecessor-version":[{"id":30982,"href":"https:\/\/tint.lt\/shop\/wp-json\/wp\/v2\/product\/30980\/revisions\/30982"}],"wp:featuredmedia":[{"embeddable":true,"href":"https:\/\/tint.lt\/shop\/wp-json\/wp\/v2\/media\/30981"}],"wp:attachment":[{"href":"https:\/\/tint.lt\/shop\/wp-json\/wp\/v2\/media?parent=30980"}],"wp:term":[{"taxonomy":"product_brand","embeddable":true,"href":"https:\/\/tint.lt\/shop\/wp-json\/wp\/v2\/product_brand?post=30980"},{"taxonomy":"product_cat","embeddable":true,"href":"https:\/\/tint.lt\/shop\/wp-json\/wp\/v2\/product_cat?post=30980"},{"taxonomy":"product_tag","embeddable":true,"href":"https:\/\/tint.lt\/shop\/wp-json\/wp\/v2\/product_tag?post=30980"}],"curies":[{"name":"wp","href":"https:\/\/api.w.org\/{rel}","templated":true}]}}