{"id":31006,"date":"2026-05-07T23:10:51","date_gmt":"2026-05-07T20:10:51","guid":{"rendered":"https:\/\/tint.lt\/shop\/?post_type=product&#038;p=31006"},"modified":"2026-05-07T23:49:06","modified_gmt":"2026-05-07T20:49:06","slug":"ypac-sviesi-keramikine-plevele-priekiniu-langu-tamsinimui-nuo-saules-karscio","status":"publish","type":"product","link":"https:\/\/tint.lt\/shop\/preke\/ypac-sviesi-keramikine-plevele-priekiniu-langu-tamsinimui-nuo-saules-karscio\/","title":{"rendered":"Ypa\u010d \u0161viesi keramikin\u0117 pl\u0117vel\u0117 priekini\u0173 lang\u0173 tamsinimui nuo saul\u0117s kar\u0161\u010dio"},"content":{"rendered":"\t\t<div data-elementor-type=\"wp-post\" data-elementor-id=\"31006\" class=\"elementor elementor-31006\">\n\t\t\t\t<div class=\"wd-negative-gap elementor-element elementor-element-0f5a62d e-flex e-con-boxed e-con e-parent\" data-id=\"0f5a62d\" data-element_type=\"container\" data-e-type=\"container\">\n\t\t\t\t\t<div class=\"e-con-inner\">\n\t\t<div class=\"elementor-element elementor-element-949a05f e-con-full e-flex e-con e-child\" data-id=\"949a05f\" data-element_type=\"container\" data-e-type=\"container\">\n\t\t\t\t<div class=\"elementor-element elementor-element-751badd elementor-widget elementor-widget-wd_text_block\" data-id=\"751badd\" data-element_type=\"widget\" data-e-type=\"widget\" data-widget_type=\"wd_text_block.default\">\n\t\t\t\t<div class=\"elementor-widget-container\">\n\t\t\t\t\t\t\t<div class=\"wd-text-block reset-last-child text-left\">\n\t\t\t\n\t\t\t<p>Keramikin\u0117 (ceramic window film) pl\u0117vel\u0117 skirta efektyviai suma\u017einti saul\u0117s kar\u0161t\u012f (IR spindulius) patenkan\u010dius pro stiklus ir tuo pa\u010diu minimaliai u\u017etamsinti langus. Po pl\u0117vel\u0117s padengimo stiklo i\u0161vaizda prakti\u0161kai nepasikei\u010dia, \u012fgauna labai nedidel\u012f tamsinimo ton\u0105. \u0160viesos laidumas net 86% - tai rei\u0161kia, kad pl\u0117vel\u0117 yra ypa\u010d \u0161viesi.\u00a0<\/p><p>Pl\u0117vel\u0117 pasi\u017eymi lengvu formavimu ir lipimu prie lango vidini\u0173 kra\u0161t\u0173, dar kitaip vadinam\u0173 \"\u0161ilkografijos\", arba angl. \"dot-matrix\".<\/p>\n\t\t\t\t\t<\/div>\n\t\t\t\t\t\t<\/div>\n\t\t\t\t<\/div>\n\t\t\t\t<\/div>\n\t\t<div class=\"elementor-element elementor-element-6908868 e-con-full e-flex e-con e-child\" data-id=\"6908868\" data-element_type=\"container\" data-e-type=\"container\">\n\t\t\t\t<div class=\"elementor-element elementor-element-fa01d9e elementor-widget elementor-widget-image\" data-id=\"fa01d9e\" data-element_type=\"widget\" data-e-type=\"widget\" data-widget_type=\"image.default\">\n\t\t\t\t\t\t\t\t\t\t\t\t\t\t\t<img loading=\"lazy\" decoding=\"async\" width=\"300\" height=\"300\" src=\"https:\/\/tint.lt\/shop\/wp-content\/uploads\/2026\/05\/Beluga215c-macan-300x300.jpg\" class=\"attachment-medium size-medium wp-image-31008\" alt=\"BELUGA 215C\" srcset=\"https:\/\/tint.lt\/shop\/wp-content\/uploads\/2026\/05\/Beluga215c-macan-300x300.jpg 300w, https:\/\/tint.lt\/shop\/wp-content\/uploads\/2026\/05\/Beluga215c-macan-800x800.jpg 800w, https:\/\/tint.lt\/shop\/wp-content\/uploads\/2026\/05\/Beluga215c-macan-150x150.jpg 150w, https:\/\/tint.lt\/shop\/wp-content\/uploads\/2026\/05\/Beluga215c-macan-768x768.jpg 768w, https:\/\/tint.lt\/shop\/wp-content\/uploads\/2026\/05\/Beluga215c-macan-430x430.jpg 430w, https:\/\/tint.lt\/shop\/wp-content\/uploads\/2026\/05\/Beluga215c-macan-700x700.jpg 700w, https:\/\/tint.lt\/shop\/wp-content\/uploads\/2026\/05\/Beluga215c-macan.jpg 900w\" sizes=\"auto, (max-width: 300px) 100vw, 300px\" \/>\t\t\t\t\t\t\t\t\t\t\t\t\t\t\t<\/div>\n\t\t\t\t<div class=\"elementor-element elementor-element-c8b0f93 elementor-widget elementor-widget-wd_text_block\" data-id=\"c8b0f93\" data-element_type=\"widget\" data-e-type=\"widget\" data-widget_type=\"wd_text_block.default\">\n\t\t\t\t<div class=\"elementor-widget-container\">\n\t\t\t\t\t\t\t<div class=\"wd-text-block reset-last-child text-left\">\n\t\t\t\n\t\t\t<p>Priekinis stiklas (i\u0161 vidin\u0117s pus\u0117s) padengtas BELUGA 215C pl\u0117vel\u0117.\u00a0<\/p>\n\t\t\t\t\t<\/div>\n\t\t\t\t\t\t<\/div>\n\t\t\t\t<\/div>\n\t\t\t\t<\/div>\n\t\t\t\t\t<\/div>\n\t\t\t\t<\/div>\n\t\t<div class=\"wd-negative-gap elementor-element elementor-element-f2f07ab e-flex e-con-boxed e-con e-parent\" data-id=\"f2f07ab\" data-element_type=\"container\" data-e-type=\"container\">\n\t\t\t\t\t<div class=\"e-con-inner\">\n\t\t\t\t<div class=\"elementor-element elementor-element-74072a5 wd-width-100 elementor-widget elementor-widget-wd_title\" data-id=\"74072a5\" data-element_type=\"widget\" data-e-type=\"widget\" data-widget_type=\"wd_title.default\">\n\t\t\t\t<div class=\"elementor-widget-container\">\n\t\t\t\t\t\t\t<div class=\"title-wrapper wd-set-mb reset-last-child wd-title-color-default wd-title-style-default wd-title-size-default text-left\">\n\n\t\t\t\n\t\t\t<div class=\"liner-continer\">\n\t\t\t\t<h4 class=\"woodmart-title-container title wd-fontsize-l\">Domina priekini\u0173 lang\u0173 tamsinimo paslauga?<\/h4> \n\t\t\t\t\t\t\t<\/div>\n\n\t\t\t\t\t\t\t<div class=\"title-after_title reset-last-child wd-fontsize-xs\">\n\t\t\t\t\t<p>Profesionaliai apklijuosime j\u016bs\u0173 automobilio stiklus<\/p>\t\t\t\t<\/div>\n\t\t\t\t\t<\/div>\n\t\t\t\t\t\t<\/div>\n\t\t\t\t<\/div>\n\t\t\t\t<div class=\"elementor-element elementor-element-67f0ff3 elementor-widget elementor-widget-spacer\" data-id=\"67f0ff3\" data-element_type=\"widget\" data-e-type=\"widget\" data-widget_type=\"spacer.default\">\n\t\t\t\t\t\t\t<div class=\"elementor-spacer\">\n\t\t\t<div class=\"elementor-spacer-inner\"><\/div>\n\t\t<\/div>\n\t\t\t\t\t\t<\/div>\n\t\t\t\t<div class=\"elementor-element elementor-element-b3638fe elementor-align-left elementor-widget elementor-widget-button\" data-id=\"b3638fe\" data-element_type=\"widget\" data-e-type=\"widget\" data-widget_type=\"button.default\">\n\t\t\t\t\t\t\t\t\t\t<a class=\"elementor-button elementor-button-link elementor-size-sm\" href=\"http:\/\/automobiliu-stiklu-tamsinimas\/priekiniu-langu-tamsinimas\/\">\n\t\t\t\t\t\t<span class=\"elementor-button-content-wrapper\">\n\t\t\t\t\t\t\t\t\t<span class=\"elementor-button-text\">Su\u017einokite daugiau<\/span>\n\t\t\t\t\t<\/span>\n\t\t\t\t\t<\/a>\n\t\t\t\t\t\t\t\t<\/div>\n\t\t\t\t\t<\/div>\n\t\t\t\t<\/div>\n\t\t\t\t<\/div>\n\t\t","protected":false},"excerpt":{"rendered":"<p>Keramikin\u0117 (ceramic window film) pl\u0117vel\u0117 skirta efektyviai suma\u017einti saul\u0117s kar\u0161t\u012f (IR spindulius) patenkan\u010dius pro stiklus ir tuo pa\u010diu minimaliai u\u017etamsinti<\/p>\n","protected":false},"featured_media":31007,"comment_status":"closed","ping_status":"closed","template":"","meta":{"_acf_changed":false},"product_brand":[117],"product_cat":[85,87],"product_tag":[],"class_list":{"0":"post-31006","1":"product","2":"type-product","3":"status-publish","4":"has-post-thumbnail","6":"product_brand-protector","7":"product_cat-pleveles-automobiliams","8":"product_cat-priekiniu-langu-tamsinimui","10":"first","11":"instock","12":"taxable","13":"shipping-taxable","14":"purchasable","15":"product-type-simple"},"acf":[],"yoast_head":"<!-- This site is optimized with the Yoast SEO plugin v27.5 - https:\/\/yoast.com\/product\/yoast-seo-wordpress\/ -->\n<title>Ypa\u010d \u0161viesi keramikin\u0117 pl\u0117vel\u0117 priekini\u0173 lang\u0173 tamsinimui nuo saul\u0117s kar\u0161\u010dio - Tint<\/title>\n<meta name=\"robots\" content=\"index, follow, max-snippet:-1, max-image-preview:large, max-video-preview:-1\" \/>\n<link rel=\"canonical\" href=\"https:\/\/tint.lt\/shop\/preke\/ypac-sviesi-keramikine-plevele-priekiniu-langu-tamsinimui-nuo-saules-karscio\/\" \/>\n<meta property=\"og:locale\" content=\"lt_LT\" \/>\n<meta property=\"og:type\" content=\"article\" \/>\n<meta property=\"og:title\" content=\"Ypa\u010d \u0161viesi keramikin\u0117 pl\u0117vel\u0117 priekini\u0173 lang\u0173 tamsinimui nuo saul\u0117s kar\u0161\u010dio - Tint\" \/>\n<meta property=\"og:description\" content=\"Keramikin\u0117 (ceramic window film) pl\u0117vel\u0117 skirta efektyviai suma\u017einti saul\u0117s kar\u0161t\u012f (IR spindulius) patenkan\u010dius pro stiklus ir tuo pa\u010diu minimaliai u\u017etamsinti\" \/>\n<meta property=\"og:url\" content=\"https:\/\/tint.lt\/shop\/preke\/ypac-sviesi-keramikine-plevele-priekiniu-langu-tamsinimui-nuo-saules-karscio\/\" \/>\n<meta property=\"og:site_name\" content=\"Tint\" \/>\n<meta property=\"article:modified_time\" content=\"2026-05-07T20:49:06+00:00\" \/>\n<meta property=\"og:image\" content=\"https:\/\/tint.lt\/shop\/wp-content\/uploads\/2026\/05\/Beluga215c-keramikine-plevele.jpg\" \/>\n\t<meta property=\"og:image:width\" content=\"900\" \/>\n\t<meta property=\"og:image:height\" content=\"900\" \/>\n\t<meta property=\"og:image:type\" content=\"image\/jpeg\" \/>\n<meta name=\"twitter:card\" content=\"summary_large_image\" \/>\n<meta name=\"twitter:label1\" content=\"Est. reading time\" \/>\n\t<meta name=\"twitter:data1\" content=\"1 minut\u0117\" \/>\n<script type=\"application\/ld+json\" class=\"yoast-schema-graph\">{\"@context\":\"https:\\\/\\\/schema.org\",\"@graph\":[{\"@type\":\"WebPage\",\"@id\":\"https:\\\/\\\/tint.lt\\\/shop\\\/preke\\\/ypac-sviesi-keramikine-plevele-priekiniu-langu-tamsinimui-nuo-saules-karscio\\\/\",\"url\":\"https:\\\/\\\/tint.lt\\\/shop\\\/preke\\\/ypac-sviesi-keramikine-plevele-priekiniu-langu-tamsinimui-nuo-saules-karscio\\\/\",\"name\":\"Ypa\u010d \u0161viesi keramikin\u0117 pl\u0117vel\u0117 priekini\u0173 lang\u0173 tamsinimui nuo saul\u0117s kar\u0161\u010dio - Tint\",\"isPartOf\":{\"@id\":\"https:\\\/\\\/tint.lt\\\/shop\\\/#website\"},\"primaryImageOfPage\":{\"@id\":\"https:\\\/\\\/tint.lt\\\/shop\\\/preke\\\/ypac-sviesi-keramikine-plevele-priekiniu-langu-tamsinimui-nuo-saules-karscio\\\/#primaryimage\"},\"image\":{\"@id\":\"https:\\\/\\\/tint.lt\\\/shop\\\/preke\\\/ypac-sviesi-keramikine-plevele-priekiniu-langu-tamsinimui-nuo-saules-karscio\\\/#primaryimage\"},\"thumbnailUrl\":\"https:\\\/\\\/tint.lt\\\/shop\\\/wp-content\\\/uploads\\\/2026\\\/05\\\/Beluga215c-keramikine-plevele.jpg\",\"datePublished\":\"2026-05-07T20:10:51+00:00\",\"dateModified\":\"2026-05-07T20:49:06+00:00\",\"breadcrumb\":{\"@id\":\"https:\\\/\\\/tint.lt\\\/shop\\\/preke\\\/ypac-sviesi-keramikine-plevele-priekiniu-langu-tamsinimui-nuo-saules-karscio\\\/#breadcrumb\"},\"inLanguage\":\"lt-LT\",\"potentialAction\":[{\"@type\":\"ReadAction\",\"target\":[\"https:\\\/\\\/tint.lt\\\/shop\\\/preke\\\/ypac-sviesi-keramikine-plevele-priekiniu-langu-tamsinimui-nuo-saules-karscio\\\/\"]}]},{\"@type\":\"ImageObject\",\"inLanguage\":\"lt-LT\",\"@id\":\"https:\\\/\\\/tint.lt\\\/shop\\\/preke\\\/ypac-sviesi-keramikine-plevele-priekiniu-langu-tamsinimui-nuo-saules-karscio\\\/#primaryimage\",\"url\":\"https:\\\/\\\/tint.lt\\\/shop\\\/wp-content\\\/uploads\\\/2026\\\/05\\\/Beluga215c-keramikine-plevele.jpg\",\"contentUrl\":\"https:\\\/\\\/tint.lt\\\/shop\\\/wp-content\\\/uploads\\\/2026\\\/05\\\/Beluga215c-keramikine-plevele.jpg\",\"width\":900,\"height\":900,\"caption\":\"BELUGA 215C keramikin\u0117 pl\u0117vel\u0117 nuo saul\u0117s\"},{\"@type\":\"BreadcrumbList\",\"@id\":\"https:\\\/\\\/tint.lt\\\/shop\\\/preke\\\/ypac-sviesi-keramikine-plevele-priekiniu-langu-tamsinimui-nuo-saules-karscio\\\/#breadcrumb\",\"itemListElement\":[{\"@type\":\"ListItem\",\"position\":1,\"name\":\"Home\",\"item\":\"https:\\\/\\\/tint.lt\\\/shop\\\/\"},{\"@type\":\"ListItem\",\"position\":2,\"name\":\"Parduotuv\u0117\",\"item\":\"https:\\\/\\\/tint.lt\\\/shop\\\/produktai\\\/\"},{\"@type\":\"ListItem\",\"position\":3,\"name\":\"Ypa\u010d \u0161viesi keramikin\u0117 pl\u0117vel\u0117 priekini\u0173 lang\u0173 tamsinimui nuo saul\u0117s kar\u0161\u010dio\"}]},{\"@type\":\"WebSite\",\"@id\":\"https:\\\/\\\/tint.lt\\\/shop\\\/#website\",\"url\":\"https:\\\/\\\/tint.lt\\\/shop\\\/\",\"name\":\"Tint.lt\",\"description\":\"El. parduotuv\u0117\",\"publisher\":{\"@id\":\"https:\\\/\\\/tint.lt\\\/shop\\\/#organization\"},\"potentialAction\":[{\"@type\":\"SearchAction\",\"target\":{\"@type\":\"EntryPoint\",\"urlTemplate\":\"https:\\\/\\\/tint.lt\\\/shop\\\/?s={search_term_string}\"},\"query-input\":{\"@type\":\"PropertyValueSpecification\",\"valueRequired\":true,\"valueName\":\"search_term_string\"}}],\"inLanguage\":\"lt-LT\"},{\"@type\":\"Organization\",\"@id\":\"https:\\\/\\\/tint.lt\\\/shop\\\/#organization\",\"name\":\"Tint.lt\",\"url\":\"https:\\\/\\\/tint.lt\\\/shop\\\/\",\"logo\":{\"@type\":\"ImageObject\",\"inLanguage\":\"lt-LT\",\"@id\":\"https:\\\/\\\/tint.lt\\\/shop\\\/#\\\/schema\\\/logo\\\/image\\\/\",\"url\":\"https:\\\/\\\/tint.lt\\\/shop\\\/wp-content\\\/uploads\\\/2026\\\/02\\\/TINT_lipnios_pleveles_profesionalams_grey.png\",\"contentUrl\":\"https:\\\/\\\/tint.lt\\\/shop\\\/wp-content\\\/uploads\\\/2026\\\/02\\\/TINT_lipnios_pleveles_profesionalams_grey.png\",\"width\":1265,\"height\":460,\"caption\":\"Tint.lt\"},\"image\":{\"@id\":\"https:\\\/\\\/tint.lt\\\/shop\\\/#\\\/schema\\\/logo\\\/image\\\/\"}}]}<\/script>\n<!-- \/ Yoast SEO plugin. -->","yoast_head_json":{"title":"Ypa\u010d \u0161viesi keramikin\u0117 pl\u0117vel\u0117 priekini\u0173 lang\u0173 tamsinimui nuo saul\u0117s kar\u0161\u010dio - Tint","robots":{"index":"index","follow":"follow","max-snippet":"max-snippet:-1","max-image-preview":"max-image-preview:large","max-video-preview":"max-video-preview:-1"},"canonical":"https:\/\/tint.lt\/shop\/preke\/ypac-sviesi-keramikine-plevele-priekiniu-langu-tamsinimui-nuo-saules-karscio\/","og_locale":"lt_LT","og_type":"article","og_title":"Ypa\u010d \u0161viesi keramikin\u0117 pl\u0117vel\u0117 priekini\u0173 lang\u0173 tamsinimui nuo saul\u0117s kar\u0161\u010dio - Tint","og_description":"Keramikin\u0117 (ceramic window film) pl\u0117vel\u0117 skirta efektyviai suma\u017einti saul\u0117s kar\u0161t\u012f (IR spindulius) patenkan\u010dius pro stiklus ir tuo pa\u010diu minimaliai u\u017etamsinti","og_url":"https:\/\/tint.lt\/shop\/preke\/ypac-sviesi-keramikine-plevele-priekiniu-langu-tamsinimui-nuo-saules-karscio\/","og_site_name":"Tint","article_modified_time":"2026-05-07T20:49:06+00:00","og_image":[{"width":900,"height":900,"url":"https:\/\/tint.lt\/shop\/wp-content\/uploads\/2026\/05\/Beluga215c-keramikine-plevele.jpg","type":"image\/jpeg"}],"twitter_card":"summary_large_image","twitter_misc":{"Est. reading time":"1 minut\u0117"},"schema":{"@context":"https:\/\/schema.org","@graph":[{"@type":"WebPage","@id":"https:\/\/tint.lt\/shop\/preke\/ypac-sviesi-keramikine-plevele-priekiniu-langu-tamsinimui-nuo-saules-karscio\/","url":"https:\/\/tint.lt\/shop\/preke\/ypac-sviesi-keramikine-plevele-priekiniu-langu-tamsinimui-nuo-saules-karscio\/","name":"Ypa\u010d \u0161viesi keramikin\u0117 pl\u0117vel\u0117 priekini\u0173 lang\u0173 tamsinimui nuo saul\u0117s kar\u0161\u010dio - Tint","isPartOf":{"@id":"https:\/\/tint.lt\/shop\/#website"},"primaryImageOfPage":{"@id":"https:\/\/tint.lt\/shop\/preke\/ypac-sviesi-keramikine-plevele-priekiniu-langu-tamsinimui-nuo-saules-karscio\/#primaryimage"},"image":{"@id":"https:\/\/tint.lt\/shop\/preke\/ypac-sviesi-keramikine-plevele-priekiniu-langu-tamsinimui-nuo-saules-karscio\/#primaryimage"},"thumbnailUrl":"https:\/\/tint.lt\/shop\/wp-content\/uploads\/2026\/05\/Beluga215c-keramikine-plevele.jpg","datePublished":"2026-05-07T20:10:51+00:00","dateModified":"2026-05-07T20:49:06+00:00","breadcrumb":{"@id":"https:\/\/tint.lt\/shop\/preke\/ypac-sviesi-keramikine-plevele-priekiniu-langu-tamsinimui-nuo-saules-karscio\/#breadcrumb"},"inLanguage":"lt-LT","potentialAction":[{"@type":"ReadAction","target":["https:\/\/tint.lt\/shop\/preke\/ypac-sviesi-keramikine-plevele-priekiniu-langu-tamsinimui-nuo-saules-karscio\/"]}]},{"@type":"ImageObject","inLanguage":"lt-LT","@id":"https:\/\/tint.lt\/shop\/preke\/ypac-sviesi-keramikine-plevele-priekiniu-langu-tamsinimui-nuo-saules-karscio\/#primaryimage","url":"https:\/\/tint.lt\/shop\/wp-content\/uploads\/2026\/05\/Beluga215c-keramikine-plevele.jpg","contentUrl":"https:\/\/tint.lt\/shop\/wp-content\/uploads\/2026\/05\/Beluga215c-keramikine-plevele.jpg","width":900,"height":900,"caption":"BELUGA 215C keramikin\u0117 pl\u0117vel\u0117 nuo saul\u0117s"},{"@type":"BreadcrumbList","@id":"https:\/\/tint.lt\/shop\/preke\/ypac-sviesi-keramikine-plevele-priekiniu-langu-tamsinimui-nuo-saules-karscio\/#breadcrumb","itemListElement":[{"@type":"ListItem","position":1,"name":"Home","item":"https:\/\/tint.lt\/shop\/"},{"@type":"ListItem","position":2,"name":"Parduotuv\u0117","item":"https:\/\/tint.lt\/shop\/produktai\/"},{"@type":"ListItem","position":3,"name":"Ypa\u010d \u0161viesi keramikin\u0117 pl\u0117vel\u0117 priekini\u0173 lang\u0173 tamsinimui nuo saul\u0117s kar\u0161\u010dio"}]},{"@type":"WebSite","@id":"https:\/\/tint.lt\/shop\/#website","url":"https:\/\/tint.lt\/shop\/","name":"Tint.lt","description":"El. parduotuv\u0117","publisher":{"@id":"https:\/\/tint.lt\/shop\/#organization"},"potentialAction":[{"@type":"SearchAction","target":{"@type":"EntryPoint","urlTemplate":"https:\/\/tint.lt\/shop\/?s={search_term_string}"},"query-input":{"@type":"PropertyValueSpecification","valueRequired":true,"valueName":"search_term_string"}}],"inLanguage":"lt-LT"},{"@type":"Organization","@id":"https:\/\/tint.lt\/shop\/#organization","name":"Tint.lt","url":"https:\/\/tint.lt\/shop\/","logo":{"@type":"ImageObject","inLanguage":"lt-LT","@id":"https:\/\/tint.lt\/shop\/#\/schema\/logo\/image\/","url":"https:\/\/tint.lt\/shop\/wp-content\/uploads\/2026\/02\/TINT_lipnios_pleveles_profesionalams_grey.png","contentUrl":"https:\/\/tint.lt\/shop\/wp-content\/uploads\/2026\/02\/TINT_lipnios_pleveles_profesionalams_grey.png","width":1265,"height":460,"caption":"Tint.lt"},"image":{"@id":"https:\/\/tint.lt\/shop\/#\/schema\/logo\/image\/"}}]}},"_links":{"self":[{"href":"https:\/\/tint.lt\/shop\/wp-json\/wp\/v2\/product\/31006","targetHints":{"allow":["GET"]}}],"collection":[{"href":"https:\/\/tint.lt\/shop\/wp-json\/wp\/v2\/product"}],"about":[{"href":"https:\/\/tint.lt\/shop\/wp-json\/wp\/v2\/types\/product"}],"replies":[{"embeddable":true,"href":"https:\/\/tint.lt\/shop\/wp-json\/wp\/v2\/comments?post=31006"}],"version-history":[{"count":5,"href":"https:\/\/tint.lt\/shop\/wp-json\/wp\/v2\/product\/31006\/revisions"}],"predecessor-version":[{"id":31020,"href":"https:\/\/tint.lt\/shop\/wp-json\/wp\/v2\/product\/31006\/revisions\/31020"}],"wp:featuredmedia":[{"embeddable":true,"href":"https:\/\/tint.lt\/shop\/wp-json\/wp\/v2\/media\/31007"}],"wp:attachment":[{"href":"https:\/\/tint.lt\/shop\/wp-json\/wp\/v2\/media?parent=31006"}],"wp:term":[{"taxonomy":"product_brand","embeddable":true,"href":"https:\/\/tint.lt\/shop\/wp-json\/wp\/v2\/product_brand?post=31006"},{"taxonomy":"product_cat","embeddable":true,"href":"https:\/\/tint.lt\/shop\/wp-json\/wp\/v2\/product_cat?post=31006"},{"taxonomy":"product_tag","embeddable":true,"href":"https:\/\/tint.lt\/shop\/wp-json\/wp\/v2\/product_tag?post=31006"}],"curies":[{"name":"wp","href":"https:\/\/api.w.org\/{rel}","templated":true}]}}